{"id":20067,"date":"2021-10-26T12:00:44","date_gmt":"2021-10-26T10:00:44","guid":{"rendered":"https:\/\/old-vianden.digitalvision.lu\/?page_id=20067"},"modified":"2021-12-09T17:01:29","modified_gmt":"2021-12-09T16:01:29","slug":"reunion-du-conseil-communal-le-vendredi-22-octobre-2021","status":"publish","type":"page","link":"https:\/\/old-vianden.digitalvision.lu\/fr\/?page_id=20067","title":{"rendered":"R\u00e9union du Conseil Communal le vendredi, 22 octobre 2021"},"content":{"rendered":"<div class=\"wpb-content-wrapper\"><p>[vc_row][vc_column][vc_column_text]<\/p>\n<h4>Conseil Communal du vendredi, 22 octobre 2021 \u00e0 14:00 heures en la salle Bessling du\u00a0Centre Culturel Larei<\/h4>\n<p>Pr\u00e9sents: TONINO Claude, bourgmestre \u2013 \u00a0ESTEVES Kevin, KLASEN Jengel, \u00e9chevins \u2013 \u00a0MAJERUS Henri, \u00a0LEONARDY Frank, DINIS ANDRADE C\u00e9sar, HEINTZEN Joe, MALERBA Paolo, conseillers<\/p>\n<p>SCHAUS Pol, secr\u00e9taire[\/vc_column_text][vc_text_separator title=&#8221;Ordre du jour&#8221;][vc_empty_space][\/vc_column][\/vc_row][vc_row][vc_column][vc_column_text]<\/p>\n<ol>\n<li>Approbation de l&#8217;organisation scolaire d\u00e9finitive 2021\/2022<\/li>\n<\/ol>\n<!--[if lt IE 9]><script>document.createElement('audio');<\/script><![endif]-->\n<audio class=\"wp-audio-shortcode\" id=\"audio-20067-1\" preload=\"none\" style=\"width: 100%;\" controls=\"controls\"><source type=\"audio\/mpeg\" src=\"https:\/\/old-vianden.digitalvision.lu\/wp-content\/uploads\/2021\/10\/Punkt1_.mp3?_=1\" \/><a href=\"https:\/\/old-vianden.digitalvision.lu\/wp-content\/uploads\/2021\/10\/Punkt1_.mp3\">https:\/\/old-vianden.digitalvision.lu\/wp-content\/uploads\/2021\/10\/Punkt1_.mp3<\/a><\/audio>\n<p>[\/vc_column_text][vc_empty_space][\/vc_column][\/vc_row][vc_row][vc_column][vc_column_text]Introduction par Monsieur le Bourgmestre Claude TONINO<\/p>\n<audio class=\"wp-audio-shortcode\" id=\"audio-20067-2\" preload=\"none\" style=\"width: 100%;\" controls=\"controls\"><source type=\"audio\/mpeg\" src=\"https:\/\/old-vianden.digitalvision.lu\/wp-content\/uploads\/2021\/10\/Welcome_.mp3?_=2\" \/><a href=\"https:\/\/old-vianden.digitalvision.lu\/wp-content\/uploads\/2021\/10\/Welcome_.mp3\">https:\/\/old-vianden.digitalvision.lu\/wp-content\/uploads\/2021\/10\/Welcome_.mp3<\/a><\/audio>\n<p>2. Communications du Coll\u00e8ge des bourgmestre et \u00e9chevins<\/p>\n<audio class=\"wp-audio-shortcode\" id=\"audio-20067-3\" preload=\"none\" style=\"width: 100%;\" controls=\"controls\"><source type=\"audio\/mpeg\" src=\"https:\/\/old-vianden.digitalvision.lu\/wp-content\/uploads\/2021\/12\/Punkt2_.mp3?_=3\" \/><a href=\"https:\/\/old-vianden.digitalvision.lu\/wp-content\/uploads\/2021\/12\/Punkt2_.mp3\">https:\/\/old-vianden.digitalvision.lu\/wp-content\/uploads\/2021\/12\/Punkt2_.mp3<\/a><\/audio>\n<p>[\/vc_column_text][vc_empty_space][\/vc_column][\/vc_row][vc_row][vc_column][vc_column_text]3. Avis relatif au projet du 2i\u00e8me plan de gestion des risques d&#8217;inondation<\/p>\n<audio class=\"wp-audio-shortcode\" id=\"audio-20067-4\" preload=\"none\" style=\"width: 100%;\" controls=\"controls\"><source type=\"audio\/mpeg\" src=\"https:\/\/old-vianden.digitalvision.lu\/wp-content\/uploads\/2021\/10\/Punkt3_.mp3?_=4\" \/><a href=\"https:\/\/old-vianden.digitalvision.lu\/wp-content\/uploads\/2021\/10\/Punkt3_.mp3\">https:\/\/old-vianden.digitalvision.lu\/wp-content\/uploads\/2021\/10\/Punkt3_.mp3<\/a><\/audio>\n<p>AVIS:<\/p>\n<div id=\"wppdfemb-frame-container-2\"><iframe id=\"wppdf-emb-iframe-2\" scrolling=\"no\" data-pdf-index=\"2\" class=\"pdfembed-iframe nonfullscreen\" style=\"border: none; width:100%; max-width: 100%; min-height: 1000px;\" src=\"https:\/\/old-vianden.digitalvision.lu\/fr?url=https%3A%2F%2Fold-vianden.digitalvision.lu%2Fwp-content%2Fuploads%2F2021%2F10%2FAVIS.pdf&pdfID=2&index=2\" ><\/iframe><\/div>[\/vc_column_text][vc_empty_space][\/vc_column][\/vc_row][vc_row][vc_column][vc_column_text]4. Approbation du r\u00e8glement concernant la mise \u00e0 disposition des camionnettes<\/p>\n<audio class=\"wp-audio-shortcode\" id=\"audio-20067-5\" preload=\"none\" style=\"width: 100%;\" controls=\"controls\"><source type=\"audio\/mpeg\" src=\"https:\/\/old-vianden.digitalvision.lu\/wp-content\/uploads\/2021\/10\/Punkt4_.mp3?_=5\" \/><a href=\"https:\/\/old-vianden.digitalvision.lu\/wp-content\/uploads\/2021\/10\/Punkt4_.mp3\">https:\/\/old-vianden.digitalvision.lu\/wp-content\/uploads\/2021\/10\/Punkt4_.mp3<\/a><\/audio>\n<p>[\/vc_column_text][vc_empty_space][\/vc_column][\/vc_row][vc_row][vc_column][vc_column_text]5. Publication de la correspondance avec le SSMN<\/p>\n<audio class=\"wp-audio-shortcode\" id=\"audio-20067-6\" preload=\"none\" style=\"width: 100%;\" controls=\"controls\"><source type=\"audio\/mpeg\" src=\"https:\/\/old-vianden.digitalvision.lu\/wp-content\/uploads\/2021\/10\/Punkt5_.mp3?_=6\" \/><a href=\"https:\/\/old-vianden.digitalvision.lu\/wp-content\/uploads\/2021\/10\/Punkt5_.mp3\">https:\/\/old-vianden.digitalvision.lu\/wp-content\/uploads\/2021\/10\/Punkt5_.mp3<\/a><\/audio>\n<p>Correspondance avec le SSMN<\/p>\n<div id=\"wppdfemb-frame-container-3\"><iframe id=\"wppdf-emb-iframe-3\" scrolling=\"no\" data-pdf-index=\"3\" class=\"pdfembed-iframe nonfullscreen\" style=\"border: none; width:100%; max-width: 100%; min-height: 1000px;\" src=\"https:\/\/old-vianden.digitalvision.lu\/fr?url=https%3A%2F%2Fold-vianden.digitalvision.lu%2Fwp-content%2Fuploads%2F2021%2F10%2Flettre-ordre-chronologique.pdf&title=lettre+ordre+chronologique&pdfID=3&index=3\" ><\/iframe><\/div>[\/vc_column_text][vc_empty_space][\/vc_column][\/vc_row][vc_row][vc_column][vc_column_text]6. Approbation des tarifs du Tourist Info<\/p>\n<audio class=\"wp-audio-shortcode\" id=\"audio-20067-7\" preload=\"none\" style=\"width: 100%;\" controls=\"controls\"><source type=\"audio\/mpeg\" src=\"https:\/\/old-vianden.digitalvision.lu\/wp-content\/uploads\/2021\/10\/Punkt6_.mp3?_=7\" \/><a href=\"https:\/\/old-vianden.digitalvision.lu\/wp-content\/uploads\/2021\/10\/Punkt6_.mp3\">https:\/\/old-vianden.digitalvision.lu\/wp-content\/uploads\/2021\/10\/Punkt6_.mp3<\/a><\/audio>\n<p>[\/vc_column_text][vc_empty_space][\/vc_column][\/vc_row][vc_row][vc_column][vc_column_text]7. Permission d&#8217;ester en justice relatif aux infractions contre le r\u00e8glement des b\u00e2tisses<\/p>\n<audio class=\"wp-audio-shortcode\" id=\"audio-20067-8\" preload=\"none\" style=\"width: 100%;\" controls=\"controls\"><source type=\"audio\/mpeg\" src=\"https:\/\/old-vianden.digitalvision.lu\/wp-content\/uploads\/2021\/10\/Punkt7_.mp3?_=8\" \/><a href=\"https:\/\/old-vianden.digitalvision.lu\/wp-content\/uploads\/2021\/10\/Punkt7_.mp3\">https:\/\/old-vianden.digitalvision.lu\/wp-content\/uploads\/2021\/10\/Punkt7_.mp3<\/a><\/audio>\n<p>[\/vc_column_text][vc_empty_space][\/vc_column][\/vc_row][vc_row][vc_column][vc_column_text]8. Approbation du subside extraordinaire au B\u00e9iever\u00e4in<\/p>\n<audio class=\"wp-audio-shortcode\" id=\"audio-20067-9\" preload=\"none\" style=\"width: 100%;\" controls=\"controls\"><source type=\"audio\/mpeg\" src=\"https:\/\/old-vianden.digitalvision.lu\/wp-content\/uploads\/2021\/10\/Punkt8_.mp3?_=9\" \/><a href=\"https:\/\/old-vianden.digitalvision.lu\/wp-content\/uploads\/2021\/10\/Punkt8_.mp3\">https:\/\/old-vianden.digitalvision.lu\/wp-content\/uploads\/2021\/10\/Punkt8_.mp3<\/a><\/audio>\n<p>[\/vc_column_text][vc_empty_space][\/vc_column][\/vc_row][vc_row][vc_column][vc_column_text]9. Attribution d&#8217;un subside pour couvrir de d\u00e9ficit de l&#8217;exercice 2015 de la Fabrique d&#8217;Eglise<\/p>\n<p>10. Approbation d&#8217;un subside extraordinaire \u00e0 la Fabrique de l&#8217;Eglise afin de rembourser les frais engag\u00e9s \u00e0 la place de la commune<\/p>\n<p>11. Attribution de subside afin de respecter une promesse de subside faite par un pr\u00e9c\u00e9dent coll\u00e8ge \u00e9chevinal \u00e0 la Fabrique d&#8217;Eglise<\/p>\n<audio class=\"wp-audio-shortcode\" id=\"audio-20067-10\" preload=\"none\" style=\"width: 100%;\" controls=\"controls\"><source type=\"audio\/mpeg\" src=\"https:\/\/old-vianden.digitalvision.lu\/wp-content\/uploads\/2021\/10\/Punkt9_10_11_.mp3?_=10\" \/><a href=\"https:\/\/old-vianden.digitalvision.lu\/wp-content\/uploads\/2021\/10\/Punkt9_10_11_.mp3\">https:\/\/old-vianden.digitalvision.lu\/wp-content\/uploads\/2021\/10\/Punkt9_10_11_.mp3<\/a><\/audio>\n<p>[\/vc_column_text][vc_empty_space][\/vc_column][\/vc_row][vc_row][vc_column][vc_column_text]12. Modifications budg\u00e9taires ordinaires<\/p>\n<p>13. Modifications budg\u00e9taires extraordinaires<\/p>\n<audio class=\"wp-audio-shortcode\" id=\"audio-20067-11\" preload=\"none\" style=\"width: 100%;\" controls=\"controls\"><source type=\"audio\/mpeg\" src=\"https:\/\/old-vianden.digitalvision.lu\/wp-content\/uploads\/2021\/10\/Punkt12_13_.mp3?_=11\" \/><a href=\"https:\/\/old-vianden.digitalvision.lu\/wp-content\/uploads\/2021\/10\/Punkt12_13_.mp3\">https:\/\/old-vianden.digitalvision.lu\/wp-content\/uploads\/2021\/10\/Punkt12_13_.mp3<\/a><\/audio>\n<p>[\/vc_column_text][vc_empty_space][\/vc_column][\/vc_row][vc_row][vc_column][vc_column_text]14. Approbation du contrat collectif des ouvriers communaux<\/p>\n<audio class=\"wp-audio-shortcode\" id=\"audio-20067-12\" preload=\"none\" style=\"width: 100%;\" controls=\"controls\"><source type=\"audio\/mpeg\" src=\"https:\/\/old-vianden.digitalvision.lu\/wp-content\/uploads\/2021\/10\/Punkt14_.mp3?_=12\" \/><a href=\"https:\/\/old-vianden.digitalvision.lu\/wp-content\/uploads\/2021\/10\/Punkt14_.mp3\">https:\/\/old-vianden.digitalvision.lu\/wp-content\/uploads\/2021\/10\/Punkt14_.mp3<\/a><\/audio>\n<p>[\/vc_column_text][vc_empty_space][\/vc_column][\/vc_row][vc_row][vc_column][vc_column_text]15. Divers- Droit d\u2019initiative du conseiller communal, questions \u00e9crites et orales<\/p>\n<audio class=\"wp-audio-shortcode\" id=\"audio-20067-13\" preload=\"none\" style=\"width: 100%;\" controls=\"controls\"><source type=\"audio\/mpeg\" src=\"https:\/\/old-vianden.digitalvision.lu\/wp-content\/uploads\/2021\/10\/Punkt15_.mp3?_=13\" \/><a href=\"https:\/\/old-vianden.digitalvision.lu\/wp-content\/uploads\/2021\/10\/Punkt15_.mp3\">https:\/\/old-vianden.digitalvision.lu\/wp-content\/uploads\/2021\/10\/Punkt15_.mp3<\/a><\/audio>\n<p>[\/vc_column_text][\/vc_column][\/vc_row]<\/p>\n<\/div>","protected":false},"excerpt":{"rendered":"<p>[vc_row][vc_column][vc_column_text] Conseil Communal du vendredi, 22 octobre 2021 \u00e0 14:00 heures en la salle Bessling du\u00a0Centre Culturel Larei Pr\u00e9sents: TONINO Claude, bourgmestre \u2013 \u00a0ESTEVES Kevin, KLASEN Jengel, \u00e9chevins \u2013 \u00a0MAJERUS Henri, \u00a0LEONARDY Frank, DINIS ANDRADE C\u00e9sar, HEINTZEN Joe, MALERBA Paolo, conseillers SCHAUS Pol, secr\u00e9taire[\/vc_column_text][vc_text_separator title=&#8221;Ordre du jour&#8221;][vc_empty_space][\/vc_column][\/vc_row][vc_row][vc_column][vc_column_text] Approbation de l&#8217;organisation scolaire d\u00e9finitive 2021\/2022 [\/vc_column_text][vc_empty_space][\/vc_column][\/vc_row][vc_row][vc_column][vc_column_text]Introduction par&hellip;<\/p>\n","protected":false},"author":2,"featured_media":0,"parent":0,"menu_order":0,"comment_status":"closed","ping_status":"closed","template":"","meta":[],"class_list":["post-20067","page","type-page","status-publish","hentry","description-off"],"translation":{"provider":"WPGlobus","version":"2.12.2","language":"fr","enabled_languages":["de","fr"],"languages":{"de":{"title":true,"content":true,"excerpt":false},"fr":{"title":false,"content":false,"excerpt":false}}},"publishpress_future_action":{"enabled":false,"date":"2026-04-14 22:53:57","action":"change-status","newStatus":"draft","terms":[],"taxonomy":""},"_links":{"self":[{"href":"https:\/\/old-vianden.digitalvision.lu\/fr\/index.php?rest_route=\/wp\/v2\/pages\/20067","targetHints":{"allow":["GET"]}}],"collection":[{"href":"https:\/\/old-vianden.digitalvision.lu\/fr\/index.php?rest_route=\/wp\/v2\/pages"}],"about":[{"href":"https:\/\/old-vianden.digitalvision.lu\/fr\/index.php?rest_route=\/wp\/v2\/types\/page"}],"author":[{"embeddable":true,"href":"https:\/\/old-vianden.digitalvision.lu\/fr\/index.php?rest_route=\/wp\/v2\/users\/2"}],"replies":[{"embeddable":true,"href":"https:\/\/old-vianden.digitalvision.lu\/fr\/index.php?rest_route=%2Fwp%2Fv2%2Fcomments&post=20067"}],"version-history":[{"count":9,"href":"https:\/\/old-vianden.digitalvision.lu\/fr\/index.php?rest_route=\/wp\/v2\/pages\/20067\/revisions"}],"predecessor-version":[{"id":20139,"href":"https:\/\/old-vianden.digitalvision.lu\/fr\/index.php?rest_route=\/wp\/v2\/pages\/20067\/revisions\/20139"}],"wp:attachment":[{"href":"https:\/\/old-vianden.digitalvision.lu\/fr\/index.php?rest_route=%2Fwp%2Fv2%2Fmedia&parent=20067"}],"curies":[{"name":"wp","href":"https:\/\/api.w.org\/{rel}","templated":true}]}}