{"id":19978,"date":"2021-09-29T12:08:29","date_gmt":"2021-09-29T10:08:29","guid":{"rendered":"https:\/\/old-vianden.digitalvision.lu\/?page_id=19978"},"modified":"2021-09-29T13:03:39","modified_gmt":"2021-09-29T11:03:39","slug":"reunion-du-conseil-communal-le-lundi-27-septembre-2021","status":"publish","type":"page","link":"https:\/\/old-vianden.digitalvision.lu\/fr\/?page_id=19978","title":{"rendered":"R\u00e9union du Conseil Communal le lundi, 27 septembre 2021"},"content":{"rendered":"<div class=\"wpb-content-wrapper\"><p>[vc_row][vc_column][vc_column_text]<\/p>\n<h4>Conseil Communal du\u00a0lundi, 27 septembre 2021 \u00e0 14:00 heures en la salle Bessling du\u00a0Centre Culturel Larei<\/h4>\n<p>Pr\u00e9sents: TONINO Claude, bourgmestre \u2013 \u00a0ESTEVES Kevin, KLASEN Jengel, \u00e9chevins \u2013 \u00a0MAJERUS Henri, \u00a0LEONARDY Frank, DINIS ANDRADE C\u00e9sar, HEINTZEN Joe, MALERBA Paolo, conseillers<\/p>\n<p>SCHAUS Pol, secr\u00e9taire[\/vc_column_text][\/vc_column][\/vc_row][vc_row][vc_column][vc_text_separator title=&#8221;Ordre du jour&#8221; color=&#8221;black&#8221;][\/vc_column][\/vc_row][vc_row][vc_column][vc_empty_space][\/vc_column][\/vc_row][vc_row][vc_column][vc_column_text]Introduction par Monsieur le Bourgmestre Claude TONINO et adaptation de l&#8217;ordre du jour<\/p>\n<!--[if lt IE 9]><script>document.createElement('audio');<\/script><![endif]-->\n<audio class=\"wp-audio-shortcode\" id=\"audio-19978-1\" preload=\"none\" style=\"width: 100%;\" controls=\"controls\"><source type=\"audio\/mpeg\" src=\"https:\/\/old-vianden.digitalvision.lu\/wp-content\/uploads\/2021\/09\/Bienvenue.mp3?_=1\" \/><a href=\"https:\/\/old-vianden.digitalvision.lu\/wp-content\/uploads\/2021\/09\/Bienvenue.mp3\">https:\/\/old-vianden.digitalvision.lu\/wp-content\/uploads\/2021\/09\/Bienvenue.mp3<\/a><\/audio>\n<p>[\/vc_column_text][vc_empty_space][\/vc_column][\/vc_row][vc_row][vc_column][vc_column_text]<\/p>\n<ol>\n<li>Communications du Coll\u00e8ge des bourgmestre et \u00e9chevins<\/li>\n<\/ol>\n<audio class=\"wp-audio-shortcode\" id=\"audio-19978-2\" preload=\"none\" style=\"width: 100%;\" controls=\"controls\"><source type=\"audio\/mpeg\" src=\"https:\/\/old-vianden.digitalvision.lu\/wp-content\/uploads\/2021\/09\/CommunicationCE_CC_27_9_2021.mp3?_=2\" \/><a href=\"https:\/\/old-vianden.digitalvision.lu\/wp-content\/uploads\/2021\/09\/CommunicationCE_CC_27_9_2021.mp3\">https:\/\/old-vianden.digitalvision.lu\/wp-content\/uploads\/2021\/09\/CommunicationCE_CC_27_9_2021.mp3<\/a><\/audio>\n<p>[\/vc_column_text][vc_empty_space][\/vc_column][\/vc_row][vc_row][vc_column][vc_column_text]2. D\u00e9claration de vacance de poste de l&#8217;agent municipal<\/p>\n<audio class=\"wp-audio-shortcode\" id=\"audio-19978-3\" preload=\"none\" style=\"width: 100%;\" controls=\"controls\"><source type=\"audio\/mpeg\" src=\"https:\/\/old-vianden.digitalvision.lu\/wp-content\/uploads\/2021\/09\/Punkt2_CE_CC_27_9_2021.mp3?_=3\" \/><a href=\"https:\/\/old-vianden.digitalvision.lu\/wp-content\/uploads\/2021\/09\/Punkt2_CE_CC_27_9_2021.mp3\">https:\/\/old-vianden.digitalvision.lu\/wp-content\/uploads\/2021\/09\/Punkt2_CE_CC_27_9_2021.mp3<\/a><\/audio>\n<p>[\/vc_column_text][vc_empty_space][\/vc_column][\/vc_row][vc_row][vc_column][vc_column_text]3. Cr\u00e9ation de poste d&#8217;un salari\u00e9 \u00e0 t\u00e2che intellectuelle en vue du remplacement ult\u00e9rieur d&#8217;une employ\u00e9e communale<\/p>\n<audio class=\"wp-audio-shortcode\" id=\"audio-19978-4\" preload=\"none\" style=\"width: 100%;\" controls=\"controls\"><source type=\"audio\/mpeg\" src=\"https:\/\/old-vianden.digitalvision.lu\/wp-content\/uploads\/2021\/09\/Punkt3_CE_CC_27_9_2021.mp3?_=4\" \/><a href=\"https:\/\/old-vianden.digitalvision.lu\/wp-content\/uploads\/2021\/09\/Punkt3_CE_CC_27_9_2021.mp3\">https:\/\/old-vianden.digitalvision.lu\/wp-content\/uploads\/2021\/09\/Punkt3_CE_CC_27_9_2021.mp3<\/a><\/audio>\n<p>[\/vc_column_text][vc_empty_space][\/vc_column][\/vc_row][vc_row][vc_column][vc_column_text]4. Adaptation de l&#8217;organigramme communal<\/p>\n<audio class=\"wp-audio-shortcode\" id=\"audio-19978-5\" preload=\"none\" style=\"width: 100%;\" controls=\"controls\"><source type=\"audio\/mpeg\" src=\"https:\/\/old-vianden.digitalvision.lu\/wp-content\/uploads\/2021\/09\/Punkt4_CE_CC_27_9_2021.mp3?_=5\" \/><a href=\"https:\/\/old-vianden.digitalvision.lu\/wp-content\/uploads\/2021\/09\/Punkt4_CE_CC_27_9_2021.mp3\">https:\/\/old-vianden.digitalvision.lu\/wp-content\/uploads\/2021\/09\/Punkt4_CE_CC_27_9_2021.mp3<\/a><\/audio>\n<p>[\/vc_column_text][vc_empty_space][\/vc_column][\/vc_row][vc_row][vc_column][vc_column_text]5. Adaptation de la masse d&#8217;habillement pour les ouvriers communaux<\/p>\n<audio class=\"wp-audio-shortcode\" id=\"audio-19978-6\" preload=\"none\" style=\"width: 100%;\" controls=\"controls\"><source type=\"audio\/mpeg\" src=\"https:\/\/old-vianden.digitalvision.lu\/wp-content\/uploads\/2021\/09\/Punkt5_CE_CC_27_9_2021.mp3?_=6\" \/><a href=\"https:\/\/old-vianden.digitalvision.lu\/wp-content\/uploads\/2021\/09\/Punkt5_CE_CC_27_9_2021.mp3\">https:\/\/old-vianden.digitalvision.lu\/wp-content\/uploads\/2021\/09\/Punkt5_CE_CC_27_9_2021.mp3<\/a><\/audio>\n<p>[\/vc_column_text][vc_empty_space][\/vc_column][\/vc_row][vc_row][vc_column][vc_column_text]6. Approbation des comptes des exercices 2019<\/p>\n<audio class=\"wp-audio-shortcode\" id=\"audio-19978-7\" preload=\"none\" style=\"width: 100%;\" controls=\"controls\"><source type=\"audio\/mpeg\" src=\"https:\/\/old-vianden.digitalvision.lu\/wp-content\/uploads\/2021\/09\/Punkt6_CE_CC_27_9_2021.mp3?_=7\" \/><a href=\"https:\/\/old-vianden.digitalvision.lu\/wp-content\/uploads\/2021\/09\/Punkt6_CE_CC_27_9_2021.mp3\">https:\/\/old-vianden.digitalvision.lu\/wp-content\/uploads\/2021\/09\/Punkt6_CE_CC_27_9_2021.mp3<\/a><\/audio>\n<p>[\/vc_column_text][vc_empty_space][\/vc_column][\/vc_row][vc_row][vc_column][vc_column_text]7. Fixation des taux relatifs \u00e0 l&#8217;imp\u00f4t foncier pour l&#8217;exercice 2022<\/p>\n<audio class=\"wp-audio-shortcode\" id=\"audio-19978-8\" preload=\"none\" style=\"width: 100%;\" controls=\"controls\"><source type=\"audio\/mpeg\" src=\"https:\/\/old-vianden.digitalvision.lu\/wp-content\/uploads\/2021\/09\/Punkt7_CE_CC_27_9_2021.mp3?_=8\" \/><a href=\"https:\/\/old-vianden.digitalvision.lu\/wp-content\/uploads\/2021\/09\/Punkt7_CE_CC_27_9_2021.mp3\">https:\/\/old-vianden.digitalvision.lu\/wp-content\/uploads\/2021\/09\/Punkt7_CE_CC_27_9_2021.mp3<\/a><\/audio>\n<p>[\/vc_column_text][vc_empty_space][\/vc_column][\/vc_row][vc_row][vc_column][vc_column_text]8. Fixation des taux relatifs \u00e0 l&#8217;imp\u00f4t commercial pour l&#8217;exercice 2022<\/p>\n<audio class=\"wp-audio-shortcode\" id=\"audio-19978-9\" preload=\"none\" style=\"width: 100%;\" controls=\"controls\"><source type=\"audio\/mpeg\" src=\"https:\/\/old-vianden.digitalvision.lu\/wp-content\/uploads\/2021\/09\/Punkt8_CE_CC_27_9_2021.mp3?_=9\" \/><a href=\"https:\/\/old-vianden.digitalvision.lu\/wp-content\/uploads\/2021\/09\/Punkt8_CE_CC_27_9_2021.mp3\">https:\/\/old-vianden.digitalvision.lu\/wp-content\/uploads\/2021\/09\/Punkt8_CE_CC_27_9_2021.mp3<\/a><\/audio>\n<p>[\/vc_column_text][vc_empty_space][\/vc_column][\/vc_row][vc_row][vc_column][vc_column_text]9. Accord de principe concernant la suspension du statut de bien locatif du Camping Moulin pour la saison 2022<\/p>\n<audio class=\"wp-audio-shortcode\" id=\"audio-19978-10\" preload=\"none\" style=\"width: 100%;\" controls=\"controls\"><source type=\"audio\/mpeg\" src=\"https:\/\/old-vianden.digitalvision.lu\/wp-content\/uploads\/2021\/09\/Punkt9_CE_CC_27_9_2021.mp3?_=10\" \/><a href=\"https:\/\/old-vianden.digitalvision.lu\/wp-content\/uploads\/2021\/09\/Punkt9_CE_CC_27_9_2021.mp3\">https:\/\/old-vianden.digitalvision.lu\/wp-content\/uploads\/2021\/09\/Punkt9_CE_CC_27_9_2021.mp3<\/a><\/audio>\n<p>[\/vc_column_text][vc_empty_space][\/vc_column][\/vc_row][vc_row][vc_column][vc_column_text]10. Mandat pour la planification d&#8217;un nouvel atelier communal sur le site du camping Moulin<\/p>\n<audio class=\"wp-audio-shortcode\" id=\"audio-19978-11\" preload=\"none\" style=\"width: 100%;\" controls=\"controls\"><source type=\"audio\/mpeg\" src=\"https:\/\/old-vianden.digitalvision.lu\/wp-content\/uploads\/2021\/09\/Punkt10_CE_CC_27_9_2021.mp3?_=11\" \/><a href=\"https:\/\/old-vianden.digitalvision.lu\/wp-content\/uploads\/2021\/09\/Punkt10_CE_CC_27_9_2021.mp3\">https:\/\/old-vianden.digitalvision.lu\/wp-content\/uploads\/2021\/09\/Punkt10_CE_CC_27_9_2021.mp3<\/a><\/audio>\n<p>[\/vc_column_text][vc_empty_space][\/vc_column][\/vc_row][vc_row][vc_column][vc_column_text]11. Permission d&#8217;ester en justice (mur d&#8217;enceinte rue du Ruisseau)<\/p>\n<audio class=\"wp-audio-shortcode\" id=\"audio-19978-12\" preload=\"none\" style=\"width: 100%;\" controls=\"controls\"><source type=\"audio\/mpeg\" src=\"https:\/\/old-vianden.digitalvision.lu\/wp-content\/uploads\/2021\/09\/Punkt11_CE_CC_27_9_2021.mp3?_=12\" \/><a href=\"https:\/\/old-vianden.digitalvision.lu\/wp-content\/uploads\/2021\/09\/Punkt11_CE_CC_27_9_2021.mp3\">https:\/\/old-vianden.digitalvision.lu\/wp-content\/uploads\/2021\/09\/Punkt11_CE_CC_27_9_2021.mp3<\/a><\/audio>\n<p>[\/vc_column_text][vc_empty_space][\/vc_column][\/vc_row][vc_row][vc_column][vc_column_text]12. Approbation de la convention relative au fonctionnement du service r\u00e9gional conseil climat du Parc naturel de l&#8217;Our<\/p>\n<audio class=\"wp-audio-shortcode\" id=\"audio-19978-13\" preload=\"none\" style=\"width: 100%;\" controls=\"controls\"><source type=\"audio\/mpeg\" src=\"https:\/\/old-vianden.digitalvision.lu\/wp-content\/uploads\/2021\/09\/Punkt12_CE_CC_27_9_2021.mp3?_=13\" \/><a href=\"https:\/\/old-vianden.digitalvision.lu\/wp-content\/uploads\/2021\/09\/Punkt12_CE_CC_27_9_2021.mp3\">https:\/\/old-vianden.digitalvision.lu\/wp-content\/uploads\/2021\/09\/Punkt12_CE_CC_27_9_2021.mp3<\/a><\/audio>\n<p>[\/vc_column_text][vc_empty_space][\/vc_column][\/vc_row][vc_row][vc_column][vc_column_text]13. Approbation de la convention initiale du pacte logement 2.0<\/p>\n<audio class=\"wp-audio-shortcode\" id=\"audio-19978-14\" preload=\"none\" style=\"width: 100%;\" controls=\"controls\"><source type=\"audio\/mpeg\" src=\"https:\/\/old-vianden.digitalvision.lu\/wp-content\/uploads\/2021\/09\/Punkt13_CE_CC_27_9_2021.mp3?_=14\" \/><a href=\"https:\/\/old-vianden.digitalvision.lu\/wp-content\/uploads\/2021\/09\/Punkt13_CE_CC_27_9_2021.mp3\">https:\/\/old-vianden.digitalvision.lu\/wp-content\/uploads\/2021\/09\/Punkt13_CE_CC_27_9_2021.mp3<\/a><\/audio>\n<p>[\/vc_column_text][vc_empty_space][\/vc_column][\/vc_row][vc_row][vc_column][vc_column_text]14. Mandat de participation au Pacte Nature<\/p>\n<audio class=\"wp-audio-shortcode\" id=\"audio-19978-15\" preload=\"none\" style=\"width: 100%;\" controls=\"controls\"><source type=\"audio\/mpeg\" src=\"https:\/\/old-vianden.digitalvision.lu\/wp-content\/uploads\/2021\/09\/Punkt14_CE_CC_27_9_2021.mp3?_=15\" \/><a href=\"https:\/\/old-vianden.digitalvision.lu\/wp-content\/uploads\/2021\/09\/Punkt14_CE_CC_27_9_2021.mp3\">https:\/\/old-vianden.digitalvision.lu\/wp-content\/uploads\/2021\/09\/Punkt14_CE_CC_27_9_2021.mp3<\/a><\/audio>\n<p>[\/vc_column_text][vc_empty_space][\/vc_column][\/vc_row][vc_row][vc_column][vc_column_text]15. R\u00e9siliation de la convention de collaboration avec l&#8217;ORT Eislek<\/p>\n<audio class=\"wp-audio-shortcode\" id=\"audio-19978-16\" preload=\"none\" style=\"width: 100%;\" controls=\"controls\"><source type=\"audio\/mpeg\" src=\"https:\/\/old-vianden.digitalvision.lu\/wp-content\/uploads\/2021\/09\/Punkt15_CE_CC_27_9_2021.mp3?_=16\" \/><a href=\"https:\/\/old-vianden.digitalvision.lu\/wp-content\/uploads\/2021\/09\/Punkt15_CE_CC_27_9_2021.mp3\">https:\/\/old-vianden.digitalvision.lu\/wp-content\/uploads\/2021\/09\/Punkt15_CE_CC_27_9_2021.mp3<\/a><\/audio>\n<p>[\/vc_column_text][vc_empty_space][\/vc_column][\/vc_row][vc_row][vc_column][vc_column_text]16. Approbation de contrats : Automation Center<\/p>\n<audio class=\"wp-audio-shortcode\" id=\"audio-19978-17\" preload=\"none\" style=\"width: 100%;\" controls=\"controls\"><source type=\"audio\/mpeg\" src=\"https:\/\/old-vianden.digitalvision.lu\/wp-content\/uploads\/2021\/09\/Punkt16_CE_CC_27_9_2021.mp3?_=17\" \/><a href=\"https:\/\/old-vianden.digitalvision.lu\/wp-content\/uploads\/2021\/09\/Punkt16_CE_CC_27_9_2021.mp3\">https:\/\/old-vianden.digitalvision.lu\/wp-content\/uploads\/2021\/09\/Punkt16_CE_CC_27_9_2021.mp3<\/a><\/audio>\n<p>[\/vc_column_text][vc_empty_space][\/vc_column][\/vc_row][vc_row][vc_column][vc_column_text]17. Approbation des statuts de la &#8220;Hiichwasserh\u00ebllef Veinen a.s.b.l.&#8221;<\/p>\n<audio class=\"wp-audio-shortcode\" id=\"audio-19978-18\" preload=\"none\" style=\"width: 100%;\" controls=\"controls\"><source type=\"audio\/mpeg\" src=\"https:\/\/old-vianden.digitalvision.lu\/wp-content\/uploads\/2021\/09\/Punkt17_CE_CC_27_9_2021.mp3?_=18\" \/><a href=\"https:\/\/old-vianden.digitalvision.lu\/wp-content\/uploads\/2021\/09\/Punkt17_CE_CC_27_9_2021.mp3\">https:\/\/old-vianden.digitalvision.lu\/wp-content\/uploads\/2021\/09\/Punkt17_CE_CC_27_9_2021.mp3<\/a><\/audio>\n<p>[\/vc_column_text][vc_empty_space][\/vc_column][\/vc_row][vc_row][vc_column][vc_column_text]18. Mise \u00e0 disposition du don re\u00e7u de la Kolping a.s.b.l. \u00e0 la &#8220;Hiichwasserh\u00ebllef Veinen&#8221; a.s.b.l.<\/p>\n<audio class=\"wp-audio-shortcode\" id=\"audio-19978-19\" preload=\"none\" style=\"width: 100%;\" controls=\"controls\"><source type=\"audio\/mpeg\" src=\"https:\/\/old-vianden.digitalvision.lu\/wp-content\/uploads\/2021\/09\/Punkt18_CE_CC_27_9_2021.mp3?_=19\" \/><a href=\"https:\/\/old-vianden.digitalvision.lu\/wp-content\/uploads\/2021\/09\/Punkt18_CE_CC_27_9_2021.mp3\">https:\/\/old-vianden.digitalvision.lu\/wp-content\/uploads\/2021\/09\/Punkt18_CE_CC_27_9_2021.mp3<\/a><\/audio>\n<p>[\/vc_column_text][vc_empty_space][\/vc_column][\/vc_row][vc_row][vc_column][vc_column_text]19. Approbation du subside &#8220;Epargne scolaire&#8221;<\/p>\n<audio class=\"wp-audio-shortcode\" id=\"audio-19978-20\" preload=\"none\" style=\"width: 100%;\" controls=\"controls\"><source type=\"audio\/mpeg\" src=\"https:\/\/old-vianden.digitalvision.lu\/wp-content\/uploads\/2021\/09\/Punkt19_CE_CC_27_9_2021.mp3?_=20\" \/><a href=\"https:\/\/old-vianden.digitalvision.lu\/wp-content\/uploads\/2021\/09\/Punkt19_CE_CC_27_9_2021.mp3\">https:\/\/old-vianden.digitalvision.lu\/wp-content\/uploads\/2021\/09\/Punkt19_CE_CC_27_9_2021.mp3<\/a><\/audio>\n<p>[\/vc_column_text][vc_empty_space][\/vc_column][\/vc_row][vc_row][vc_column][vc_column_text]20. Approbation des r\u00e8glements d&#8217;urgence<\/p>\n<audio class=\"wp-audio-shortcode\" id=\"audio-19978-21\" preload=\"none\" style=\"width: 100%;\" controls=\"controls\"><source type=\"audio\/mpeg\" src=\"https:\/\/old-vianden.digitalvision.lu\/wp-content\/uploads\/2021\/09\/Punkt20_CE_CC_27_9_2021.mp3?_=21\" \/><a href=\"https:\/\/old-vianden.digitalvision.lu\/wp-content\/uploads\/2021\/09\/Punkt20_CE_CC_27_9_2021.mp3\">https:\/\/old-vianden.digitalvision.lu\/wp-content\/uploads\/2021\/09\/Punkt20_CE_CC_27_9_2021.mp3<\/a><\/audio>\n<p>[\/vc_column_text][vc_empty_space][\/vc_column][\/vc_row][vc_row][vc_column][vc_column_text]21. D\u00e9claration de la Ville de Vianden en tant que &#8220;LGBTIQ Freedom Zone&#8221;<\/p>\n<audio class=\"wp-audio-shortcode\" id=\"audio-19978-22\" preload=\"none\" style=\"width: 100%;\" controls=\"controls\"><source type=\"audio\/mpeg\" src=\"https:\/\/old-vianden.digitalvision.lu\/wp-content\/uploads\/2021\/09\/Punkt21_CE_CC_27_9_2021.mp3?_=22\" \/><a href=\"https:\/\/old-vianden.digitalvision.lu\/wp-content\/uploads\/2021\/09\/Punkt21_CE_CC_27_9_2021.mp3\">https:\/\/old-vianden.digitalvision.lu\/wp-content\/uploads\/2021\/09\/Punkt21_CE_CC_27_9_2021.mp3<\/a><\/audio>\n<p>[\/vc_column_text][vc_empty_space][\/vc_column][\/vc_row][vc_row][vc_column][vc_column_text]22. Signature de la Charte europ\u00e9enne pour l&#8217;\u00e9galit\u00e9 des femmes et des hommes dans la vie locale<\/p>\n<audio class=\"wp-audio-shortcode\" id=\"audio-19978-23\" preload=\"none\" style=\"width: 100%;\" controls=\"controls\"><source type=\"audio\/mpeg\" src=\"https:\/\/old-vianden.digitalvision.lu\/wp-content\/uploads\/2021\/09\/Punkt22_CE_CC_27_9_2021.mp3?_=23\" \/><a href=\"https:\/\/old-vianden.digitalvision.lu\/wp-content\/uploads\/2021\/09\/Punkt22_CE_CC_27_9_2021.mp3\">https:\/\/old-vianden.digitalvision.lu\/wp-content\/uploads\/2021\/09\/Punkt22_CE_CC_27_9_2021.mp3<\/a><\/audio>\n<p>[\/vc_column_text][vc_empty_space][\/vc_column][\/vc_row][vc_row][vc_column][vc_column_text]23. D\u00e9mission des pr\u00e9sidents des commissions du tourisme et culture et nominations et vote pour les remplacements y aff\u00e9rents<\/p>\n<audio class=\"wp-audio-shortcode\" id=\"audio-19978-24\" preload=\"none\" style=\"width: 100%;\" controls=\"controls\"><source type=\"audio\/mpeg\" src=\"https:\/\/old-vianden.digitalvision.lu\/wp-content\/uploads\/2021\/09\/Punkt23_CE_CC_27_9_2021.mp3?_=24\" \/><a href=\"https:\/\/old-vianden.digitalvision.lu\/wp-content\/uploads\/2021\/09\/Punkt23_CE_CC_27_9_2021.mp3\">https:\/\/old-vianden.digitalvision.lu\/wp-content\/uploads\/2021\/09\/Punkt23_CE_CC_27_9_2021.mp3<\/a><\/audio>\n<p>[\/vc_column_text][vc_empty_space][\/vc_column][\/vc_row][vc_row][vc_column][vc_column_text]24. Divers- Droit d\u2019initiative du conseiller communal, questions \u00e9crites et orales<\/p>\n<p>Questions du conseiller \u00a0MAJERUS Henri<\/p>\n<audio class=\"wp-audio-shortcode\" id=\"audio-19978-25\" preload=\"none\" style=\"width: 100%;\" controls=\"controls\"><source type=\"audio\/mpeg\" src=\"https:\/\/old-vianden.digitalvision.lu\/wp-content\/uploads\/2021\/09\/Punkt24_Heng_CE_CC_27_9_2021.mp3?_=25\" \/><a href=\"https:\/\/old-vianden.digitalvision.lu\/wp-content\/uploads\/2021\/09\/Punkt24_Heng_CE_CC_27_9_2021.mp3\">https:\/\/old-vianden.digitalvision.lu\/wp-content\/uploads\/2021\/09\/Punkt24_Heng_CE_CC_27_9_2021.mp3<\/a><\/audio>\n<p>______________________________________________________________<\/p>\n<p>Questions des conseillers HEINTZEN Joe, LEONARDY Frank, MALERBA Paolo<\/p>\n<audio class=\"wp-audio-shortcode\" id=\"audio-19978-26\" preload=\"none\" style=\"width: 100%;\" controls=\"controls\"><source type=\"audio\/mpeg\" src=\"https:\/\/old-vianden.digitalvision.lu\/wp-content\/uploads\/2021\/09\/Punkt24_Joe_Frank_Paolo_Cesar_CE_CC_27_9_2021.mp3?_=26\" \/><a href=\"https:\/\/old-vianden.digitalvision.lu\/wp-content\/uploads\/2021\/09\/Punkt24_Joe_Frank_Paolo_Cesar_CE_CC_27_9_2021.mp3\">https:\/\/old-vianden.digitalvision.lu\/wp-content\/uploads\/2021\/09\/Punkt24_Joe_Frank_Paolo_Cesar_CE_CC_27_9_2021.mp3<\/a><\/audio>\n<p>[\/vc_column_text][\/vc_column][\/vc_row]<\/p>\n<\/div>","protected":false},"excerpt":{"rendered":"<p>[vc_row][vc_column][vc_column_text] Conseil Communal du\u00a0lundi, 27 septembre 2021 \u00e0 14:00 heures en la salle Bessling du\u00a0Centre Culturel Larei Pr\u00e9sents: TONINO Claude, bourgmestre \u2013 \u00a0ESTEVES Kevin, KLASEN Jengel, \u00e9chevins \u2013 \u00a0MAJERUS Henri, \u00a0LEONARDY Frank, DINIS ANDRADE C\u00e9sar, HEINTZEN Joe, MALERBA Paolo, conseillers SCHAUS Pol, secr\u00e9taire[\/vc_column_text][\/vc_column][\/vc_row][vc_row][vc_column][vc_text_separator title=&#8221;Ordre du jour&#8221; color=&#8221;black&#8221;][\/vc_column][\/vc_row][vc_row][vc_column][vc_empty_space][\/vc_column][\/vc_row][vc_row][vc_column][vc_column_text]Introduction par Monsieur le Bourgmestre Claude TONINO et adaptation&hellip;<\/p>\n","protected":false},"author":2,"featured_media":0,"parent":0,"menu_order":0,"comment_status":"closed","ping_status":"closed","template":"","meta":[],"class_list":["post-19978","page","type-page","status-publish","hentry","description-off"],"translation":{"provider":"WPGlobus","version":"2.12.2","language":"fr","enabled_languages":["de","fr"],"languages":{"de":{"title":true,"content":true,"excerpt":false},"fr":{"title":false,"content":false,"excerpt":false}}},"publishpress_future_action":{"enabled":false,"date":"2026-04-14 22:53:57","action":"change-status","newStatus":"draft","terms":[],"taxonomy":""},"_links":{"self":[{"href":"https:\/\/old-vianden.digitalvision.lu\/fr\/index.php?rest_route=\/wp\/v2\/pages\/19978","targetHints":{"allow":["GET"]}}],"collection":[{"href":"https:\/\/old-vianden.digitalvision.lu\/fr\/index.php?rest_route=\/wp\/v2\/pages"}],"about":[{"href":"https:\/\/old-vianden.digitalvision.lu\/fr\/index.php?rest_route=\/wp\/v2\/types\/page"}],"author":[{"embeddable":true,"href":"https:\/\/old-vianden.digitalvision.lu\/fr\/index.php?rest_route=\/wp\/v2\/users\/2"}],"replies":[{"embeddable":true,"href":"https:\/\/old-vianden.digitalvision.lu\/fr\/index.php?rest_route=%2Fwp%2Fv2%2Fcomments&post=19978"}],"version-history":[{"count":10,"href":"https:\/\/old-vianden.digitalvision.lu\/fr\/index.php?rest_route=\/wp\/v2\/pages\/19978\/revisions"}],"predecessor-version":[{"id":20026,"href":"https:\/\/old-vianden.digitalvision.lu\/fr\/index.php?rest_route=\/wp\/v2\/pages\/19978\/revisions\/20026"}],"wp:attachment":[{"href":"https:\/\/old-vianden.digitalvision.lu\/fr\/index.php?rest_route=%2Fwp%2Fv2%2Fmedia&parent=19978"}],"curies":[{"name":"wp","href":"https:\/\/api.w.org\/{rel}","templated":true}]}}