{"id":19778,"date":"2021-07-24T20:33:54","date_gmt":"2021-07-24T18:33:54","guid":{"rendered":"https:\/\/old-vianden.digitalvision.lu\/?page_id=19778"},"modified":"2021-07-25T08:27:26","modified_gmt":"2021-07-25T06:27:26","slug":"reunion-du-conseil-communal-le-mercredi-21-juillet-2021","status":"publish","type":"page","link":"https:\/\/old-vianden.digitalvision.lu\/fr\/?page_id=19778","title":{"rendered":"R\u00e9union du Conseil Communal le mercredi, 21 juillet 2021"},"content":{"rendered":"<div class=\"wpb-content-wrapper\"><p>[vc_row][vc_column][vc_column_text]<\/p>\n<h4>Conseil Communal du\u00a0mercredi, 21 juillet 2021 \u00e0 14:00 heures en la salle Bessling du\u00a0Centre Culturel Larei<\/h4>\n<p>Pr\u00e9sents: TONINO Claude, bourgmestre \u2013 \u00a0ESTEVES Kevin, KLASEN Jengel, \u00e9chevins \u2013 \u00a0MAJERUS Henri, \u00a0LEONARDY Frank, DINIS ANDRADE C\u00e9sar,\u00a0conseillers<\/p>\n<p>Excus\u00e9s: HEINTZEN Joe, MALERBA Paolo<\/p>\n<p>SCHAUS Pol, secr\u00e9taire[\/vc_column_text][vc_text_separator title=&#8221;Ordre du jour&#8221; color=&#8221;black&#8221;][\/vc_column][\/vc_row][vc_row][vc_column][vc_column_text]Introduction par Monsieur le Bourgmestre Claude TONINO<\/p>\n<!--[if lt IE 9]><script>document.createElement('audio');<\/script><![endif]-->\n<audio class=\"wp-audio-shortcode\" id=\"audio-19778-1\" preload=\"none\" style=\"width: 100%;\" controls=\"controls\"><source type=\"audio\/mpeg\" src=\"https:\/\/old-vianden.digitalvision.lu\/wp-content\/uploads\/2021\/07\/Intro_Claude.mp3?_=1\" \/><a href=\"https:\/\/old-vianden.digitalvision.lu\/wp-content\/uploads\/2021\/07\/Intro_Claude.mp3\">https:\/\/old-vianden.digitalvision.lu\/wp-content\/uploads\/2021\/07\/Intro_Claude.mp3<\/a><\/audio>\n<p>[\/vc_column_text][vc_empty_space][\/vc_column][\/vc_row][vc_row][vc_column][vc_column_text]1. Etat des restants 2020<\/p>\n<audio class=\"wp-audio-shortcode\" id=\"audio-19778-2\" preload=\"none\" style=\"width: 100%;\" controls=\"controls\"><source type=\"audio\/mpeg\" src=\"https:\/\/old-vianden.digitalvision.lu\/wp-content\/uploads\/2021\/07\/1_etat_des_restant2020.mp3?_=2\" \/><a href=\"https:\/\/old-vianden.digitalvision.lu\/wp-content\/uploads\/2021\/07\/1_etat_des_restant2020.mp3\">https:\/\/old-vianden.digitalvision.lu\/wp-content\/uploads\/2021\/07\/1_etat_des_restant2020.mp3<\/a><\/audio>\n<p>[\/vc_column_text][vc_empty_space][\/vc_column][\/vc_row][vc_row][vc_column][vc_column_text]2. Organisation scolaire provisoire 2021\/2022<\/p>\n<audio class=\"wp-audio-shortcode\" id=\"audio-19778-3\" preload=\"none\" style=\"width: 100%;\" controls=\"controls\"><source type=\"audio\/mpeg\" src=\"https:\/\/old-vianden.digitalvision.lu\/wp-content\/uploads\/2021\/07\/2_Org_scolaire_2122.mp3?_=3\" \/><a href=\"https:\/\/old-vianden.digitalvision.lu\/wp-content\/uploads\/2021\/07\/2_Org_scolaire_2122.mp3\">https:\/\/old-vianden.digitalvision.lu\/wp-content\/uploads\/2021\/07\/2_Org_scolaire_2122.mp3<\/a><\/audio>\n<p>[\/vc_column_text][vc_empty_space][\/vc_column][\/vc_row][vc_row][vc_column][vc_column_text]3. Plan de d\u00e9veloppement scolaire<\/p>\n<audio class=\"wp-audio-shortcode\" id=\"audio-19778-4\" preload=\"none\" style=\"width: 100%;\" controls=\"controls\"><source type=\"audio\/mpeg\" src=\"https:\/\/old-vianden.digitalvision.lu\/wp-content\/uploads\/2021\/07\/3_Plan_dev_sco.mp3?_=4\" \/><a href=\"https:\/\/old-vianden.digitalvision.lu\/wp-content\/uploads\/2021\/07\/3_Plan_dev_sco.mp3\">https:\/\/old-vianden.digitalvision.lu\/wp-content\/uploads\/2021\/07\/3_Plan_dev_sco.mp3<\/a><\/audio>\n<p>[\/vc_column_text][vc_empty_space][\/vc_column][\/vc_row][vc_row][vc_column][vc_column_text]4. Plan d&#8217;encadrement p\u00e9riscolaire<\/p>\n<audio class=\"wp-audio-shortcode\" id=\"audio-19778-5\" preload=\"none\" style=\"width: 100%;\" controls=\"controls\"><source type=\"audio\/mpeg\" src=\"https:\/\/old-vianden.digitalvision.lu\/wp-content\/uploads\/2021\/07\/4_PEP.mp3?_=5\" \/><a href=\"https:\/\/old-vianden.digitalvision.lu\/wp-content\/uploads\/2021\/07\/4_PEP.mp3\">https:\/\/old-vianden.digitalvision.lu\/wp-content\/uploads\/2021\/07\/4_PEP.mp3<\/a><\/audio>\n<p>[\/vc_column_text][vc_empty_space][\/vc_column][\/vc_row][vc_row][vc_column][vc_column_text]5. Approbation des sorties p\u00e9dagogiques<\/p>\n<audio class=\"wp-audio-shortcode\" id=\"audio-19778-6\" preload=\"none\" style=\"width: 100%;\" controls=\"controls\"><source type=\"audio\/mpeg\" src=\"https:\/\/old-vianden.digitalvision.lu\/wp-content\/uploads\/2021\/07\/5.Sortie_peda_2021.mp3?_=6\" \/><a href=\"https:\/\/old-vianden.digitalvision.lu\/wp-content\/uploads\/2021\/07\/5.Sortie_peda_2021.mp3\">https:\/\/old-vianden.digitalvision.lu\/wp-content\/uploads\/2021\/07\/5.Sortie_peda_2021.mp3<\/a><\/audio>\n<p>[\/vc_column_text][vc_empty_space][\/vc_column][\/vc_row][vc_row][vc_column][vc_column_text]6. Communications du Coll\u00e8ge des bourgmestre et \u00e9chevins<\/p>\n<audio class=\"wp-audio-shortcode\" id=\"audio-19778-7\" preload=\"none\" style=\"width: 100%;\" controls=\"controls\"><source type=\"audio\/mpeg\" src=\"https:\/\/old-vianden.digitalvision.lu\/wp-content\/uploads\/2021\/07\/6_com_college.mp3?_=7\" \/><a href=\"https:\/\/old-vianden.digitalvision.lu\/wp-content\/uploads\/2021\/07\/6_com_college.mp3\">https:\/\/old-vianden.digitalvision.lu\/wp-content\/uploads\/2021\/07\/6_com_college.mp3<\/a><\/audio>\n<p>[\/vc_column_text][vc_empty_space][\/vc_column][\/vc_row][vc_row][vc_column][vc_column_text]7. Cr\u00e9ation de poste d&#8217;un artisan- groupe de salaire C<\/p>\n<audio class=\"wp-audio-shortcode\" id=\"audio-19778-8\" preload=\"none\" style=\"width: 100%;\" controls=\"controls\"><source type=\"audio\/mpeg\" src=\"https:\/\/old-vianden.digitalvision.lu\/wp-content\/uploads\/2021\/07\/7_creation_poste.mp3?_=8\" \/><a href=\"https:\/\/old-vianden.digitalvision.lu\/wp-content\/uploads\/2021\/07\/7_creation_poste.mp3\">https:\/\/old-vianden.digitalvision.lu\/wp-content\/uploads\/2021\/07\/7_creation_poste.mp3<\/a><\/audio>\n<p>[\/vc_column_text][vc_empty_space][\/vc_column][\/vc_row][vc_row][vc_column][vc_column_text]8. Approbation du contrat du pacte climat<\/p>\n<audio class=\"wp-audio-shortcode\" id=\"audio-19778-9\" preload=\"none\" style=\"width: 100%;\" controls=\"controls\"><source type=\"audio\/mpeg\" src=\"https:\/\/old-vianden.digitalvision.lu\/wp-content\/uploads\/2021\/07\/8_pacte_climat.mp3?_=9\" \/><a href=\"https:\/\/old-vianden.digitalvision.lu\/wp-content\/uploads\/2021\/07\/8_pacte_climat.mp3\">https:\/\/old-vianden.digitalvision.lu\/wp-content\/uploads\/2021\/07\/8_pacte_climat.mp3<\/a><\/audio>\n<p>[\/vc_column_text][vc_empty_space][\/vc_column][\/vc_row][vc_row][vc_column][vc_column_text]9. Approbation de la convention de CREOS<\/p>\n<audio class=\"wp-audio-shortcode\" id=\"audio-19778-10\" preload=\"none\" style=\"width: 100%;\" controls=\"controls\"><source type=\"audio\/mpeg\" src=\"https:\/\/old-vianden.digitalvision.lu\/wp-content\/uploads\/2021\/07\/9_Creos.mp3?_=10\" \/><a href=\"https:\/\/old-vianden.digitalvision.lu\/wp-content\/uploads\/2021\/07\/9_Creos.mp3\">https:\/\/old-vianden.digitalvision.lu\/wp-content\/uploads\/2021\/07\/9_Creos.mp3<\/a><\/audio>\n<p>[\/vc_column_text][vc_empty_space][\/vc_column][\/vc_row][vc_row][vc_column][vc_column_text]10. Modifications budg\u00e9taires ordinaires<\/p>\n<p>11. Modifications budg\u00e9taires extraordinaires<\/p>\n<audio class=\"wp-audio-shortcode\" id=\"audio-19778-11\" preload=\"none\" style=\"width: 100%;\" controls=\"controls\"><source type=\"audio\/mpeg\" src=\"https:\/\/old-vianden.digitalvision.lu\/wp-content\/uploads\/2021\/07\/1011_Modif_Budget_ord_extra_ord.mp3?_=11\" \/><a href=\"https:\/\/old-vianden.digitalvision.lu\/wp-content\/uploads\/2021\/07\/1011_Modif_Budget_ord_extra_ord.mp3\">https:\/\/old-vianden.digitalvision.lu\/wp-content\/uploads\/2021\/07\/1011_Modif_Budget_ord_extra_ord.mp3<\/a><\/audio>\n<p>[\/vc_column_text][vc_empty_space][\/vc_column][\/vc_row][vc_row][vc_column][vc_column_text]12. Approbation de la remise du loyer des locataires du Camping Moulin<\/p>\n<audio class=\"wp-audio-shortcode\" id=\"audio-19778-12\" preload=\"none\" style=\"width: 100%;\" controls=\"controls\"><source type=\"audio\/mpeg\" src=\"https:\/\/old-vianden.digitalvision.lu\/wp-content\/uploads\/2021\/07\/12_camping_loyer.mp3?_=12\" \/><a href=\"https:\/\/old-vianden.digitalvision.lu\/wp-content\/uploads\/2021\/07\/12_camping_loyer.mp3\">https:\/\/old-vianden.digitalvision.lu\/wp-content\/uploads\/2021\/07\/12_camping_loyer.mp3<\/a><\/audio>\n<p>[\/vc_column_text][vc_empty_space][\/vc_column][\/vc_row][vc_row][vc_column][vc_column_text]13. Approbation du contrat Moyocci<\/p>\n<audio class=\"wp-audio-shortcode\" id=\"audio-19778-13\" preload=\"none\" style=\"width: 100%;\" controls=\"controls\"><source type=\"audio\/mpeg\" src=\"https:\/\/old-vianden.digitalvision.lu\/wp-content\/uploads\/2021\/07\/13_Moyocci.mp3?_=13\" \/><a href=\"https:\/\/old-vianden.digitalvision.lu\/wp-content\/uploads\/2021\/07\/13_Moyocci.mp3\">https:\/\/old-vianden.digitalvision.lu\/wp-content\/uploads\/2021\/07\/13_Moyocci.mp3<\/a><\/audio>\n<p>[\/vc_column_text][vc_empty_space][\/vc_column][\/vc_row][vc_row][vc_column][vc_column_text]14. Approbation de la convention PAP Aal Schreinerei\/Alphabau s.\u00e0 r.l.<\/p>\n<p>15. Approbation du projet d&#8217;ex\u00e9cution PAP Aal Schreinerei\/Alphabau s.\u00e0 r.l.<\/p>\n<audio class=\"wp-audio-shortcode\" id=\"audio-19778-14\" preload=\"none\" style=\"width: 100%;\" controls=\"controls\"><source type=\"audio\/mpeg\" src=\"https:\/\/old-vianden.digitalvision.lu\/wp-content\/uploads\/2021\/07\/1415_PAP_Alpabau.mp3?_=14\" \/><a href=\"https:\/\/old-vianden.digitalvision.lu\/wp-content\/uploads\/2021\/07\/1415_PAP_Alpabau.mp3\">https:\/\/old-vianden.digitalvision.lu\/wp-content\/uploads\/2021\/07\/1415_PAP_Alpabau.mp3<\/a><\/audio>\n<p>[\/vc_column_text][vc_empty_space][\/vc_column][\/vc_row][vc_row][vc_column][vc_column_text]Adoption de la charte de s\u00e9curit\u00e9 du comit\u00e9 de s\u00e9curit\u00e9<\/p>\n<audio class=\"wp-audio-shortcode\" id=\"audio-19778-15\" preload=\"none\" style=\"width: 100%;\" controls=\"controls\"><source type=\"audio\/mpeg\" src=\"https:\/\/old-vianden.digitalvision.lu\/wp-content\/uploads\/2021\/07\/16_Charte_sec.mp3?_=15\" \/><a href=\"https:\/\/old-vianden.digitalvision.lu\/wp-content\/uploads\/2021\/07\/16_Charte_sec.mp3\">https:\/\/old-vianden.digitalvision.lu\/wp-content\/uploads\/2021\/07\/16_Charte_sec.mp3<\/a><\/audio>\n<p>[\/vc_column_text][vc_empty_space][\/vc_column][\/vc_row][vc_row][vc_column][vc_column_text]Approbation de la politique de vid\u00e9osurveillance<\/p>\n<audio class=\"wp-audio-shortcode\" id=\"audio-19778-16\" preload=\"none\" style=\"width: 100%;\" controls=\"controls\"><source type=\"audio\/mpeg\" src=\"https:\/\/old-vianden.digitalvision.lu\/wp-content\/uploads\/2021\/07\/17_politique_Video_surv.mp3?_=16\" \/><a href=\"https:\/\/old-vianden.digitalvision.lu\/wp-content\/uploads\/2021\/07\/17_politique_Video_surv.mp3\">https:\/\/old-vianden.digitalvision.lu\/wp-content\/uploads\/2021\/07\/17_politique_Video_surv.mp3<\/a><\/audio>\n<p>[\/vc_column_text][vc_empty_space][\/vc_column][\/vc_row][vc_row][vc_column][vc_column_text]18. R\u00e8glement d&#8217;urgence de \u00a0circulation rue du vieux-march\u00e9<\/p>\n<audio class=\"wp-audio-shortcode\" id=\"audio-19778-17\" preload=\"none\" style=\"width: 100%;\" controls=\"controls\"><source type=\"audio\/mpeg\" src=\"https:\/\/old-vianden.digitalvision.lu\/wp-content\/uploads\/2021\/07\/18_reglement_urgence_vieux_marche.mp3?_=17\" \/><a href=\"https:\/\/old-vianden.digitalvision.lu\/wp-content\/uploads\/2021\/07\/18_reglement_urgence_vieux_marche.mp3\">https:\/\/old-vianden.digitalvision.lu\/wp-content\/uploads\/2021\/07\/18_reglement_urgence_vieux_marche.mp3<\/a><\/audio>\n<p>[\/vc_column_text][vc_empty_space][\/vc_column][\/vc_row][vc_row][vc_column][vc_column_text]19. Cr\u00e9ation d&#8217;un poste budget<\/p>\n<audio class=\"wp-audio-shortcode\" id=\"audio-19778-18\" preload=\"none\" style=\"width: 100%;\" controls=\"controls\"><source type=\"audio\/mpeg\" src=\"https:\/\/old-vianden.digitalvision.lu\/wp-content\/uploads\/2021\/07\/19_Creation_poste_budgetaire_don.mp3?_=18\" \/><a href=\"https:\/\/old-vianden.digitalvision.lu\/wp-content\/uploads\/2021\/07\/19_Creation_poste_budgetaire_don.mp3\">https:\/\/old-vianden.digitalvision.lu\/wp-content\/uploads\/2021\/07\/19_Creation_poste_budgetaire_don.mp3<\/a><\/audio>\n<p>[\/vc_column_text][vc_empty_space][\/vc_column][\/vc_row][vc_row][vc_column][vc_column_text]Divers- Droit d&#8217;initiative du conseiller communal, questions \u00e9crites et orales<\/p>\n<audio class=\"wp-audio-shortcode\" id=\"audio-19778-19\" preload=\"none\" style=\"width: 100%;\" controls=\"controls\"><source type=\"audio\/mpeg\" src=\"https:\/\/old-vianden.digitalvision.lu\/wp-content\/uploads\/2021\/07\/20_questions.mp3?_=19\" \/><a href=\"https:\/\/old-vianden.digitalvision.lu\/wp-content\/uploads\/2021\/07\/20_questions.mp3\">https:\/\/old-vianden.digitalvision.lu\/wp-content\/uploads\/2021\/07\/20_questions.mp3<\/a><\/audio>\n<p>[\/vc_column_text][vc_empty_space][\/vc_column][\/vc_row]<\/p>\n<\/div>","protected":false},"excerpt":{"rendered":"<p>[vc_row][vc_column][vc_column_text] Conseil Communal du\u00a0mercredi, 21 juillet 2021 \u00e0 14:00 heures en la salle Bessling du\u00a0Centre Culturel Larei Pr\u00e9sents: TONINO Claude, bourgmestre \u2013 \u00a0ESTEVES Kevin, KLASEN Jengel, \u00e9chevins \u2013 \u00a0MAJERUS Henri, \u00a0LEONARDY Frank, DINIS ANDRADE C\u00e9sar,\u00a0conseillers Excus\u00e9s: HEINTZEN Joe, MALERBA Paolo SCHAUS Pol, secr\u00e9taire[\/vc_column_text][vc_text_separator title=&#8221;Ordre du jour&#8221; color=&#8221;black&#8221;][\/vc_column][\/vc_row][vc_row][vc_column][vc_column_text]Introduction par Monsieur le Bourgmestre Claude TONINO [\/vc_column_text][vc_empty_space][\/vc_column][\/vc_row][vc_row][vc_column][vc_column_text]1. Etat&hellip;<\/p>\n","protected":false},"author":2,"featured_media":16953,"parent":0,"menu_order":0,"comment_status":"closed","ping_status":"closed","template":"","meta":[],"class_list":["post-19778","page","type-page","status-publish","has-post-thumbnail","hentry","description-off"],"translation":{"provider":"WPGlobus","version":"2.12.2","language":"fr","enabled_languages":["de","fr"],"languages":{"de":{"title":true,"content":true,"excerpt":false},"fr":{"title":false,"content":false,"excerpt":false}}},"publishpress_future_action":{"enabled":false,"date":"2026-04-15 00:27:49","action":"change-status","newStatus":"draft","terms":[],"taxonomy":""},"_links":{"self":[{"href":"https:\/\/old-vianden.digitalvision.lu\/fr\/index.php?rest_route=\/wp\/v2\/pages\/19778","targetHints":{"allow":["GET"]}}],"collection":[{"href":"https:\/\/old-vianden.digitalvision.lu\/fr\/index.php?rest_route=\/wp\/v2\/pages"}],"about":[{"href":"https:\/\/old-vianden.digitalvision.lu\/fr\/index.php?rest_route=\/wp\/v2\/types\/page"}],"author":[{"embeddable":true,"href":"https:\/\/old-vianden.digitalvision.lu\/fr\/index.php?rest_route=\/wp\/v2\/users\/2"}],"replies":[{"embeddable":true,"href":"https:\/\/old-vianden.digitalvision.lu\/fr\/index.php?rest_route=%2Fwp%2Fv2%2Fcomments&post=19778"}],"version-history":[{"count":7,"href":"https:\/\/old-vianden.digitalvision.lu\/fr\/index.php?rest_route=\/wp\/v2\/pages\/19778\/revisions"}],"predecessor-version":[{"id":19820,"href":"https:\/\/old-vianden.digitalvision.lu\/fr\/index.php?rest_route=\/wp\/v2\/pages\/19778\/revisions\/19820"}],"wp:featuredmedia":[{"embeddable":true,"href":"https:\/\/old-vianden.digitalvision.lu\/fr\/index.php?rest_route=\/wp\/v2\/media\/16953"}],"wp:attachment":[{"href":"https:\/\/old-vianden.digitalvision.lu\/fr\/index.php?rest_route=%2Fwp%2Fv2%2Fmedia&parent=19778"}],"curies":[{"name":"wp","href":"https:\/\/api.w.org\/{rel}","templated":true}]}}