{"id":19599,"date":"2021-06-10T20:45:15","date_gmt":"2021-06-10T18:45:15","guid":{"rendered":"https:\/\/old-vianden.digitalvision.lu\/?page_id=19599"},"modified":"2021-06-10T20:47:52","modified_gmt":"2021-06-10T18:47:52","slug":"reunion-du-conseil-communal-le-mercredi-9-juin-2021","status":"publish","type":"page","link":"https:\/\/old-vianden.digitalvision.lu\/fr\/?page_id=19599","title":{"rendered":"R\u00e9union du Conseil Communal le mercredi, 9 juin 2021"},"content":{"rendered":"<div class=\"wpb-content-wrapper\"><p>[vc_row][vc_column][vc_column_text]<\/p>\n<h4>Conseil Communal du\u00a0mercredi, 09 juin 2021 \u00e0 14:00 heures en la salle Bessling du\u00a0Centre Culturel Larei<\/h4>\n<p>Pr\u00e9sents: TONINO Claude, bourgmestre \u2013 \u00a0ESTEVES Kevin, KLASEN Jengel, \u00e9chevins \u2013 \u00a0MAJERUS Henri, HEINTZEN Joe, MALERBA Paolo, LEONARDY Frank conseillers, DINIS ANDRADE C\u00e9sar \u2013<\/p>\n<p>SCHAUS Pol, secr\u00e9taire[\/vc_column_text][\/vc_column][\/vc_row][vc_row][vc_column][vc_text_separator title=&#8221;Ordre du jour&#8221;][\/vc_column][\/vc_row][vc_row][vc_column][vc_column_text]Modification de l&#8217;ordre du jour<\/p>\n<!--[if lt IE 9]><script>document.createElement('audio');<\/script><![endif]-->\n<audio class=\"wp-audio-shortcode\" id=\"audio-19599-1\" preload=\"none\" style=\"width: 100%;\" controls=\"controls\"><source type=\"audio\/mpeg\" src=\"https:\/\/old-vianden.digitalvision.lu\/wp-content\/uploads\/2021\/06\/Modif_ordre_du_jour.mp3?_=1\" \/><a href=\"https:\/\/old-vianden.digitalvision.lu\/wp-content\/uploads\/2021\/06\/Modif_ordre_du_jour.mp3\">https:\/\/old-vianden.digitalvision.lu\/wp-content\/uploads\/2021\/06\/Modif_ordre_du_jour.mp3<\/a><\/audio>\n<p>[\/vc_column_text][vc_empty_space][\/vc_column][\/vc_row][vc_row][vc_column][vc_column_text]Communications du Coll\u00e8ge des bourgmestre et \u00e9chevins<\/p>\n<audio class=\"wp-audio-shortcode\" id=\"audio-19599-2\" preload=\"none\" style=\"width: 100%;\" controls=\"controls\"><source type=\"audio\/mpeg\" src=\"https:\/\/old-vianden.digitalvision.lu\/wp-content\/uploads\/2021\/06\/1_Info_CE_CC.mp3?_=2\" \/><a href=\"https:\/\/old-vianden.digitalvision.lu\/wp-content\/uploads\/2021\/06\/1_Info_CE_CC.mp3\">https:\/\/old-vianden.digitalvision.lu\/wp-content\/uploads\/2021\/06\/1_Info_CE_CC.mp3<\/a><\/audio>\n<p>[\/vc_column_text][vc_empty_space][\/vc_column][\/vc_row][vc_row][vc_column][vc_column_text]Cr\u00e9ation de poste<\/p>\n<audio class=\"wp-audio-shortcode\" id=\"audio-19599-3\" preload=\"none\" style=\"width: 100%;\" controls=\"controls\"><source type=\"audio\/mpeg\" src=\"https:\/\/old-vianden.digitalvision.lu\/wp-content\/uploads\/2021\/06\/1_bis_creation_poste_receveur.mp3?_=3\" \/><a href=\"https:\/\/old-vianden.digitalvision.lu\/wp-content\/uploads\/2021\/06\/1_bis_creation_poste_receveur.mp3\">https:\/\/old-vianden.digitalvision.lu\/wp-content\/uploads\/2021\/06\/1_bis_creation_poste_receveur.mp3<\/a><\/audio>\n<p>[\/vc_column_text][vc_empty_space][\/vc_column][\/vc_row][vc_row][vc_column][vc_column_text]Approbation des conditions de transport du t\u00e9l\u00e9si\u00e8ge<\/p>\n<audio class=\"wp-audio-shortcode\" id=\"audio-19599-4\" preload=\"none\" style=\"width: 100%;\" controls=\"controls\"><source type=\"audio\/mpeg\" src=\"https:\/\/old-vianden.digitalvision.lu\/wp-content\/uploads\/2021\/06\/2_conditions_trans_telesiege.mp3?_=4\" \/><a href=\"https:\/\/old-vianden.digitalvision.lu\/wp-content\/uploads\/2021\/06\/2_conditions_trans_telesiege.mp3\">https:\/\/old-vianden.digitalvision.lu\/wp-content\/uploads\/2021\/06\/2_conditions_trans_telesiege.mp3<\/a><\/audio>\n<p>[\/vc_column_text][vc_empty_space][\/vc_column][\/vc_row][vc_row][vc_column][vc_column_text]Approbation du r\u00e8glement de police<\/p>\n<audio class=\"wp-audio-shortcode\" id=\"audio-19599-5\" preload=\"none\" style=\"width: 100%;\" controls=\"controls\"><source type=\"audio\/mpeg\" src=\"https:\/\/old-vianden.digitalvision.lu\/wp-content\/uploads\/2021\/06\/3_reg_police.mp3?_=5\" \/><a href=\"https:\/\/old-vianden.digitalvision.lu\/wp-content\/uploads\/2021\/06\/3_reg_police.mp3\">https:\/\/old-vianden.digitalvision.lu\/wp-content\/uploads\/2021\/06\/3_reg_police.mp3<\/a><\/audio>\n<p>[\/vc_column_text][vc_empty_space][\/vc_column][\/vc_row][vc_row][vc_column][vc_column_text]Mesures communales dans le cadre de la crise COVID-19- relancement de bons d\u2019achats afin de soutenir les commerces locaux<\/p>\n<audio class=\"wp-audio-shortcode\" id=\"audio-19599-6\" preload=\"none\" style=\"width: 100%;\" controls=\"controls\"><source type=\"audio\/mpeg\" src=\"https:\/\/old-vianden.digitalvision.lu\/wp-content\/uploads\/2021\/06\/4_Mesures_covid.mp3?_=6\" \/><a href=\"https:\/\/old-vianden.digitalvision.lu\/wp-content\/uploads\/2021\/06\/4_Mesures_covid.mp3\">https:\/\/old-vianden.digitalvision.lu\/wp-content\/uploads\/2021\/06\/4_Mesures_covid.mp3<\/a><\/audio>\n<p>[\/vc_column_text][vc_empty_space][\/vc_column][\/vc_row][vc_row][vc_column][vc_column_text]Abrogation du R\u00e8glement communal instituant un r\u00e9gime d\u2019aides financi\u00e8res aux personnes physiques concernant la promotion de la durabilit\u00e9, de l\u2019utilisation rationnelle de l\u2019\u00e9nergie et des ressources naturelles et de la mise en valeur des \u00e9nergies renouvelables dans le domaine du logement du 11 juillet 2017<\/p>\n<p>Approbation du R\u00e8glement communal instituant un r\u00e9gime d\u2019aides financi\u00e8res aux personnes physiques concernant la promotion de la durabilit\u00e9, de l\u2019utilisation rationnelle de l\u2019\u00e9nergie et des ressources naturelles et de la mise en valeur des \u00e9nergies renouvelables dans le domaine du logement<\/p>\n<audio class=\"wp-audio-shortcode\" id=\"audio-19599-7\" preload=\"none\" style=\"width: 100%;\" controls=\"controls\"><source type=\"audio\/mpeg\" src=\"https:\/\/old-vianden.digitalvision.lu\/wp-content\/uploads\/2021\/06\/56_aides_com.mp3?_=7\" \/><a href=\"https:\/\/old-vianden.digitalvision.lu\/wp-content\/uploads\/2021\/06\/56_aides_com.mp3\">https:\/\/old-vianden.digitalvision.lu\/wp-content\/uploads\/2021\/06\/56_aides_com.mp3<\/a><\/audio>\n<p>[\/vc_column_text][vc_empty_space][\/vc_column][\/vc_row][vc_row][vc_column][vc_column_text]Approbation de l\u2019avenant relatif \u00e0 la prolongation de la p\u00e9riode LEADER d\u2019une ann\u00e9e allant du 1<sup>er<\/sup> janvier au 31 d\u00e9cembre 2022<\/p>\n<p>Accord de principe d\u2019adh\u00e9rer au futur GAL LEADER pour la p\u00e9riode 2023-2029<\/p>\n<audio class=\"wp-audio-shortcode\" id=\"audio-19599-8\" preload=\"none\" style=\"width: 100%;\" controls=\"controls\"><source type=\"audio\/mpeg\" src=\"https:\/\/old-vianden.digitalvision.lu\/wp-content\/uploads\/2021\/06\/89_Leader.mp3?_=8\" \/><a href=\"https:\/\/old-vianden.digitalvision.lu\/wp-content\/uploads\/2021\/06\/89_Leader.mp3\">https:\/\/old-vianden.digitalvision.lu\/wp-content\/uploads\/2021\/06\/89_Leader.mp3<\/a><\/audio>\n<p>[\/vc_column_text][vc_empty_space][\/vc_column][\/vc_row][vc_row][vc_column][vc_column_text]R\u00e8glement portant interdiction \u00e0 toute personne non-autoris\u00e9e d\u2019avoir acc\u00e8s au site d\u2019\u00e9boulement et alentours rue du Ruisseau et modification du p\u00e9rim\u00e8tre de s\u00e9curit\u00e9<\/p>\n<audio class=\"wp-audio-shortcode\" id=\"audio-19599-9\" preload=\"none\" style=\"width: 100%;\" controls=\"controls\"><source type=\"audio\/mpeg\" src=\"https:\/\/old-vianden.digitalvision.lu\/wp-content\/uploads\/2021\/06\/10_reglement_sec.mp3?_=9\" \/><a href=\"https:\/\/old-vianden.digitalvision.lu\/wp-content\/uploads\/2021\/06\/10_reglement_sec.mp3\">https:\/\/old-vianden.digitalvision.lu\/wp-content\/uploads\/2021\/06\/10_reglement_sec.mp3<\/a><\/audio>\n<p>[\/vc_column_text][vc_empty_space][\/vc_column][\/vc_row][vc_row][vc_column][vc_column_text]Approbation de contrats<\/p>\n<p>Contrat de bail relatif \u00e0 la location du terrain de la station de d\u00e9part du t\u00e9l\u00e9si\u00e8ge<\/p>\n<audio class=\"wp-audio-shortcode\" id=\"audio-19599-10\" preload=\"none\" style=\"width: 100%;\" controls=\"controls\"><source type=\"audio\/mpeg\" src=\"https:\/\/old-vianden.digitalvision.lu\/wp-content\/uploads\/2021\/06\/11_telesiege_contrats.mp3?_=10\" \/><a href=\"https:\/\/old-vianden.digitalvision.lu\/wp-content\/uploads\/2021\/06\/11_telesiege_contrats.mp3\">https:\/\/old-vianden.digitalvision.lu\/wp-content\/uploads\/2021\/06\/11_telesiege_contrats.mp3<\/a><\/audio>\n<p>[\/vc_column_text][vc_empty_space][\/vc_column][\/vc_row][vc_row][vc_column][vc_column_text]Vente de mat\u00e9riel communal<\/p>\n<audio class=\"wp-audio-shortcode\" id=\"audio-19599-11\" preload=\"none\" style=\"width: 100%;\" controls=\"controls\"><source type=\"audio\/mpeg\" src=\"https:\/\/old-vianden.digitalvision.lu\/wp-content\/uploads\/2021\/06\/12_vente_materiel.mp3?_=11\" \/><a href=\"https:\/\/old-vianden.digitalvision.lu\/wp-content\/uploads\/2021\/06\/12_vente_materiel.mp3\">https:\/\/old-vianden.digitalvision.lu\/wp-content\/uploads\/2021\/06\/12_vente_materiel.mp3<\/a><\/audio>\n<p>[\/vc_column_text][vc_empty_space][\/vc_column][\/vc_row][vc_row][vc_column][vc_column_text]Divers \u2013 Droit d\u2019initiative du conseiller communal, questions \u00e9crites et orales<\/p>\n<audio class=\"wp-audio-shortcode\" id=\"audio-19599-12\" preload=\"none\" style=\"width: 100%;\" controls=\"controls\"><source type=\"audio\/mpeg\" src=\"https:\/\/old-vianden.digitalvision.lu\/wp-content\/uploads\/2021\/06\/13_Questions.mp3?_=12\" \/><a href=\"https:\/\/old-vianden.digitalvision.lu\/wp-content\/uploads\/2021\/06\/13_Questions.mp3\">https:\/\/old-vianden.digitalvision.lu\/wp-content\/uploads\/2021\/06\/13_Questions.mp3<\/a><\/audio>\n<p>[\/vc_column_text][\/vc_column][\/vc_row]<\/p>\n<\/div>","protected":false},"excerpt":{"rendered":"<p>[vc_row][vc_column][vc_column_text] Conseil Communal du\u00a0mercredi, 09 juin 2021 \u00e0 14:00 heures en la salle Bessling du\u00a0Centre Culturel Larei Pr\u00e9sents: TONINO Claude, bourgmestre \u2013 \u00a0ESTEVES Kevin, KLASEN Jengel, \u00e9chevins \u2013 \u00a0MAJERUS Henri, HEINTZEN Joe, MALERBA Paolo, LEONARDY Frank conseillers, DINIS ANDRADE C\u00e9sar \u2013 SCHAUS Pol, secr\u00e9taire[\/vc_column_text][\/vc_column][\/vc_row][vc_row][vc_column][vc_text_separator title=&#8221;Ordre du jour&#8221;][\/vc_column][\/vc_row][vc_row][vc_column][vc_column_text]Modification de l&#8217;ordre du jour [\/vc_column_text][vc_empty_space][\/vc_column][\/vc_row][vc_row][vc_column][vc_column_text]Communications du Coll\u00e8ge des&hellip;<\/p>\n","protected":false},"author":2,"featured_media":0,"parent":0,"menu_order":0,"comment_status":"closed","ping_status":"closed","template":"","meta":[],"class_list":["post-19599","page","type-page","status-publish","hentry","description-off"],"translation":{"provider":"WPGlobus","version":"2.12.2","language":"fr","enabled_languages":["de","fr"],"languages":{"de":{"title":true,"content":true,"excerpt":false},"fr":{"title":false,"content":false,"excerpt":false}}},"publishpress_future_action":{"enabled":false,"date":"2026-04-15 00:25:12","action":"change-status","newStatus":"draft","terms":[],"taxonomy":""},"_links":{"self":[{"href":"https:\/\/old-vianden.digitalvision.lu\/fr\/index.php?rest_route=\/wp\/v2\/pages\/19599","targetHints":{"allow":["GET"]}}],"collection":[{"href":"https:\/\/old-vianden.digitalvision.lu\/fr\/index.php?rest_route=\/wp\/v2\/pages"}],"about":[{"href":"https:\/\/old-vianden.digitalvision.lu\/fr\/index.php?rest_route=\/wp\/v2\/types\/page"}],"author":[{"embeddable":true,"href":"https:\/\/old-vianden.digitalvision.lu\/fr\/index.php?rest_route=\/wp\/v2\/users\/2"}],"replies":[{"embeddable":true,"href":"https:\/\/old-vianden.digitalvision.lu\/fr\/index.php?rest_route=%2Fwp%2Fv2%2Fcomments&post=19599"}],"version-history":[{"count":7,"href":"https:\/\/old-vianden.digitalvision.lu\/fr\/index.php?rest_route=\/wp\/v2\/pages\/19599\/revisions"}],"predecessor-version":[{"id":19619,"href":"https:\/\/old-vianden.digitalvision.lu\/fr\/index.php?rest_route=\/wp\/v2\/pages\/19599\/revisions\/19619"}],"wp:attachment":[{"href":"https:\/\/old-vianden.digitalvision.lu\/fr\/index.php?rest_route=%2Fwp%2Fv2%2Fmedia&parent=19599"}],"curies":[{"name":"wp","href":"https:\/\/api.w.org\/{rel}","templated":true}]}}