{"id":19468,"date":"2021-03-29T11:23:53","date_gmt":"2021-03-29T09:23:53","guid":{"rendered":"https:\/\/old-vianden.digitalvision.lu\/?page_id=19468"},"modified":"2021-03-29T11:36:45","modified_gmt":"2021-03-29T09:36:45","slug":"reunion-du-conseil-communal-le-jeudi-25-mars-2021","status":"publish","type":"page","link":"https:\/\/old-vianden.digitalvision.lu\/fr\/?page_id=19468","title":{"rendered":"R\u00e9union  du  Conseil Communal le jeudi, 25 mars 2021"},"content":{"rendered":"<div class=\"wpb-content-wrapper\"><p>[vc_row][vc_column][vc_column_text]<\/p>\n<h4>Conseil Communal du<b>\u00a0jeudi, 25 mars 2021 \u00e0 14.00 heures en la salle Bessling du\u00a0Centre Culturel Larei<\/b><\/h4>\n<div class=\"page\" title=\"Page 1\">\n<div class=\"layoutArea\">\n<div class=\"column\">\n<p>Pr\u00e9sents: TONINO Claude, bourgmestre \u2013 \u00a0ESTEVES Kevin, KLASEN Jengel, \u00e9chevins \u2013 \u00a0MAJERUS Henri, HEINTZEN Joe, MALERBA Paolo, LEONARDY Frank conseillers \u2013<\/p>\n<p>SCHAUS Pol, secr\u00e9taire<\/p>\n<p>Excuser: \u00a0DINIS ANDRADE C\u00e9sar, conseiller<\/p>\n<\/div>\n<\/div>\n<\/div>\n<p>[\/vc_column_text][vc_empty_space height=&#8221;50px&#8221;][vc_text_separator title=&#8221;Ordre du jour&#8221; border_width=&#8221;3&#8243;][\/vc_column][\/vc_row][vc_row][vc_column][vc_column_text]<strong>Modification de l&#8217;ordre du jour<\/strong><\/p>\n<!--[if lt IE 9]><script>document.createElement('audio');<\/script><![endif]-->\n<audio class=\"wp-audio-shortcode\" id=\"audio-19468-1\" preload=\"none\" style=\"width: 100%;\" controls=\"controls\"><source type=\"audio\/mpeg\" src=\"https:\/\/old-vianden.digitalvision.lu\/wp-content\/uploads\/2021\/03\/P1_25_3_2021.mp3?_=1\" \/><a href=\"https:\/\/old-vianden.digitalvision.lu\/wp-content\/uploads\/2021\/03\/P1_25_3_2021.mp3\">https:\/\/old-vianden.digitalvision.lu\/wp-content\/uploads\/2021\/03\/P1_25_3_2021.mp3<\/a><\/audio>\n<p>[\/vc_column_text][vc_empty_space][vc_separator border_width=&#8221;2&#8243; el_width=&#8221;60&#8243;][\/vc_column][\/vc_row][vc_row][vc_column][vc_column_text]<strong>2.<\/strong> <strong>Communications du Coll\u00e8ge \u00e9chevinal<\/strong><\/p>\n<audio class=\"wp-audio-shortcode\" id=\"audio-19468-2\" preload=\"none\" style=\"width: 100%;\" controls=\"controls\"><source type=\"audio\/mpeg\" src=\"https:\/\/old-vianden.digitalvision.lu\/wp-content\/uploads\/2021\/03\/P2_Info_25_3_2021.mp3?_=2\" \/><a href=\"https:\/\/old-vianden.digitalvision.lu\/wp-content\/uploads\/2021\/03\/P2_Info_25_3_2021.mp3\">https:\/\/old-vianden.digitalvision.lu\/wp-content\/uploads\/2021\/03\/P2_Info_25_3_2021.mp3<\/a><\/audio>\n<p>[\/vc_column_text][vc_empty_space][vc_separator border_width=&#8221;2&#8243; el_width=&#8221;60&#8243;][\/vc_column][\/vc_row][vc_row][vc_column][vc_column_text]<strong>3. Fixation des taxes d\u2019utilisation du t\u00e9l\u00e9si\u00e8ge<\/strong><\/p>\n<audio class=\"wp-audio-shortcode\" id=\"audio-19468-3\" preload=\"none\" style=\"width: 100%;\" controls=\"controls\"><source type=\"audio\/mpeg\" src=\"https:\/\/old-vianden.digitalvision.lu\/wp-content\/uploads\/2021\/03\/P2_Tax_Tele_25_3_2021.mp3?_=3\" \/><a href=\"https:\/\/old-vianden.digitalvision.lu\/wp-content\/uploads\/2021\/03\/P2_Tax_Tele_25_3_2021.mp3\">https:\/\/old-vianden.digitalvision.lu\/wp-content\/uploads\/2021\/03\/P2_Tax_Tele_25_3_2021.mp3<\/a><\/audio>\n<p>[\/vc_column_text][vc_empty_space][vc_separator border_width=&#8221;2&#8243; el_width=&#8221;60&#8243;][\/vc_column][\/vc_row][vc_row][vc_column][vc_column_text]<strong>2. Cr\u00e9ation de quatre postes pour le besoin du t\u00e9l\u00e9si\u00e8ge<\/strong><\/p>\n<p><strong>3. Cr\u00e9ation de deux postes pour le besoin de l\u2019office du tourisme <\/strong><\/p>\n<p><strong>4.\u00a0Cr\u00e9ation d\u2019un poste de fonctionnaire en vue du remplacement ult\u00e9rieur du receveur communal<\/strong><\/p>\n<audio class=\"wp-audio-shortcode\" id=\"audio-19468-4\" preload=\"none\" style=\"width: 100%;\" controls=\"controls\"><source type=\"audio\/mpeg\" src=\"https:\/\/old-vianden.digitalvision.lu\/wp-content\/uploads\/2021\/03\/P3_4_poste_trav_25_3_2021.mp3?_=4\" \/><a href=\"https:\/\/old-vianden.digitalvision.lu\/wp-content\/uploads\/2021\/03\/P3_4_poste_trav_25_3_2021.mp3\">https:\/\/old-vianden.digitalvision.lu\/wp-content\/uploads\/2021\/03\/P3_4_poste_trav_25_3_2021.mp3<\/a><\/audio>\n<p>[\/vc_column_text][vc_empty_space][vc_separator border_width=&#8221;2&#8243; el_width=&#8221;60&#8243;][\/vc_column][\/vc_row][vc_row][vc_column][vc_column_text]<strong>5. Approbation du prix du repas sur roues<\/strong><\/p>\n<audio class=\"wp-audio-shortcode\" id=\"audio-19468-5\" preload=\"none\" style=\"width: 100%;\" controls=\"controls\"><source type=\"audio\/mpeg\" src=\"https:\/\/old-vianden.digitalvision.lu\/wp-content\/uploads\/2021\/03\/P5_repas_s_r_25_3_2021.mp3?_=5\" \/><a href=\"https:\/\/old-vianden.digitalvision.lu\/wp-content\/uploads\/2021\/03\/P5_repas_s_r_25_3_2021.mp3\">https:\/\/old-vianden.digitalvision.lu\/wp-content\/uploads\/2021\/03\/P5_repas_s_r_25_3_2021.mp3<\/a><\/audio>\n<p>[\/vc_column_text][vc_empty_space][vc_separator border_width=&#8221;2&#8243; el_width=&#8221;60&#8243;][\/vc_column][\/vc_row][vc_row][vc_column][vc_column_text]<strong>6. Augmentations de cr\u00e9dits.<\/strong><\/p>\n<ul>\n<li>a. Service d\u2019entretien du domaine agricole<\/li>\n<li>b. Travaux de stabilisation rue du Ruisseau<\/li>\n<li>c. Travaux rue Th.Bassing<\/li>\n<li>d. Travaux de canalisation<\/li>\n<\/ul>\n<audio class=\"wp-audio-shortcode\" id=\"audio-19468-6\" preload=\"none\" style=\"width: 100%;\" controls=\"controls\"><source type=\"audio\/mpeg\" src=\"https:\/\/old-vianden.digitalvision.lu\/wp-content\/uploads\/2021\/03\/P6_modif_budget_25_3_2021.mp3?_=6\" \/><a href=\"https:\/\/old-vianden.digitalvision.lu\/wp-content\/uploads\/2021\/03\/P6_modif_budget_25_3_2021.mp3\">https:\/\/old-vianden.digitalvision.lu\/wp-content\/uploads\/2021\/03\/P6_modif_budget_25_3_2021.mp3<\/a><\/audio>\n<p>[\/vc_column_text][vc_empty_space][vc_separator border_width=&#8221;2&#8243; el_width=&#8221;60&#8243;][\/vc_column][\/vc_row][vc_row][vc_column][vc_column_text]<strong>7. Approbation de contrats<\/strong><\/p>\n<ul>\n<li>a. Contrat de bail pour un jardin communal<\/li>\n<li>b. Contrats avec l\u2019Automation Center<\/li>\n<\/ul>\n<audio class=\"wp-audio-shortcode\" id=\"audio-19468-7\" preload=\"none\" style=\"width: 100%;\" controls=\"controls\"><source type=\"audio\/mpeg\" src=\"https:\/\/old-vianden.digitalvision.lu\/wp-content\/uploads\/2021\/03\/P7_div_contrats_25_3_2021.mp3?_=7\" \/><a href=\"https:\/\/old-vianden.digitalvision.lu\/wp-content\/uploads\/2021\/03\/P7_div_contrats_25_3_2021.mp3\">https:\/\/old-vianden.digitalvision.lu\/wp-content\/uploads\/2021\/03\/P7_div_contrats_25_3_2021.mp3<\/a><\/audio>\n<p>[\/vc_column_text][vc_empty_space][vc_separator border_width=&#8221;2&#8243; el_width=&#8221;60&#8243;][\/vc_column][\/vc_row][vc_row][vc_column][vc_column_text]<strong>8. Modification temporaire du r\u00e8glement de circulation<\/strong><\/p>\n<ul>\n<li>a. Grand-rue<\/li>\n<li>b. rue Th. Bassing<\/li>\n<\/ul>\n<audio class=\"wp-audio-shortcode\" id=\"audio-19468-8\" preload=\"none\" style=\"width: 100%;\" controls=\"controls\"><source type=\"audio\/mpeg\" src=\"https:\/\/old-vianden.digitalvision.lu\/wp-content\/uploads\/2021\/03\/P8_reglement_circ_25_3_2021.mp3?_=8\" \/><a href=\"https:\/\/old-vianden.digitalvision.lu\/wp-content\/uploads\/2021\/03\/P8_reglement_circ_25_3_2021.mp3\">https:\/\/old-vianden.digitalvision.lu\/wp-content\/uploads\/2021\/03\/P8_reglement_circ_25_3_2021.mp3<\/a><\/audio>\n<p>[\/vc_column_text][vc_empty_space][vc_separator border_width=&#8221;2&#8243; el_width=&#8221;60&#8243;][\/vc_column][\/vc_row][vc_row][vc_column][vc_column_text]<strong>9. Mandats pour remettre une offre en vue\u00a0d&#8217;acquisition\u00a0de terrains et de cr\u00e9ation d&#8217;un poste de budget<\/strong><\/p>\n<audio class=\"wp-audio-shortcode\" id=\"audio-19468-9\" preload=\"none\" style=\"width: 100%;\" controls=\"controls\"><source type=\"audio\/mpeg\" src=\"https:\/\/old-vianden.digitalvision.lu\/wp-content\/uploads\/2021\/03\/P9_creation_bud_acq_terrains_25_3_2021.mp3?_=9\" \/><a href=\"https:\/\/old-vianden.digitalvision.lu\/wp-content\/uploads\/2021\/03\/P9_creation_bud_acq_terrains_25_3_2021.mp3\">https:\/\/old-vianden.digitalvision.lu\/wp-content\/uploads\/2021\/03\/P9_creation_bud_acq_terrains_25_3_2021.mp3<\/a><\/audio>\n<p>[\/vc_column_text][vc_empty_space][vc_separator border_width=&#8221;2&#8243; el_width=&#8221;60&#8243;][\/vc_column][\/vc_row][vc_row][vc_column][vc_column_text]<strong>10. Divers \u00a0Droit d\u2019initiative du conseiller communal, questions \u00e9crites et orales<\/strong><\/p>\n<ul>\n<li>Questions du conseiller \u00a0MAJERUS Henri<audio class=\"wp-audio-shortcode\" id=\"audio-19468-10\" preload=\"none\" style=\"width: 100%;\" controls=\"controls\"><source type=\"audio\/mpeg\" src=\"https:\/\/old-vianden.digitalvision.lu\/wp-content\/uploads\/2021\/03\/P_Questions_Henri_M_25_3_2021.mp3?_=10\" \/><a href=\"https:\/\/old-vianden.digitalvision.lu\/wp-content\/uploads\/2021\/03\/P_Questions_Henri_M_25_3_2021.mp3\">https:\/\/old-vianden.digitalvision.lu\/wp-content\/uploads\/2021\/03\/P_Questions_Henri_M_25_3_2021.mp3<\/a><\/audio><\/li>\n<\/ul>\n<ul>\n<li>Questions des conseillers LEONARDY Frank, HEINTZEN Joe, MALERBA Paolo<audio class=\"wp-audio-shortcode\" id=\"audio-19468-11\" preload=\"none\" style=\"width: 100%;\" controls=\"controls\"><source type=\"audio\/mpeg\" src=\"https:\/\/old-vianden.digitalvision.lu\/wp-content\/uploads\/2021\/03\/P_Questions_Frank_Joe_Paolo_M_25_3_2021.mp3?_=11\" \/><a href=\"https:\/\/old-vianden.digitalvision.lu\/wp-content\/uploads\/2021\/03\/P_Questions_Frank_Joe_Paolo_M_25_3_2021.mp3\">https:\/\/old-vianden.digitalvision.lu\/wp-content\/uploads\/2021\/03\/P_Questions_Frank_Joe_Paolo_M_25_3_2021.mp3<\/a><\/audio><\/li>\n<\/ul>\n<p>[\/vc_column_text][\/vc_column][\/vc_row]<\/p>\n<\/div>","protected":false},"excerpt":{"rendered":"<p>[vc_row][vc_column][vc_column_text] Conseil Communal du\u00a0jeudi, 25 mars 2021 \u00e0 14.00 heures en la salle Bessling du\u00a0Centre Culturel Larei Pr\u00e9sents: TONINO Claude, bourgmestre \u2013 \u00a0ESTEVES Kevin, KLASEN Jengel, \u00e9chevins \u2013 \u00a0MAJERUS Henri, HEINTZEN Joe, MALERBA Paolo, LEONARDY Frank conseillers \u2013 SCHAUS Pol, secr\u00e9taire Excuser: \u00a0DINIS ANDRADE C\u00e9sar, conseiller [\/vc_column_text][vc_empty_space height=&#8221;50px&#8221;][vc_text_separator title=&#8221;Ordre du jour&#8221; border_width=&#8221;3&#8243;][\/vc_column][\/vc_row][vc_row][vc_column][vc_column_text]Modification de l&#8217;ordre du&hellip;<\/p>\n","protected":false},"author":2,"featured_media":16953,"parent":0,"menu_order":0,"comment_status":"closed","ping_status":"closed","template":"","meta":[],"class_list":["post-19468","page","type-page","status-publish","has-post-thumbnail","hentry","description-off"],"translation":{"provider":"WPGlobus","version":"2.12.2","language":"fr","enabled_languages":["de","fr"],"languages":{"de":{"title":true,"content":true,"excerpt":false},"fr":{"title":false,"content":false,"excerpt":false}}},"publishpress_future_action":{"enabled":false,"date":"2026-04-14 22:55:01","action":"change-status","newStatus":"draft","terms":[],"taxonomy":""},"_links":{"self":[{"href":"https:\/\/old-vianden.digitalvision.lu\/fr\/index.php?rest_route=\/wp\/v2\/pages\/19468","targetHints":{"allow":["GET"]}}],"collection":[{"href":"https:\/\/old-vianden.digitalvision.lu\/fr\/index.php?rest_route=\/wp\/v2\/pages"}],"about":[{"href":"https:\/\/old-vianden.digitalvision.lu\/fr\/index.php?rest_route=\/wp\/v2\/types\/page"}],"author":[{"embeddable":true,"href":"https:\/\/old-vianden.digitalvision.lu\/fr\/index.php?rest_route=\/wp\/v2\/users\/2"}],"replies":[{"embeddable":true,"href":"https:\/\/old-vianden.digitalvision.lu\/fr\/index.php?rest_route=%2Fwp%2Fv2%2Fcomments&post=19468"}],"version-history":[{"count":10,"href":"https:\/\/old-vianden.digitalvision.lu\/fr\/index.php?rest_route=\/wp\/v2\/pages\/19468\/revisions"}],"predecessor-version":[{"id":19489,"href":"https:\/\/old-vianden.digitalvision.lu\/fr\/index.php?rest_route=\/wp\/v2\/pages\/19468\/revisions\/19489"}],"wp:featuredmedia":[{"embeddable":true,"href":"https:\/\/old-vianden.digitalvision.lu\/fr\/index.php?rest_route=\/wp\/v2\/media\/16953"}],"wp:attachment":[{"href":"https:\/\/old-vianden.digitalvision.lu\/fr\/index.php?rest_route=%2Fwp%2Fv2%2Fmedia&parent=19468"}],"curies":[{"name":"wp","href":"https:\/\/api.w.org\/{rel}","templated":true}]}}