{"id":19020,"date":"2020-11-14T17:58:44","date_gmt":"2020-11-14T16:58:44","guid":{"rendered":"https:\/\/old-vianden.digitalvision.lu\/?page_id=19020"},"modified":"2020-11-14T18:07:38","modified_gmt":"2020-11-14T17:07:38","slug":"reunion-du-conseil-communal-le-vendredi-13-novembre-2020","status":"publish","type":"page","link":"https:\/\/old-vianden.digitalvision.lu\/fr\/?page_id=19020","title":{"rendered":"R\u00e9union du conseil communal le vendredi, 13 novembre 2020"},"content":{"rendered":"<div class=\"wpb-content-wrapper\"><p>[vc_row][vc_column][vc_column_text]<\/p>\n<h4 style=\"text-align: center;\">Conseil Communal du<b>\u00a0vendredi, 13 novembre 2020 \u00e0 14.00 heures en la salle Bessling du\u00a0Centre Culturel Larei\u00a0<\/b><\/h4>\n<h3 style=\"text-align: center;\"><b>Ordre du jour<\/b><\/h3>\n<p>[\/vc_column_text][\/vc_column][\/vc_row][vc_row][vc_column][vc_text_separator title=&#8221;Introduction&#8221; color=&#8221;custom&#8221; accent_color=&#8221;#dd3333&#8243;][vc_column_text]Monsieur le bourgmestre Claude Tonino<\/p>\n<!--[if lt IE 9]><script>document.createElement('audio');<\/script><![endif]-->\n<audio class=\"wp-audio-shortcode\" id=\"audio-19020-1\" preload=\"none\" style=\"width: 100%;\" controls=\"controls\"><source type=\"audio\/mpeg\" src=\"https:\/\/old-vianden.digitalvision.lu\/wp-content\/uploads\/2020\/11\/Intro_Bourgmestre.mp3?_=1\" \/><a href=\"https:\/\/old-vianden.digitalvision.lu\/wp-content\/uploads\/2020\/11\/Intro_Bourgmestre.mp3\">https:\/\/old-vianden.digitalvision.lu\/wp-content\/uploads\/2020\/11\/Intro_Bourgmestre.mp3<\/a><\/audio>\n<p>[\/vc_column_text][vc_empty_space height=&#8221;60px&#8221;][\/vc_column][\/vc_row][vc_row][vc_column][vc_text_separator title=&#8221;Changement de l&#8217;Ordre du jour&#8221; color=&#8221;custom&#8221; accent_color=&#8221;#dd3333&#8243;][vc_column_text]<\/p>\n<audio class=\"wp-audio-shortcode\" id=\"audio-19020-2\" preload=\"none\" style=\"width: 100%;\" controls=\"controls\"><source type=\"audio\/mpeg\" src=\"https:\/\/old-vianden.digitalvision.lu\/wp-content\/uploads\/2020\/11\/changement-ODJ.mp3?_=2\" \/><a href=\"https:\/\/old-vianden.digitalvision.lu\/wp-content\/uploads\/2020\/11\/changement-ODJ.mp3\">https:\/\/old-vianden.digitalvision.lu\/wp-content\/uploads\/2020\/11\/changement-ODJ.mp3<\/a><\/audio>\n<p>[\/vc_column_text][vc_empty_space height=&#8221;60px&#8221;][vc_text_separator title=&#8221;1&#8243; color=&#8221;custom&#8221; accent_color=&#8221;#dd3333&#8243;][\/vc_column][\/vc_row][vc_row][vc_column][vc_column_text]Communications du Coll\u00e8ge \u00e9chevinal<\/p>\n<audio class=\"wp-audio-shortcode\" id=\"audio-19020-3\" preload=\"none\" style=\"width: 100%;\" controls=\"controls\"><source type=\"audio\/mpeg\" src=\"https:\/\/old-vianden.digitalvision.lu\/wp-content\/uploads\/2020\/11\/1_Communication.mp3?_=3\" \/><a href=\"https:\/\/old-vianden.digitalvision.lu\/wp-content\/uploads\/2020\/11\/1_Communication.mp3\">https:\/\/old-vianden.digitalvision.lu\/wp-content\/uploads\/2020\/11\/1_Communication.mp3<\/a><\/audio>\n<p>[\/vc_column_text][vc_empty_space height=&#8221;60px&#8221;][vc_text_separator title=&#8221;2&#8243; color=&#8221;custom&#8221; accent_color=&#8221;#dd3333&#8243;][\/vc_column][\/vc_row][vc_row][vc_column][vc_column_text]Organisation scolaire d\u00e9finitive 2020\/2021<\/p>\n<audio class=\"wp-audio-shortcode\" id=\"audio-19020-4\" preload=\"none\" style=\"width: 100%;\" controls=\"controls\"><source type=\"audio\/mpeg\" src=\"https:\/\/old-vianden.digitalvision.lu\/wp-content\/uploads\/2020\/11\/2_Organisation_scolaire.mp3?_=4\" \/><a href=\"https:\/\/old-vianden.digitalvision.lu\/wp-content\/uploads\/2020\/11\/2_Organisation_scolaire.mp3\">https:\/\/old-vianden.digitalvision.lu\/wp-content\/uploads\/2020\/11\/2_Organisation_scolaire.mp3<\/a><\/audio>\n<p>[\/vc_column_text][vc_empty_space height=&#8221;60px&#8221;][vc_text_separator title=&#8221;3&#8243; color=&#8221;custom&#8221; accent_color=&#8221;#dd3333&#8243;][\/vc_column][\/vc_row][vc_row][vc_column][vc_column_text]Cr\u00e9ation de poste d\u2019un fonctionnaire B1 pour les besoins du secr\u00e9tariat communal<\/p>\n<audio class=\"wp-audio-shortcode\" id=\"audio-19020-5\" preload=\"none\" style=\"width: 100%;\" controls=\"controls\"><source type=\"audio\/mpeg\" src=\"https:\/\/old-vianden.digitalvision.lu\/wp-content\/uploads\/2020\/11\/3_creation_de_poste.mp3?_=5\" \/><a href=\"https:\/\/old-vianden.digitalvision.lu\/wp-content\/uploads\/2020\/11\/3_creation_de_poste.mp3\">https:\/\/old-vianden.digitalvision.lu\/wp-content\/uploads\/2020\/11\/3_creation_de_poste.mp3<\/a><\/audio>\n<p>[\/vc_column_text][vc_empty_space height=&#8221;60px&#8221;][vc_text_separator title=&#8221;4&#8243; color=&#8221;custom&#8221; accent_color=&#8221;#dd3333&#8243;][\/vc_column][\/vc_row][vc_row][vc_column][vc_column_text]Accord de principe de pr\u00e9voir des cr\u00e9ations de postes au budget 2021<\/p>\n<p>4.1. un poste d\u2019un fonctionnaire B1 en vue de remplacement ult\u00e9rieure du receveur communal<\/p>\n<p>4.2. deux postes de salari\u00e9 pour le bureau du Tourist-Info<\/p>\n<p>4.3. trois postes pour garantir le bon fonctionnement du T\u00e9l\u00e9si\u00e8ge<\/p>\n<audio class=\"wp-audio-shortcode\" id=\"audio-19020-6\" preload=\"none\" style=\"width: 100%;\" controls=\"controls\"><source type=\"audio\/mpeg\" src=\"https:\/\/old-vianden.digitalvision.lu\/wp-content\/uploads\/2020\/11\/4_Accord_de_principe.mp3?_=6\" \/><a href=\"https:\/\/old-vianden.digitalvision.lu\/wp-content\/uploads\/2020\/11\/4_Accord_de_principe.mp3\">https:\/\/old-vianden.digitalvision.lu\/wp-content\/uploads\/2020\/11\/4_Accord_de_principe.mp3<\/a><\/audio>\n<p>[\/vc_column_text][vc_empty_space height=&#8221;60px&#8221;][\/vc_column][\/vc_row][vc_row][vc_column][vc_text_separator title=&#8221;5&#8243; color=&#8221;custom&#8221; accent_color=&#8221;#dd3333&#8243;][vc_column_text]Fixation des taux relatifs \u00e0 l\u2019imp\u00f4t foncier pour l\u2019exercice 2021<\/p>\n<audio class=\"wp-audio-shortcode\" id=\"audio-19020-7\" preload=\"none\" style=\"width: 100%;\" controls=\"controls\"><source type=\"audio\/mpeg\" src=\"https:\/\/old-vianden.digitalvision.lu\/wp-content\/uploads\/2020\/11\/5_Fication_des_taux_impot_foncier.mp3?_=7\" \/><a href=\"https:\/\/old-vianden.digitalvision.lu\/wp-content\/uploads\/2020\/11\/5_Fication_des_taux_impot_foncier.mp3\">https:\/\/old-vianden.digitalvision.lu\/wp-content\/uploads\/2020\/11\/5_Fication_des_taux_impot_foncier.mp3<\/a><\/audio>\n<p>[\/vc_column_text][vc_empty_space height=&#8221;60px&#8221;][\/vc_column][\/vc_row][vc_row][vc_column][vc_text_separator title=&#8221;6&#8243; color=&#8221;custom&#8221; accent_color=&#8221;#dd3333&#8243;][vc_column_text]Fixation des taux relatifs \u00e0 l\u2019imp\u00f4t commercial pour l\u2019exercice 2021<\/p>\n<audio class=\"wp-audio-shortcode\" id=\"audio-19020-8\" preload=\"none\" style=\"width: 100%;\" controls=\"controls\"><source type=\"audio\/mpeg\" src=\"https:\/\/old-vianden.digitalvision.lu\/wp-content\/uploads\/2020\/11\/6_Fixation_impots_commercial.mp3?_=8\" \/><a href=\"https:\/\/old-vianden.digitalvision.lu\/wp-content\/uploads\/2020\/11\/6_Fixation_impots_commercial.mp3\">https:\/\/old-vianden.digitalvision.lu\/wp-content\/uploads\/2020\/11\/6_Fixation_impots_commercial.mp3<\/a><\/audio>\n<p>____________________<\/p>\n<p>Intervention de Monsieur Henri Majerus<\/p>\n<audio class=\"wp-audio-shortcode\" id=\"audio-19020-9\" preload=\"none\" style=\"width: 100%;\" controls=\"controls\"><source type=\"audio\/mpeg\" src=\"https:\/\/old-vianden.digitalvision.lu\/wp-content\/uploads\/2020\/11\/6bis_intervention_Henri_Majerus.mp3?_=9\" \/><a href=\"https:\/\/old-vianden.digitalvision.lu\/wp-content\/uploads\/2020\/11\/6bis_intervention_Henri_Majerus.mp3\">https:\/\/old-vianden.digitalvision.lu\/wp-content\/uploads\/2020\/11\/6bis_intervention_Henri_Majerus.mp3<\/a><\/audio>\n<p>[\/vc_column_text][vc_empty_space height=&#8221;60px&#8221;][\/vc_column][\/vc_row][vc_row][vc_column][vc_text_separator title=&#8221;7&#8243; color=&#8221;custom&#8221; accent_color=&#8221;#dd3333&#8243;][vc_column_text]Abrogation du Plan directeur sectoriel \u00a0&#8220;d\u00e9charges pour d\u00e9chets inertes &#8221;<\/p>\n<audio class=\"wp-audio-shortcode\" id=\"audio-19020-10\" preload=\"none\" style=\"width: 100%;\" controls=\"controls\"><source type=\"audio\/mpeg\" src=\"https:\/\/old-vianden.digitalvision.lu\/wp-content\/uploads\/2020\/11\/7_Abrogation_du_plan_directeur.mp3?_=10\" \/><a href=\"https:\/\/old-vianden.digitalvision.lu\/wp-content\/uploads\/2020\/11\/7_Abrogation_du_plan_directeur.mp3\">https:\/\/old-vianden.digitalvision.lu\/wp-content\/uploads\/2020\/11\/7_Abrogation_du_plan_directeur.mp3<\/a><\/audio>\n<p>[\/vc_column_text][vc_empty_space height=&#8221;60px&#8221;][\/vc_column][\/vc_row][vc_row][vc_column][vc_text_separator title=&#8221;8&#8243; color=&#8221;custom&#8221; accent_color=&#8221;#dd3333&#8243;][vc_column_text]Vignette gratuite pour les r\u00e9sidents concern\u00e9s par le chantier rue du Ruisseau<\/p>\n<audio class=\"wp-audio-shortcode\" id=\"audio-19020-11\" preload=\"none\" style=\"width: 100%;\" controls=\"controls\"><source type=\"audio\/mpeg\" src=\"https:\/\/old-vianden.digitalvision.lu\/wp-content\/uploads\/2020\/11\/8_Vignette_gratuite.mp3?_=11\" \/><a href=\"https:\/\/old-vianden.digitalvision.lu\/wp-content\/uploads\/2020\/11\/8_Vignette_gratuite.mp3\">https:\/\/old-vianden.digitalvision.lu\/wp-content\/uploads\/2020\/11\/8_Vignette_gratuite.mp3<\/a><\/audio>\n<p>[\/vc_column_text][vc_empty_space height=&#8221;60px&#8221;][\/vc_column][\/vc_row][vc_row][vc_column][vc_text_separator title=&#8221;9&#8243; color=&#8221;custom&#8221; accent_color=&#8221;#dd3333&#8243;][vc_column_text]Approbation des devis<\/p>\n<audio class=\"wp-audio-shortcode\" id=\"audio-19020-12\" preload=\"none\" style=\"width: 100%;\" controls=\"controls\"><source type=\"audio\/mpeg\" src=\"https:\/\/old-vianden.digitalvision.lu\/wp-content\/uploads\/2020\/11\/9_Approbation_devis.mp3?_=12\" \/><a href=\"https:\/\/old-vianden.digitalvision.lu\/wp-content\/uploads\/2020\/11\/9_Approbation_devis.mp3\">https:\/\/old-vianden.digitalvision.lu\/wp-content\/uploads\/2020\/11\/9_Approbation_devis.mp3<\/a><\/audio>\n<p>[\/vc_column_text][vc_empty_space height=&#8221;60px&#8221;][\/vc_column][\/vc_row][vc_row][vc_column][vc_text_separator title=&#8221;10&#8243; color=&#8221;custom&#8221; accent_color=&#8221;#dd3333&#8243;][vc_column_text]Modifications budg\u00e9taires ordinaires<\/p>\n<audio class=\"wp-audio-shortcode\" id=\"audio-19020-13\" preload=\"none\" style=\"width: 100%;\" controls=\"controls\"><source type=\"audio\/mpeg\" src=\"https:\/\/old-vianden.digitalvision.lu\/wp-content\/uploads\/2020\/11\/10_Modif_budgetaires_ordi.mp3?_=13\" \/><a href=\"https:\/\/old-vianden.digitalvision.lu\/wp-content\/uploads\/2020\/11\/10_Modif_budgetaires_ordi.mp3\">https:\/\/old-vianden.digitalvision.lu\/wp-content\/uploads\/2020\/11\/10_Modif_budgetaires_ordi.mp3<\/a><\/audio>\n<p>[\/vc_column_text][vc_empty_space height=&#8221;60px&#8221;][\/vc_column][\/vc_row][vc_row][vc_column][vc_text_separator title=&#8221;11&#8243; color=&#8221;custom&#8221; accent_color=&#8221;#dd3333&#8243;][vc_column_text]Modifications budg\u00e9taires extraordinaire<\/p>\n<audio class=\"wp-audio-shortcode\" id=\"audio-19020-14\" preload=\"none\" style=\"width: 100%;\" controls=\"controls\"><source type=\"audio\/mpeg\" src=\"https:\/\/old-vianden.digitalvision.lu\/wp-content\/uploads\/2020\/11\/11_Modif_budgetaires_extraordi.mp3?_=14\" \/><a href=\"https:\/\/old-vianden.digitalvision.lu\/wp-content\/uploads\/2020\/11\/11_Modif_budgetaires_extraordi.mp3\">https:\/\/old-vianden.digitalvision.lu\/wp-content\/uploads\/2020\/11\/11_Modif_budgetaires_extraordi.mp3<\/a><\/audio>\n<p>[\/vc_column_text][vc_empty_space height=&#8221;60px&#8221;][\/vc_column][\/vc_row][vc_row][vc_column][vc_text_separator title=&#8221;12&#8243; color=&#8221;custom&#8221; accent_color=&#8221;#dd3333&#8243;][vc_column_text]Vente de mat\u00e9riel communal<\/p>\n<audio class=\"wp-audio-shortcode\" id=\"audio-19020-15\" preload=\"none\" style=\"width: 100%;\" controls=\"controls\"><source type=\"audio\/mpeg\" src=\"https:\/\/old-vianden.digitalvision.lu\/wp-content\/uploads\/2020\/11\/12_Vente_materiel.mp3?_=15\" \/><a href=\"https:\/\/old-vianden.digitalvision.lu\/wp-content\/uploads\/2020\/11\/12_Vente_materiel.mp3\">https:\/\/old-vianden.digitalvision.lu\/wp-content\/uploads\/2020\/11\/12_Vente_materiel.mp3<\/a><\/audio>\n<p>[\/vc_column_text][vc_empty_space height=&#8221;60px&#8221;][\/vc_column][\/vc_row][vc_row][vc_column][vc_text_separator title=&#8221;13&#8243; color=&#8221;custom&#8221; accent_color=&#8221;#dd3333&#8243;][vc_column_text]Contrats et conventions<\/p>\n<audio class=\"wp-audio-shortcode\" id=\"audio-19020-16\" preload=\"none\" style=\"width: 100%;\" controls=\"controls\"><source type=\"audio\/mpeg\" src=\"https:\/\/old-vianden.digitalvision.lu\/wp-content\/uploads\/2020\/11\/13_Contrats_convention.mp3?_=16\" \/><a href=\"https:\/\/old-vianden.digitalvision.lu\/wp-content\/uploads\/2020\/11\/13_Contrats_convention.mp3\">https:\/\/old-vianden.digitalvision.lu\/wp-content\/uploads\/2020\/11\/13_Contrats_convention.mp3<\/a><\/audio>\n<p>[\/vc_column_text][vc_empty_space height=&#8221;60px&#8221;][\/vc_column][\/vc_row][vc_row][vc_column][vc_text_separator title=&#8221;14&#8243; color=&#8221;custom&#8221; accent_color=&#8221;#dd3333&#8243;][vc_column_text]Divers \u2013 Droit d\u2019initiative du conseiller communal, questions \u00e9crites et orales<\/p>\n<p>Question de Monsieur Henri Majerus<\/p>\n<audio class=\"wp-audio-shortcode\" id=\"audio-19020-17\" preload=\"none\" style=\"width: 100%;\" controls=\"controls\"><source type=\"audio\/mpeg\" src=\"https:\/\/old-vianden.digitalvision.lu\/wp-content\/uploads\/2020\/11\/14_1_Question_Henri_Majerus.mp3?_=17\" \/><a href=\"https:\/\/old-vianden.digitalvision.lu\/wp-content\/uploads\/2020\/11\/14_1_Question_Henri_Majerus.mp3\">https:\/\/old-vianden.digitalvision.lu\/wp-content\/uploads\/2020\/11\/14_1_Question_Henri_Majerus.mp3<\/a><\/audio>\n<p>______________________________<\/p>\n<p>Questions de Monsieur Joe Heintzen<\/p>\n<audio class=\"wp-audio-shortcode\" id=\"audio-19020-18\" preload=\"none\" style=\"width: 100%;\" controls=\"controls\"><source type=\"audio\/mpeg\" src=\"https:\/\/old-vianden.digitalvision.lu\/wp-content\/uploads\/2020\/11\/14_1_Questions_Heintzen_.mp3?_=18\" \/><a href=\"https:\/\/old-vianden.digitalvision.lu\/wp-content\/uploads\/2020\/11\/14_1_Questions_Heintzen_.mp3\">https:\/\/old-vianden.digitalvision.lu\/wp-content\/uploads\/2020\/11\/14_1_Questions_Heintzen_.mp3<\/a><\/audio>\n<audio class=\"wp-audio-shortcode\" id=\"audio-19020-19\" preload=\"none\" style=\"width: 100%;\" controls=\"controls\"><source type=\"audio\/mpeg\" src=\"https:\/\/old-vianden.digitalvision.lu\/wp-content\/uploads\/2020\/11\/14_2_Question_Heintzen_.mp3?_=19\" \/><a href=\"https:\/\/old-vianden.digitalvision.lu\/wp-content\/uploads\/2020\/11\/14_2_Question_Heintzen_.mp3\">https:\/\/old-vianden.digitalvision.lu\/wp-content\/uploads\/2020\/11\/14_2_Question_Heintzen_.mp3<\/a><\/audio>\n<audio class=\"wp-audio-shortcode\" id=\"audio-19020-20\" preload=\"none\" style=\"width: 100%;\" controls=\"controls\"><source type=\"audio\/mpeg\" src=\"https:\/\/old-vianden.digitalvision.lu\/wp-content\/uploads\/2020\/11\/14_3_Question_Heintzen_.mp3?_=20\" \/><a href=\"https:\/\/old-vianden.digitalvision.lu\/wp-content\/uploads\/2020\/11\/14_3_Question_Heintzen_.mp3\">https:\/\/old-vianden.digitalvision.lu\/wp-content\/uploads\/2020\/11\/14_3_Question_Heintzen_.mp3<\/a><\/audio>\n<p>__________________________________<\/p>\n<p>Intervention de Monsieur Frank Leonardy<\/p>\n<audio class=\"wp-audio-shortcode\" id=\"audio-19020-21\" preload=\"none\" style=\"width: 100%;\" controls=\"controls\"><source type=\"audio\/mpeg\" src=\"https:\/\/old-vianden.digitalvision.lu\/wp-content\/uploads\/2020\/11\/14__Intervention_Leonardy_.mp3?_=21\" \/><a href=\"https:\/\/old-vianden.digitalvision.lu\/wp-content\/uploads\/2020\/11\/14__Intervention_Leonardy_.mp3\">https:\/\/old-vianden.digitalvision.lu\/wp-content\/uploads\/2020\/11\/14__Intervention_Leonardy_.mp3<\/a><\/audio>\n<p>______________________________<\/p>\n<p>Questions de Monsieur Paolo Malerba<\/p>\n<audio class=\"wp-audio-shortcode\" id=\"audio-19020-22\" preload=\"none\" style=\"width: 100%;\" controls=\"controls\"><source type=\"audio\/mpeg\" src=\"https:\/\/old-vianden.digitalvision.lu\/wp-content\/uploads\/2020\/11\/14_Questions_Malerba_.mp3?_=22\" \/><a href=\"https:\/\/old-vianden.digitalvision.lu\/wp-content\/uploads\/2020\/11\/14_Questions_Malerba_.mp3\">https:\/\/old-vianden.digitalvision.lu\/wp-content\/uploads\/2020\/11\/14_Questions_Malerba_.mp3<\/a><\/audio>\n<p>[\/vc_column_text][vc_empty_space height=&#8221;40px&#8221;][\/vc_column][\/vc_row][vc_row][vc_column][\/vc_column][\/vc_row]<\/p>\n<\/div>","protected":false},"excerpt":{"rendered":"<p>[vc_row][vc_column][vc_column_text] Conseil Communal du\u00a0vendredi, 13 novembre 2020 \u00e0 14.00 heures en la salle Bessling du\u00a0Centre Culturel Larei\u00a0 Ordre du jour [\/vc_column_text][\/vc_column][\/vc_row][vc_row][vc_column][vc_text_separator title=&#8221;Introduction&#8221; color=&#8221;custom&#8221; accent_color=&#8221;#dd3333&#8243;][vc_column_text]Monsieur le bourgmestre Claude Tonino [\/vc_column_text][vc_empty_space height=&#8221;60px&#8221;][\/vc_column][\/vc_row][vc_row][vc_column][vc_text_separator title=&#8221;Changement de l&#8217;Ordre du jour&#8221; color=&#8221;custom&#8221; accent_color=&#8221;#dd3333&#8243;][vc_column_text] [\/vc_column_text][vc_empty_space height=&#8221;60px&#8221;][vc_text_separator title=&#8221;1&#8243; color=&#8221;custom&#8221; accent_color=&#8221;#dd3333&#8243;][\/vc_column][\/vc_row][vc_row][vc_column][vc_column_text]Communications du Coll\u00e8ge \u00e9chevinal [\/vc_column_text][vc_empty_space height=&#8221;60px&#8221;][vc_text_separator title=&#8221;2&#8243; color=&#8221;custom&#8221; accent_color=&#8221;#dd3333&#8243;][\/vc_column][\/vc_row][vc_row][vc_column][vc_column_text]Organisation scolaire d\u00e9finitive 2020\/2021 [\/vc_column_text][vc_empty_space height=&#8221;60px&#8221;][vc_text_separator&hellip;<\/p>\n","protected":false},"author":2,"featured_media":0,"parent":0,"menu_order":0,"comment_status":"closed","ping_status":"closed","template":"","meta":[],"class_list":["post-19020","page","type-page","status-publish","hentry","description-off"],"translation":{"provider":"WPGlobus","version":"2.12.2","language":"fr","enabled_languages":["de","fr"],"languages":{"de":{"title":true,"content":true,"excerpt":false},"fr":{"title":false,"content":false,"excerpt":false}}},"publishpress_future_action":{"enabled":false,"date":"2026-04-15 00:27:51","action":"change-status","newStatus":"draft","terms":[],"taxonomy":""},"_links":{"self":[{"href":"https:\/\/old-vianden.digitalvision.lu\/fr\/index.php?rest_route=\/wp\/v2\/pages\/19020","targetHints":{"allow":["GET"]}}],"collection":[{"href":"https:\/\/old-vianden.digitalvision.lu\/fr\/index.php?rest_route=\/wp\/v2\/pages"}],"about":[{"href":"https:\/\/old-vianden.digitalvision.lu\/fr\/index.php?rest_route=\/wp\/v2\/types\/page"}],"author":[{"embeddable":true,"href":"https:\/\/old-vianden.digitalvision.lu\/fr\/index.php?rest_route=\/wp\/v2\/users\/2"}],"replies":[{"embeddable":true,"href":"https:\/\/old-vianden.digitalvision.lu\/fr\/index.php?rest_route=%2Fwp%2Fv2%2Fcomments&post=19020"}],"version-history":[{"count":15,"href":"https:\/\/old-vianden.digitalvision.lu\/fr\/index.php?rest_route=\/wp\/v2\/pages\/19020\/revisions"}],"predecessor-version":[{"id":19293,"href":"https:\/\/old-vianden.digitalvision.lu\/fr\/index.php?rest_route=\/wp\/v2\/pages\/19020\/revisions\/19293"}],"wp:attachment":[{"href":"https:\/\/old-vianden.digitalvision.lu\/fr\/index.php?rest_route=%2Fwp%2Fv2%2Fmedia&parent=19020"}],"curies":[{"name":"wp","href":"https:\/\/api.w.org\/{rel}","templated":true}]}}