{"id":18587,"date":"2020-06-11T20:45:57","date_gmt":"2020-06-11T18:45:57","guid":{"rendered":"https:\/\/old-vianden.digitalvision.lu\/?page_id=18587"},"modified":"2020-07-31T17:21:15","modified_gmt":"2020-07-31T15:21:15","slug":"reunion-du-conseil-communal-10-juin-2020","status":"publish","type":"page","link":"https:\/\/old-vianden.digitalvision.lu\/fr\/?page_id=18587","title":{"rendered":"R\u00e9union du Conseil Communal le mercredi, 10 juin 2020"},"content":{"rendered":"<div class=\"wpb-content-wrapper\"><p>[vc_row][vc_column][vc_column_text]<\/p>\n<h3 style=\"text-align: center;\"><b>le mercredi, 10 juin 2020 \u00e0 14 heures<\/b><\/h3>\n<h3 style=\"text-align: center;\"><b>Ordre du jour<\/b><\/h3>\n<p>[\/vc_column_text][\/vc_column][\/vc_row][vc_row][vc_column][vc_empty_space][\/vc_column][\/vc_row][vc_row][vc_column][vc_column_text]Allocution de bienvenue du maire<\/p>\n<!--[if lt IE 9]><script>document.createElement('audio');<\/script><![endif]-->\n<audio class=\"wp-audio-shortcode\" id=\"audio-18587-1\" preload=\"none\" style=\"width: 100%;\" controls=\"controls\"><source type=\"audio\/mpeg\" src=\"https:\/\/old-vianden.digitalvision.lu\/wp-content\/uploads\/2020\/06\/CCintroduction_CT.mp3?_=1\" \/><a href=\"https:\/\/old-vianden.digitalvision.lu\/wp-content\/uploads\/2020\/06\/CCintroduction_CT.mp3\">https:\/\/old-vianden.digitalvision.lu\/wp-content\/uploads\/2020\/06\/CCintroduction_CT.mp3<\/a><\/audio>\n<p>[\/vc_column_text][\/vc_column][\/vc_row][vc_row][vc_column][vc_empty_space][\/vc_column][\/vc_row][vc_row][vc_column][vc_column_text]<\/p>\n<ol>\n<li>Approbation du r\u00e8glement d\u2019ordre int\u00e9rieur<\/li>\n<\/ol>\n<audio class=\"wp-audio-shortcode\" id=\"audio-18587-2\" preload=\"none\" style=\"width: 100%;\" controls=\"controls\"><source type=\"audio\/mpeg\" src=\"https:\/\/old-vianden.digitalvision.lu\/wp-content\/uploads\/2020\/06\/1approbation_du_reglementOI.mp3?_=2\" \/><a href=\"https:\/\/old-vianden.digitalvision.lu\/wp-content\/uploads\/2020\/06\/1approbation_du_reglementOI.mp3\">https:\/\/old-vianden.digitalvision.lu\/wp-content\/uploads\/2020\/06\/1approbation_du_reglementOI.mp3<\/a><\/audio>\n<p>[\/vc_column_text][\/vc_column][\/vc_row][vc_row][vc_column][vc_empty_space][\/vc_column][\/vc_row][vc_row][vc_column][vc_column_text]<\/p>\n<ol start=\"2\">\n<li>R\u00e9forme de la collecte publique des d\u00e9chets (SIDEC) \u2013<span class=\"Apple-converted-space\">\u00a0<\/span><\/li>\n<\/ol>\n<ul>\n<li>Approbation du r\u00e8glement-type concernant la gestion des d\u00e9chets<\/li>\n<li>Approbation du r\u00e8glement-taxe<\/li>\n<\/ul>\n<audio class=\"wp-audio-shortcode\" id=\"audio-18587-3\" preload=\"none\" style=\"width: 100%;\" controls=\"controls\"><source type=\"audio\/mpeg\" src=\"https:\/\/old-vianden.digitalvision.lu\/wp-content\/uploads\/2020\/06\/2_reforme_de_la_colectePub.mp3?_=3\" \/><a href=\"https:\/\/old-vianden.digitalvision.lu\/wp-content\/uploads\/2020\/06\/2_reforme_de_la_colectePub.mp3\">https:\/\/old-vianden.digitalvision.lu\/wp-content\/uploads\/2020\/06\/2_reforme_de_la_colectePub.mp3<\/a><\/audio>\n<p>[\/vc_column_text][\/vc_column][\/vc_row][vc_row][vc_column][vc_empty_space][\/vc_column][\/vc_row][vc_row][vc_column][vc_column_text]<\/p>\n<ol start=\"3\">\n<li>Cr\u00e9ation d\u2019un poste d\u2019ouvrier communal dans le m\u00e9tier de concierge<span class=\"Apple-converted-space\">\u00a0<\/span><\/li>\n<\/ol>\n<audio class=\"wp-audio-shortcode\" id=\"audio-18587-4\" preload=\"none\" style=\"width: 100%;\" controls=\"controls\"><source type=\"audio\/mpeg\" src=\"https:\/\/old-vianden.digitalvision.lu\/wp-content\/uploads\/2020\/06\/3_creation_poste_ouvrier_concierge.mp3?_=4\" \/><a href=\"https:\/\/old-vianden.digitalvision.lu\/wp-content\/uploads\/2020\/06\/3_creation_poste_ouvrier_concierge.mp3\">https:\/\/old-vianden.digitalvision.lu\/wp-content\/uploads\/2020\/06\/3_creation_poste_ouvrier_concierge.mp3<\/a><\/audio>\n<p>[\/vc_column_text][\/vc_column][\/vc_row][vc_row][vc_column][vc_empty_space][\/vc_column][\/vc_row][vc_row][vc_column][vc_column_text]<\/p>\n<ol start=\"4\">\n<li>Classement comme monument national\u00a0: avis du Conseil Communal<\/li>\n<\/ol>\n<audio class=\"wp-audio-shortcode\" id=\"audio-18587-5\" preload=\"none\" style=\"width: 100%;\" controls=\"controls\"><source type=\"audio\/mpeg\" src=\"https:\/\/old-vianden.digitalvision.lu\/wp-content\/uploads\/2020\/06\/4_classement_Maison.mp3?_=5\" \/><a href=\"https:\/\/old-vianden.digitalvision.lu\/wp-content\/uploads\/2020\/06\/4_classement_Maison.mp3\">https:\/\/old-vianden.digitalvision.lu\/wp-content\/uploads\/2020\/06\/4_classement_Maison.mp3<\/a><\/audio>\n<p>[\/vc_column_text][\/vc_column][\/vc_row][vc_row][vc_column][vc_empty_space][\/vc_column][\/vc_row][vc_row][vc_column][vc_column_text]<\/p>\n<ol start=\"5\">\n<li>Approbation de devis pour travaux extraordinaires<span class=\"Apple-converted-space\">\u00a0<\/span><\/li>\n<\/ol>\n<audio class=\"wp-audio-shortcode\" id=\"audio-18587-6\" preload=\"none\" style=\"width: 100%;\" controls=\"controls\"><source type=\"audio\/mpeg\" src=\"https:\/\/old-vianden.digitalvision.lu\/wp-content\/uploads\/2020\/06\/5_Devis_travaux.mp3?_=6\" \/><a href=\"https:\/\/old-vianden.digitalvision.lu\/wp-content\/uploads\/2020\/06\/5_Devis_travaux.mp3\">https:\/\/old-vianden.digitalvision.lu\/wp-content\/uploads\/2020\/06\/5_Devis_travaux.mp3<\/a><\/audio>\n<p>[\/vc_column_text][\/vc_column][\/vc_row][vc_row][vc_column][vc_empty_space][\/vc_column][\/vc_row][vc_row][vc_column][vc_column_text]<\/p>\n<ol start=\"6\">\n<li>Approbation contrats et conventions<\/li>\n<\/ol>\n<audio class=\"wp-audio-shortcode\" id=\"audio-18587-7\" preload=\"none\" style=\"width: 100%;\" controls=\"controls\"><source type=\"audio\/mpeg\" src=\"https:\/\/old-vianden.digitalvision.lu\/wp-content\/uploads\/2020\/06\/6_Approbation_contrats_conventions.mp3?_=7\" \/><a href=\"https:\/\/old-vianden.digitalvision.lu\/wp-content\/uploads\/2020\/06\/6_Approbation_contrats_conventions.mp3\">https:\/\/old-vianden.digitalvision.lu\/wp-content\/uploads\/2020\/06\/6_Approbation_contrats_conventions.mp3<\/a><\/audio>\n<p>[\/vc_column_text][\/vc_column][\/vc_row][vc_row][vc_column][vc_empty_space][\/vc_column][\/vc_row][vc_row][vc_column][vc_column_text]<\/p>\n<ol start=\"7\">\n<li>Proposition de candidats pour le renouvellement des commissions des loyers<\/li>\n<\/ol>\n<audio class=\"wp-audio-shortcode\" id=\"audio-18587-8\" preload=\"none\" style=\"width: 100%;\" controls=\"controls\"><source type=\"audio\/mpeg\" src=\"https:\/\/old-vianden.digitalvision.lu\/wp-content\/uploads\/2020\/06\/7_commisions_loyers.mp3?_=8\" \/><a href=\"https:\/\/old-vianden.digitalvision.lu\/wp-content\/uploads\/2020\/06\/7_commisions_loyers.mp3\">https:\/\/old-vianden.digitalvision.lu\/wp-content\/uploads\/2020\/06\/7_commisions_loyers.mp3<\/a><\/audio>\n<p>[\/vc_column_text][\/vc_column][\/vc_row][vc_row][vc_column][vc_empty_space][\/vc_column][\/vc_row][vc_row][vc_column][vc_column_text]<\/p>\n<ol start=\"8\">\n<li>Projet des cartes des zones inondables et des cartes des risques d\u2019inondation 2019<\/li>\n<\/ol>\n<audio class=\"wp-audio-shortcode\" id=\"audio-18587-9\" preload=\"none\" style=\"width: 100%;\" controls=\"controls\"><source type=\"audio\/mpeg\" src=\"https:\/\/old-vianden.digitalvision.lu\/wp-content\/uploads\/2020\/06\/8_cartes_zones_inondables.mp3?_=9\" \/><a href=\"https:\/\/old-vianden.digitalvision.lu\/wp-content\/uploads\/2020\/06\/8_cartes_zones_inondables.mp3\">https:\/\/old-vianden.digitalvision.lu\/wp-content\/uploads\/2020\/06\/8_cartes_zones_inondables.mp3<\/a><\/audio>\n<p>[\/vc_column_text][\/vc_column][\/vc_row][vc_row][vc_column][vc_empty_space][\/vc_column][\/vc_row][vc_row][vc_column][vc_column_text]<\/p>\n<ol start=\"9\">\n<li>Allocation de cr\u00e9dits suppl\u00e9mentaires et modifications budg\u00e9taires<\/li>\n<\/ol>\n<audio class=\"wp-audio-shortcode\" id=\"audio-18587-10\" preload=\"none\" style=\"width: 100%;\" controls=\"controls\"><source type=\"audio\/mpeg\" src=\"https:\/\/old-vianden.digitalvision.lu\/wp-content\/uploads\/2020\/06\/9_Allocation_credits_supp_modif_budget.mp3?_=10\" \/><a href=\"https:\/\/old-vianden.digitalvision.lu\/wp-content\/uploads\/2020\/06\/9_Allocation_credits_supp_modif_budget.mp3\">https:\/\/old-vianden.digitalvision.lu\/wp-content\/uploads\/2020\/06\/9_Allocation_credits_supp_modif_budget.mp3<\/a><\/audio>\n<p>[\/vc_column_text][\/vc_column][\/vc_row][vc_row][vc_column][vc_empty_space][\/vc_column][\/vc_row][vc_row][vc_column][vc_column_text]<\/p>\n<ol start=\"10\">\n<li>Dons et subsides<\/li>\n<\/ol>\n<audio class=\"wp-audio-shortcode\" id=\"audio-18587-11\" preload=\"none\" style=\"width: 100%;\" controls=\"controls\"><source type=\"audio\/mpeg\" src=\"https:\/\/old-vianden.digitalvision.lu\/wp-content\/uploads\/2020\/06\/10_Dons_sup.mp3?_=11\" \/><a href=\"https:\/\/old-vianden.digitalvision.lu\/wp-content\/uploads\/2020\/06\/10_Dons_sup.mp3\">https:\/\/old-vianden.digitalvision.lu\/wp-content\/uploads\/2020\/06\/10_Dons_sup.mp3<\/a><\/audio>\n<p>[\/vc_column_text][\/vc_column][\/vc_row][vc_row][vc_column][vc_empty_space][\/vc_column][\/vc_row][vc_row][vc_column][vc_column_text]10 bis. Motion du conseiller Heintzen Joe<\/p>\n<audio class=\"wp-audio-shortcode\" id=\"audio-18587-12\" preload=\"none\" style=\"width: 100%;\" controls=\"controls\"><source type=\"audio\/mpeg\" src=\"https:\/\/old-vianden.digitalvision.lu\/wp-content\/uploads\/2020\/06\/10_bis_MentionJoe.mp3?_=12\" \/><a href=\"https:\/\/old-vianden.digitalvision.lu\/wp-content\/uploads\/2020\/06\/10_bis_MentionJoe.mp3\">https:\/\/old-vianden.digitalvision.lu\/wp-content\/uploads\/2020\/06\/10_bis_MentionJoe.mp3<\/a><\/audio>\n<p>[\/vc_column_text][\/vc_column][\/vc_row][vc_row][vc_column][vc_empty_space][\/vc_column][\/vc_row][vc_row][vc_column][vc_column_text]<\/p>\n<ol start=\"11\">\n<li>Divers \u2013 Droit d\u2019initiative du conseiller communal, questions \u00e9crites et orales<span class=\"Apple-converted-space\">\u00a0<\/span><\/li>\n<\/ol>\n<audio class=\"wp-audio-shortcode\" id=\"audio-18587-13\" preload=\"none\" style=\"width: 100%;\" controls=\"controls\"><source type=\"audio\/mpeg\" src=\"https:\/\/old-vianden.digitalvision.lu\/wp-content\/uploads\/2020\/06\/11_Question_Larei.mp3?_=13\" \/><a href=\"https:\/\/old-vianden.digitalvision.lu\/wp-content\/uploads\/2020\/06\/11_Question_Larei.mp3\">https:\/\/old-vianden.digitalvision.lu\/wp-content\/uploads\/2020\/06\/11_Question_Larei.mp3<\/a><\/audio>\n<audio class=\"wp-audio-shortcode\" id=\"audio-18587-14\" preload=\"none\" style=\"width: 100%;\" controls=\"controls\"><source type=\"audio\/mpeg\" src=\"https:\/\/old-vianden.digitalvision.lu\/wp-content\/uploads\/2020\/06\/11_60Questions_Joe.mp3?_=14\" \/><a href=\"https:\/\/old-vianden.digitalvision.lu\/wp-content\/uploads\/2020\/06\/11_60Questions_Joe.mp3\">https:\/\/old-vianden.digitalvision.lu\/wp-content\/uploads\/2020\/06\/11_60Questions_Joe.mp3<\/a><\/audio>\n<audio class=\"wp-audio-shortcode\" id=\"audio-18587-15\" preload=\"none\" style=\"width: 100%;\" controls=\"controls\"><source type=\"audio\/mpeg\" src=\"https:\/\/old-vianden.digitalvision.lu\/wp-content\/uploads\/2020\/06\/11-Question_Paulo_Post.mp3?_=15\" \/><a href=\"https:\/\/old-vianden.digitalvision.lu\/wp-content\/uploads\/2020\/06\/11-Question_Paulo_Post.mp3\">https:\/\/old-vianden.digitalvision.lu\/wp-content\/uploads\/2020\/06\/11-Question_Paulo_Post.mp3<\/a><\/audio>\n<p>[\/vc_column_text][\/vc_column][\/vc_row][vc_row][vc_column][vc_empty_space][\/vc_column][\/vc_row][vc_row][vc_column][vc_column_text]Information du conseiller Franck Leonardy concernant le Syndicat d&#8217;Initiative de la Ville de Vianden<\/p>\n<audio class=\"wp-audio-shortcode\" id=\"audio-18587-16\" preload=\"none\" style=\"width: 100%;\" controls=\"controls\"><source type=\"audio\/mpeg\" src=\"https:\/\/old-vianden.digitalvision.lu\/wp-content\/uploads\/2020\/06\/Information_Franck_SI_Vianden.mp3?_=16\" \/><a href=\"https:\/\/old-vianden.digitalvision.lu\/wp-content\/uploads\/2020\/06\/Information_Franck_SI_Vianden.mp3\">https:\/\/old-vianden.digitalvision.lu\/wp-content\/uploads\/2020\/06\/Information_Franck_SI_Vianden.mp3<\/a><\/audio>\n<p>[\/vc_column_text][\/vc_column][\/vc_row]<\/p>\n<\/div>","protected":false},"excerpt":{"rendered":"<p>[vc_row][vc_column][vc_column_text] le mercredi, 10 juin 2020 \u00e0 14 heures Ordre du jour [\/vc_column_text][\/vc_column][\/vc_row][vc_row][vc_column][vc_empty_space][\/vc_column][\/vc_row][vc_row][vc_column][vc_column_text]Allocution de bienvenue du maire [\/vc_column_text][\/vc_column][\/vc_row][vc_row][vc_column][vc_empty_space][\/vc_column][\/vc_row][vc_row][vc_column][vc_column_text] Approbation du r\u00e8glement d\u2019ordre int\u00e9rieur [\/vc_column_text][\/vc_column][\/vc_row][vc_row][vc_column][vc_empty_space][\/vc_column][\/vc_row][vc_row][vc_column][vc_column_text] R\u00e9forme de la collecte publique des d\u00e9chets (SIDEC) \u2013\u00a0 Approbation du r\u00e8glement-type concernant la gestion des d\u00e9chets Approbation du r\u00e8glement-taxe [\/vc_column_text][\/vc_column][\/vc_row][vc_row][vc_column][vc_empty_space][\/vc_column][\/vc_row][vc_row][vc_column][vc_column_text] Cr\u00e9ation d\u2019un poste d\u2019ouvrier communal dans le m\u00e9tier de concierge\u00a0&hellip;<\/p>\n","protected":false},"author":2,"featured_media":16953,"parent":0,"menu_order":0,"comment_status":"closed","ping_status":"closed","template":"","meta":[],"class_list":["post-18587","page","type-page","status-publish","has-post-thumbnail","hentry","description-off"],"translation":{"provider":"WPGlobus","version":"2.12.2","language":"fr","enabled_languages":["de","fr"],"languages":{"de":{"title":true,"content":true,"excerpt":false},"fr":{"title":false,"content":false,"excerpt":false}}},"publishpress_future_action":{"enabled":false,"date":"2026-04-15 00:25:13","action":"change-status","newStatus":"draft","terms":[],"taxonomy":""},"_links":{"self":[{"href":"https:\/\/old-vianden.digitalvision.lu\/fr\/index.php?rest_route=\/wp\/v2\/pages\/18587","targetHints":{"allow":["GET"]}}],"collection":[{"href":"https:\/\/old-vianden.digitalvision.lu\/fr\/index.php?rest_route=\/wp\/v2\/pages"}],"about":[{"href":"https:\/\/old-vianden.digitalvision.lu\/fr\/index.php?rest_route=\/wp\/v2\/types\/page"}],"author":[{"embeddable":true,"href":"https:\/\/old-vianden.digitalvision.lu\/fr\/index.php?rest_route=\/wp\/v2\/users\/2"}],"replies":[{"embeddable":true,"href":"https:\/\/old-vianden.digitalvision.lu\/fr\/index.php?rest_route=%2Fwp%2Fv2%2Fcomments&post=18587"}],"version-history":[{"count":7,"href":"https:\/\/old-vianden.digitalvision.lu\/fr\/index.php?rest_route=\/wp\/v2\/pages\/18587\/revisions"}],"predecessor-version":[{"id":18766,"href":"https:\/\/old-vianden.digitalvision.lu\/fr\/index.php?rest_route=\/wp\/v2\/pages\/18587\/revisions\/18766"}],"wp:featuredmedia":[{"embeddable":true,"href":"https:\/\/old-vianden.digitalvision.lu\/fr\/index.php?rest_route=\/wp\/v2\/media\/16953"}],"wp:attachment":[{"href":"https:\/\/old-vianden.digitalvision.lu\/fr\/index.php?rest_route=%2Fwp%2Fv2%2Fmedia&parent=18587"}],"curies":[{"name":"wp","href":"https:\/\/api.w.org\/{rel}","templated":true}]}}