{"id":17560,"date":"2019-02-11T13:25:48","date_gmt":"2019-02-11T12:25:48","guid":{"rendered":"https:\/\/old-vianden.digitalvision.lu\/?page_id=17560"},"modified":"2019-02-11T13:25:48","modified_gmt":"2019-02-11T12:25:48","slug":"klimapakt-pacte-climat","status":"publish","type":"page","link":"https:\/\/old-vianden.digitalvision.lu\/fr\/?page_id=17560","title":{"rendered":"Klimapakt &#8211; Pacte Climat"},"content":{"rendered":"<div class=\"wpb-content-wrapper\"><p>[vc_row][vc_column][vc_btn title=&#8221;Francais&#8221; style=&#8221;gradient-custom&#8221; gradient_custom_color_1=&#8221;#005bf9&#8243; gradient_custom_color_2=&#8221;#f72622&#8243; i_icon_fontawesome=&#8221;fa fa-hand-o-right&#8221; add_icon=&#8221;true&#8221; link=&#8221;url:%23francais|||&#8221;][vc_text_separator title=&#8221;Der Klimapakt&#8221; color=&#8221;green&#8221; border_width=&#8221;2&#8243; el_width=&#8221;90&#8243; css_animation=&#8221;bounceInRight&#8221;][\/vc_column][\/vc_row][vc_row][vc_column][vc_column_text]<\/p>\n<div>\n<h2 style=\"text-align: justify;\">Der Klimapakt<\/h2>\n<\/div>\n<div style=\"text-align: justify;\">\n<p>Die Treibhausgasemissionen bis 2020 um 1\/5 im Vergleich zu 2005 zu senken, den Gesamtanteil der Energie bis 2020 zu 11 % aus erneuerbaren Energien zu beziehen \u2013 das sind die Zielmarken der luxemburgischen Regierung in Sachen Klimaschutz. Die Gemeinden sind dabei unverzichtbare Partner und lokale oder regionale Energie- und Klimaschutzkonzepte wichtige Bausteine f\u00fcr die landesweite Umsetzung der erforderlichen Ma\u00dfnahmen.<\/p>\n<p>Der Klimapakt ist ein neues Instrument zur F\u00f6rderung dieser Bestrebungen vor Ort. Das Gesetz vom 13. September 2012 bestimmt die Schaffung eines Klimapaktes zwischen dem Staat und den Gemeinden. Der Klimapakt erm\u00f6glicht eine staatliche F\u00f6rderung des klimapolitischen Bestrebens der Gemeinden, den Energieverbrauch und die Treibhausgasemissionen innerhalb des Gemeindeterritoriums zu reduzieren und gleichzeitig Investitionen, Wirtschaftsaktivit\u00e4ten und den Arbeitsmarkt zu stimulieren.<\/p>\n<p>Der Klimapakt wurde vom Ministerium f\u00fcr Nachhaltige Entwicklung und Infrastrukturen ins Leben gerufen. Den Gemeinden, die sich beteiligen m\u00f6chten, steht es frei, den Klimapakt einzeln oder gemeinsam, in interkommunaler Zusammenarbeit, zu beschreiten. Der Pakt wird durch eine Konvention zwischen dem Staat und einer jeden beteiligten Gemeinde besiegelt. Die Kommunen erkl\u00e4ren sich dadurch bereit den Erhalt des European Energy Award\u00ae (EEA) anzustreben und innerhalb von zwei Jahren ein sinnvolles energetisches Bilanzierungssystem auf Gemeindeebene zu handhaben. Der Staat garantiert seinerseits die finanzielle und technische Unterst\u00fctzung im Umsetzungsprozess.<\/p>\n<\/div>\n<p style=\"text-align: justify;\">Mehr Infos zum Klimapakt:\u00a0<a href=\"http:\/\/klimapakt.naturpark.lu\/index.php?id=3;lang=de;com=7\" target=\"_blank\" rel=\"noopener\">Klimapakt<\/a><\/p>\n<p>[\/vc_column_text][vc_text_separator title=&#8221;Links &#8211; Liens&#8221; color=&#8221;green&#8221; border_width=&#8221;2&#8243; el_width=&#8221;90&#8243; css_animation=&#8221;bounceInRight&#8221;][\/vc_column][\/vc_row][vc_row gap=&#8221;2&#8243; full_height=&#8221;yes&#8221; equal_height=&#8221;yes&#8221; rtl_reverse=&#8221;yes&#8221; content_placement=&#8221;middle&#8221; bg_type=&#8221;bg_color&#8221; css=&#8221;.vc_custom_1549382201500{border-radius: 2px !important;}&#8221; bg_color_value=&#8221;#ffffff&#8221;][vc_column width=&#8221;1\/3&#8243;][vc_column_text css=&#8221;.vc_custom_1549381881057{border-radius: 4px !important;}&#8221;]<\/p>\n<p><strong>Klimapakt &#8211; meine Gemeinde engagiert sich<\/strong><\/p>\n<p><a title=\"klimapakt.naturpark.lu\/\" href=\"http:\/\/klimapakt.naturpark.lu\/index.php?id=3;lang=de;com=7\"><img loading=\"lazy\" decoding=\"async\" class=\"alignnone wp-image-15553\" src=\"https:\/\/old-vianden.digitalvision.lu\/wp-content\/uploads\/2017\/12\/Klimapakt-Naturpark-Our-150x60.jpg\" alt=\"\" width=\"205\" height=\"82\" srcset=\"https:\/\/old-vianden.digitalvision.lu\/wp-content\/uploads\/2017\/12\/Klimapakt-Naturpark-Our-150x60.jpg 150w, https:\/\/old-vianden.digitalvision.lu\/wp-content\/uploads\/2017\/12\/Klimapakt-Naturpark-Our-300x120.jpg 300w, https:\/\/old-vianden.digitalvision.lu\/wp-content\/uploads\/2017\/12\/Klimapakt-Naturpark-Our-768x307.jpg 768w, https:\/\/old-vianden.digitalvision.lu\/wp-content\/uploads\/2017\/12\/Klimapakt-Naturpark-Our-1024x410.jpg 1024w, https:\/\/old-vianden.digitalvision.lu\/wp-content\/uploads\/2017\/12\/Klimapakt-Naturpark-Our.jpg 1200w\" sizes=\"auto, (max-width: 205px) 100vw, 205px\" \/><\/a><\/p>\n<p>&nbsp;<\/p>\n<p>[\/vc_column_text][\/vc_column][vc_column width=&#8221;1\/3&#8243;][vc_column_text]<\/p>\n<p><strong>Optez pour la protection climatique active: calculez et compensez votre empreinte carbone.<\/strong><\/p>\n<p><a title=\"https:\/\/lu.myclimate.org\/fr.html\" href=\"https:\/\/lu.myclimate.org\/fr.html\" target=\"_blank\" rel=\"noopener\"><img loading=\"lazy\" decoding=\"async\" class=\"alignnone size-thumbnail wp-image-17566\" src=\"https:\/\/old-vianden.digitalvision.lu\/wp-content\/uploads\/2019\/02\/myclimate-logo-150x59.jpg\" alt=\"\" width=\"150\" height=\"59\" srcset=\"https:\/\/old-vianden.digitalvision.lu\/wp-content\/uploads\/2019\/02\/myclimate-logo-150x59.jpg 150w, https:\/\/old-vianden.digitalvision.lu\/wp-content\/uploads\/2019\/02\/myclimate-logo-250x98.jpg 250w, https:\/\/old-vianden.digitalvision.lu\/wp-content\/uploads\/2019\/02\/myclimate-logo.jpg 600w\" sizes=\"auto, (max-width: 150px) 100vw, 150px\" \/><\/a><\/p>\n<p>[\/vc_column_text][\/vc_column][vc_column width=&#8221;1\/3&#8243;][vc_column_text]<\/p>\n<p><b>&#8220;ECOSPEED Private&#8221;\u00a0berechnet Ihre pers\u00f6nliche Klimabilanz!<\/b><\/p>\n<p><a title=\"Private Ecospeed\" href=\"https:\/\/private.ecospeed.ch\/private\/index.html\"><img loading=\"lazy\" decoding=\"async\" class=\"alignnone size-thumbnail wp-image-17567\" src=\"https:\/\/old-vianden.digitalvision.lu\/wp-content\/uploads\/2019\/02\/co2footprint-150x112.png\" alt=\"\" width=\"150\" height=\"112\" srcset=\"https:\/\/old-vianden.digitalvision.lu\/wp-content\/uploads\/2019\/02\/co2footprint-150x112.png 150w, https:\/\/old-vianden.digitalvision.lu\/wp-content\/uploads\/2019\/02\/co2footprint-250x187.png 250w, https:\/\/old-vianden.digitalvision.lu\/wp-content\/uploads\/2019\/02\/co2footprint.png 454w\" sizes=\"auto, (max-width: 150px) 100vw, 150px\" \/><\/a><\/p>\n<p>[\/vc_column_text][\/vc_column][\/vc_row][vc_row el_id=&#8221;francais&#8221;][vc_column el_id=&#8221;francais&#8221;][vc_text_separator title=&#8221;Le Pacte Climat&#8221; color=&#8221;green&#8221; border_width=&#8221;2&#8243; css_animation=&#8221;bounceInLeft&#8221;][vc_column_text]<\/p>\n<div>\n<h2 style=\"text-align: justify;\"><em>Le Pacte Climat<\/em><\/h2>\n<\/div>\n<div>\n<p style=\"text-align: justify;\"><em>Les objectifs du gouvernement luxembourgeois en mati\u00e8re de changement climatique sont la r\u00e9duction des \u00e9missions de gaz \u00e0 effet de serre d&#8217;ici \u00e0 2020 d&#8217;un cinqui\u00e8me par rapport \u00e0 2005, ainsi que d\u2019atteindre 11 % d\u2019\u00e9nergies renouvelables dans la quantit\u00e9 totale d\u2019\u00e9nergie en 2020. Gr\u00e2ce aux conseils \u00e9nerg\u00e9tiques et climatiques locaux et r\u00e9gionaux, les communes sont des partenaires essentiels pour la mise en \u0153uvre de ces mesures.<\/em><\/p>\n<p style=\"text-align: justify;\"><em>Le Pacte Climat est un nouvel instrument pour soutenir ces efforts au niveau local. La loi du 13 Septembre 2012 a d\u00e9termin\u00e9 la cr\u00e9ation d&#8217;un pacte sur le climat entre l&#8217;Etat et les communes. Le Pacte Climat permet aux communes de b\u00e9n\u00e9ficier d\u2019un soutien technique et financier de l\u2019Etat afin de structurer leur politique climatique et \u00e9nerg\u00e9tique, de r\u00e9duire leurs co\u00fbts \u00e9nerg\u00e9tiques gr\u00e2ce \u00e0 l\u2019am\u00e9lioration de l\u2019efficacit\u00e9 \u00e9nerg\u00e9tique et de stimuler les activit\u00e9s \u00e9conomiques locales et r\u00e9gionales.<\/em><\/p>\n<p style=\"text-align: justify;\"><em>Le Pacte Climat a \u00e9t\u00e9 cr\u00e9\u00e9 par le minist\u00e8re du D\u00e9veloppement durable et des Infrastructures. Les municipalit\u00e9s qui souhaitent participer sont libre de le faire individuellement ou en coop\u00e9ration intercommunale. Avec la ratification du Pacte Climat les communes s\u2019engagent \u00e0 mettre progressivement en \u0153uvre le catalogue de mesures du Pacte Climat, afin d\u2019aspirer \u00e0 l\u2019attribution de l\u2019European Energy Award (EEA) et de pr\u00e9senter un bilan \u00e9nerg\u00e9tique judicieux dans un d\u00e9lai de deux ans.<\/em><\/p>\n<p>&nbsp;<\/p>\n<div>\n<h2 style=\"text-align: justify;\"><em>L&#8217;Equipe Climat<\/em><\/h2>\n<\/div>\n<div>\n<p style=\"text-align: justify;\"><em>L\u2019Equipe Climat est le moteur au niveau communal de la mise en \u0153uvre du programme European Energy Award (EEA). En plus d\u2019un consultant en environnement qualifi\u00e9, l\u2019\u00e9quipe peut se composer de repr\u00e9sentants municipaux, op\u00e9rateurs du secteur priv\u00e9 et de citoyens.<\/em><\/p>\n<p style=\"text-align: justify;\"><em>Le travail de l\u2019\u00e9quipe climat (voir figure) r\u00e9side dans l\u2019analyse de la situation r\u00e9elle et de l\u2019\u00e9valuation des r\u00e9alisations d\u00e9j\u00e0 effectu\u00e9es par la commune dans les domaines de l&#8217;efficacit\u00e9 \u00e9nerg\u00e9tique et les \u00e9nergies renouvelables.<\/em><\/p>\n<p style=\"text-align: justify;\"><em>A cela s\u2019ajoute la cr\u00e9ation d\u2019un programme d\u2019action \u00e9nerg\u00e9tique \u00e0 court, moyen et long terme, qui pr\u00e9voit la mise en \u0153uvre d&#8217;actions concr\u00e8tes pour des am\u00e9liorations futures.<\/em><\/p>\n<p style=\"text-align: justify;\"><em>La municipalit\u00e9 r\u00e9alise des programmes de travail et d&#8217;accompagnement de ce processus par le biais d\u2019examens annuels de performance, dans lequel les progr\u00e8s r\u00e9alis\u00e9s sont not\u00e9s.<br \/>\n<a href=\"http:\/\/klimapakt.naturpark.lu\/index.php?id=3;lang=de;com=7\" target=\"_blank\" rel=\"noopener\">Plus d&#8217;infos ici<\/a><\/em><\/p>\n<\/div>\n<\/div>\n<p>[\/vc_column_text][\/vc_column][\/vc_row][vc_row][vc_column][\/vc_column][\/vc_row]<\/p>\n<\/div>","protected":false},"excerpt":{"rendered":"<p>[vc_row][vc_column][vc_btn title=&#8221;Francais&#8221; style=&#8221;gradient-custom&#8221; gradient_custom_color_1=&#8221;#005bf9&#8243; gradient_custom_color_2=&#8221;#f72622&#8243; i_icon_fontawesome=&#8221;fa fa-hand-o-right&#8221; add_icon=&#8221;true&#8221; link=&#8221;url:%23francais|||&#8221;][vc_text_separator title=&#8221;Der Klimapakt&#8221; color=&#8221;green&#8221; border_width=&#8221;2&#8243; el_width=&#8221;90&#8243; css_animation=&#8221;bounceInRight&#8221;][\/vc_column][\/vc_row][vc_row][vc_column][vc_column_text] Der Klimapakt Die Treibhausgasemissionen bis 2020 um 1\/5 im Vergleich zu 2005 zu senken, den Gesamtanteil der Energie bis 2020 zu 11 % aus erneuerbaren Energien zu beziehen \u2013 das sind die Zielmarken der luxemburgischen Regierung in Sachen Klimaschutz. Die&hellip;<\/p>\n","protected":false},"author":3,"featured_media":0,"parent":0,"menu_order":0,"comment_status":"closed","ping_status":"closed","template":"","meta":[],"class_list":["post-17560","page","type-page","status-publish","hentry","description-off"],"translation":{"provider":"WPGlobus","version":"2.12.2","language":"fr","enabled_languages":["de","fr"],"languages":{"de":{"title":true,"content":true,"excerpt":false},"fr":{"title":false,"content":false,"excerpt":false}}},"publishpress_future_action":{"enabled":false,"date":"2026-04-15 00:25:32","action":"change-status","newStatus":"draft","terms":[],"taxonomy":""},"_links":{"self":[{"href":"https:\/\/old-vianden.digitalvision.lu\/fr\/index.php?rest_route=\/wp\/v2\/pages\/17560","targetHints":{"allow":["GET"]}}],"collection":[{"href":"https:\/\/old-vianden.digitalvision.lu\/fr\/index.php?rest_route=\/wp\/v2\/pages"}],"about":[{"href":"https:\/\/old-vianden.digitalvision.lu\/fr\/index.php?rest_route=\/wp\/v2\/types\/page"}],"author":[{"embeddable":true,"href":"https:\/\/old-vianden.digitalvision.lu\/fr\/index.php?rest_route=\/wp\/v2\/users\/3"}],"replies":[{"embeddable":true,"href":"https:\/\/old-vianden.digitalvision.lu\/fr\/index.php?rest_route=%2Fwp%2Fv2%2Fcomments&post=17560"}],"version-history":[{"count":26,"href":"https:\/\/old-vianden.digitalvision.lu\/fr\/index.php?rest_route=\/wp\/v2\/pages\/17560\/revisions"}],"predecessor-version":[{"id":17616,"href":"https:\/\/old-vianden.digitalvision.lu\/fr\/index.php?rest_route=\/wp\/v2\/pages\/17560\/revisions\/17616"}],"wp:attachment":[{"href":"https:\/\/old-vianden.digitalvision.lu\/fr\/index.php?rest_route=%2Fwp%2Fv2%2Fmedia&parent=17560"}],"curies":[{"name":"wp","href":"https:\/\/api.w.org\/{rel}","templated":true}]}}