{"id":16469,"date":"2018-01-26T18:05:41","date_gmt":"2018-01-26T17:05:41","guid":{"rendered":"https:\/\/old-vianden.digitalvision.lu\/?page_id=16469"},"modified":"2018-01-26T18:14:57","modified_gmt":"2018-01-26T17:14:57","slug":"rundwanderrouten","status":"publish","type":"page","link":"https:\/\/old-vianden.digitalvision.lu\/fr\/?page_id=16469","title":{"rendered":"Circuit p\u00e9destre"},"content":{"rendered":"<div class=\"wpb-content-wrapper\"><p>[vc_row][vc_column][vc_column_text]<\/p>\n<p style=\"text-align: justify;\">Les Ardennes Luxembourgeoises, au nord du Luxembourg, sont un v\u00e9ritable paradis pour les amateurs de randonn\u00e9es et de balades au grand air ! Que vous soyez plut\u00f4t promeneur du dimanche ou randonneur exp\u00e9riment\u00e9 \u00e0 la recherche de nouveaux d\u00e9fis, le sentier qui vous correspond vous attend de pied ferme<\/p>\n<ul style=\"list-style-type: square;\">\n<li><a href=\"https:\/\/www.visitluxembourg.com\/fr\/adresse\/walking\/circuit-pedestre-vianden-i\" target=\"_blank\" rel=\"noopener\">https:\/\/www.visitluxembourg.com\/fr\/adresse\/walking\/circuit-pedestre-vianden-i<\/a><\/li>\n<li><a href=\"https:\/\/www.visitluxembourg.com\/fr\/adresse\/walking\/circuit-pedestre-vianden-ii\" target=\"_blank\" rel=\"noopener\">https:\/\/www.visitluxembourg.com\/fr\/adresse\/walking\/circuit-pedestre-vianden-ii<\/a><\/li>\n<li><a href=\"http:\/\/www.visit-eislek.lu\/fr\/fiche\/walking\/sentier-pedestre-en-etapes-victor-hugo\" target=\"_blank\" rel=\"noopener\">http:\/\/www.visit-eislek.lu\/fr\/fiche\/walking\/sentier-pedestre-en-etapes-victor-hugo<\/a><\/li>\n<li><a href=\"http:\/\/www.visit-eislek.lu\/fr\/tour\/t\/randonnees-guidees-naturwanderpark-delux\" target=\"_blank\" rel=\"noopener\">http:\/\/www.visit-eislek.lu\/fr\/tour\/t\/randonnees-guidees-naturwanderpark-delux<\/a><\/li>\n<li><a href=\"http:\/\/www.visit-eislek.lu\/de\/fiche\/walking\/etappenwanderweg-saint-jacques-de-compostelle\" target=\"_blank\" rel=\"noopener\">http:\/\/www.visit-eislek.lu\/de\/fiche\/walking\/etappenwanderweg-saint-jacques-de-compostelle<\/a><\/li>\n<li><a href=\"https:\/\/www.naturwanderpark.eu\/wanderwege\/a-natour-route-6-kammerwald\" target=\"_blank\" rel=\"noopener\">https:\/\/www.naturwanderpark.eu\/wanderwege\/a-natour-route-6-kammerwald<\/a><\/li>\n<li><a href=\"https:\/\/www.naturwanderpark.eu\/wanderwege\/a-natour-route-5-vianden-falkenstein\" target=\"_blank\" rel=\"noopener\">https:\/\/www.naturwanderpark.eu\/wanderwege\/a-natour-route-5-vianden-falkenstein<\/a><\/li>\n<\/ul>\n<p>[\/vc_column_text][\/vc_column][\/vc_row]<\/p>\n<ul style=\"list-style-type: disc;\">\n<li><a href=\"http:\/\/www.visit-eislek.lu\/fr\/nature-randonnee\/randonnees\" target=\"_blank\" rel=\"noopener\">http:\/\/www.visit-eislek.lu\/fr\/nature-randonnee\/randonnees<\/a><\/li>\n<li><a href=\"http:\/\/www.signord.lu\/webgis\/index.php\" target=\"_blank\" rel=\"noopener\">Randonn\u00e9es\u00a0au Nord du Pays<\/a><\/li>\n<\/ul>\n<p><a href=\"http:\/\/www.signord.lu\/webgis\/index.php\" target=\"_blank\" rel=\"noopener\"><img loading=\"lazy\" decoding=\"async\" class=\"alignnone size-large wp-image-16481 aligncenter\" src=\"https:\/\/old-vianden.digitalvision.lu\/wp-content\/uploads\/2018\/01\/Webgis_promenades-967x1024.jpeg\" alt=\"\" width=\"967\" height=\"1024\" srcset=\"https:\/\/old-vianden.digitalvision.lu\/wp-content\/uploads\/2018\/01\/Webgis_promenades-967x1024.jpeg 967w, https:\/\/old-vianden.digitalvision.lu\/wp-content\/uploads\/2018\/01\/Webgis_promenades-142x150.jpeg 142w, https:\/\/old-vianden.digitalvision.lu\/wp-content\/uploads\/2018\/01\/Webgis_promenades-236x250.jpeg 236w, https:\/\/old-vianden.digitalvision.lu\/wp-content\/uploads\/2018\/01\/Webgis_promenades-768x813.jpeg 768w, https:\/\/old-vianden.digitalvision.lu\/wp-content\/uploads\/2018\/01\/Webgis_promenades.jpeg 1426w\" sizes=\"auto, (max-width: 967px) 100vw, 967px\" \/><\/a><\/p>\n<\/div>","protected":false},"excerpt":{"rendered":"<p>[vc_row][vc_column][vc_column_text] Les Ardennes Luxembourgeoises, au nord du Luxembourg, sont un v\u00e9ritable paradis pour les amateurs de randonn\u00e9es et de balades au grand air ! Que vous soyez plut\u00f4t promeneur du dimanche ou randonneur exp\u00e9riment\u00e9 \u00e0 la recherche de nouveaux d\u00e9fis, le sentier qui vous correspond vous attend de pied ferme https:\/\/www.visitluxembourg.com\/fr\/adresse\/walking\/circuit-pedestre-vianden-i https:\/\/www.visitluxembourg.com\/fr\/adresse\/walking\/circuit-pedestre-vianden-ii http:\/\/www.visit-eislek.lu\/fr\/fiche\/walking\/sentier-pedestre-en-etapes-victor-hugo http:\/\/www.visit-eislek.lu\/fr\/tour\/t\/randonnees-guidees-naturwanderpark-delux http:\/\/www.visit-eislek.lu\/de\/fiche\/walking\/etappenwanderweg-saint-jacques-de-compostelle&hellip;<\/p>\n","protected":false},"author":3,"featured_media":0,"parent":0,"menu_order":0,"comment_status":"closed","ping_status":"closed","template":"","meta":[],"class_list":["post-16469","page","type-page","status-publish","hentry","description-off"],"translation":{"provider":"WPGlobus","version":"2.12.2","language":"fr","enabled_languages":["de","fr"],"languages":{"de":{"title":true,"content":true,"excerpt":false},"fr":{"title":true,"content":true,"excerpt":false}}},"publishpress_future_action":{"enabled":false,"date":"2026-04-14 22:56:09","action":"change-status","newStatus":"draft","terms":[],"taxonomy":""},"_links":{"self":[{"href":"https:\/\/old-vianden.digitalvision.lu\/fr\/index.php?rest_route=\/wp\/v2\/pages\/16469","targetHints":{"allow":["GET"]}}],"collection":[{"href":"https:\/\/old-vianden.digitalvision.lu\/fr\/index.php?rest_route=\/wp\/v2\/pages"}],"about":[{"href":"https:\/\/old-vianden.digitalvision.lu\/fr\/index.php?rest_route=\/wp\/v2\/types\/page"}],"author":[{"embeddable":true,"href":"https:\/\/old-vianden.digitalvision.lu\/fr\/index.php?rest_route=\/wp\/v2\/users\/3"}],"replies":[{"embeddable":true,"href":"https:\/\/old-vianden.digitalvision.lu\/fr\/index.php?rest_route=%2Fwp%2Fv2%2Fcomments&post=16469"}],"version-history":[{"count":19,"href":"https:\/\/old-vianden.digitalvision.lu\/fr\/index.php?rest_route=\/wp\/v2\/pages\/16469\/revisions"}],"predecessor-version":[{"id":16494,"href":"https:\/\/old-vianden.digitalvision.lu\/fr\/index.php?rest_route=\/wp\/v2\/pages\/16469\/revisions\/16494"}],"wp:attachment":[{"href":"https:\/\/old-vianden.digitalvision.lu\/fr\/index.php?rest_route=%2Fwp%2Fv2%2Fmedia&parent=16469"}],"curies":[{"name":"wp","href":"https:\/\/api.w.org\/{rel}","templated":true}]}}