{"id":16352,"date":"2018-01-12T11:46:54","date_gmt":"2018-01-12T10:46:54","guid":{"rendered":"https:\/\/old-vianden.digitalvision.lu\/?page_id=16352"},"modified":"2023-12-29T16:04:16","modified_gmt":"2023-12-29T15:04:16","slug":"downloads","status":"publish","type":"page","link":"https:\/\/old-vianden.digitalvision.lu\/fr\/?page_id=16352","title":{"rendered":"Downloads"},"content":{"rendered":"<div class=\"wpb-content-wrapper\"><p>[vc_row][vc_column][vc_column_text]<\/p>\n<h3>Calendrier collecte des d\u00e9chets 2024<\/h3>\n<div id=\"wppdfemb-frame-container-2\"><iframe id=\"wppdf-emb-iframe-2\" scrolling=\"no\" data-pdf-index=\"2\" class=\"pdfembed-iframe nonfullscreen\" style=\"border: none; width:100%; max-width: 100%; min-height: 1000px;\" src=\"https:\/\/old-vianden.digitalvision.lu\/fr?url=https%3A%2F%2Fold-vianden.digitalvision.lu%2Fwp-content%2Fuploads%2F2023%2F12%2FCOMMUNE-VIANDEN_CALENDRIER_2023-12-29-V1-lowres.pdf&pdfID=2&index=2\" ><\/iframe><\/div>[\/vc_column_text][vc_empty_space][\/vc_column][\/vc_row][vc_row][vc_column][vc_column_text]<\/p>\n<div class=\"page\" title=\"Page 1\">\n<div class=\"layoutArea\">\n<div class=\"column\">\n<div class=\"page\" title=\"Page 1\">\n<div class=\"page\" title=\"Page 1\">\n<div class=\"section\">\n<div class=\"layoutArea\">\n<div class=\"column\">\n<div class=\"page\" title=\"Page 1\">\n<div class=\"layoutArea\">\n<div class=\"column\">\n<div class=\"page\" title=\"Page 1\">\n<div class=\"layoutArea\">\n<div class=\"column\">\n<ul>\n<li>\n<div class=\"page\" title=\"Page 1\">\n<div class=\"layoutArea\">\n<div class=\"column\">\n<p><a href=\"https:\/\/old-vianden.digitalvision.lu\/wp-content\/uploads\/2023\/04\/Declaration-pour-la-perception-de-la-taxe-de-sejour-Vianden.pdf\" target=\"_blank\" rel=\"noopener\"><strong>Taxe de se\u0301jour<\/strong><\/a><\/p>\n<\/div>\n<\/div>\n<\/div>\n<\/li>\n<li><a href=\"https:\/\/old-vianden.digitalvision.lu\/wp-content\/uploads\/2022\/12\/Formulaire-Parking-prive.pdf?external=1\" target=\"_blank\" rel=\"noopener\"><strong>Re\u0301servation d\u2019un emplacement parking pour les besoins prive\u0301s<\/strong><\/a><\/li>\n<\/ul>\n<\/div>\n<\/div>\n<\/div>\n<ul>\n<li><strong><a href=\"https:\/\/old-vianden.digitalvision.lu\/wp-content\/uploads\/2022\/12\/formulaire-occupation-domaine-public-Travaux-def.pdf?external=1\" target=\"_blank\" rel=\"noopener\">Occupation temporaire du domaine public<\/a><\/strong><\/li>\n<\/ul>\n<\/div>\n<\/div>\n<\/div>\n<ul>\n<li><a href=\"https:\/\/old-vianden.digitalvision.lu\/wp-content\/uploads\/2022\/07\/div-faq-subsidies-mesures-de-protections-individuelles-fge-10.pdf\" target=\"_blank\" rel=\"noopener\"><strong>Explications relatives aux subventions e\u0301tatiques des mesures de protection individuelles de ba\u0302timents contre les crues<\/strong><\/a><\/li>\n<\/ul>\n<\/div>\n<\/div>\n<\/div>\n<\/div>\n<\/div>\n<ul>\n<li><strong><a href=\"https:\/\/old-vianden.digitalvision.lu\/wp-content\/uploads\/2022\/07\/div-faq-subsidien-objektschutz-fge-10.pdf\" target=\"_blank\" rel=\"noopener\">Erla\u0308uterung zur staatlichen Fo\u0308rderung von Objektschutz an Geba\u0308uden gegen Hochwasser<\/a><\/strong><\/li>\n<\/ul>\n<\/div>\n<\/div>\n<\/div>\n<ul>\n<li><strong><a href=\"https:\/\/old-vianden.digitalvision.lu\/wp-content\/uploads\/2021\/09\/COMMUNE-VIANDEN_August_bued.pdf\" target=\"_blank\" rel=\"noopener noreferrer\">Veinen Aktuell 8\/2021<\/a><\/strong><\/li>\n<li><strong><a href=\"https:\/\/old-vianden.digitalvision.lu\/wp-content\/uploads\/2021\/01\/Budget2021-Vf2.pdf\" target=\"_blank\" rel=\"noopener noreferrer\">Budget 2021<\/a><\/strong><\/li>\n<li><strong><a href=\"https:\/\/old-vianden.digitalvision.lu\/wp-content\/uploads\/2021\/01\/2020_12_09_CC_PPF2025_rev02.pdf\" target=\"_blank\" rel=\"noopener noreferrer\">PPF 2020-2025<\/a><\/strong><\/li>\n<li><strong><a href=\"https:\/\/old-vianden.digitalvision.lu\/wp-content\/uploads\/2020\/12\/Zeitung2020_web.pdf\" target=\"_blank\" rel=\"noopener noreferrer\">Veinen aktuell \u00a012\/2020<\/a><\/strong><\/li>\n<li><a href=\"https:\/\/old-vianden.digitalvision.lu\/wp-content\/uploads\/2020\/11\/Reglement_Com_subventions.pdf\"><b>R\u00e8glement communal concernant l&#8217;allocation de subventions pour des travaux de r\u00e9novation et de restauration de certains immeubles<\/b><\/a><\/li>\n<li><b><a href=\"https:\/\/old-vianden.digitalvision.lu\/wp-content\/uploads\/2020\/10\/demande_de_construire-1.pdf\">DEMANDE DE PERMIS DE CONSTRUIRE<\/a><span class=\"Apple-converted-space\">\u00a0<\/span><\/b><\/li>\n<li><strong><a href=\"https:\/\/old-vianden.digitalvision.lu\/wp-content\/uploads\/2021\/07\/21060904EXTRAIT.pdf\" target=\"_blank\" rel=\"noopener noreferrer\">Le r\u00e8glement g\u00e9n\u00e9ral de Police<\/a><\/strong><\/li>\n<li><strong><a href=\"https:\/\/old-vianden.digitalvision.lu\/wp-content\/uploads\/2021\/07\/reglement-des-batisses.pdf\" target=\"_blank\" rel=\"noopener noreferrer\">R\u00e8glement des b\u00e2tisses<\/a><\/strong><\/li>\n<\/ul>\n<p>[\/vc_column_text][\/vc_column][\/vc_row][vc_row][vc_column][vc_text_separator title=&#8221;Hockelsturm&#8221; color=&#8221;custom&#8221; accent_color=&#8221;#dd3333&#8243;][vc_column_text]Bauhistorische Untersuchung und Bestandsaufnahme <a href=\"https:\/\/old-vianden.digitalvision.lu\/wp-content\/uploads\/2020\/11\/Hockelsturm_Bericht06052020.pdf\" target=\"_blank\" rel=\"noopener noreferrer\">&#8220;Hockelsturm&#8221;<\/a>[\/vc_column_text][\/vc_column][\/vc_row][vc_row][vc_column][vc_text_separator title=&#8221;Divers&#8221; color=&#8221;custom&#8221; accent_color=&#8221;#dd3333&#8243;][vc_column_text]<div id=\"wppdfemb-frame-container-3\"><iframe id=\"wppdf-emb-iframe-3\" scrolling=\"no\" data-pdf-index=\"3\" class=\"pdfembed-iframe nonfullscreen\" style=\"border: none; width:100%; max-width: 100%; min-height: 1000px;\" src=\"https:\/\/old-vianden.digitalvision.lu\/fr?url=https%3A%2F%2Fold-vianden.digitalvision.lu%2Fwp-content%2Fuploads%2F2021%2F06%2F2020_12_09_CC_PPF2025.pdf&pdfID=3&index=3\" ><\/iframe><\/div>[\/vc_column_text][\/vc_column][\/vc_row]<\/p>\n<\/div>","protected":false},"excerpt":{"rendered":"<p>[vc_row][vc_column][vc_column_text] Calendrier collecte des d\u00e9chets 2024 [\/vc_column_text][vc_empty_space][\/vc_column][\/vc_row][vc_row][vc_column][vc_column_text] Taxe de se\u0301jour Re\u0301servation d\u2019un emplacement parking pour les besoins prive\u0301s Occupation temporaire du domaine public Explications relatives aux subventions e\u0301tatiques des mesures de protection individuelles de ba\u0302timents contre les crues Erla\u0308uterung zur staatlichen Fo\u0308rderung von Objektschutz an Geba\u0308uden gegen Hochwasser Veinen Aktuell 8\/2021 Budget 2021 PPF 2020-2025&hellip;<\/p>\n","protected":false},"author":3,"featured_media":0,"parent":0,"menu_order":0,"comment_status":"closed","ping_status":"closed","template":"","meta":[],"class_list":["post-16352","page","type-page","status-publish","hentry","description-off"],"translation":{"provider":"WPGlobus","version":"2.12.2","language":"fr","enabled_languages":["de","fr"],"languages":{"de":{"title":true,"content":true,"excerpt":false},"fr":{"title":true,"content":false,"excerpt":false}}},"publishpress_future_action":{"enabled":false,"date":"2026-04-22 21:12:56","action":"change-status","newStatus":"draft","terms":[],"taxonomy":""},"_links":{"self":[{"href":"https:\/\/old-vianden.digitalvision.lu\/fr\/index.php?rest_route=\/wp\/v2\/pages\/16352","targetHints":{"allow":["GET"]}}],"collection":[{"href":"https:\/\/old-vianden.digitalvision.lu\/fr\/index.php?rest_route=\/wp\/v2\/pages"}],"about":[{"href":"https:\/\/old-vianden.digitalvision.lu\/fr\/index.php?rest_route=\/wp\/v2\/types\/page"}],"author":[{"embeddable":true,"href":"https:\/\/old-vianden.digitalvision.lu\/fr\/index.php?rest_route=\/wp\/v2\/users\/3"}],"replies":[{"embeddable":true,"href":"https:\/\/old-vianden.digitalvision.lu\/fr\/index.php?rest_route=%2Fwp%2Fv2%2Fcomments&post=16352"}],"version-history":[{"count":43,"href":"https:\/\/old-vianden.digitalvision.lu\/fr\/index.php?rest_route=\/wp\/v2\/pages\/16352\/revisions"}],"predecessor-version":[{"id":23954,"href":"https:\/\/old-vianden.digitalvision.lu\/fr\/index.php?rest_route=\/wp\/v2\/pages\/16352\/revisions\/23954"}],"wp:attachment":[{"href":"https:\/\/old-vianden.digitalvision.lu\/fr\/index.php?rest_route=%2Fwp%2Fv2%2Fmedia&parent=16352"}],"curies":[{"name":"wp","href":"https:\/\/api.w.org\/{rel}","templated":true}]}}