{"id":16192,"date":"2018-01-03T17:21:00","date_gmt":"2018-01-03T16:21:00","guid":{"rendered":"https:\/\/old-vianden.digitalvision.lu\/?page_id=16192"},"modified":"2024-08-26T10:38:03","modified_gmt":"2024-08-26T08:38:03","slug":"vereine-sport-und-kulturvereine","status":"publish","type":"page","link":"https:\/\/old-vianden.digitalvision.lu\/fr\/?page_id=16192","title":{"rendered":"Associations &#8211; Clubs sportifs et culturels"},"content":{"rendered":"<p>Les clubs sportifs et culturels qui ne sont pas repris dans la liste\u00a0 (ou qui souhaitent une modification) peuvent nous contacter par e-mail:\u00a0<a class=\"ApplyClass\" href=\"mailto:secretariat@old-vianden.digitalvision.lu?subject=Inscription%20liste%20des%20clubs%20sportifs%20et%20culturels\">secretariat@old-vianden.digitalvision.lu<\/a>.<\/p>\n<p>&nbsp;<\/p>\n<table>\n<tbody>\n<tr>\n<td style=\"width: 300px;\"><strong>Associations\/Verein<\/strong><\/td>\n<td style=\"width: 187px;\"><strong>Pr\u00e9dident(e)<\/strong><\/td>\n<td style=\"width: 183px;\"><strong>Adresse<\/strong><\/td>\n<td style=\"width: 138px;\"><\/td>\n<td style=\"width: 204px;\"><\/td>\n<\/tr>\n<tr>\n<td style=\"width: 300px;\">Action Catholique F\u00e9minine<\/td>\n<td style=\"width: 187px;\">Lyette Spinelli-Weis<\/td>\n<td style=\"width: 183px;\">6, Am Bousebierg<\/td>\n<td style=\"width: 138px;\">L-9407 Vianden<\/td>\n<td style=\"width: 204px;\"><\/td>\n<\/tr>\n<tr>\n<td style=\"width: 300px;\">ARC K\u00ebnschtlerkrees a.s.b.l<\/td>\n<td style=\"width: 187px;\">Serge Koch<\/td>\n<td style=\"width: 183px;\">c\/o Rol Backendorf \/ 13 rue du Sanatorium<\/td>\n<td style=\"width: 138px;\">L-9425 Vianden<\/td>\n<td style=\"width: 204px;\"><a href=\"http:\/\/arc-asbl.lu\/\" target=\"_blank\" rel=\"noopener\">arc-asbl.lu<\/a><\/td>\n<\/tr>\n<tr>\n<td style=\"width: 300px;\">Amicale de la Maison de Retraite<\/td>\n<td style=\"width: 187px;\">Fernand Aust<\/td>\n<td style=\"width: 183px;\">14c, rue Faeschent<\/td>\n<td style=\"width: 138px;\">L-9454 Fouhren<\/td>\n<td style=\"width: 204px;\"><\/td>\n<\/tr>\n<tr>\n<td style=\"width: 300px;\">Amiperas<\/td>\n<td style=\"width: 187px;\">Marc Schaefer<\/td>\n<td style=\"width: 183px;\">5, Grand-rue<\/td>\n<td style=\"width: 138px;\">L-9410 Vianden<\/td>\n<td style=\"width: 204px;\"><\/td>\n<\/tr>\n<tr>\n<td style=\"width: 300px;\">Apri Ludibundi asbl.<\/td>\n<td style=\"width: 187px;\">Anne Petry-Graas<\/td>\n<td style=\"width: 183px;\">2B, rue Moenchkelterhaus<\/td>\n<td style=\"width: 138px;\">L-9421 Vianden<\/td>\n<td style=\"width: 204px;\"><\/td>\n<\/tr>\n<tr>\n<td style=\"width: 300px;\">Association des Parents d&#8217;Enfants de Vianden<\/td>\n<td style=\"width: 187px;\">Bib Bassing<\/td>\n<td style=\"width: 183px;\">9a, rue de la Fronti\u00e8re<\/td>\n<td style=\"width: 138px;\">L-9412 Vianden<\/td>\n<td style=\"width: 204px;\"><\/td>\n<\/tr>\n<tr>\n<td style=\"width: 300px;\">Association du Personnel de la Maison de Soins<\/td>\n<td style=\"width: 187px;\">Henriette van Harum<\/td>\n<td style=\"width: 183px;\">14, rue de l&#8217;Eglise<\/td>\n<td style=\"width: 138px;\">L-9452 Vianden<\/td>\n<td style=\"width: 204px;\"><\/td>\n<\/tr>\n<tr>\n<td style=\"width: 300px;\">Colonies de Vacances<\/td>\n<td style=\"width: 187px;\">Olivier Meyer<\/td>\n<td style=\"width: 183px;\">43, Beschmontsbongert<\/td>\n<td style=\"width: 138px;\">L7526 Mersch<\/td>\n<td style=\"width: 204px;\"><\/td>\n<\/tr>\n<tr>\n<td style=\"width: 300px;\">Veiner Pompjer ASBL<\/td>\n<td style=\"width: 187px;\">Werthessen J-M &#8220;Mallo&#8221;, pr\u00e9sident<\/td>\n<td style=\"width: 183px;\"><\/td>\n<td style=\"width: 138px;\">L-9440 Vianden<\/td>\n<td style=\"width: 204px;\">\u00a0<a href=\"https:\/\/www.pompjeeennorden.lu\/divers\/cis-detail.html&amp;corpsidarticle=35\" target=\"_blank\" rel=\"noopener\">CIS Vianden<\/a><\/td>\n<\/tr>\n<tr>\n<td style=\"width: 300px;\">Haflingerfr\u00ebnn Ourdall Veianen<\/td>\n<td style=\"width: 187px;\">Jean-Marie Pleim<\/td>\n<td style=\"width: 183px;\">3, am Bungert<\/td>\n<td style=\"width: 138px;\">L-9416 Vianden<\/td>\n<td style=\"width: 204px;\"><\/td>\n<\/tr>\n<tr>\n<td style=\"width: 300px;\">LCGB section de Vianden<\/td>\n<td style=\"width: 187px;\">Constant Frank<\/td>\n<td style=\"width: 183px;\">B.P. 35<\/td>\n<td style=\"width: 138px;\">L-9401 Vianden<\/td>\n<td style=\"width: 204px;\"><\/td>\n<\/tr>\n<tr>\n<td style=\"width: 300px;\"><\/td>\n<td style=\"width: 187px;\"><\/td>\n<td style=\"width: 183px;\"><\/td>\n<td style=\"width: 138px;\"><\/td>\n<td style=\"width: 204px;\"><\/td>\n<\/tr>\n<tr>\n<td style=\"width: 300px;\">Milites Viennenses (Historisch Grupp Veinen)<\/td>\n<td style=\"width: 187px;\">Josy Bassing<\/td>\n<td style=\"width: 183px;\">Mont St Nicolas<\/td>\n<td style=\"width: 138px;\">L-9423 Vianden<\/td>\n<td style=\"width: 204px;\"><a href=\"http:\/\/www.milites-viennenses.org\" target=\"_blank\" rel=\"noopener\">milites-viennenses<\/a><\/td>\n<\/tr>\n<tr>\n<td style=\"width: 300px;\">Ourdall N\u00ebssknacker Veinen<\/td>\n<td style=\"width: 187px;\">Koerner Romain<\/td>\n<td style=\"width: 183px;\">15, cit\u00e9 um Weiher<\/td>\n<td style=\"width: 138px;\">L-9805 Hosingen<\/td>\n<td style=\"width: 204px;\"><a href=\"http:\/\/ourdall-nessknacker.lu\/home\/\" target=\"_blank\" rel=\"noopener\">Ourdall-nessknacker<\/a><\/td>\n<\/tr>\n<tr>\n<td style=\"width: 300px;\">Spuerver\u00e4in DOUROLUX<\/td>\n<td style=\"width: 187px;\">Jos\u00e9 Mendes<\/td>\n<td style=\"width: 183px;\">6, rue Dr. A. Calmette<\/td>\n<td style=\"width: 138px;\">L-9440 Vianden<\/td>\n<td style=\"width: 204px;\"><\/td>\n<\/tr>\n<tr>\n<td style=\"width: 300px;\">Supporter-Club F.C. Orania Vianden<\/td>\n<td style=\"width: 187px;\">Heinen Michel<\/td>\n<td style=\"width: 183px;\">9, rue Moenchkelterhaus<\/td>\n<td style=\"width: 138px;\">L-9421 Vianden<\/td>\n<td style=\"width: 204px;\"><\/td>\n<\/tr>\n<tr>\n<td style=\"width: 300px;\"><\/td>\n<td style=\"width: 187px;\"><\/td>\n<td style=\"width: 183px;\"><\/td>\n<td style=\"width: 138px;\"><\/td>\n<td style=\"width: 204px;\"><\/td>\n<\/tr>\n<tr>\n<td style=\"width: 300px;\">Veiner Geschichtsfr\u00ebnn<\/td>\n<td style=\"width: 187px;\">Jean-Paul Hoffmann<\/td>\n<td style=\"width: 183px;\">Dicks-Mus\u00e9e 96, Grussgaass<\/td>\n<td style=\"width: 138px;\">L-9411 Vianden<\/td>\n<td style=\"width: 204px;\"><a href=\"http:\/\/www.veinergeschicht.lu\" target=\"_blank\" rel=\"noopener\">Veinergeschicht.lu<\/a><\/td>\n<\/tr>\n<tr>\n<td style=\"width: 300px;\"><\/td>\n<td style=\"width: 187px;\"><\/td>\n<td style=\"width: 183px;\"><\/td>\n<td style=\"width: 138px;\"><\/td>\n<td style=\"width: 204px;\"><\/td>\n<\/tr>\n<tr>\n<td style=\"width: 300px;\">Veiner Photo-Club<\/td>\n<td style=\"width: 187px;\">Roger Majerus<\/td>\n<td style=\"width: 183px;\">17, rue de Walsdorf<\/td>\n<td style=\"width: 138px;\">L-9455 Fouhren<\/td>\n<td style=\"width: 204px;\"><a href=\"https:\/\/veiner-photoclub.lu\" target=\"_blank\" rel=\"noopener\">Veiner-photoclub.lu<\/a><\/td>\n<\/tr>\n<tr>\n<td style=\"width: 300px;\">Veiner Spatzminn<\/td>\n<td style=\"width: 187px;\">Giovanni Micucci<\/td>\n<td style=\"width: 183px;\">33, rue Ed. Wolff<\/td>\n<td style=\"width: 138px;\">L-9440 Vianden<\/td>\n<td style=\"width: 204px;\"><\/td>\n<\/tr>\n<tr>\n<td style=\"width: 300px;\">Chorale Trinitaire de Vianden<\/td>\n<td style=\"width: 187px;\">Jeannot Scheidweiler<\/td>\n<td style=\"width: 183px;\">1a,\u00a0im Bouseberg<\/td>\n<td style=\"width: 138px;\">L-9407 Vianden<\/td>\n<td style=\"width: 204px;\"><\/td>\n<\/tr>\n<tr>\n<td style=\"width: 300px;\">Harmonie Municipale Vianden<\/td>\n<td style=\"width: 187px;\">Heintzen Joe<\/td>\n<td style=\"width: 183px;\">14, rue Th. Bassing<\/td>\n<td style=\"width: 138px;\">L-9405 Vianden<\/td>\n<td style=\"width: 204px;\">\u00a0<a href=\"http:\/\/www.veinermusik.lu\" target=\"_blank\" rel=\"noopener\">Veinermusik.lu<\/a><\/td>\n<\/tr>\n<tr>\n<td style=\"width: 300px;\">KultOureilen a.s.b.l.<\/td>\n<td style=\"width: 187px;\">Marc Schaefer<\/td>\n<td style=\"width: 183px;\">5, Grand-Rue<\/td>\n<td style=\"width: 138px;\">L-9410 Vianden<\/td>\n<td style=\"width: 204px;\"><\/td>\n<\/tr>\n<tr>\n<td style=\"width: 300px;\">Les Amis du Ch\u00e2teau de Vianden asbl<\/td>\n<td style=\"width: 187px;\">Ren\u00e9 Steichen<\/td>\n<td style=\"width: 183px;\">B.P. 26<\/td>\n<td style=\"width: 138px;\">L-9401 Vianden<\/td>\n<td style=\"width: 204px;\"><a href=\"https:\/\/castle-vianden.lu\" target=\"_blank\" rel=\"noopener\">castle-vianden.lu<\/a><\/td>\n<\/tr>\n<tr>\n<td style=\"width: 300px;\">Jeunesse Veinen<\/td>\n<td style=\"width: 187px;\">Marco Malerba<\/td>\n<td style=\"width: 183px;\">8B, rue Victor Hugo<\/td>\n<td style=\"width: 138px;\">L-9414 Vianden<\/td>\n<td style=\"width: 204px;\"><\/td>\n<\/tr>\n<tr>\n<td style=\"width: 300px;\">Kannervilla Gepeppelte Memmel<\/td>\n<td style=\"width: 187px;\">Charel Bassing<\/td>\n<td style=\"width: 183px;\">43, rue du Sanatorium<\/td>\n<td style=\"width: 138px;\">L-9425 Vianden<\/td>\n<td style=\"width: 204px;\"><\/td>\n<\/tr>\n<tr>\n<td style=\"width: 300px;\">Veiner Jungsodalen<\/td>\n<td style=\"width: 187px;\">Joe Pleim<\/td>\n<td style=\"width: 183px;\">118, Grand-Rue<\/td>\n<td style=\"width: 138px;\">L-9411 Vianden<\/td>\n<td style=\"width: 204px;\"><a href=\"https:\/\/www.facebook.com\/jungsodalen\/\" target=\"_blank\" rel=\"noopener\">www.facebook.com\/jungsodalen\/<\/a><\/td>\n<\/tr>\n<tr>\n<td style=\"width: 300px;\">Associa\u00e7\u00e3o Recreativa Portuguesa Vianden<\/td>\n<td style=\"width: 187px;\">Joao Carneiro<\/td>\n<td style=\"width: 183px;\">30A, rue du Vieux March\u00e9<\/td>\n<td style=\"width: 138px;\">L-9419 Vianden<\/td>\n<td style=\"width: 204px;\"><\/td>\n<\/tr>\n<tr>\n<td style=\"width: 300px;\">Mi-Cuit \u00b475<\/td>\n<td style=\"width: 187px;\">Tiago Dinis Andrade<\/td>\n<td style=\"width: 183px;\">Maison 32<\/td>\n<td style=\"width: 138px;\">L-9775 Weicherdange<\/td>\n<td style=\"width: 204px;\">\u00a0<a href=\"https:\/\/www.facebook.com\/MiCuit75\/\" target=\"_blank\" rel=\"noopener\">www.facebook.com\/MiCuit75\/<\/a><\/td>\n<\/tr>\n<tr>\n<td style=\"width: 300px;\">Sondesmoiesapperitifsukklerten<\/td>\n<td style=\"width: 187px;\">S.A.S.<\/td>\n<td style=\"width: 183px;\">1, rue Victor Hugo<\/td>\n<td style=\"width: 138px;\">L-9414 Vianden<\/td>\n<td style=\"width: 204px;\"><\/td>\n<\/tr>\n<tr>\n<td style=\"width: 300px;\">D.T. Orania Vianden<\/td>\n<td style=\"width: 187px;\">Fr\u00e4nk Schmit<\/td>\n<td style=\"width: 183px;\">21, rue Ed. Wolff<\/td>\n<td style=\"width: 138px;\">L-9440 Vianden<\/td>\n<td style=\"width: 204px;\"><\/td>\n<\/tr>\n<tr>\n<td style=\"width: 300px;\">F.C. Orania Vianden<\/td>\n<td style=\"width: 187px;\">Jean-Paul Bastos Ferreira<\/td>\n<td style=\"width: 183px;\">2B, rue des Jardins<\/td>\n<td style=\"width: 138px;\">L-9416 Vianden<\/td>\n<td style=\"width: 204px;\">\u00a0<a href=\"https:\/\/www.orania.lu\" target=\"_blank\" rel=\"noopener\">FC Orania<\/a><\/td>\n<\/tr>\n<tr>\n<td style=\"width: 300px;\">Femmes Actives<\/td>\n<td style=\"width: 187px;\">Sylvie Walisch-Kill<\/td>\n<td style=\"width: 183px;\">5, impasse Kalchesbach<\/td>\n<td style=\"width: 138px;\">L-9417 Vianden<\/td>\n<td style=\"width: 204px;\"><\/td>\n<\/tr>\n<tr>\n<td style=\"width: 300px;\">Veiner Sportsfr\u00ebnn<\/td>\n<td style=\"width: 187px;\">Paolo Malerba<\/td>\n<td style=\"width: 183px;\">8b, rue Victor Hugo<\/td>\n<td style=\"width: 138px;\">L-9414 Vianden<\/td>\n<td style=\"width: 204px;\"><\/td>\n<\/tr>\n<tr>\n<td style=\"width: 300px;\">Veiner Beiefr\u00ebnn<\/td>\n<td style=\"width: 187px;\">Pol Bourkel<\/td>\n<td style=\"width: 183px;\">Am Bousebierg<\/td>\n<td style=\"width: 138px;\">L-9407 Vianden<\/td>\n<td style=\"width: 204px;\"><\/td>\n<\/tr>\n<\/tbody>\n<\/table>\n","protected":false},"excerpt":{"rendered":"<p>Les clubs sportifs et culturels qui ne sont pas repris dans la liste\u00a0 (ou qui souhaitent une modification) peuvent nous contacter par e-mail:\u00a0secretariat@old-vianden.digitalvision.lu. &nbsp; Associations\/Verein Pr\u00e9dident(e) Adresse Action Catholique F\u00e9minine Lyette Spinelli-Weis 6, Am Bousebierg L-9407 Vianden ARC K\u00ebnschtlerkrees a.s.b.l Serge Koch c\/o Rol Backendorf \/ 13 rue du Sanatorium L-9425 Vianden arc-asbl.lu Amicale de&hellip;<\/p>\n","protected":false},"author":3,"featured_media":0,"parent":0,"menu_order":0,"comment_status":"closed","ping_status":"closed","template":"","meta":[],"class_list":["post-16192","page","type-page","status-publish","hentry","description-off"],"translation":{"provider":"WPGlobus","version":"2.12.2","language":"fr","enabled_languages":["de","fr"],"languages":{"de":{"title":true,"content":true,"excerpt":false},"fr":{"title":true,"content":true,"excerpt":false}}},"publishpress_future_action":{"enabled":false,"date":"2026-04-15 00:25:34","action":"change-status","newStatus":"draft","terms":[],"taxonomy":""},"_links":{"self":[{"href":"https:\/\/old-vianden.digitalvision.lu\/fr\/index.php?rest_route=\/wp\/v2\/pages\/16192","targetHints":{"allow":["GET"]}}],"collection":[{"href":"https:\/\/old-vianden.digitalvision.lu\/fr\/index.php?rest_route=\/wp\/v2\/pages"}],"about":[{"href":"https:\/\/old-vianden.digitalvision.lu\/fr\/index.php?rest_route=\/wp\/v2\/types\/page"}],"author":[{"embeddable":true,"href":"https:\/\/old-vianden.digitalvision.lu\/fr\/index.php?rest_route=\/wp\/v2\/users\/3"}],"replies":[{"embeddable":true,"href":"https:\/\/old-vianden.digitalvision.lu\/fr\/index.php?rest_route=%2Fwp%2Fv2%2Fcomments&post=16192"}],"version-history":[{"count":38,"href":"https:\/\/old-vianden.digitalvision.lu\/fr\/index.php?rest_route=\/wp\/v2\/pages\/16192\/revisions"}],"predecessor-version":[{"id":25003,"href":"https:\/\/old-vianden.digitalvision.lu\/fr\/index.php?rest_route=\/wp\/v2\/pages\/16192\/revisions\/25003"}],"wp:attachment":[{"href":"https:\/\/old-vianden.digitalvision.lu\/fr\/index.php?rest_route=%2Fwp%2Fv2%2Fmedia&parent=16192"}],"curies":[{"name":"wp","href":"https:\/\/api.w.org\/{rel}","templated":true}]}}