{"id":16055,"date":"2017-12-31T10:11:31","date_gmt":"2017-12-31T09:11:31","guid":{"rendered":"https:\/\/old-vianden.digitalvision.lu\/?page_id=16055"},"modified":"2024-07-12T13:52:47","modified_gmt":"2024-07-12T11:52:47","slug":"sportangebot","status":"publish","type":"page","link":"https:\/\/old-vianden.digitalvision.lu\/fr\/?page_id=16055","title":{"rendered":"Activit\u00e9s sportives"},"content":{"rendered":"<p><strong><span style=\"font-size: 14pt;\">Activit\u00e9s sportives<\/span><\/strong><\/p>\n<div class=\"wysiwygimg\">\n<div class=\"wysiwygimgtext\">\n<p style=\"text-align: justify;\">Vianden a une tradition touristique plus que centenaire avec des h\u00f4tels confortables, des campings modernes, de calmes chalets de vacances et de multiples occasions de loisirs.<\/p>\n<p>T\u00e9l\u00e9si\u00e8ge, piscine chauff\u00e9e en plein air, mini-golf, possibilit\u00e9s de p\u00eache dans l&#8217;Our, pistes cyclables vers Diekirch et Echternach.<\/p>\n<p>Un r\u00e9seau de 150 km de promenades parfaitement entretenues et jalonn\u00e9es permet de d\u00e9couvrir le paysage pittoresque des environs de Vianden, les denses forets situ\u00e9es au centre du parc naturel germano-luxembourgeois, et d&#8217;atteindre les ch\u00e2teaux romantiques de la vall\u00e9e de l&#8217;Our.<\/p>\n<ul>\n<li>P\u00eache Sportive : Permis d\u00e9livr\u00e9s au Office de Tourisme<br \/>\ndu 1\/4 au 31\/12<\/li>\n<li>Piscine chauff\u00e9e en plein air ouverte de juillet jusqu&#8217; au septembre de 10h00 jusqu&#8217; \u00e0 20h00.<\/li>\n<li>Mini-Golf: rue Victor Hugo &#8211; T\u00e9l: (+352) 32 98 88<\/li>\n<\/ul>\n<\/div>\n<div class=\"wysiwygimgclear\"><\/div>\n<\/div>\n<p><strong><span style=\"font-size: 14pt;\">Les Ardennes en VTT<\/span><\/strong><\/p>\n<div class=\"wysiwygimg\">\n<div class=\"wysiwygimgtext\">\n<p style=\"text-align: justify;\">Le terrain tr\u00e8s diversifi\u00e9 des Ardennes luxembourgeoises met au d\u00e9fi les amateurs de VTT. Cette diversit\u00e9 se pr\u00eatait parfaitement \u00e0 l\u2019installation des premiers circuits VTT luxembourgeois. D\u2019une longueur totale de 300 km, les 15 circuits soigneusement balis\u00e9s traversent des for\u00eats denses et des vall\u00e9es profondes, et ceci souvent \u00e0 proximit\u00e9 de ch\u00e2teaux imposants ; les diff\u00e9rents degr\u00e9s de difficult\u00e9 r\u00e9pondent \u00e0 toutes les attentes. Certains circuits sont adapt\u00e9s aux exigences des plus sportifs, d\u2019autres se pr\u00eatent \u00e0 merveille \u00e0 la ballade en famille.<\/p>\n<p>Les points de d\u00e9part des diff\u00e9rents circuits de notre r\u00e9gion sont:<\/p>\n<ul>\n<li>Vianden<\/li>\n<li>Bettendorf<\/li>\n<li>Erpeldange<\/li>\n<li>Ingeldorf<\/li>\n<li>Hoscheid<\/li>\n<li>Reisdorf<\/li>\n<li>Rambrouch.<\/li>\n<\/ul>\n<p><a href=\"https:\/\/www.visit-eislek.lu\/fr\" target=\"_blank\" rel=\"noopener\">https:\/\/www.visit-eislek.lu\/fr<\/a><\/p>\n<\/div>\n<p><img loading=\"lazy\" decoding=\"async\" class=\"alignnone size-large wp-image-16130 aligncenter\" src=\"https:\/\/old-vianden.digitalvision.lu\/wp-content\/uploads\/2017\/12\/Fischen-1-von-1-1024x684.jpg\" alt=\"\" width=\"1024\" height=\"684\" srcset=\"https:\/\/old-vianden.digitalvision.lu\/wp-content\/uploads\/2017\/12\/Fischen-1-von-1-1024x684.jpg 1024w, https:\/\/old-vianden.digitalvision.lu\/wp-content\/uploads\/2017\/12\/Fischen-1-von-1-150x100.jpg 150w, https:\/\/old-vianden.digitalvision.lu\/wp-content\/uploads\/2017\/12\/Fischen-1-von-1-250x167.jpg 250w, https:\/\/old-vianden.digitalvision.lu\/wp-content\/uploads\/2017\/12\/Fischen-1-von-1-768x513.jpg 768w, https:\/\/old-vianden.digitalvision.lu\/wp-content\/uploads\/2017\/12\/Fischen-1-von-1.jpg 2000w\" sizes=\"auto, (max-width: 1024px) 100vw, 1024px\" \/><\/p>\n<\/div>\n","protected":false},"excerpt":{"rendered":"<p>Activit\u00e9s sportives Vianden a une tradition touristique plus que centenaire avec des h\u00f4tels confortables, des campings modernes, de calmes chalets de vacances et de multiples occasions de loisirs. T\u00e9l\u00e9si\u00e8ge, piscine chauff\u00e9e en plein air, mini-golf, possibilit\u00e9s de p\u00eache dans l&#8217;Our, pistes cyclables vers Diekirch et Echternach. Un r\u00e9seau de 150 km de promenades parfaitement entretenues&hellip;<\/p>\n","protected":false},"author":3,"featured_media":0,"parent":0,"menu_order":0,"comment_status":"closed","ping_status":"closed","template":"","meta":[],"class_list":["post-16055","page","type-page","status-publish","hentry","description-off"],"translation":{"provider":"WPGlobus","version":"2.12.2","language":"fr","enabled_languages":["de","fr"],"languages":{"de":{"title":true,"content":true,"excerpt":false},"fr":{"title":true,"content":true,"excerpt":false}}},"publishpress_future_action":{"enabled":false,"date":"2026-04-15 00:27:50","action":"change-status","newStatus":"draft","terms":[],"taxonomy":""},"_links":{"self":[{"href":"https:\/\/old-vianden.digitalvision.lu\/fr\/index.php?rest_route=\/wp\/v2\/pages\/16055","targetHints":{"allow":["GET"]}}],"collection":[{"href":"https:\/\/old-vianden.digitalvision.lu\/fr\/index.php?rest_route=\/wp\/v2\/pages"}],"about":[{"href":"https:\/\/old-vianden.digitalvision.lu\/fr\/index.php?rest_route=\/wp\/v2\/types\/page"}],"author":[{"embeddable":true,"href":"https:\/\/old-vianden.digitalvision.lu\/fr\/index.php?rest_route=\/wp\/v2\/users\/3"}],"replies":[{"embeddable":true,"href":"https:\/\/old-vianden.digitalvision.lu\/fr\/index.php?rest_route=%2Fwp%2Fv2%2Fcomments&post=16055"}],"version-history":[{"count":18,"href":"https:\/\/old-vianden.digitalvision.lu\/fr\/index.php?rest_route=\/wp\/v2\/pages\/16055\/revisions"}],"predecessor-version":[{"id":24856,"href":"https:\/\/old-vianden.digitalvision.lu\/fr\/index.php?rest_route=\/wp\/v2\/pages\/16055\/revisions\/24856"}],"wp:attachment":[{"href":"https:\/\/old-vianden.digitalvision.lu\/fr\/index.php?rest_route=%2Fwp%2Fv2%2Fmedia&parent=16055"}],"curies":[{"name":"wp","href":"https:\/\/api.w.org\/{rel}","templated":true}]}}