{"id":16044,"date":"2017-12-31T09:44:02","date_gmt":"2017-12-31T08:44:02","guid":{"rendered":"https:\/\/old-vianden.digitalvision.lu\/?page_id=16044"},"modified":"2024-03-05T13:33:25","modified_gmt":"2024-03-05T12:33:25","slug":"sessellift","status":"publish","type":"page","link":"https:\/\/old-vianden.digitalvision.lu\/fr\/?page_id=16044","title":{"rendered":"T\u00e9l\u00e9si\u00e8ge"},"content":{"rendered":"<p><span style=\"font-size: 12pt;\"><strong>T\u00e9l\u00e9si\u00e8ge<\/strong><\/span><\/p>\n<p style=\"text-align: justify;\">L\u2019unique t\u00e9l\u00e9si\u00e8ge du Luxembourg se trouve \u00e0 Vianden. De la vall\u00e9e \u00e0 220 m d\u2019altitude, il m\u00e8ne le visiteur au sommet de la colline \u00e0 une hauteur de 440 m d\u2019o\u00f9 il aura une jolie vue panoramique sur la ville, le ch\u00e2teau et le barrage. Un restaurant vous invite \u00e0 la d\u00e9tente. Il y a la possibilit\u00e9 de retourner en ville \u00e0 pied par un joli sentier \u00e0 flanc de montagne.<\/p>\n<p>Adresse:<br \/>\n<strong>T\u00e9l\u00e9si\u00e8ge<\/strong><br \/>\n39, rue du Sanatorium<br \/>\nL-9425 Vianden<br \/>\nTel: (+352) 83 43 23<\/p>\n<div><strong>Heures d&#8217;ouvertures 2024 : du 29 mars au 20 octobre inclus<\/strong><\/div>\n<div><strong>\u00a0<\/strong><\/div>\n<div><\/div>\n<div>\n<h5><em>Les enfants de moins de 12 ans ne peuvent utiliser le t\u00e9l\u00e9ph\u00e9rique que s&#8217;ils sont accompagn\u00e9s d&#8217;un responsable. Cette personne doit \u00eatre assise directement \u00e0 c\u00f4t\u00e9 de l&#8217;enfant.\u00a0<\/em><\/h5>\n<h5><em>Par ailleurs, un seul enfant de moins de 12 ans peut \u00eatre install\u00e9 sur les genoux d&#8217;un responsable si la barre du fauteuil peut \u00eatre ferm\u00e9e correctement.\u00a0<\/em><\/h5>\n<p>_______________________________<\/p>\n<\/div>\n<div>\n<div><\/div>\n<\/div>\n<div><\/div>\n<div><span style=\"font-family: Calibri,sans-serif; font-size: small;\"><span lang=\"lb-LU\">\u00a0<\/span><\/span><\/div>\n<p><img loading=\"lazy\" decoding=\"async\" class=\"alignnone size-full wp-image-16142\" src=\"https:\/\/old-vianden.digitalvision.lu\/wp-content\/uploads\/2017\/12\/telesiege_.jpg\" alt=\"\" width=\"1600\" height=\"500\" srcset=\"https:\/\/old-vianden.digitalvision.lu\/wp-content\/uploads\/2017\/12\/telesiege_.jpg 1600w, https:\/\/old-vianden.digitalvision.lu\/wp-content\/uploads\/2017\/12\/telesiege_-150x47.jpg 150w, https:\/\/old-vianden.digitalvision.lu\/wp-content\/uploads\/2017\/12\/telesiege_-250x78.jpg 250w, https:\/\/old-vianden.digitalvision.lu\/wp-content\/uploads\/2017\/12\/telesiege_-768x240.jpg 768w, https:\/\/old-vianden.digitalvision.lu\/wp-content\/uploads\/2017\/12\/telesiege_-1024x320.jpg 1024w\" sizes=\"auto, (max-width: 1600px) 100vw, 1600px\" \/><\/p>\n<p>&nbsp;<\/p>\n<div id=\"wppdfemb-frame-container-2\"><iframe id=\"wppdf-emb-iframe-2\" scrolling=\"no\" data-pdf-index=\"2\" class=\"pdfembed-iframe nonfullscreen\" style=\"border: none; width:100%; max-width: 100%; min-height: 1000px;\" src=\"https:\/\/old-vianden.digitalvision.lu\/fr?url=https%3A%2F%2Fold-vianden.digitalvision.lu%2Fwp-content%2Fuploads%2F2021%2F06%2FBefoerderungsbedingungen-und-Hausordnung.pdf&title=Bef%C3%B6rderungsbedingungen+und+Hausordnung&pdfID=2&index=2\" ><\/iframe><\/div>\n","protected":false},"excerpt":{"rendered":"<p>[vc_row][vc_column][vc_column_text]Sessellift<\/p>\n","protected":false},"author":3,"featured_media":0,"parent":0,"menu_order":0,"comment_status":"closed","ping_status":"closed","template":"","meta":[],"class_list":["post-16044","page","type-page","status-publish","hentry","description-off"],"translation":{"provider":"WPGlobus","version":"2.12.2","language":"fr","enabled_languages":["de","fr"],"languages":{"de":{"title":true,"content":true,"excerpt":false},"fr":{"title":true,"content":true,"excerpt":false}}},"publishpress_future_action":{"enabled":false,"date":"2026-04-14 22:53:57","action":"change-status","newStatus":"draft","terms":[],"taxonomy":""},"_links":{"self":[{"href":"https:\/\/old-vianden.digitalvision.lu\/fr\/index.php?rest_route=\/wp\/v2\/pages\/16044","targetHints":{"allow":["GET"]}}],"collection":[{"href":"https:\/\/old-vianden.digitalvision.lu\/fr\/index.php?rest_route=\/wp\/v2\/pages"}],"about":[{"href":"https:\/\/old-vianden.digitalvision.lu\/fr\/index.php?rest_route=\/wp\/v2\/types\/page"}],"author":[{"embeddable":true,"href":"https:\/\/old-vianden.digitalvision.lu\/fr\/index.php?rest_route=\/wp\/v2\/users\/3"}],"replies":[{"embeddable":true,"href":"https:\/\/old-vianden.digitalvision.lu\/fr\/index.php?rest_route=%2Fwp%2Fv2%2Fcomments&post=16044"}],"version-history":[{"count":34,"href":"https:\/\/old-vianden.digitalvision.lu\/fr\/index.php?rest_route=\/wp\/v2\/pages\/16044\/revisions"}],"predecessor-version":[{"id":24390,"href":"https:\/\/old-vianden.digitalvision.lu\/fr\/index.php?rest_route=\/wp\/v2\/pages\/16044\/revisions\/24390"}],"wp:attachment":[{"href":"https:\/\/old-vianden.digitalvision.lu\/fr\/index.php?rest_route=%2Fwp%2Fv2%2Fmedia&parent=16044"}],"curies":[{"name":"wp","href":"https:\/\/api.w.org\/{rel}","templated":true}]}}