{"id":16037,"date":"2017-12-31T09:32:12","date_gmt":"2017-12-31T08:32:12","guid":{"rendered":"https:\/\/old-vianden.digitalvision.lu\/?page_id=16037"},"modified":"2018-01-10T11:49:08","modified_gmt":"2018-01-10T10:49:08","slug":"ourdallpromenade","status":"publish","type":"page","link":"https:\/\/old-vianden.digitalvision.lu\/fr\/?page_id=16037","title":{"rendered":"OURDALL PROMENADE"},"content":{"rendered":"<div style=\"text-align: justify;\">L&#8217;Administration communale de Vianden est fi\u00e8re de pouvoir vous pr\u00e9senter la nouvelle <strong>&#8220;<\/strong><strong>Ourdall Promenade<\/strong><strong>&#8221; <\/strong>entre Stolzembourg et Vianden. Ce sentier balis\u00e9, qui pourra \u00eatre profit\u00e9 aussi bien par les randonneurs que par les cyclotouristes, s&#8217;\u00e9tend sur une distance de 8,5 km tout le long du bassin inf\u00e9rieur de l&#8217;Our. Des impressions fascinantes tout comme une dizaine de panneaux d&#8217;information informent les int\u00e9ress\u00e9s sur l&#8217;histoire de la r\u00e9gion, le fleuve, les fronti\u00e8res, l&#8217;industrie, etc.<\/div>\n<p style=\"text-align: justify;\">Le parcours de 8,5 km peut \u00eatre facilement utilis\u00e9 par les gens de tout \u00e2ge, et \u00e0 plusieurs endroits, il y a moyen d&#8217;organiser le retour en autocar (<a href=\"http:\/\/www.mobiliteit.lu\/sites\/default\/files\/horaires\/570_0.pdf?v16\" target=\"_blank\" rel=\"noopener\">Ligne 570<\/a>). Les plus ambitieux peuvent \u00e9galement marcher l&#8217;Ourdall Promenade et emprunter ensuite pour leur retour les circuits raccord\u00e9s comme par exemple la <a class=\"ApplyClass\" href=\"http:\/\/www.naturwanderpark.eu\/index.php?id=67&amp;L=0\" target=\"_blank\" rel=\"noopener\">Nat&#8217;Our Route 4<\/a> et <a href=\"http:\/\/www.naturwanderpark.eu\/index.php?id=74&amp;L=0\" target=\"_blank\" rel=\"noopener\">Nat&#8217;Our Route 5<\/a>\u00a0 Comme points de d\u00e9part principaux avec parking et arr\u00eat de bus figurent pour la partie Nord de la promenade la pont frontalier de Stolzembourg\/Keppeshausen, au milieu le cimeti\u00e8re \u00e0 Bivels et pour la partie Sud le cimeti\u00e8re \u00e0 Vianden. Des informations suppl\u00e9mentaires peuvent \u00eatre consult\u00e9es sur le site du syndicat d&#8217;initiative de Vianden <a class=\"ApplyClass\" href=\"http:\/\/stolzembourg.lu\/index.php?id=19;lang=dehttp:\/\/\" target=\"_blank\" rel=\"noopener\">(www.vianden-info.lu<\/a>)<\/p>\n<p style=\"text-align: justify;\">Nous nous permettons de vous fournir quelques impressions de la promenade, et nous vous invitons \u00e0 venir visiter notre r\u00e9gion avec ces vues splendides et sa nature intacte.<\/p>\n<p><em><a class=\"ApplyClass\" href=\"http:\/\/www.wort.lu\/de\/lokales\/region-vianden-bivels-stolzemburg-wunderbar-wanderbar-557ae6600c88b46a8ce5b2dd\" target=\"_blank\" rel=\"noopener\">Article de presse Luxemburger Wort du 13\/06\/2015<\/a><\/em><\/p>\n","protected":false},"excerpt":{"rendered":"<p>L&#8217;Administration communale de Vianden est fi\u00e8re de pouvoir vous pr\u00e9senter la nouvelle &#8220;Ourdall Promenade&#8221; entre Stolzembourg et Vianden. Ce sentier balis\u00e9, qui pourra \u00eatre profit\u00e9 aussi bien par les randonneurs que par les cyclotouristes, s&#8217;\u00e9tend sur une distance de 8,5 km tout le long du bassin inf\u00e9rieur de l&#8217;Our. Des impressions fascinantes tout comme une&hellip;<\/p>\n","protected":false},"author":3,"featured_media":0,"parent":0,"menu_order":0,"comment_status":"closed","ping_status":"closed","template":"template-media.php","meta":[],"class_list":["post-16037","page","type-page","status-publish","hentry","description-off"],"translation":{"provider":"WPGlobus","version":"2.12.2","language":"fr","enabled_languages":["de","fr"],"languages":{"de":{"title":true,"content":true,"excerpt":false},"fr":{"title":true,"content":true,"excerpt":false}}},"publishpress_future_action":{"enabled":false,"date":"2026-04-14 22:56:09","action":"change-status","newStatus":"draft","terms":[],"taxonomy":""},"_links":{"self":[{"href":"https:\/\/old-vianden.digitalvision.lu\/fr\/index.php?rest_route=\/wp\/v2\/pages\/16037","targetHints":{"allow":["GET"]}}],"collection":[{"href":"https:\/\/old-vianden.digitalvision.lu\/fr\/index.php?rest_route=\/wp\/v2\/pages"}],"about":[{"href":"https:\/\/old-vianden.digitalvision.lu\/fr\/index.php?rest_route=\/wp\/v2\/types\/page"}],"author":[{"embeddable":true,"href":"https:\/\/old-vianden.digitalvision.lu\/fr\/index.php?rest_route=\/wp\/v2\/users\/3"}],"replies":[{"embeddable":true,"href":"https:\/\/old-vianden.digitalvision.lu\/fr\/index.php?rest_route=%2Fwp%2Fv2%2Fcomments&post=16037"}],"version-history":[{"count":8,"href":"https:\/\/old-vianden.digitalvision.lu\/fr\/index.php?rest_route=\/wp\/v2\/pages\/16037\/revisions"}],"predecessor-version":[{"id":16298,"href":"https:\/\/old-vianden.digitalvision.lu\/fr\/index.php?rest_route=\/wp\/v2\/pages\/16037\/revisions\/16298"}],"wp:attachment":[{"href":"https:\/\/old-vianden.digitalvision.lu\/fr\/index.php?rest_route=%2Fwp%2Fv2%2Fmedia&parent=16037"}],"curies":[{"name":"wp","href":"https:\/\/api.w.org\/{rel}","templated":true}]}}