{"id":16016,"date":"2017-12-30T16:50:00","date_gmt":"2017-12-30T15:50:00","guid":{"rendered":"https:\/\/old-vianden.digitalvision.lu\/?page_id=16016"},"modified":"2022-01-07T12:46:34","modified_gmt":"2022-01-07T11:46:34","slug":"tourismus","status":"publish","type":"page","link":"https:\/\/old-vianden.digitalvision.lu\/fr\/?page_id=16016","title":{"rendered":"Tourisme"},"content":{"rendered":"<p style=\"text-align: justify;\">Situ\u00e9e dans le paysage splendide des Ardennes, Vianden \u00e0 une tradition touristique plus que centenaire. A la suite du c\u00e9l\u00e8bre po\u00e8te fran\u00e7ais Victor Hugo, d&#8217;innombrables visiteurs ont succomb\u00e9 au charme des \u00e9troites ruelles, des \u00e9glises gothiques, des remparts et tours fortifi\u00e9es de la petite cit\u00e9 m\u00e9di\u00e9vale domin\u00e9e par le somptueux ch\u00e2teau f\u00e9odal restaur\u00e9. En m\u00eame temps, des sentiers soigneusement am\u00e9nag\u00e9s et offrant des vues panoramiques spectaculaires invitent les randonneurs passionn\u00e9s \u00e0 la rencontre d&#8217;une faune et d&#8217;une flore vari\u00e9es au sein de for\u00eats \u00e9tendues et de vall\u00e9es \u00e9troites.<\/p>\n<p>Office de Tourisme Vianden<br \/>\n<span class=\"text-blue-light\">18, Grand Rue<br \/>\nL-9410\u00a0Vianden<\/span><br \/>\n<span class=\"text-blue-light\">Luxembourg<br \/>\nTel.: +352 83 42 57<\/span><br \/>\nEmail : <a href=\"mailto:Touristinfo@old-vianden.digitalvision.lu\">Touristinfo@old-vianden.digitalvision.lu<\/a><\/p>\n<p>Site Internet: <a href=\"http:\/\/www.visit-vianden.lu\/\" target=\"_blank\" rel=\"noopener noreferrer\"><span style=\"font-size: small;\"><b><span style=\"color: #0563c1;\">www.visit-vianden.lu<\/span><\/b><\/span><\/a><\/p>\n","protected":false},"excerpt":{"rendered":"<p>Situ\u00e9e dans le paysage splendide des Ardennes, Vianden \u00e0 une tradition touristique plus que centenaire. A la suite du c\u00e9l\u00e8bre po\u00e8te fran\u00e7ais Victor Hugo, d&#8217;innombrables visiteurs ont succomb\u00e9 au charme des \u00e9troites ruelles, des \u00e9glises gothiques, des remparts et tours fortifi\u00e9es de la petite cit\u00e9 m\u00e9di\u00e9vale domin\u00e9e par le somptueux ch\u00e2teau f\u00e9odal restaur\u00e9. En m\u00eame&hellip;<\/p>\n","protected":false},"author":3,"featured_media":0,"parent":0,"menu_order":0,"comment_status":"closed","ping_status":"closed","template":"template-media.php","meta":[],"class_list":["post-16016","page","type-page","status-publish","hentry","description-off"],"translation":{"provider":"WPGlobus","version":"2.12.2","language":"fr","enabled_languages":["de","fr"],"languages":{"de":{"title":true,"content":true,"excerpt":false},"fr":{"title":true,"content":true,"excerpt":false}}},"publishpress_future_action":{"enabled":false,"date":"2026-04-14 22:53:16","action":"change-status","newStatus":"draft","terms":[],"taxonomy":""},"_links":{"self":[{"href":"https:\/\/old-vianden.digitalvision.lu\/fr\/index.php?rest_route=\/wp\/v2\/pages\/16016","targetHints":{"allow":["GET"]}}],"collection":[{"href":"https:\/\/old-vianden.digitalvision.lu\/fr\/index.php?rest_route=\/wp\/v2\/pages"}],"about":[{"href":"https:\/\/old-vianden.digitalvision.lu\/fr\/index.php?rest_route=\/wp\/v2\/types\/page"}],"author":[{"embeddable":true,"href":"https:\/\/old-vianden.digitalvision.lu\/fr\/index.php?rest_route=\/wp\/v2\/users\/3"}],"replies":[{"embeddable":true,"href":"https:\/\/old-vianden.digitalvision.lu\/fr\/index.php?rest_route=%2Fwp%2Fv2%2Fcomments&post=16016"}],"version-history":[{"count":13,"href":"https:\/\/old-vianden.digitalvision.lu\/fr\/index.php?rest_route=\/wp\/v2\/pages\/16016\/revisions"}],"predecessor-version":[{"id":19812,"href":"https:\/\/old-vianden.digitalvision.lu\/fr\/index.php?rest_route=\/wp\/v2\/pages\/16016\/revisions\/19812"}],"wp:attachment":[{"href":"https:\/\/old-vianden.digitalvision.lu\/fr\/index.php?rest_route=%2Fwp%2Fv2%2Fmedia&parent=16016"}],"curies":[{"name":"wp","href":"https:\/\/api.w.org\/{rel}","templated":true}]}}