{"id":15994,"date":"2017-12-30T16:41:33","date_gmt":"2017-12-30T15:41:33","guid":{"rendered":"https:\/\/old-vianden.digitalvision.lu\/?page_id=15994"},"modified":"2021-02-08T14:20:24","modified_gmt":"2021-02-08T13:20:24","slug":"informationen","status":"publish","type":"page","link":"https:\/\/old-vianden.digitalvision.lu\/fr\/?page_id=15994","title":{"rendered":"Informations"},"content":{"rendered":"<h4>Informations<\/h4>\n<p><strong>Contact<\/strong><br \/>\nT\u00e9l.: (+352) 83 41 08-1<br \/>\nMail:\u00a0<a href=\"mailto:caisse@castle-vianden.lu\" target=\"_blank\" rel=\"noopener\">caisse@castle-vianden.lu<\/a><br \/>\nSite Internet: <a href=\"http:\/\/www.castle-vianden.lu\/index.php\" target=\"_blank\" rel=\"noopener\">www.castle-vianden.lu<\/a><\/p>\n<p>&nbsp;<\/p>\n<p>Heures d&#8217;ouvertures<\/p>\n<div class=\"paragraph\">\n<p>e ch\u00e2teau est ouvert tous les jours a partir de 10h00*<\/p>\n<\/div>\n<div class=\"paragraph\">\n<table class=\"cells\" width=\"100%\">\n<tbody>\n<tr>\n<td class=\"cell\" align=\"left\" valign=\"top\" width=\"50%\">du 02.01 &#8211; 28.02<\/td>\n<td class=\"cell\" align=\"left\" valign=\"top\" width=\"50%\">de 10.00 \u00e0 16.00 Uhr<\/td>\n<\/tr>\n<tr>\n<td class=\"cell\" align=\"left\" valign=\"top\" width=\"50%\">du 01.03 &#8211; 31.03<\/td>\n<td class=\"cell\" align=\"left\" valign=\"top\" width=\"50%\">de 10.00 \u00e0 17.00 Uhr<\/td>\n<\/tr>\n<tr>\n<td class=\"cell\" align=\"left\" valign=\"top\" width=\"50%\">du 01.04 &#8211; 30.09<\/td>\n<td class=\"cell\" align=\"left\" valign=\"top\" width=\"50%\">de 10.00 \u00e0 18.00 Uhr<\/td>\n<\/tr>\n<tr>\n<td class=\"cell\" align=\"left\" valign=\"top\" width=\"50%\">du 01.10 &#8211; 31.10<\/td>\n<td class=\"cell\" align=\"left\" valign=\"top\" width=\"50%\">de 10.00 \u00e0 17.00 Uhr<\/td>\n<\/tr>\n<tr>\n<td class=\"cell\" align=\"left\" valign=\"top\" width=\"50%\">du 01.11 &#8211; 31.12<\/td>\n<td class=\"cell\" align=\"left\" valign=\"top\" width=\"50%\">de 10.00 \u00e0 16.00 Uhr<\/td>\n<\/tr>\n<\/tbody>\n<\/table>\n<\/div>\n<div class=\"paragraph\">\n<p>&nbsp;<\/p>\n<p><b>*Attention le ch\u00e2teau est ferm\u00e9 le 25.12 et le 1.1.<\/b><\/p>\n<p><strong>* VISITE LIBRE<\/strong><\/p>\n<div class=\"paragraph\">\n<table class=\"cells\" width=\"100%\">\n<tbody>\n<tr>\n<td class=\"cell\" align=\"left\" valign=\"top\" width=\"50%\">Adultes:<\/td>\n<td class=\"cell\" align=\"left\" valign=\"top\" width=\"50%\">10 \u20ac<\/td>\n<\/tr>\n<tr>\n<td class=\"cell\" align=\"left\" valign=\"top\" width=\"50%\">Enfants: (6-12 ans)<\/td>\n<td class=\"cell\" align=\"left\" valign=\"top\" width=\"50%\">2.5 \u20ac<\/td>\n<\/tr>\n<tr>\n<td class=\"cell\" align=\"left\" valign=\"top\" width=\"50%\">Etudiants: (13-25 ans) avec carte d&#8217;\u00e9tudiants<\/td>\n<td class=\"cell\" align=\"left\" valign=\"top\" width=\"50%\">5,00 \u20ac<\/td>\n<\/tr>\n<tr>\n<td class=\"cell\" align=\"left\" valign=\"top\" width=\"50%\"><\/td>\n<td class=\"cell\" align=\"left\" valign=\"top\" width=\"50%\"><\/td>\n<\/tr>\n<\/tbody>\n<\/table>\n<\/div>\n<p><a name=\"50184193990da8340\"><\/a><strong>* GROUPES MIN. 15 PERS.<\/strong><\/p>\n<div class=\"paragraph\">\n<table class=\"cells\" width=\"100%\">\n<tbody>\n<tr>\n<td class=\"cell\" align=\"left\" valign=\"top\" width=\"50%\">Adultes:<\/td>\n<td class=\"cell\" align=\"left\" valign=\"top\" width=\"50%\">8 \u20ac<\/td>\n<\/tr>\n<tr>\n<td class=\"cell\" align=\"left\" valign=\"top\" width=\"50%\">Enfants:<\/td>\n<td class=\"cell\" align=\"left\" valign=\"top\" width=\"50%\">2 \u20ac<\/td>\n<\/tr>\n<tr>\n<td class=\"cell\" align=\"left\" valign=\"top\" width=\"50%\">Etudiants: (13-25 ans) avec carte d&#8217;\u00e9tudiants<\/td>\n<td class=\"cell\" align=\"left\" valign=\"top\" width=\"50%\">4 \u20ac<\/td>\n<\/tr>\n<tr>\n<td class=\"cell\" align=\"left\" valign=\"top\" width=\"50%\"><\/td>\n<td class=\"cell\" align=\"left\" valign=\"top\" width=\"50%\"><\/td>\n<\/tr>\n<\/tbody>\n<\/table>\n<\/div>\n<p><a name=\"50184193990da833e\"><\/a><strong>*VISITES GUID\u00c9ES<\/strong><\/p>\n<div class=\"paragraph\">\n<table class=\"cells\" width=\"100%\">\n<tbody>\n<tr>\n<td class=\"cell\" align=\"left\" valign=\"top\" width=\"50%\">Adultes:<\/td>\n<td class=\"cell\" align=\"left\" valign=\"top\" width=\"50%\">8 \u20ac par pers. + suppl\u00e9ment pour guide 85 \u20ac (au maximum 40 personnes)<\/td>\n<\/tr>\n<tr>\n<td class=\"cell\" align=\"left\" valign=\"top\" width=\"50%\">Enfants: (6-12 Jahre)<\/td>\n<td class=\"cell\" align=\"left\" valign=\"top\" width=\"50%\">2 \u20ac par pers. + suppl\u00e9ment pour guide 85 \u20ac (au maximum 40 personnes)<\/td>\n<\/tr>\n<tr>\n<td class=\"cell\" align=\"left\" valign=\"top\" width=\"50%\">Etudiants: (13-25 Jahre)<\/td>\n<td class=\"cell\" align=\"left\" valign=\"top\" width=\"50%\">4 \u20ac par pers. + suppl\u00e9ment pour guide 85 \u20ac (au maximum 40 personnes)<\/td>\n<\/tr>\n<tr>\n<td class=\"cell\" align=\"left\" valign=\"top\" width=\"50%\"><\/td>\n<td class=\"cell\" align=\"left\" valign=\"top\" width=\"50%\"><\/td>\n<\/tr>\n<\/tbody>\n<\/table>\n<\/div>\n<div class=\"paragraph\">\n<p>&nbsp;<\/p>\n<p><b>Carte de cr\u00e9dit (\u00e0 partir de 10 Euro)<\/b><br \/>\nVISA<br \/>\nMASTERCARD<br \/>\nVPAY<br \/>\nMAESTRO<\/p>\n<\/div>\n<div class=\"paragraph\">\n<p><b>Les visiteurs qui d\u00e9sirent se faire accompagner par un guide doivent s&#8217;adresser \u00e0 l&#8217;avance \u00e0 l&#8217;administration. Mail: <\/b><a title=\"\" href=\"mailto:caisse@castle-vianden.lu\" target=\"_blank\" rel=\"noopener\">caisse@castle-vianden.lu<\/a><b> <\/b>ou<i> <\/i><b>Fax: (00352) 84 92 84<\/b><\/p>\n<p>Pendant le FESTIVAL M\u00c9DI\u00c9VAL il est impossible d&#8217;organiser des visites guid\u00e9es<\/p>\n<p>*Les prix d&#8217;entr\u00e9e sont valables pour toute l&#8217;ann\u00e9e sauf pour le festival m\u00e9di\u00e9val<\/p>\n<\/div>\n<p style=\"text-align: center;\"><iframe loading=\"lazy\" style=\"border: 0;\" src=\"https:\/\/www.google.com\/maps\/embed?pb=!1m18!1m12!1m3!1d2568.06945964574!2d6.20052835164689!3d49.93503793214719!2m3!1f0!2f0!3f0!3m2!1i1024!2i768!4f13.1!3m3!1m2!1s0x47bffb7ded995801%3A0xc3f3ef9783b2bd22!2sBurg+Vianden!5e0!3m2!1sde!2slu!4v1514648739956\" width=\"800\" height=\"600\" frameborder=\"0\" allowfullscreen=\"allowfullscreen\"><\/iframe><\/p>\n<\/div>\n","protected":false},"excerpt":{"rendered":"<p>Informations Contact T\u00e9l.: (+352) 83 41 08-1 Mail:\u00a0caisse@castle-vianden.lu Site Internet: www.castle-vianden.lu &nbsp; Heures d&#8217;ouvertures e ch\u00e2teau est ouvert tous les jours a partir de 10h00* du 02.01 &#8211; 28.02 de 10.00 \u00e0 16.00 Uhr du 01.03 &#8211; 31.03 de 10.00 \u00e0 17.00 Uhr du 01.04 &#8211; 30.09 de 10.00 \u00e0 18.00 Uhr du 01.10 &#8211;&hellip;<\/p>\n","protected":false},"author":3,"featured_media":0,"parent":0,"menu_order":0,"comment_status":"closed","ping_status":"closed","template":"","meta":[],"class_list":["post-15994","page","type-page","status-publish","hentry","description-off"],"translation":{"provider":"WPGlobus","version":"2.12.2","language":"fr","enabled_languages":["de","fr"],"languages":{"de":{"title":true,"content":true,"excerpt":false},"fr":{"title":true,"content":true,"excerpt":false}}},"publishpress_future_action":{"enabled":false,"date":"2026-04-14 22:55:02","action":"change-status","newStatus":"draft","terms":[],"taxonomy":""},"_links":{"self":[{"href":"https:\/\/old-vianden.digitalvision.lu\/fr\/index.php?rest_route=\/wp\/v2\/pages\/15994","targetHints":{"allow":["GET"]}}],"collection":[{"href":"https:\/\/old-vianden.digitalvision.lu\/fr\/index.php?rest_route=\/wp\/v2\/pages"}],"about":[{"href":"https:\/\/old-vianden.digitalvision.lu\/fr\/index.php?rest_route=\/wp\/v2\/types\/page"}],"author":[{"embeddable":true,"href":"https:\/\/old-vianden.digitalvision.lu\/fr\/index.php?rest_route=\/wp\/v2\/users\/3"}],"replies":[{"embeddable":true,"href":"https:\/\/old-vianden.digitalvision.lu\/fr\/index.php?rest_route=%2Fwp%2Fv2%2Fcomments&post=15994"}],"version-history":[{"count":25,"href":"https:\/\/old-vianden.digitalvision.lu\/fr\/index.php?rest_route=\/wp\/v2\/pages\/15994\/revisions"}],"predecessor-version":[{"id":19353,"href":"https:\/\/old-vianden.digitalvision.lu\/fr\/index.php?rest_route=\/wp\/v2\/pages\/15994\/revisions\/19353"}],"wp:attachment":[{"href":"https:\/\/old-vianden.digitalvision.lu\/fr\/index.php?rest_route=%2Fwp%2Fv2%2Fmedia&parent=15994"}],"curies":[{"name":"wp","href":"https:\/\/api.w.org\/{rel}","templated":true}]}}