{"id":15985,"date":"2017-12-30T15:49:16","date_gmt":"2017-12-30T14:49:16","guid":{"rendered":"https:\/\/old-vianden.digitalvision.lu\/?page_id=15985"},"modified":"2018-01-10T14:31:38","modified_gmt":"2018-01-10T13:31:38","slug":"besucherzentrum","status":"publish","type":"page","link":"https:\/\/old-vianden.digitalvision.lu\/fr\/?page_id=15985","title":{"rendered":"Centre d&#8217;Information"},"content":{"rendered":"<p class=\"Text\" align=\"justify\"><span lang=\"FR\"><span style=\"font-family: Arial;\">Au fond de la basse-cour un ensemble de b\u00e2timents modernes, d&#8217;une longueur de 90 m\u00e8tres, abrite une taverne, avec service de boissons et petite restauration, un shop avec vente d&#8217;une gamme d&#8217;articles en relation avec le ch\u00e2teau et un mus\u00e9e didactique qui vient d&#8217;ouvrir ces portes tout r\u00e9cemment. <\/span><\/span><\/p>\n<p class=\"Text\" align=\"justify\"><span lang=\"FR\"><span style=\"font-family: Arial;\">Ce mus\u00e9e h\u00e9berge une exposition permanente sur l\u2019histoire du site, son d\u00e9veloppement et les moult phases de construction et de d\u00e9construction du ch\u00e2teau. Les seigneurs de Vianden y ont leur place, de m\u00eame que les outils n\u00e9cessaires \u00e0 la cr\u00e9ation de cette fortification qui est consid\u00e9r\u00e9e comme l&#8217;un des plus grands et des plus majestueux manoirs f\u00e9odaux des \u00e9poques romanes et gothiques en Europe. Cette exposition longue de dix stations, sur deux niveaux, \u00a0est suspendue au-dessus de vestiges arch\u00e9ologiques. Le visiteur, en suivant l\u2019ancien chemin de ronde, est men\u00e9 vers une grande projection audiovisuelle, point final de ce nouvel espace didactique.<\/span><\/span><\/p>\n<p>&nbsp;<\/p>\n<p>&nbsp;<\/p>\n","protected":false},"excerpt":{"rendered":"<p>Au fond de la basse-cour un ensemble de b\u00e2timents modernes, d&#8217;une longueur de 90 m\u00e8tres, abrite une taverne, avec service de boissons et petite restauration, un shop avec vente d&#8217;une gamme d&#8217;articles en relation avec le ch\u00e2teau et un mus\u00e9e didactique qui vient d&#8217;ouvrir ces portes tout r\u00e9cemment. Ce mus\u00e9e h\u00e9berge une exposition permanente sur&hellip;<\/p>\n","protected":false},"author":3,"featured_media":0,"parent":0,"menu_order":0,"comment_status":"closed","ping_status":"closed","template":"template-media-jgrid.php","meta":[],"class_list":["post-15985","page","type-page","status-publish","hentry","description-off"],"translation":{"provider":"WPGlobus","version":"2.12.2","language":"fr","enabled_languages":["de","fr"],"languages":{"de":{"title":true,"content":true,"excerpt":false},"fr":{"title":true,"content":true,"excerpt":false}}},"publishpress_future_action":{"enabled":false,"date":"2026-04-15 00:24:33","action":"change-status","newStatus":"draft","terms":[],"taxonomy":""},"_links":{"self":[{"href":"https:\/\/old-vianden.digitalvision.lu\/fr\/index.php?rest_route=\/wp\/v2\/pages\/15985","targetHints":{"allow":["GET"]}}],"collection":[{"href":"https:\/\/old-vianden.digitalvision.lu\/fr\/index.php?rest_route=\/wp\/v2\/pages"}],"about":[{"href":"https:\/\/old-vianden.digitalvision.lu\/fr\/index.php?rest_route=\/wp\/v2\/types\/page"}],"author":[{"embeddable":true,"href":"https:\/\/old-vianden.digitalvision.lu\/fr\/index.php?rest_route=\/wp\/v2\/users\/3"}],"replies":[{"embeddable":true,"href":"https:\/\/old-vianden.digitalvision.lu\/fr\/index.php?rest_route=%2Fwp%2Fv2%2Fcomments&post=15985"}],"version-history":[{"count":7,"href":"https:\/\/old-vianden.digitalvision.lu\/fr\/index.php?rest_route=\/wp\/v2\/pages\/15985\/revisions"}],"predecessor-version":[{"id":19518,"href":"https:\/\/old-vianden.digitalvision.lu\/fr\/index.php?rest_route=\/wp\/v2\/pages\/15985\/revisions\/19518"}],"wp:attachment":[{"href":"https:\/\/old-vianden.digitalvision.lu\/fr\/index.php?rest_route=%2Fwp%2Fv2%2Fmedia&parent=15985"}],"curies":[{"name":"wp","href":"https:\/\/api.w.org\/{rel}","templated":true}]}}