{"id":15940,"date":"2017-12-30T12:55:20","date_gmt":"2017-12-30T11:55:20","guid":{"rendered":"https:\/\/old-vianden.digitalvision.lu\/?page_id=15940"},"modified":"2018-01-10T11:37:49","modified_gmt":"2018-01-10T10:37:49","slug":"schloss-vianden","status":"publish","type":"page","link":"https:\/\/old-vianden.digitalvision.lu\/fr\/?page_id=15940","title":{"rendered":"Chateau de Vianden"},"content":{"rendered":"<div class=\"paragraph\">\n<h4><i>\u00ab La Ville et le Ch\u00e2teau de Vianden ont \u00e9t\u00e9 reconnus par les experts, qui les ont \u00e9valu\u00e9s en 2013 dans le cadre de sa demande d\u2019acc\u00e9der sur la liste du patrimoine mondial de l\u2019UNESCO, comme des \u00e9l\u00e9ments culturels remarquables qui m\u00e9ritent protection et conservation. \u00bb<\/i><\/h4>\n<h3><strong>Le Ch\u00e2teau de Vianden<\/strong><\/h3>\n<\/div>\n<p><strong>Histoire<\/strong><\/p>\n<div class=\"paragraph\">\n<p style=\"text-align: justify;\">Le Ch\u00e2teau de Vianden fut construit pendant la p\u00e9riode du 11e au 14e si\u00e8cle sur les assises d&#8217;un castel romain et d&#8217;un refuge carolingien; il est une des plus grandes et plus belles r\u00e9sidences f\u00e9odales des \u00e9poques romane et gothique de l\u2019Europe.<\/p>\n<p style=\"text-align: justify;\">Jusqu&#8217;au d\u00e9but du 15e si\u00e8cle, il \u00e9tait la demeure des puissants comtes de Vianden qui pouvaient se vanter de leurs relations avec la cour imp\u00e9riale et dont le plus glorieux, Henri Ier (1220-1250), avait comme \u00e9pouse Marguerite de Courtenay, proche parente des Cap\u00e9tiens, rois de France. En 1417, le comt\u00e9 et le ch\u00e2teau furent l\u00e9gu\u00e9s par h\u00e9ritage \u00e0 la branche cadette de la maison (allemande) de Nassau, qui, en 1530, recueillit \u00e9galement la principaut\u00e9 fran\u00e7aise d&#8217;Orange.<\/p>\n<p style=\"text-align: justify;\">La chapelle et les deux logis seigneuriaux, comme pi\u00e8ces les plus remarquables du ch\u00e2teau, ont \u00e9t\u00e9 r\u00e9alis\u00e9es vers la fin du 12e jusqu\u2019au commencement du 13e si\u00e8cle. Le quartier des Juliers \u00e0 l&#8217;ouest du logis seigneurial majeur, aujourd&#8217;hui disparu, datait du d\u00e9but du 14e si\u00e8cle, le quartier Nassau fut \u00e9rig\u00e9 seulement \u00e0 partir du 17e si\u00e8cle.<\/p>\n<p style=\"text-align: justify;\">En 1820, sous le r\u00e8gne de Guillaume Ier d&#8217;Orange-Nassau, roi des Pays-Bas et grand-duc de Luxembourg, comte de Vianden, la vente du ch\u00e2teau et la d\u00e9composition en ses \u00e9l\u00e9ments aboutissait \u00e0 l&#8217;\u00e9tat de ruine. Le ch\u00e2teau \u00e9chut en 1890 au grand-duc Adolphe de la dynastie de Nassau et resta \u00e4 partir de cette date propri\u00e9t\u00e9 de la famille grand-ducale jusqu&#8217;en 1977, o\u00f9 il devint, par acte de vente domaine de l\u2019\u00e9tat luxembourgeois. R\u00e9nov\u00e9 et reconstruit depuis-lors, tout en respectant le style historique, le ch\u00e2teau est aujourd&#8217;hui un monument de rang europ\u00e9en.<\/p>\n<\/div>\n<div class=\"clearer\"><\/div>\n<h4 class=\"clearer\"><b>Periode 1 (IV \u2013V si\u00e8cle)<\/b><\/h4>\n<p class=\"clearer\" style=\"text-align: justify;\"><b> <\/b>L&#8217;\u00e9peron rocheux qui surplombe la vall\u00e9e de l&#8217;Our a connu une premi\u00e8re occupation au Bas-Empire. La situation g\u00e9ographique ainsi que l&#8217;apport des fouilles arch\u00e9ologiques laissent pr\u00e9sumer que cette fortification fut occup\u00e9e, durant la deuxi\u00e8me moitie du lVe si\u00e8cle et la premi\u00e8re moitie du IVe si\u00e8cle, par une garnison officielle de l&#8217;arm\u00e9e romaine \u00e0 l&#8217;instar de bon nombre de castella de hauteur du pays de Tr\u00e8ves.<br \/>\nLes explorations arch\u00e9ologiques du sous-sol du ch\u00e2teau principal ont r\u00e9v\u00e8le des structures de cette fortification romaine. L&#8217;extr\u00e9mit\u00e9 sud de 1&#8217;\u00e9peron \u00e9tait gard\u00e9e par une tour carr\u00e9e d&#8217;environ 10,50 m de c\u00f4te. Deux courtines partaient des coins nord-est et ouest de la tour, en suivant la ligne de rupture des pentes. Hormis quelques trous de pieux, aucune trace de 1&#8217;amenagement int\u00e9rieur de ce fortin n &#8216;a \u00e9t\u00e9 conserv\u00e9e.<br \/>\nLe versant Nord-Ouest du monticule \u00e9tait prot\u00e9ge par une large fosse taille dans le schiste naturel.<br \/>\nLe fortin surplombant le passage de I&#8217;Our fait partie d&#8217;un ensemble de fortifications de hauteur destin\u00e9es, surtout dans la deuxi\u00e8me moitie du IV, et la premi\u00e8re moitie du Ve si\u00e8cle, \u00e0 la surveillance des voies de communication de I&#8217;arri\u00e8re-pays de Tr\u00e8ves.<br \/>\nVers le milieu du Ve si\u00e8cle, le fortin fut en partie d\u00e9truit par le feu.<\/p>\n<p>Plus d&#8217;informations sur l&#8217;histoire du ch\u00e2teau:\u00a0<a href=\"http:\/\/www.castle-vianden.lu\/francais\/histoire\/index.html\" target=\"_blank\" rel=\"noopener\">Histoire du Ch\u00e2teau de Vianden<\/a><\/p>\n<div class=\"paragraph\" style=\"text-align: justify;\"><\/div>\n","protected":false},"excerpt":{"rendered":"<p>\u00ab La Ville et le Ch\u00e2teau de Vianden ont \u00e9t\u00e9 reconnus par les experts, qui les ont \u00e9valu\u00e9s en 2013 dans le cadre de sa demande d\u2019acc\u00e9der sur la liste du patrimoine mondial de l\u2019UNESCO, comme des \u00e9l\u00e9ments culturels remarquables qui m\u00e9ritent protection et conservation. \u00bb Le Ch\u00e2teau de Vianden Histoire Le Ch\u00e2teau de Vianden&hellip;<\/p>\n","protected":false},"author":3,"featured_media":0,"parent":0,"menu_order":0,"comment_status":"closed","ping_status":"closed","template":"template-media.php","meta":[],"class_list":["post-15940","page","type-page","status-publish","hentry","description-off"],"translation":{"provider":"WPGlobus","version":"2.12.2","language":"fr","enabled_languages":["de","fr"],"languages":{"de":{"title":true,"content":true,"excerpt":false},"fr":{"title":true,"content":true,"excerpt":false}}},"publishpress_future_action":{"enabled":false,"date":"2026-04-14 22:56:09","action":"change-status","newStatus":"draft","terms":[],"taxonomy":""},"_links":{"self":[{"href":"https:\/\/old-vianden.digitalvision.lu\/fr\/index.php?rest_route=\/wp\/v2\/pages\/15940","targetHints":{"allow":["GET"]}}],"collection":[{"href":"https:\/\/old-vianden.digitalvision.lu\/fr\/index.php?rest_route=\/wp\/v2\/pages"}],"about":[{"href":"https:\/\/old-vianden.digitalvision.lu\/fr\/index.php?rest_route=\/wp\/v2\/types\/page"}],"author":[{"embeddable":true,"href":"https:\/\/old-vianden.digitalvision.lu\/fr\/index.php?rest_route=\/wp\/v2\/users\/3"}],"replies":[{"embeddable":true,"href":"https:\/\/old-vianden.digitalvision.lu\/fr\/index.php?rest_route=%2Fwp%2Fv2%2Fcomments&post=15940"}],"version-history":[{"count":13,"href":"https:\/\/old-vianden.digitalvision.lu\/fr\/index.php?rest_route=\/wp\/v2\/pages\/15940\/revisions"}],"predecessor-version":[{"id":19378,"href":"https:\/\/old-vianden.digitalvision.lu\/fr\/index.php?rest_route=\/wp\/v2\/pages\/15940\/revisions\/19378"}],"wp:attachment":[{"href":"https:\/\/old-vianden.digitalvision.lu\/fr\/index.php?rest_route=%2Fwp%2Fv2%2Fmedia&parent=15940"}],"curies":[{"name":"wp","href":"https:\/\/api.w.org\/{rel}","templated":true}]}}