{"id":15923,"date":"2017-12-30T10:38:18","date_gmt":"2017-12-30T09:38:18","guid":{"rendered":"https:\/\/old-vianden.digitalvision.lu\/?page_id=15923"},"modified":"2024-10-21T09:59:07","modified_gmt":"2024-10-21T07:59:07","slug":"commerce-a-vianden","status":"publish","type":"page","link":"https:\/\/old-vianden.digitalvision.lu\/fr\/?page_id=15923","title":{"rendered":"Commerce"},"content":{"rendered":"<table width=\"651\">\n<tbody>\n<tr>\n<td width=\"196\"><strong>Restaurants &amp; Hotels<\/strong><\/td>\n<td width=\"136\"><\/td>\n<td width=\"88\"><\/td>\n<td width=\"65\"><\/td>\n<td width=\"166\"><\/td>\n<\/tr>\n<tr>\n<td>Aal Veinen beim Hunn<\/td>\n<td>114, Grand-Rue<\/td>\n<td>L-9411 Vianden<\/td>\n<td>83 43 68<\/td>\n<td>info@beimhunn.lu<\/td>\n<\/tr>\n<tr>\n<td>Auberge de Jeunesse<\/td>\n<td>3, mt\u00e9e du Ch\u00e2teau<\/td>\n<td>L-9408 Vianden<\/td>\n<td>26 27 66 800<\/td>\n<td><u>\u00a0<\/u><\/td>\n<\/tr>\n<tr>\n<td>Ch\u00e2let Hot stone<\/td>\n<td>37, rue du Sanatorium<\/td>\n<td>L-9425 Vianden<\/td>\n<td>83 42 69<\/td>\n<td>petryjac@pt.lu<\/td>\n<\/tr>\n<tr>\n<td><\/td>\n<td><\/td>\n<td><\/td>\n<td><\/td>\n<td><\/td>\n<\/tr>\n<tr>\n<td>Hostellerie-Restaurant Nagel<\/td>\n<td>3, route de Bettel<\/td>\n<td>L-9415 Vianden<\/td>\n<td>83 45 05<\/td>\n<td>hotelnagel@pte.lu<\/td>\n<\/tr>\n<tr>\n<td>Hotel Belle-vue<\/td>\n<td>3, rue de la Gare<\/td>\n<td>L-9420 Vianden<\/td>\n<td>83 41 27<\/td>\n<td><u>info@hotelbv.com<\/u><\/td>\n<\/tr>\n<tr>\n<td><\/td>\n<td><\/td>\n<td><\/td>\n<td><\/td>\n<td><\/td>\n<\/tr>\n<tr>\n<td>Hotel Heintz<\/td>\n<td>55, Grand-Rue<\/td>\n<td>L-9410 Vianden<\/td>\n<td>83 41 55<\/td>\n<td><u>\u00a0hoheintz@pt.lu<\/u><\/td>\n<\/tr>\n<tr>\n<td>Hotel Ville de Bruxelles<\/td>\n<td>15, Grand-Rue<\/td>\n<td>L-9410 Vianden<\/td>\n<td>26 87 47 50<\/td>\n<td><u>\u00a0<\/u><\/td>\n<\/tr>\n<tr>\n<td>Hotel-Restaurant Auberge de l&#8217;Our<\/td>\n<td>35, rue de la Gare<\/td>\n<td>L-9420 Vianden<\/td>\n<td>83 46 75<\/td>\n<td><u>\u00a0<\/u><\/td>\n<\/tr>\n<tr>\n<td>Hotel-Restaurant Petry<\/td>\n<td>15, rue de la Gare<\/td>\n<td>L-9420 Vianden<\/td>\n<td>83 41 22<\/td>\n<td><u>\u00a0<\/u><\/td>\n<\/tr>\n<tr>\n<td>H\u00f4tel-Restaurant Victor Hugo<\/td>\n<td>1, rue Victor Hugo<\/td>\n<td>L-9414 Vianden<\/td>\n<td>83 41 60-1<\/td>\n<td><u>\u00a0<\/u><\/td>\n<\/tr>\n<tr>\n<td>Restaurants-Traiteur Veiner Stuff<\/td>\n<td>26, rue de la Gare<\/td>\n<td>L-9420 Vianden<\/td>\n<td>83 41 74<\/td>\n<td><u>\u00a0<\/u><\/td>\n<\/tr>\n<tr>\n<td>\u00a0Berfin Grill<\/td>\n<td>\u00a021, Grand-rue<\/td>\n<td>L-9410 Vianden<\/td>\n<td>661 732 297<\/td>\n<td><\/td>\n<\/tr>\n<tr>\n<td>Ancien Cin\u00e9ma Caf\u00e9-Club<\/td>\n<td>23, Grand-Rue<\/td>\n<td>L-9410 Vianden<\/td>\n<td>(+352) 26.87.45.32<\/td>\n<td>info@anciencinema.lu<\/td>\n<\/tr>\n<tr>\n<td>Caf\u00e9 du Pont<\/td>\n<td>1, Grand-Rue<\/td>\n<td>L-9410 Vianden<\/td>\n<td>\u00a083 40 61<\/td>\n<td><\/td>\n<\/tr>\n<tr>\n<td>Caf\u00e9 de la Poste<\/td>\n<td>10, Grand-Rue<\/td>\n<td>\u00a0L-9410 Vianden<\/td>\n<td>\n<p class=\"p1\"><span style=\"font-family: inherit; font-size: inherit;\">26 87 43 73\u00a0<\/span><\/p>\n<\/td>\n<td><\/td>\n<\/tr>\n<tr>\n<td>Brasserie des Arts<\/td>\n<td>3, Grand-Rue<\/td>\n<td>L-9410 Vianden<\/td>\n<td>26 87 44 50<\/td>\n<td><\/td>\n<\/tr>\n<tr>\n<td><\/td>\n<td><\/td>\n<td><\/td>\n<td><\/td>\n<td><\/td>\n<\/tr>\n<tr>\n<td><\/td>\n<td><\/td>\n<td><\/td>\n<td><\/td>\n<td><\/td>\n<\/tr>\n<tr>\n<td><\/td>\n<td><\/td>\n<td><\/td>\n<td><\/td>\n<td><\/td>\n<\/tr>\n<tr>\n<td><strong>Tankstellen<\/strong><\/td>\n<td><\/td>\n<td><\/td>\n<td><\/td>\n<td><\/td>\n<\/tr>\n<tr>\n<td>ARAL<\/td>\n<td>1a, route de Bettel<\/td>\n<td>L-9415 Vianden<\/td>\n<td>26 87 45 39<\/td>\n<td><\/td>\n<\/tr>\n<tr>\n<td>Q8 Service Vianden<\/td>\n<td>11, rue de la Fronti\u00e8re<\/td>\n<td>L-9412 Vianden<\/td>\n<td>84 93 61<\/td>\n<td><\/td>\n<\/tr>\n<tr>\n<td><\/td>\n<td><\/td>\n<td><\/td>\n<td><\/td>\n<td><\/td>\n<\/tr>\n<tr>\n<td><strong>Immobilien<\/strong><\/td>\n<td><\/td>\n<td><\/td>\n<td><\/td>\n<td><\/td>\n<\/tr>\n<tr>\n<td>ARCADIA FINE PROPERTIES<\/td>\n<td>20, Grand-Rue<\/td>\n<td>L-9410 Vianden<\/td>\n<td>26 63 44 22<\/td>\n<td><\/td>\n<\/tr>\n<tr>\n<td>SR Immo<\/td>\n<td>20, Grand-Rue<\/td>\n<td>L-9410 Vianden<\/td>\n<td>26 63 44 33<\/td>\n<td>contact@sri.lu<\/td>\n<\/tr>\n<tr>\n<td><\/td>\n<td><\/td>\n<td><\/td>\n<td><\/td>\n<td><\/td>\n<\/tr>\n<tr>\n<td><strong>Medizin &#8211; Kin\u00e9 &#8211; Pharmacie<\/strong><\/td>\n<td><\/td>\n<td><\/td>\n<td><\/td>\n<td><\/td>\n<\/tr>\n<tr>\n<td>Dr. Albert Bach G\u00e9n\u00e9raliste<\/td>\n<td>17, rue de la Gare<\/td>\n<td>L-9420 Vianden<\/td>\n<td>83 44 15<\/td>\n<td><\/td>\n<\/tr>\n<tr>\n<td>Pharmacie de Vianden<\/td>\n<td>27, rue de la Gare<\/td>\n<td>L-9420 Vianden<\/td>\n<td>83 46 14<\/td>\n<td><\/td>\n<\/tr>\n<tr>\n<td><\/td>\n<td><\/td>\n<td><\/td>\n<td><\/td>\n<td><\/td>\n<\/tr>\n<tr>\n<td>Dr. Laurence Thill m\u00e9decin dentiste<\/td>\n<td>19, rue de Huy<\/td>\n<td>L-9415 Vianden<\/td>\n<td>83 48 88<\/td>\n<td><\/td>\n<\/tr>\n<tr>\n<td>Kin\u00e9 Klasen Nico<\/td>\n<td>3, Imp Kalschesbach<\/td>\n<td>L-9417 Vianden<\/td>\n<td>26 874169<\/td>\n<td><\/td>\n<\/tr>\n<tr>\n<td>Gesond.lu<\/td>\n<td>1, rue de la Gare<\/td>\n<td>L-9420 Vianden<\/td>\n<td>26 78 00 40<\/td>\n<td>\u00a0<a href=\"http:\/\/www.gesond.lu\/index.php\/de\/home\/\" target=\"_blank\" rel=\"noopener noreferrer\">www.gesond.lu<\/a><\/td>\n<\/tr>\n<tr>\n<td>Ania Polfer\u00a0ART-THERAPEUTE<\/td>\n<td>\u00a06a, mont\u00e9e du ch\u00e2teau<\/td>\n<td>L-9408 Vianden<\/td>\n<td>26 87 45 60<\/td>\n<td><\/td>\n<\/tr>\n<tr>\n<td>Goetz Corinne Art Therapeute<\/td>\n<td>39, Grand-Rue<\/td>\n<td>L-9410 Vianden<\/td>\n<td>26 87 46 70<\/td>\n<td><\/td>\n<\/tr>\n<tr>\n<td><\/td>\n<td><\/td>\n<td><\/td>\n<td><\/td>\n<td><\/td>\n<\/tr>\n<tr>\n<td><strong>\u00a0Post<\/strong><\/td>\n<td><\/td>\n<td><\/td>\n<td><\/td>\n<td><\/td>\n<\/tr>\n<tr>\n<td><\/td>\n<td><\/td>\n<td><\/td>\n<td><\/td>\n<td><\/td>\n<\/tr>\n<tr>\n<td>Bureau de poste<\/td>\n<td>27, Grand-Rue<\/td>\n<td>L-9410 Vianden<\/td>\n<td>8002 &#8211; 8004<\/td>\n<td><\/td>\n<\/tr>\n<tr>\n<td><\/td>\n<td><\/td>\n<td><\/td>\n<td><\/td>\n<td><\/td>\n<\/tr>\n<tr>\n<td><strong>Miiwel<\/strong><\/td>\n<td><\/td>\n<td><\/td>\n<td><\/td>\n<td><\/td>\n<\/tr>\n<tr>\n<td>Boler GmbH<\/td>\n<td>21, rue de la Gare<\/td>\n<td>L-9420 Vianden<\/td>\n<td>84 92 69<\/td>\n<td><\/td>\n<\/tr>\n<tr>\n<td><\/td>\n<td><\/td>\n<td><\/td>\n<td><\/td>\n<td><\/td>\n<\/tr>\n<tr>\n<td><strong>K\u00ebnstler<\/strong><\/td>\n<td><\/td>\n<td><\/td>\n<td><\/td>\n<td><\/td>\n<\/tr>\n<tr>\n<td>Joels Artbox<\/td>\n<td>33, rue de la Gare<\/td>\n<td>L-9420 Vianden<\/td>\n<td><\/td>\n<td><a href=\"https:\/\/www.facebook.com\/Joelmeiers73\" target=\"_blank\" rel=\"noopener noreferrer\">https:\/\/www.facebook.com\/Joelmeiers73<\/a><\/td>\n<\/tr>\n<tr>\n<td><\/td>\n<td><\/td>\n<td><\/td>\n<td><\/td>\n<td><\/td>\n<\/tr>\n<tr>\n<td>Ania Polfer<\/td>\n<td>6a, mont\u00e9e du Ch\u00e2teau<\/td>\n<td>L-9408 Vianden<\/td>\n<td>26 32 07 17<\/td>\n<td><\/td>\n<\/tr>\n<tr>\n<td>Goetz Corinne<\/td>\n<td>39, Grand-Rue<\/td>\n<td>L-9410 Vianden<\/td>\n<td>26 87 46 70<\/td>\n<td><\/td>\n<\/tr>\n<tr>\n<td>Kerschen Marie-Jos\u00e9e<\/td>\n<td>5a, rue du Ruisseau<\/td>\n<td>L-9424 Vianden<\/td>\n<td>83 40 76<\/td>\n<td><\/td>\n<\/tr>\n<tr>\n<td>Rol Backendorf<\/td>\n<td>13, rue du Sanatorium<\/td>\n<td>L-9425 Vianden<\/td>\n<td>621 302 479<\/td>\n<td>\u00a0\u00a0rol.ba@hotmail.com<\/td>\n<\/tr>\n<tr>\n<td>Zahr\u00e9e Veerman a Christiane Schmalen<\/p>\n<p>Atelier S\u00e4itlech Verstoppt<\/td>\n<td>5A, Rue du Ruisseau<\/td>\n<td>L-9424 Vianden<\/td>\n<td>Tel: 26 61 05 38<\/td>\n<td>\n<div>\n<div><span style=\"font-family: Times New Roman,serif; font-size: medium;\">Email: <a href=\"mailto:ateliersaitlechverstoppt@pt.lu\" target=\"_blank\" rel=\"noopener noreferrer\">ateliersaitlechverstoppt@pt.lu<\/a><\/span><\/div>\n<\/div>\n<div>\n<div><span style=\"font-family: Times New Roman,serif; font-size: medium;\"><a href=\"http:\/\/ateliersaitlechverstoppt.jimdofree.com\/\" target=\"_blank\" rel=\"noopener noreferrer\">http:\/\/ateliersaitlechverstoppt.jimdofree.com\/<\/a><\/span><\/div>\n<\/div>\n<\/td>\n<\/tr>\n<tr>\n<td><\/td>\n<td><\/td>\n<td><\/td>\n<td><\/td>\n<td><\/td>\n<\/tr>\n<tr>\n<td><strong>Beekereien<\/strong><\/td>\n<td><\/td>\n<td><\/td>\n<td><\/td>\n<td><\/td>\n<\/tr>\n<tr>\n<td>Boulangerie Croissant d&#8217;or<\/td>\n<td>31, Grand-rue<\/td>\n<td>L-9410 Vianden<\/td>\n<td>83 41 40<\/td>\n<td><\/td>\n<\/tr>\n<tr>\n<td><\/td>\n<\/tr>\n<tr>\n<td><strong>Campings<\/strong><\/td>\n<td><\/td>\n<td><\/td>\n<td><\/td>\n<td><\/td>\n<\/tr>\n<tr>\n<td>Camping de l&#8217;Our<\/td>\n<td>3, route de Bettel<\/td>\n<td>L-9415 Vianden<\/td>\n<td>83 45 05<\/td>\n<td>hotelnagel@pt.lu<\/td>\n<\/tr>\n<tr>\n<td>Camping du Moulin<\/td>\n<td>route de Bettel<\/td>\n<td>L-9415 Vianden<\/td>\n<td>83 45 01<\/td>\n<td><a class=\"_rpc_i1 o365button\" tabindex=\"0\" role=\"link\" href=\"mailto:Renee.Prudhomme@old-vianden.digitalvision.lu\"><span class=\"allowTextSelection _rpc_C1 ms-font-color-themePrimary ms-font-s\" title=\"Renee.Prudhomme@old-vianden.digitalvision.lu\">Renee.Prudhomme@old-vianden.digitalvision.lu<\/span><\/a><\/td>\n<\/tr>\n<tr>\n<td>Camping Car Stellplatz<br \/>\n&#8220;op dem Deich&#8221;<\/td>\n<td>rue Neugarten<\/td>\n<td>L-9422 Vianden<\/td>\n<td><\/td>\n<td><a class=\"_rpc_i1 o365button\" tabindex=\"0\" role=\"link\" href=\"mailto:Renee.Prudhomme@old-vianden.digitalvision.lu\"><span class=\"allowTextSelection _rpc_C1 ms-font-color-themePrimary ms-font-s\" title=\"Renee.Prudhomme@old-vianden.digitalvision.lu\">Renee.Prudhomme@old-vianden.digitalvision.lu<\/span><\/a><\/td>\n<\/tr>\n<tr>\n<td><\/td>\n<td><\/td>\n<td><\/td>\n<td><\/td>\n<td><\/td>\n<\/tr>\n<tr>\n<td><strong>Chauffage-Sanitaire<\/strong><\/td>\n<td><\/td>\n<td><\/td>\n<td><\/td>\n<td><\/td>\n<\/tr>\n<tr>\n<td>Chauffage-Sanitaire Percy Rauchs<\/td>\n<td>26, rue du Vieux March\u00e9<\/td>\n<td>L-9419 Vianden<\/td>\n<td>80 32 98<\/td>\n<td>p-rauchs@pt.lu<\/td>\n<\/tr>\n<tr>\n<td>Colmesch Otto GmbH<\/td>\n<td>27, rue du Vieux March\u00e9<\/td>\n<td>L-9419 Vianden<\/td>\n<td>26 87 48 88<\/td>\n<td>\u00a0info@colmesch.de<\/td>\n<\/tr>\n<tr>\n<td>Creatherm S.A.<\/td>\n<td>12, rue de la Fronti\u00e8re<\/td>\n<td>L-9412 Vianden<\/td>\n<td>26 87 55-1<\/td>\n<td><\/td>\n<\/tr>\n<tr>\n<td><\/td>\n<td><\/td>\n<td><\/td>\n<td><\/td>\n<td><\/td>\n<\/tr>\n<tr>\n<td><strong>Coiffeurs<\/strong><\/td>\n<td><\/td>\n<td><\/td>\n<td><\/td>\n<td><\/td>\n<\/tr>\n<tr>\n<td>Salon Haarisch s.a.r.l.<\/td>\n<td>20, rue de la Gare<\/td>\n<td>L-9420 Vianden<\/td>\n<td>26 87 41 96<\/td>\n<td><\/td>\n<\/tr>\n<tr>\n<td>Salon le Coiffeur Bettina Juengels<\/td>\n<td>2c, rue des Jardins<\/td>\n<td>L-9416 Vianden<\/td>\n<td>83 41 82<\/td>\n<td><\/td>\n<\/tr>\n<tr>\n<td>Salon Stephany s.a.r.l.<\/td>\n<td>34, Grand-Rue<\/td>\n<td>L-9410 Vianden<\/td>\n<td>84 93 06<\/td>\n<td><\/td>\n<\/tr>\n<tr>\n<td>\n<p class=\"x3AX1-LfntMc-header-title-title gm2-headline-5\">Manieri Coiffeur<\/p>\n<\/td>\n<td>3a Rue du Sanatorium,<\/td>\n<td>L-9425 Vianden<\/td>\n<td><\/td>\n<td><\/td>\n<\/tr>\n<tr>\n<td>\n<p class=\"x3AX1-LfntMc-header-title-title gm2-headline-5\">\n<\/td>\n<td><\/td>\n<td><\/td>\n<td><\/td>\n<td><\/td>\n<\/tr>\n<tr>\n<td><strong>Servicebetrieb<\/strong><\/td>\n<td><\/td>\n<td><\/td>\n<td><\/td>\n<td><\/td>\n<\/tr>\n<tr>\n<td>Coffee Company SA<\/td>\n<td>1, rte de Diekirch<\/td>\n<td>L-9409 Vianden<\/td>\n<td>26 87 40 57<\/td>\n<td>info@coffeecompany.lu<\/td>\n<\/tr>\n<tr>\n<td>Osch &amp; fils s.a.r.l.<\/td>\n<td>Route de bettel 4 ZAE,<\/td>\n<td>L-9415 Vianden<\/td>\n<td>83 41 41-1<\/td>\n<td>gilles.osch@osch.lu<\/td>\n<\/tr>\n<tr>\n<td width=\"196\">Proregio Regionalberatung &amp; Studienreisen<\/td>\n<td>45, rue du Sanatorium<\/td>\n<td>L-9425 Vianden<\/td>\n<td>83 46 26<\/td>\n<td><\/td>\n<\/tr>\n<tr>\n<td width=\"196\">Soci\u00e9t\u00e9 Electrique de l&#8217;Our S.A.<\/td>\n<td>rue du Vieux-March\u00e9<\/td>\n<td>L-9419 Vianden<\/td>\n<td>28 27-1<\/td>\n<td><\/td>\n<\/tr>\n<tr>\n<td width=\"196\">Insane Creative Studio<\/td>\n<td>Neugarten<\/td>\n<td>L-9422 Vianden<\/td>\n<td>621 387 222<\/td>\n<td><a href=\"https:\/\/insane.lu\" target=\"_blank\" rel=\"noopener noreferrer\">https:\/\/insane.lu<\/a><\/td>\n<\/tr>\n<tr>\n<td width=\"196\"><\/td>\n<td><\/td>\n<td><\/td>\n<td><\/td>\n<td><\/td>\n<\/tr>\n<tr>\n<td><strong>Electricien<\/strong><\/td>\n<td><\/td>\n<td><\/td>\n<td><\/td>\n<td><\/td>\n<\/tr>\n<tr>\n<td>Electricit\u00e9 Jean Scheer et Ass.<\/td>\n<td>2c, r. Th\u00e9odore Bassing<\/td>\n<td>L-9405 Vianden<\/td>\n<td>83 42 16<\/td>\n<td><\/td>\n<\/tr>\n<tr>\n<td><\/td>\n<\/tr>\n<tr>\n<td><strong>Mus\u00e9e<\/strong><\/td>\n<td><\/td>\n<td><\/td>\n<td><\/td>\n<td><\/td>\n<\/tr>\n<tr>\n<td width=\"196\">Les Amis du Ch\u00e2teau de Vianden a.s.b.l.<\/td>\n<td>B.P. 26<\/td>\n<td>L-9401 Vianden<\/td>\n<td>83 41 08-1<\/td>\n<td>info@castle-vianden.lu<\/td>\n<\/tr>\n<tr>\n<td>Mus\u00e9e Litt\u00e9raire Victor Hugo<\/td>\n<td>37, rue de la Gare<\/td>\n<td>L-9420 Vianden<\/td>\n<td>26 87 40 88<\/td>\n<td>musee@victor-hugo.lu<\/td>\n<\/tr>\n<tr>\n<td>Mus\u00e9e de l&#8217;Histoire de Vianden<\/td>\n<td>96-98, Grand-Rue<\/td>\n<td>L-9411 Vianden<\/td>\n<td>83 45 91<\/td>\n<td><\/td>\n<\/tr>\n<tr>\n<td><\/td>\n<td><\/td>\n<td><\/td>\n<td><\/td>\n<td><\/td>\n<\/tr>\n<tr>\n<td><strong>Attractions<\/strong><\/td>\n<td><\/td>\n<td><\/td>\n<td><\/td>\n<td><u>\u00a0<\/u><\/td>\n<\/tr>\n<tr>\n<td>T\u00e9l\u00e9si\u00e8ge de Vianden<\/td>\n<td>37, rue du Sanatorium<\/td>\n<td>L-9425 Vianden<\/td>\n<td><\/td>\n<td><\/td>\n<\/tr>\n<tr>\n<td><\/td>\n<td><\/td>\n<td><\/td>\n<td><\/td>\n<td><\/td>\n<\/tr>\n<tr>\n<td><\/td>\n<td><\/td>\n<td><\/td>\n<td><\/td>\n<td><\/td>\n<\/tr>\n<tr>\n<td><\/td>\n<td><\/td>\n<td><\/td>\n<td><\/td>\n<td><\/td>\n<\/tr>\n<tr>\n<td><strong>Sozialariichtungen<\/strong><\/td>\n<td><\/td>\n<td><\/td>\n<td><\/td>\n<td><\/td>\n<\/tr>\n<tr>\n<td width=\"196\">Foyer de Jour Kannervilla &#8220;Gep\u00ebppelte M\u00ebmmel&#8221; a.s.b.l.<\/td>\n<td>43, rue du Sanatorium<\/td>\n<td>L-9425 Vianden<\/td>\n<td>83 43 82-1<\/td>\n<td><\/td>\n<\/tr>\n<tr>\n<td width=\"196\">HELP aides et soins<\/td>\n<td>B.P. 31<\/td>\n<td>L-9401 Vianden<\/td>\n<td>27 55 32 80<\/td>\n<td>vianden.croix-rouge@help.lu<\/td>\n<\/tr>\n<tr>\n<td width=\"196\">Maison de soins SERVIOR Schlassbl\u00e9ck<\/td>\n<td>4, rue de la Fonti\u00e8re<\/td>\n<td>L-9412 Vianden<\/td>\n<td>26.872<\/td>\n<td><u>\u00a0<\/u><\/td>\n<\/tr>\n<tr>\n<td width=\"196\">Maison de soins SERVIOR Sanatorium<\/td>\n<td><\/td>\n<td>L-9440 Vianden<\/td>\n<td>83 44 84-1<\/td>\n<td><u>\u00a0<\/u><\/td>\n<\/tr>\n<tr>\n<td width=\"196\">Maison des Jeunes Vianden a.s.b.l.<\/td>\n<td>16, rue de Huy<\/td>\n<td>L-9415 Vianden<\/td>\n<td>26 87 41 00<\/td>\n<td><u>\u00a0<\/u><\/td>\n<\/tr>\n<tr>\n<td width=\"196\"><\/td>\n<td><\/td>\n<td><\/td>\n<td><\/td>\n<td><\/td>\n<\/tr>\n<tr>\n<td width=\"196\"><strong>Gedrinkshandel<\/strong><\/td>\n<td><\/td>\n<td><\/td>\n<td><\/td>\n<td><u>\u00a0<\/u><\/td>\n<\/tr>\n<tr>\n<td width=\"196\">Veiner Gedrinkshandel s.a.r.l.<\/td>\n<td>Route de bettel 3 ZAE<\/td>\n<td>L-9415 Vianden<\/td>\n<td>26 87 57 57<\/td>\n<td><\/td>\n<\/tr>\n<tr>\n<td width=\"196\"><strong>Epiceries<\/strong><\/td>\n<td><\/td>\n<td><\/td>\n<td><\/td>\n<td><\/td>\n<\/tr>\n<tr>\n<td width=\"196\">MAc Sadiacastle<\/td>\n<td>81, Grand-Rue<\/td>\n<td>L-9411 Vianden<\/td>\n<td>621 597 386<\/td>\n<td><\/td>\n<\/tr>\n<tr>\n<td width=\"196\">Epicerie Matos<\/td>\n<td>22, Grand-Rue<\/td>\n<td>\u00a0L-9410 Vianden<\/td>\n<td>26 87 48 87<\/td>\n<td><\/td>\n<\/tr>\n<tr>\n<td width=\"196\"><\/td>\n<\/tr>\n<tr>\n<td width=\"196\"><\/td>\n<td><\/td>\n<td><\/td>\n<td><\/td>\n<td><\/td>\n<\/tr>\n<tr>\n<td><strong>Autogarages<\/strong><\/td>\n<td><\/td>\n<td><\/td>\n<td><\/td>\n<td><\/td>\n<\/tr>\n<tr>\n<td>Garage Fischels Herbert<\/td>\n<td>1, rue de Huy<\/td>\n<td>L-9415 Vianden<\/td>\n<td>83 48 77<\/td>\n<td><\/td>\n<\/tr>\n<tr>\n<td>Cityrec S\u00e0rl<\/td>\n<td>13 rue Neugarten<\/td>\n<td>L-9422 Vianden<\/td>\n<td>52 33 81<\/td>\n<td><\/td>\n<\/tr>\n<tr>\n<td><\/td>\n<td><\/td>\n<td><\/td>\n<td><\/td>\n<td><\/td>\n<\/tr>\n<tr>\n<td><strong>Auto Ecole<\/strong><\/td>\n<td><\/td>\n<td><\/td>\n<td><\/td>\n<td><\/td>\n<\/tr>\n<tr>\n<td>Auto Ecole Youdrive<\/td>\n<td>25, rue de la Gare<\/td>\n<td>L-9419 Vianden<\/td>\n<td>26784610<\/td>\n<td><a href=\"mailto:info@youdrive.info\">Info@youdrive.info<\/a><\/td>\n<\/tr>\n<tr>\n<td><\/td>\n<td><\/td>\n<td><\/td>\n<td><\/td>\n<td><\/td>\n<\/tr>\n<tr>\n<td><strong>Menuiserie<\/strong><\/td>\n<td><\/td>\n<td><\/td>\n<td><\/td>\n<td><\/td>\n<\/tr>\n<tr>\n<td>Holweck Menuiserie s.\u00e0.r.l.<\/td>\n<td>Route de bettel ZAE<\/td>\n<td>L-9415 Vianden<\/td>\n<td>83 40 66<\/td>\n<td><a href=\"mailto:info@holweck.lu\">info@holweck.lu<\/a><\/td>\n<\/tr>\n<tr>\n<td><\/td>\n<td><\/td>\n<td><\/td>\n<td><\/td>\n<td><\/td>\n<\/tr>\n<tr>\n<td><strong>Daachdeeker<\/strong><\/td>\n<td><\/td>\n<td><\/td>\n<td><\/td>\n<td><u>\u00a0<\/u><\/td>\n<\/tr>\n<tr>\n<td>Metty Weyrich &amp; Fils<\/td>\n<td>6, rue des Jardins<\/td>\n<td>L-9416 Vianden<\/td>\n<td>83 42 28<\/td>\n<td>mweyrich@pt.lu<\/td>\n<\/tr>\n<tr>\n<td><\/td>\n<td><\/td>\n<td><\/td>\n<td><\/td>\n<td><\/td>\n<\/tr>\n<tr>\n<td><strong>Pompes Fun\u00e8bres\u00a0<\/strong><\/td>\n<td><\/td>\n<td><\/td>\n<td><\/td>\n<td><\/td>\n<\/tr>\n<tr>\n<td>Stranen Pompes Funebres<\/td>\n<td>84, Grand-Rue<\/td>\n<td>L-9410 Vianden<\/td>\n<td width=\"65\">99 80 35<\/td>\n<td>astranen@pt.lu<\/td>\n<\/tr>\n<tr>\n<td><\/td>\n<td><\/td>\n<td><\/td>\n<td width=\"65\"><\/td>\n<td><\/td>\n<\/tr>\n<tr>\n<td><strong>Peintres<\/strong><\/td>\n<td><\/td>\n<td><\/td>\n<td><\/td>\n<td><\/td>\n<\/tr>\n<tr>\n<td>Peinture Ralf Schulze s.a.r.l.<\/td>\n<td>20, rue du Sanatorium<\/td>\n<td>L-9425 Vianden<\/td>\n<td>26 87 41 66<\/td>\n<td><\/td>\n<\/tr>\n<tr>\n<td><\/td>\n<td><\/td>\n<td><\/td>\n<td><\/td>\n<td><\/td>\n<\/tr>\n<tr>\n<td><strong>Wantergoort Bauelem\u00ebnter<\/strong><\/td>\n<td><\/td>\n<td><\/td>\n<td><\/td>\n<td><\/td>\n<\/tr>\n<tr>\n<td>Ziewers s.a.r.l.<\/td>\n<td>24, rue de la Gare<\/td>\n<td>L-9420 Vianden<\/td>\n<td>26 71 49 20<\/td>\n<td><\/td>\n<\/tr>\n<tr>\n<td><\/td>\n<td><\/td>\n<td><\/td>\n<td><\/td>\n<td><\/td>\n<\/tr>\n<tr>\n<td><strong>Entrepreneur<\/strong><\/td>\n<td><\/td>\n<td><\/td>\n<td><\/td>\n<td><\/td>\n<\/tr>\n<tr>\n<td>Vinandy Th\u00e9o<\/td>\n<td>11, rue de la Fronti\u00e8re<\/td>\n<td>L-9412 Vianden<\/td>\n<td>83 41 26<\/td>\n<td><\/td>\n<\/tr>\n<tr>\n<td><\/td>\n<td>1, rue de Huy<\/td>\n<td>L-9415 Vianden<\/td>\n<td>83 48 20<\/td>\n<td><\/td>\n<\/tr>\n<tr>\n<td><\/td>\n<td><\/td>\n<td><\/td>\n<td><\/td>\n<td><\/td>\n<\/tr>\n<tr>\n<td><strong>Architect<\/strong><\/td>\n<td><\/td>\n<td><\/td>\n<td><\/td>\n<td><\/td>\n<\/tr>\n<tr>\n<td width=\"196\">Reicher &amp; Haase, Atelier d&#8217;Architecture et d&#8217;Urbanisme<\/td>\n<td>45, rue du Sanatorium<\/td>\n<td>L-9425 Vianden<\/td>\n<td>83 46 06<\/td>\n<td><\/td>\n<\/tr>\n<tr>\n<td width=\"196\"><\/td>\n<td><\/td>\n<td><\/td>\n<td><\/td>\n<td><\/td>\n<\/tr>\n<tr>\n<td><strong>DIVERS<\/strong><\/td>\n<td><\/td>\n<td><\/td>\n<td><\/td>\n<td><\/td>\n<\/tr>\n<tr>\n<td>RT-Tect s.a.r.l.<\/td>\n<td>31, rue de la Gare<\/td>\n<td>L-9420 Vianden<\/td>\n<td>26 87 43 09<\/td>\n<td><\/td>\n<\/tr>\n<\/tbody>\n<\/table>\n","protected":false},"excerpt":{"rendered":"<p>Restaurants &amp; Hotels Aal Veinen beim Hunn 114, Grand-Rue L-9411 Vianden 83 43 68 info@beimhunn.lu Auberge de Jeunesse 3, mt\u00e9e du Ch\u00e2teau L-9408 Vianden 26 27 66 800 \u00a0 Ch\u00e2let Hot stone 37, rue du Sanatorium L-9425 Vianden 83 42 69 petryjac@pt.lu Hostellerie-Restaurant Nagel 3, route de Bettel L-9415 Vianden 83 45 05 hotelnagel@pte.lu Hotel&hellip;<\/p>\n","protected":false},"author":3,"featured_media":0,"parent":0,"menu_order":0,"comment_status":"closed","ping_status":"closed","template":"","meta":[],"class_list":["post-15923","page","type-page","status-publish","hentry","description-off"],"translation":{"provider":"WPGlobus","version":"2.12.2","language":"fr","enabled_languages":["de","fr"],"languages":{"de":{"title":true,"content":true,"excerpt":false},"fr":{"title":true,"content":false,"excerpt":false}}},"publishpress_future_action":{"enabled":false,"date":"2026-04-15 00:25:14","action":"change-status","newStatus":"draft","terms":[],"taxonomy":""},"_links":{"self":[{"href":"https:\/\/old-vianden.digitalvision.lu\/fr\/index.php?rest_route=\/wp\/v2\/pages\/15923","targetHints":{"allow":["GET"]}}],"collection":[{"href":"https:\/\/old-vianden.digitalvision.lu\/fr\/index.php?rest_route=\/wp\/v2\/pages"}],"about":[{"href":"https:\/\/old-vianden.digitalvision.lu\/fr\/index.php?rest_route=\/wp\/v2\/types\/page"}],"author":[{"embeddable":true,"href":"https:\/\/old-vianden.digitalvision.lu\/fr\/index.php?rest_route=\/wp\/v2\/users\/3"}],"replies":[{"embeddable":true,"href":"https:\/\/old-vianden.digitalvision.lu\/fr\/index.php?rest_route=%2Fwp%2Fv2%2Fcomments&post=15923"}],"version-history":[{"count":39,"href":"https:\/\/old-vianden.digitalvision.lu\/fr\/index.php?rest_route=\/wp\/v2\/pages\/15923\/revisions"}],"predecessor-version":[{"id":25317,"href":"https:\/\/old-vianden.digitalvision.lu\/fr\/index.php?rest_route=\/wp\/v2\/pages\/15923\/revisions\/25317"}],"wp:attachment":[{"href":"https:\/\/old-vianden.digitalvision.lu\/fr\/index.php?rest_route=%2Fwp%2Fv2%2Fmedia&parent=15923"}],"curies":[{"name":"wp","href":"https:\/\/api.w.org\/{rel}","templated":true}]}}