{"id":15724,"date":"2017-12-27T14:22:11","date_gmt":"2017-12-27T13:22:11","guid":{"rendered":"https:\/\/old-vianden.digitalvision.lu\/?page_id=15724"},"modified":"2018-01-10T11:55:30","modified_gmt":"2018-01-10T10:55:30","slug":"festungsmauer","status":"publish","type":"page","link":"https:\/\/old-vianden.digitalvision.lu\/fr\/?page_id=15724","title":{"rendered":"Remparts"},"content":{"rendered":"<h3><img loading=\"lazy\" decoding=\"async\" class=\"size-large wp-image-15730 aligncenter\" src=\"https:\/\/old-vianden.digitalvision.lu\/wp-content\/uploads\/2017\/12\/Ringmauer_Pano_Drone_2017-1-von-1-1024x227.jpg\" alt=\"\" width=\"1024\" height=\"227\" srcset=\"https:\/\/old-vianden.digitalvision.lu\/wp-content\/uploads\/2017\/12\/Ringmauer_Pano_Drone_2017-1-von-1-1024x227.jpg 1024w, https:\/\/old-vianden.digitalvision.lu\/wp-content\/uploads\/2017\/12\/Ringmauer_Pano_Drone_2017-1-von-1-150x33.jpg 150w, https:\/\/old-vianden.digitalvision.lu\/wp-content\/uploads\/2017\/12\/Ringmauer_Pano_Drone_2017-1-von-1-300x67.jpg 300w, https:\/\/old-vianden.digitalvision.lu\/wp-content\/uploads\/2017\/12\/Ringmauer_Pano_Drone_2017-1-von-1-768x170.jpg 768w, https:\/\/old-vianden.digitalvision.lu\/wp-content\/uploads\/2017\/12\/Ringmauer_Pano_Drone_2017-1-von-1.jpg 2000w\" sizes=\"auto, (max-width: 1024px) 100vw, 1024px\" \/><\/h3>\n<h3>Les Remparts<\/h3>\n<div>\n<div>\n<p style=\"text-align: justify;\">D\u00e9pourvue de v\u00e9g\u00e9tation et pr\u00e9serv\u00e9e de toute construction annexe, la ceinture fortifi\u00e9e sillonne les collines bordant la ville jusqu&#8217;\u00e0 l&#8217;imposant ch\u00e2teau f\u00e9odal, offrant par endroits d&#8217;impressionnantes perspectives sur l&#8217;ouvrage. Depuis les ann\u00e9es 1960, des restaurations et des reconstructions partielles assurent la sauvegarde de ce majestueux monument du pass\u00e9. A l&#8217;int\u00e9rieur des remparts, on d\u00e9couvre un sch\u00e9ma urbain historique qui est d\u00e9limit\u00e9 dont les proportions des b\u00e2tisses n&#8217;ont gu\u00e8re \u00e9volu\u00e9es.<\/p>\n<\/div>\n<div style=\"text-align: justify;\">\n<p><strong>La cit\u00e9 fortifi\u00e9e<\/strong><\/p>\n<\/div>\n<div style=\"text-align: justify;\">\n<p>D\u00e8s le haut moyen-\u00e2ge, une cit\u00e9 est apparue au pied de la colline du ch\u00e2teau, fortifi\u00e9e depuis la fin de l&#8217;antiquit\u00e9. Elle devint une ville durant la premi\u00e8re moiti\u00e9 du XIIIe si\u00e8cle: le comte fit \u00e9difier un h\u00f4pital, les moines trinitaires b\u00e2tirent un oratoire et un cimeti\u00e8re, puis un clo\u00eetre et une \u00e9glise. Les restes d&#8217;une tour d&#8217;habitation adjacente \u00e0 l&#8217;h\u00f4pital sont les seules traces d&#8217;habitat de cette \u00e9poque. Les fouilles arch\u00e9ologiques ont r\u00e9v\u00e9l\u00e9 une voie de passage parall\u00e8le au cours d&#8217;eau \u00e0 environ 20 m de la route actuelle. La premi\u00e8re fortification de la ville est attest\u00e9e par des documents \u00e9crits, tandis que la liaison entre le mur d&#8217;enceinte et le ch\u00e2teau repose sur des d\u00e9couvertes arch\u00e9ologiques. Le trac\u00e9 exact des fortifications n&#8217;est pas d\u00e9fini, mais il pourrait correspondre au mur plus r\u00e9cent entre la rivi\u00e8re et le march\u00e9. Une porte inf\u00e9rieure permettait la travers\u00e9e du cours d&#8217;eau \u00e0 l&#8217;est. Une porte sup\u00e9rieure contr\u00f4lait l&#8217;entr\u00e9e ouest du bourg. Une tour de garde servait \u00e0 guetter les assaillants. Les autres tours jalonnant les remparts \u00e9taient des tours ouverte \u00e0 la gorge, comme de coutume au XIIIe si\u00e8cle. De l&#8217;autre c\u00f4t\u00e9 de la rivi\u00e8re, la porte inf\u00e9rieure vit rapidement appara\u00eetre un faubourg et une \u00e9glise, et un march\u00e9 s&#8217;installa devant la porte sup\u00e9rieure.<\/p>\n<\/div>\n<div style=\"text-align: justify;\">\n<p><strong>De la fortification au patrimoine culturel<\/strong><\/p>\n<\/div>\n<div style=\"text-align: justify;\">En 1744, les citoyens de Vianden s&#8217;effor\u00e7aient encore d&#8217;entretenir les fortifications de la ville, en sollicitant l&#8217;aide financi\u00e8re du bailli. Cette tradition ne tarda n\u00e9anmoins pas \u00e0 s&#8217;\u00e9teindre: en 1776, les premi\u00e8res tours furent c\u00e9d\u00e9es au plus offrant, tandis que les recettes de l&#8217;imp\u00f4t sur le vin, cr\u00e9e en 1453, qui servaient \u00e0 financer les travaux de construction et d&#8217;entretien des remparts, furent employ\u00e9es \u00e0 d&#8217;autres fins \u00e0 partir de 1787. Devenues des obstacles \u00e0 la circulation, les portes de la ville furent d\u00e9truites entre 1835 et 1850.<\/div>\n<div>\n<p style=\"text-align: justify;\">Depuis la recrudescence du tourisme et la restauration du ch\u00e2teau au XIXe si\u00e8cle, les restes des remparts connaissent un regain d&#8217;int\u00e9r\u00eat. Class\u00e9e au patrimoine culturel depuis 1938, la ville n&#8217;a cependant pas fait l&#8217;objet de d\u00e9couvertes majeures des arch\u00e9ologues \u00e0 ce jour.<\/p>\n<p><img loading=\"lazy\" decoding=\"async\" class=\"alignnone size-large wp-image-16124 aligncenter\" src=\"https:\/\/old-vianden.digitalvision.lu\/wp-content\/uploads\/2017\/12\/remparts-1-von-1-1024x575.jpg\" alt=\"\" width=\"1024\" height=\"575\" srcset=\"https:\/\/old-vianden.digitalvision.lu\/wp-content\/uploads\/2017\/12\/remparts-1-von-1-1024x575.jpg 1024w, https:\/\/old-vianden.digitalvision.lu\/wp-content\/uploads\/2017\/12\/remparts-1-von-1-150x84.jpg 150w, https:\/\/old-vianden.digitalvision.lu\/wp-content\/uploads\/2017\/12\/remparts-1-von-1-250x141.jpg 250w, https:\/\/old-vianden.digitalvision.lu\/wp-content\/uploads\/2017\/12\/remparts-1-von-1-768x432.jpg 768w, https:\/\/old-vianden.digitalvision.lu\/wp-content\/uploads\/2017\/12\/remparts-1-von-1.jpg 2000w\" sizes=\"auto, (max-width: 1024px) 100vw, 1024px\" \/><\/p>\n<\/div>\n<\/div>\n","protected":false},"excerpt":{"rendered":"<p>Les Remparts D\u00e9pourvue de v\u00e9g\u00e9tation et pr\u00e9serv\u00e9e de toute construction annexe, la ceinture fortifi\u00e9e sillonne les collines bordant la ville jusqu&#8217;\u00e0 l&#8217;imposant ch\u00e2teau f\u00e9odal, offrant par endroits d&#8217;impressionnantes perspectives sur l&#8217;ouvrage. Depuis les ann\u00e9es 1960, des restaurations et des reconstructions partielles assurent la sauvegarde de ce majestueux monument du pass\u00e9. A l&#8217;int\u00e9rieur des remparts, on&hellip;<\/p>\n","protected":false},"author":3,"featured_media":0,"parent":0,"menu_order":0,"comment_status":"closed","ping_status":"closed","template":"","meta":[],"class_list":["post-15724","page","type-page","status-publish","hentry","description-off"],"translation":{"provider":"WPGlobus","version":"2.12.2","language":"fr","enabled_languages":["de","fr"],"languages":{"de":{"title":true,"content":true,"excerpt":false},"fr":{"title":true,"content":true,"excerpt":false}}},"publishpress_future_action":{"enabled":false,"date":"2026-04-15 00:25:12","action":"change-status","newStatus":"draft","terms":[],"taxonomy":""},"_links":{"self":[{"href":"https:\/\/old-vianden.digitalvision.lu\/fr\/index.php?rest_route=\/wp\/v2\/pages\/15724","targetHints":{"allow":["GET"]}}],"collection":[{"href":"https:\/\/old-vianden.digitalvision.lu\/fr\/index.php?rest_route=\/wp\/v2\/pages"}],"about":[{"href":"https:\/\/old-vianden.digitalvision.lu\/fr\/index.php?rest_route=\/wp\/v2\/types\/page"}],"author":[{"embeddable":true,"href":"https:\/\/old-vianden.digitalvision.lu\/fr\/index.php?rest_route=\/wp\/v2\/users\/3"}],"replies":[{"embeddable":true,"href":"https:\/\/old-vianden.digitalvision.lu\/fr\/index.php?rest_route=%2Fwp%2Fv2%2Fcomments&post=15724"}],"version-history":[{"count":13,"href":"https:\/\/old-vianden.digitalvision.lu\/fr\/index.php?rest_route=\/wp\/v2\/pages\/15724\/revisions"}],"predecessor-version":[{"id":16300,"href":"https:\/\/old-vianden.digitalvision.lu\/fr\/index.php?rest_route=\/wp\/v2\/pages\/15724\/revisions\/16300"}],"wp:attachment":[{"href":"https:\/\/old-vianden.digitalvision.lu\/fr\/index.php?rest_route=%2Fwp%2Fv2%2Fmedia&parent=15724"}],"curies":[{"name":"wp","href":"https:\/\/api.w.org\/{rel}","templated":true}]}}