{"id":15692,"date":"2017-12-27T13:39:29","date_gmt":"2017-12-27T12:39:29","guid":{"rendered":"https:\/\/old-vianden.digitalvision.lu\/?page_id=15692"},"modified":"2017-12-30T20:21:47","modified_gmt":"2017-12-30T19:21:47","slug":"kirchen-kapellen","status":"publish","type":"page","link":"https:\/\/old-vianden.digitalvision.lu\/fr\/?page_id=15692","title":{"rendered":"PATRIMOINE RELIGIEUX &#8211; CULTUREL"},"content":{"rendered":"<div class=\"wpb-content-wrapper\"><h4>VIANDEN, SON PATRIMOINE RELIGIEUX &#8211; CULTUREL<\/h4>\n<h4>L\u2019EGLISE DES TRINITAIRES<\/h4>\n<p style=\"text-align: justify;\">&#8216;C\u2019est gr\u00e2ce \u00e0 Henri Ier, comte de Vianden de 1214 \u00e0 1252, qu\u2019elle fut \u00e9rig\u00e9e avec le clo\u00eetre, en les ann\u00e9es de 1248 \u00e0 1258. En effet, c\u2019est dans le contexte des croisades que Henri promit d\u2019installer l\u2019Ordre des Trinitaires \u00e0 Vianden, d\u2019y construire une \u00e9glise, un clo\u00eetre et un hospice.<br \/>\nL\u2019\u00e9difice est une \u00e9glise-halle \u00e0 deux nefs, divis\u00e9e en cinq trav\u00e9es, toutes les pierres \u00e9tant taill\u00e9es en gr\u00e8s rouge. (Les pierres jaunes datent d\u2019une \u00e9poque ult\u00e9rieure). La nef vers le sud, adjacente au clo\u00eetre, \u00e9tait r\u00e9serv\u00e9e aux moines lors des offices religieux, tandis que l\u2019autre \u00e9tait destin\u00e9e aux bourgeois, aux croyants.<br \/>\nL\u2019\u00e9glise poss\u00e9dait d\u00e8s le d\u00e9but une base rectangulaire de 26 sur 10 m\u00e8tres, dont la trav\u00e9e \u00e0 l\u2019est s\u2019\u00e9tendait au-dessus d\u2019un choeur peu prononc\u00e9 (situation jusqu\u2019en 1644). La vo\u00fbte repose au milieu sur quatre colonnes, dont trois \u00e0 base ronde, la 4e comme pilier fascicul\u00e9, et sur des demi-colonnes aux murs ext\u00e9rieurs renforc\u00e9s par des contreforts \u00e0 l\u2019ext\u00e9rieur, c\u00f4t\u00e9 rue seulement. En y regardant de pr\u00e8s, on peut d\u00e9couvrir dix jolies clefs de vo\u00fbtes, (dont s\u2019ajoutaient encore trois autres au choeur de 1644), quatre chapiteaux orn\u00e9s de roses et de feuillage, des consoles aux arcs formerets et arcs-doubleaux avec des grotesques humaines et fantaisistes.<br \/>\nL\u2019\u00e9glise des Trinitaires se trouvait jadis sous un toit en b\u00e2ti\u00e8re avec deux croupes, surmont\u00e9 d\u2019un lanterneau. Lors de la construction du choeur suppl\u00e9mentaire en 1644, un deuxi\u00e8me lanterneau s\u2019ajouta sur le toit de ce choeur. Celui-ci mit fin \u00e0 la forme rectangulaire de l\u2019\u00e9glise, cr\u00e9ant un plan horizontal atypique, de forme asym\u00e9trique (voir cath\u00e9drale de Quimper et de Bautzen, plan ci-apr\u00e8s). D\u2019ailleurs, la sym\u00e9trie de l\u2019\u00e9glise n\u2019\u00e9tait jamais parfaite, vu que les piliers ext\u00e9rieurs se trouvaient seulement des c\u00f4t\u00e9s nord et ouest, le c\u00f4t\u00e9 sud \u00e9tant adjacent au mur du clo\u00eetre qui assumait la fonction statique.<br \/>\nEtrange est le fait, que l\u2019axe du choeur a une d\u00e9viation horizontale de quatre degr\u00e9s vers la gauche, en relation avec l\u2019axe de la nef, effet qui est probablement du \u00e0 la formation du terrain incommod\u00e9 par le ruisseau d\u2019\u00e0 c\u00f4t\u00e9.<br \/>\nLe choeur ne restait pas la seule modification. En 1693, lors de l\u2019installation d\u2019un orgue, il fallait construire une tribune ad\u00e9quate.<br \/>\nEn outre, il fallait am\u00e9nager une sacristie (1791), lorsque le couvent fut supprim\u00e9 et vendu en 1783.<\/p>\n<p>&nbsp;<\/p>\n<h4>L\u2019\u00c9GLISE SAINT-NICOLAS<\/h4>\n<p style=\"text-align: justify;\">Ce sanctuaire, \u00e9rig\u00e9 \u00e0 Vianden-bas pr\u00e8s du pont sur l\u2019Our, constitue une particularit\u00e9 du point de vue historique et culturel, vu qu\u2019il a \u00e9t\u00e9 construit par l\u2019Ordre des Templiers vers 1260, lorsque celui-ci exer\u00e7ait la charge administrative paroissiale.<br \/>\nL\u2019int\u00e9rieur consiste en une seule nef, recouverte d\u2019une vo\u00fbte \u00e0 nervures. Il y a deux trav\u00e9es avec clefs de vo\u00fbte sans ornements, reposant sur des pilastres assez bas avec chapiteaux simples, le tout taill\u00e9 en gr\u00e8s rouge.<br \/>\nL\u2019abside \u00e0 base rectangulaire abrite un autel de style baroque, enrichi d\u2019\u00e9l\u00e9ments rococo, d\u00e9di\u00e9 \u00e0 saint Nicolas, qui a pr\u00eat\u00e9 son nom \u00e0 toute l\u2019\u00e9glise. En dehors, il est repr\u00e9sent\u00e9 dans une niche au-dessus de la porte, superpos\u00e9e par un vitrail \u00e0 lancettes avec rose.<\/p>\n<p>&nbsp;<\/p>\n<h4>L\u2019EGLISE ST-ROCH<\/h4>\n<p style=\"text-align: justify;\">L\u2019\u00e9glise St-Roch au cimeti\u00e8re a \u00e9t\u00e9 \u00e9rig\u00e9e en 1770 et est de style baroque. Compar\u00e9e aux autres \u00e9glises de Vianden elle poss\u00e8de deux particularit\u00e9s: elle pr\u00e9sente deux clochers. En outre s\u2019y trouve un transept, sa vo\u00fbte \u00e0 ar\u00eates est divis\u00e9e en trois trav\u00e9es, tandis qu\u2019une galerie s\u2019\u00e9tendant en largeur repose sur deux colonnes.<br \/>\nLe ma\u00eetre-autel, \u00e9galement trinitaire, date de 1722 et avait sa place initiale \u00e0 l\u2019\u00e9glise paroissiale. Sur le retable de l\u2019autel auxiliaire \u00e0 droite on aper\u00e7oit le portrait du ministre trinitaire Nicolas Mamer, qui a personnellement particip\u00e9 de 1762 \u00e0 1765 \u00e0 une mission de rachat d\u2019esclaves au Maroc.<\/p>\n<p>&nbsp;<\/p>\n<h4>LA CHAPELLE DE LA SODALIT\u00c9<\/h4>\n<p style=\"text-align: justify;\">Sa d\u00e9nomination vient de la congr\u00e9gation \u00abSodalit\u00e9 mariale pour hommes et adolescents de Vianden\u00bb, fond\u00e9e en 1761 par les Trinitaires. Elle fut construite en exhaussant une salle d\u2019asile pour sans-abris.<br \/>\nDepuis l\u2019an 2000, son autel se pr\u00e9sente dans sa polychromie originale. Il faut ajouter qu\u2019il s\u2019y trouve encore une statue de saint Jean N\u00e9pomuc\u00e8ne, de sorte que Vianden en dispose soi-disant de trois, une comme copie sur le pont, son original en l\u2019\u00e9glise Saint-Nicolas et celle-ci de moindre taille et en bois \u00e0 l\u2019int\u00e9rieur de la chapelle.<\/p>\n<h4>LA CHAPELLE DU BILDCHEN<\/h4>\n<p style=\"text-align: justify;\">La petite Chapelle du \u00abBildchen\u00bb situ\u00e9e en pleine for\u00eat au-dessus du lac du barrage de I\u2019Our fut construite en 1848 pour abriter l\u2019image miraculeuse de N.-D. du Bildchen, qui \u00e9tait longtemps plac\u00e9e dans une niche au milieu des rochers. L\u2019autel est celui de la chapelle du ch\u00e2teau et date du 13e si\u00e8cle.<\/p>\n<p>_____________________________<\/p>\n<p>&nbsp;<\/p>\n<p>[vc_row][vc_column]<div class=\"wf-container dt-gallery-container dt-photos-shortcode loading-effect-none iso-container\" data-padding=\"20px\" data-cur-page=\"1\" data-width=\"370px\" data-columns=\"2\" data-pretty-share=\"facebook,twitter,whatsapp\"><div class=\"wf-cell iso-item\" data-post-id=\"15704\" data-date=\"2017-12-27T13:22:12+01:00\" data-name=\"Bildchen_2015\">\n<article class=\"post post-15704 attachment type-attachment status-inherit hentry no-img description-off\">\n\n\t<figure class=\"rollover-project links-hovers-disabled\">\n\t<a href=\"https:\/\/old-vianden.digitalvision.lu\/wp-content\/uploads\/2017\/12\/Bildchen_2015.jpg\" class=\"rollover rollover-zoom dt-pswp-item layzr-bg\" title=\"Bildchen_2015\" data-dt-img-description=\"\"  data-large_image_width=\"2649\" data-large_image_height = \"4000\"  data-dt-location=\"https:\/\/old-vianden.digitalvision.lu\/fr\/?attachment_id=15704\" ><img loading=\"lazy\" decoding=\"async\" class=\"preload-me iso-lazy-load\" src=\"data:image\/svg+xml,%3Csvg%20xmlns%3D&#39;http%3A%2F%2Fwww.w3.org%2F2000%2Fsvg&#39;%20viewBox%3D&#39;0%200%20555%20838&#39;%2F%3E\" data-src=\"https:\/\/old-vianden.digitalvision.lu\/wp-content\/uploads\/2017\/12\/Bildchen_2015-555x838.jpg\" data-srcset=\"https:\/\/old-vianden.digitalvision.lu\/wp-content\/uploads\/2017\/12\/Bildchen_2015-555x838.jpg 555w, https:\/\/old-vianden.digitalvision.lu\/wp-content\/uploads\/2017\/12\/Bildchen_2015-1110x1676.jpg 1110w\" alt=\"\" width=\"555\" height=\"838\"  \/><\/a>\t<\/figure>\n<\/article>\n\n<\/div><div class=\"wf-cell iso-item\" data-post-id=\"15705\" data-date=\"2017-12-27T13:22:30+01:00\" data-name=\"interieur-de-la-chapelle-de-la-sodalite\">\n<article class=\"post post-15705 attachment type-attachment status-inherit hentry no-img description-off\">\n\n\t<figure class=\"rollover-project links-hovers-disabled\">\n\t<a href=\"https:\/\/old-vianden.digitalvision.lu\/wp-content\/uploads\/2017\/12\/interieur-de-la-chapelle-de-la-sodalite.jpg\" class=\"rollover rollover-zoom dt-pswp-item layzr-bg\" title=\"interieur-de-la-chapelle-de-la-sodalite\" data-dt-img-description=\"\"  data-large_image_width=\"1920\" data-large_image_height = \"1276\"  data-dt-location=\"https:\/\/old-vianden.digitalvision.lu\/fr\/?attachment_id=15705\" ><img loading=\"lazy\" decoding=\"async\" class=\"preload-me iso-lazy-load\" src=\"data:image\/svg+xml,%3Csvg%20xmlns%3D&#39;http%3A%2F%2Fwww.w3.org%2F2000%2Fsvg&#39;%20viewBox%3D&#39;0%200%20555%20369&#39;%2F%3E\" data-src=\"https:\/\/old-vianden.digitalvision.lu\/wp-content\/uploads\/2017\/12\/interieur-de-la-chapelle-de-la-sodalite-555x369.jpg\" data-srcset=\"https:\/\/old-vianden.digitalvision.lu\/wp-content\/uploads\/2017\/12\/interieur-de-la-chapelle-de-la-sodalite-555x369.jpg 555w, https:\/\/old-vianden.digitalvision.lu\/wp-content\/uploads\/2017\/12\/interieur-de-la-chapelle-de-la-sodalite-1110x738.jpg 1110w\" alt=\"\" width=\"555\" height=\"369\"  \/><\/a>\t<\/figure>\n<\/article>\n\n<\/div><div class=\"wf-cell iso-item\" data-post-id=\"15706\" data-date=\"2017-12-27T13:22:35+01:00\" data-name=\"pestkir\">\n<article class=\"post post-15706 attachment type-attachment status-inherit hentry no-img description-off\">\n\n\t<figure class=\"rollover-project links-hovers-disabled\">\n\t<a href=\"https:\/\/old-vianden.digitalvision.lu\/wp-content\/uploads\/2017\/12\/pestkir.jpg\" class=\"rollover rollover-zoom dt-pswp-item layzr-bg\" title=\"pestkir\" data-dt-img-description=\"\"  data-large_image_width=\"816\" data-large_image_height = \"644\"  data-dt-location=\"https:\/\/old-vianden.digitalvision.lu\/fr\/?attachment_id=15706\" ><img loading=\"lazy\" decoding=\"async\" class=\"preload-me iso-lazy-load\" src=\"data:image\/svg+xml,%3Csvg%20xmlns%3D&#39;http%3A%2F%2Fwww.w3.org%2F2000%2Fsvg&#39;%20viewBox%3D&#39;0%200%20555%20438&#39;%2F%3E\" data-src=\"https:\/\/old-vianden.digitalvision.lu\/wp-content\/uploads\/2017\/12\/pestkir-555x438.jpg\" data-srcset=\"https:\/\/old-vianden.digitalvision.lu\/wp-content\/uploads\/2017\/12\/pestkir-555x438.jpg 555w, https:\/\/old-vianden.digitalvision.lu\/wp-content\/uploads\/2017\/12\/pestkir.jpg 816w\" alt=\"\" width=\"555\" height=\"438\"  \/><\/a>\t<\/figure>\n<\/article>\n\n<\/div><div class=\"wf-cell iso-item\" data-post-id=\"15707\" data-date=\"2017-12-27T13:23:09+01:00\" data-name=\"eglise-st-nicolas-situee-a-vianden-bas-\">\n<article class=\"post post-15707 attachment type-attachment status-inherit hentry no-img description-off\">\n\n\t<figure class=\"rollover-project links-hovers-disabled\">\n\t<a href=\"https:\/\/old-vianden.digitalvision.lu\/wp-content\/uploads\/2017\/12\/eglise-st-nicolas-situee-a-vianden-bas-.jpg\" class=\"rollover rollover-zoom dt-pswp-item layzr-bg\" title=\"eglise-st-nicolas-situee-a-vianden-bas-\" data-dt-img-description=\"\"  data-large_image_width=\"1920\" data-large_image_height = \"1275\"  data-dt-location=\"https:\/\/old-vianden.digitalvision.lu\/fr\/?attachment_id=15707\" ><img loading=\"lazy\" decoding=\"async\" class=\"preload-me iso-lazy-load\" src=\"data:image\/svg+xml,%3Csvg%20xmlns%3D&#39;http%3A%2F%2Fwww.w3.org%2F2000%2Fsvg&#39;%20viewBox%3D&#39;0%200%20555%20369&#39;%2F%3E\" data-src=\"https:\/\/old-vianden.digitalvision.lu\/wp-content\/uploads\/2017\/12\/eglise-st-nicolas-situee-a-vianden-bas--555x369.jpg\" data-srcset=\"https:\/\/old-vianden.digitalvision.lu\/wp-content\/uploads\/2017\/12\/eglise-st-nicolas-situee-a-vianden-bas--555x369.jpg 555w, https:\/\/old-vianden.digitalvision.lu\/wp-content\/uploads\/2017\/12\/eglise-st-nicolas-situee-a-vianden-bas--1110x738.jpg 1110w\" alt=\"\" width=\"555\" height=\"369\"  \/><\/a>\t<\/figure>\n<\/article>\n\n<\/div><div class=\"wf-cell iso-item\" data-post-id=\"15710\" data-date=\"2017-12-27T13:23:25+01:00\" data-name=\"eglisetrinitaires-\">\n<article class=\"post post-15710 attachment type-attachment status-inherit hentry no-img description-off\">\n\n\t<figure class=\"rollover-project links-hovers-disabled\">\n\t<a href=\"https:\/\/old-vianden.digitalvision.lu\/wp-content\/uploads\/2017\/12\/eglisetrinitaires-.jpg\" class=\"rollover rollover-zoom dt-pswp-item layzr-bg\" title=\"eglisetrinitaires-\" data-dt-img-description=\"\"  data-large_image_width=\"1200\" data-large_image_height = \"798\"  data-dt-location=\"https:\/\/old-vianden.digitalvision.lu\/fr\/?attachment_id=15710\" ><img loading=\"lazy\" decoding=\"async\" class=\"preload-me iso-lazy-load\" src=\"data:image\/svg+xml,%3Csvg%20xmlns%3D&#39;http%3A%2F%2Fwww.w3.org%2F2000%2Fsvg&#39;%20viewBox%3D&#39;0%200%20555%20369&#39;%2F%3E\" data-src=\"https:\/\/old-vianden.digitalvision.lu\/wp-content\/uploads\/2017\/12\/eglisetrinitaires--555x369.jpg\" data-srcset=\"https:\/\/old-vianden.digitalvision.lu\/wp-content\/uploads\/2017\/12\/eglisetrinitaires--555x369.jpg 555w, https:\/\/old-vianden.digitalvision.lu\/wp-content\/uploads\/2017\/12\/eglisetrinitaires--1110x738.jpg 1110w\" alt=\"\" width=\"555\" height=\"369\"  \/><\/a>\t<\/figure>\n<\/article>\n\n<\/div><div class=\"wf-cell iso-item\" data-post-id=\"15709\" data-date=\"2017-12-27T13:23:14+01:00\" data-name=\"trinitarier_Kirche\">\n<article class=\"post post-15709 attachment type-attachment status-inherit hentry no-img description-off\">\n\n\t<figure class=\"rollover-project links-hovers-disabled\">\n\t<a href=\"https:\/\/old-vianden.digitalvision.lu\/wp-content\/uploads\/2017\/12\/trinitarier_Kirche.jpg\" class=\"rollover rollover-zoom dt-pswp-item layzr-bg\" title=\"trinitarier_Kirche\" data-dt-img-description=\"\"  data-large_image_width=\"399\" data-large_image_height = \"600\"  data-dt-location=\"https:\/\/old-vianden.digitalvision.lu\/fr\/?attachment_id=15709\" ><img loading=\"lazy\" decoding=\"async\" class=\"preload-me iso-lazy-load\" src=\"data:image\/svg+xml,%3Csvg%20xmlns%3D&#39;http%3A%2F%2Fwww.w3.org%2F2000%2Fsvg&#39;%20viewBox%3D&#39;0%200%20399%20600&#39;%2F%3E\" data-src=\"https:\/\/old-vianden.digitalvision.lu\/wp-content\/uploads\/2017\/12\/trinitarier_Kirche.jpg\" data-srcset=\"https:\/\/old-vianden.digitalvision.lu\/wp-content\/uploads\/2017\/12\/trinitarier_Kirche.jpg 399w\" alt=\"\" width=\"399\" height=\"600\"  \/><\/a>\t<\/figure>\n<\/article>\n\n<\/div><div class=\"wf-cell iso-item\" data-post-id=\"15708\" data-date=\"2017-12-27T13:23:13+01:00\" data-name=\"trinitarier_Kirche_2\">\n<article class=\"post post-15708 attachment type-attachment status-inherit hentry no-img description-off\">\n\n\t<figure class=\"rollover-project links-hovers-disabled\">\n\t<a href=\"https:\/\/old-vianden.digitalvision.lu\/wp-content\/uploads\/2017\/12\/trinitarier_Kirche_2.jpg\" class=\"rollover rollover-zoom dt-pswp-item layzr-bg\" title=\"trinitarier_Kirche_2\" data-dt-img-description=\"\"  data-large_image_width=\"800\" data-large_image_height = \"531\"  data-dt-location=\"https:\/\/old-vianden.digitalvision.lu\/fr\/?attachment_id=15708\" ><img loading=\"lazy\" decoding=\"async\" class=\"preload-me iso-lazy-load\" src=\"data:image\/svg+xml,%3Csvg%20xmlns%3D&#39;http%3A%2F%2Fwww.w3.org%2F2000%2Fsvg&#39;%20viewBox%3D&#39;0%200%20555%20368&#39;%2F%3E\" data-src=\"https:\/\/old-vianden.digitalvision.lu\/wp-content\/uploads\/2017\/12\/trinitarier_Kirche_2-555x368.jpg\" data-srcset=\"https:\/\/old-vianden.digitalvision.lu\/wp-content\/uploads\/2017\/12\/trinitarier_Kirche_2-555x368.jpg 555w, https:\/\/old-vianden.digitalvision.lu\/wp-content\/uploads\/2017\/12\/trinitarier_Kirche_2.jpg 800w\" alt=\"\" width=\"555\" height=\"368\"  \/><\/a>\t<\/figure>\n<\/article>\n\n<\/div><\/div>[\/vc_column][\/vc_row]<\/p>\n<\/div>","protected":false},"excerpt":{"rendered":"<p>VIANDEN, SON PATRIMOINE RELIGIEUX &#8211; CULTUREL L\u2019EGLISE DES TRINITAIRES &#8216;C\u2019est gr\u00e2ce \u00e0 Henri Ier, comte de Vianden de 1214 \u00e0 1252, qu\u2019elle fut \u00e9rig\u00e9e avec le clo\u00eetre, en les ann\u00e9es de 1248 \u00e0 1258. En effet, c\u2019est dans le contexte des croisades que Henri promit d\u2019installer l\u2019Ordre des Trinitaires \u00e0 Vianden, d\u2019y construire une \u00e9glise,&hellip;<\/p>\n","protected":false},"author":3,"featured_media":0,"parent":0,"menu_order":0,"comment_status":"closed","ping_status":"closed","template":"","meta":[],"class_list":["post-15692","page","type-page","status-publish","hentry","description-off"],"translation":{"provider":"WPGlobus","version":"2.12.2","language":"fr","enabled_languages":["de","fr"],"languages":{"de":{"title":true,"content":true,"excerpt":false},"fr":{"title":true,"content":true,"excerpt":false}}},"publishpress_future_action":{"enabled":false,"date":"2026-04-14 22:56:09","action":"change-status","newStatus":"draft","terms":[],"taxonomy":""},"_links":{"self":[{"href":"https:\/\/old-vianden.digitalvision.lu\/fr\/index.php?rest_route=\/wp\/v2\/pages\/15692","targetHints":{"allow":["GET"]}}],"collection":[{"href":"https:\/\/old-vianden.digitalvision.lu\/fr\/index.php?rest_route=\/wp\/v2\/pages"}],"about":[{"href":"https:\/\/old-vianden.digitalvision.lu\/fr\/index.php?rest_route=\/wp\/v2\/types\/page"}],"author":[{"embeddable":true,"href":"https:\/\/old-vianden.digitalvision.lu\/fr\/index.php?rest_route=\/wp\/v2\/users\/3"}],"replies":[{"embeddable":true,"href":"https:\/\/old-vianden.digitalvision.lu\/fr\/index.php?rest_route=%2Fwp%2Fv2%2Fcomments&post=15692"}],"version-history":[{"count":15,"href":"https:\/\/old-vianden.digitalvision.lu\/fr\/index.php?rest_route=\/wp\/v2\/pages\/15692\/revisions"}],"predecessor-version":[{"id":15717,"href":"https:\/\/old-vianden.digitalvision.lu\/fr\/index.php?rest_route=\/wp\/v2\/pages\/15692\/revisions\/15717"}],"wp:attachment":[{"href":"https:\/\/old-vianden.digitalvision.lu\/fr\/index.php?rest_route=%2Fwp%2Fv2%2Fmedia&parent=15692"}],"curies":[{"name":"wp","href":"https:\/\/api.w.org\/{rel}","templated":true}]}}