{"id":15651,"date":"2017-12-27T11:44:01","date_gmt":"2017-12-27T10:44:01","guid":{"rendered":"https:\/\/old-vianden.digitalvision.lu\/?page_id=15651"},"modified":"2019-11-27T17:08:39","modified_gmt":"2019-11-27T16:08:39","slug":"art-kultur","status":"publish","type":"page","link":"https:\/\/old-vianden.digitalvision.lu\/fr\/?page_id=15651","title":{"rendered":"Art &#038; Culture"},"content":{"rendered":"<table style=\"width: 0px;\" border=\"0\" cellspacing=\"5\" cellpadding=\"2\">\n<tbody>\n<tr>\n<td style=\"width: 500px;\">\n<h3>Veiner\u00a0Konstgalerie<\/h3>\n<p>La &#8220;Veiner Konstgalerie&#8221; est la galerie d&#8217;art de la Ville de Vianden.<\/p>\n<p style=\"text-align: justify;\">Le vieux hangar utilis\u00e9 par les artistes locaux depuis 2013 a \u00e9t\u00e9 restaur\u00e9 par la Ville en 2017 pour cr\u00e9er une nouvelle galerie d&#8217;art.<br \/>\nPour plus d&#8217;informations, visitez le site web de\u00a0<a style=\"font-family: inherit; font-size: inherit;\" href=\"https:\/\/konschtour.wixsite.com\/viart\/galerie\" target=\"_blank\" rel=\"noopener\">Veiner Konstgalerie<\/a><\/p>\n<p>&nbsp;<\/td>\n<td style=\"width: 250px;\">\n<h3><img loading=\"lazy\" decoding=\"async\" class=\"alignnone size-medium wp-image-15656\" src=\"https:\/\/old-vianden.digitalvision.lu\/wp-content\/uploads\/2017\/12\/konstgalerie_2017-300x270.jpg\" alt=\"\" width=\"300\" height=\"270\" srcset=\"https:\/\/old-vianden.digitalvision.lu\/wp-content\/uploads\/2017\/12\/konstgalerie_2017-300x270.jpg 300w, https:\/\/old-vianden.digitalvision.lu\/wp-content\/uploads\/2017\/12\/konstgalerie_2017-150x135.jpg 150w, https:\/\/old-vianden.digitalvision.lu\/wp-content\/uploads\/2017\/12\/konstgalerie_2017-768x692.jpg 768w, https:\/\/old-vianden.digitalvision.lu\/wp-content\/uploads\/2017\/12\/konstgalerie_2017.jpg 948w\" sizes=\"auto, (max-width: 300px) 100vw, 300px\" \/><\/h3>\n<\/td>\n<\/tr>\n<tr>\n<td style=\"width: 500px;\" colspan=\"2\"><img loading=\"lazy\" decoding=\"async\" class=\"alignnone size-large wp-image-18195\" src=\"https:\/\/old-vianden.digitalvision.lu\/wp-content\/uploads\/2019\/11\/Brochure-Viart-2019_20-1024x360.jpg\" alt=\"\" width=\"1024\" height=\"360\" srcset=\"https:\/\/old-vianden.digitalvision.lu\/wp-content\/uploads\/2019\/11\/Brochure-Viart-2019_20-1024x360.jpg 1024w, https:\/\/old-vianden.digitalvision.lu\/wp-content\/uploads\/2019\/11\/Brochure-Viart-2019_20-250x88.jpg 250w, https:\/\/old-vianden.digitalvision.lu\/wp-content\/uploads\/2019\/11\/Brochure-Viart-2019_20-150x53.jpg 150w, https:\/\/old-vianden.digitalvision.lu\/wp-content\/uploads\/2019\/11\/Brochure-Viart-2019_20-768x270.jpg 768w, https:\/\/old-vianden.digitalvision.lu\/wp-content\/uploads\/2019\/11\/Brochure-Viart-2019_20-1536x541.jpg 1536w, https:\/\/old-vianden.digitalvision.lu\/wp-content\/uploads\/2019\/11\/Brochure-Viart-2019_20.jpg 1960w\" sizes=\"auto, (max-width: 1024px) 100vw, 1024px\" \/><\/td>\n<\/tr>\n<tr>\n<td style=\"width: 500px;\">\n<h3><\/h3>\n<\/td>\n<td style=\"width: 250px;\">\n<h3><\/h3>\n<\/td>\n<\/tr>\n<tr>\n<td style=\"width: 500px;\">\n<h3>Mus\u00e9e d&#8217;Histoire de la Ville de Vianden<br \/>\nMus\u00e9e de la Boulangerie<br \/>\nMaison &#8220;Dicks&#8221;<\/h3>\n<p style=\"text-align: justify;\">Cette vieille demeure du XVIIIe si\u00e8cle renferme le Mus\u00e9e de la Boulangerie le Mus\u00e9e d\u2019Histoire de la Ville de Vianden et le Mus\u00e9e d\u2019Art Rustique qui rassemble de tr\u00e8s beaux meubles et objets de la vie quotidienne de l\u2019\u00e9poque.<br \/>\nEn plus le visiteur peut appr\u00e9cier une pr\u00e9sentation anim\u00e9e sur la vie du po\u00e8te national Edmond de La Fontaine, appel\u00e9 \u00ab\u00a0Dicks\u00a0\u00bb.<\/p>\n<p><span id=\"Contenu_ContenusMenuGauche1_Contacts_Label6_1\">96-98, Grand-Rue<br \/>\nL-9411 Vianden<\/span><br \/>\nT\u00e9l<b>:<\/b>\u00a0(+352)\u00a0<span id=\"Contenu_ContenusMenuGauche1_Contacts_Label7_1\">83 45 91<\/span><\/p>\n<p>Heures d&#8217;ouvertures:<\/p>\n<p>Ouvert de P\u00e2ques \u00e0 la mi-octobre de 11.00 \u2013 17.00 heures<br \/>\nFerm\u00e9 les lundis (sauf les mois de juillet et ao\u00fbt, ouvert tout les jours)<\/p>\n<p>Prix d\u2019entr\u00e9e :<br \/>\n4.00 \u20ac pour adultes<br \/>\n1.50 \u20ac pour enfants<br \/>\n2.00 \u20ac pour groupes adultes<br \/>\n1.00 \u20ac pour groupes enfants<\/p>\n<h3><\/h3>\n<\/td>\n<td style=\"width: 250px;\">\n<h3>\u00a0<img loading=\"lazy\" decoding=\"async\" class=\"alignnone size-medium wp-image-15657\" src=\"https:\/\/old-vianden.digitalvision.lu\/wp-content\/uploads\/2017\/12\/Maison_Dicks-225x300.jpg\" alt=\"\" width=\"225\" height=\"300\" srcset=\"https:\/\/old-vianden.digitalvision.lu\/wp-content\/uploads\/2017\/12\/Maison_Dicks-225x300.jpg 225w, https:\/\/old-vianden.digitalvision.lu\/wp-content\/uploads\/2017\/12\/Maison_Dicks-113x150.jpg 113w, https:\/\/old-vianden.digitalvision.lu\/wp-content\/uploads\/2017\/12\/Maison_Dicks-768x1024.jpg 768w, https:\/\/old-vianden.digitalvision.lu\/wp-content\/uploads\/2017\/12\/Maison_Dicks.jpg 903w\" sizes=\"auto, (max-width: 225px) 100vw, 225px\" \/><\/h3>\n<\/td>\n<\/tr>\n<tr>\n<td style=\"width: 500px;\">\n<h3><\/h3>\n<\/td>\n<td style=\"width: 250px;\">\n<h3><\/h3>\n<\/td>\n<\/tr>\n<tr>\n<td style=\"width: 500px;\">\n<h3>&#8220;Dicksg\u00e4rtchen&#8221;<\/h3>\n<p style=\"text-align: justify;\">Le <strong>monument Dicks<\/strong> en amont de l&#8217;\u00e9glise des Trinitaires rappelle le souvenir du po\u00e8te national luxembourgeois Edmond de la Fontaine (1823-1891) qui mourut \u00e0 Vianden, ou il avait \u00e9t\u00e9 juge de paix de 1881-1891. Il \u00e9tait I&#8217;auteur des premi\u00e8res com\u00e9dies luxembourgeoises et devint c\u00e9l\u00e8bre sous le pseudonyme de \u00abDicks&#8221;.<\/p>\n<\/td>\n<td style=\"width: 250px;\">\n<h3>\u00a0<img loading=\"lazy\" decoding=\"async\" class=\"alignnone size-medium wp-image-15679\" src=\"https:\/\/old-vianden.digitalvision.lu\/wp-content\/uploads\/2017\/12\/Dicksgaertchen_Vianden-180x300.jpg\" alt=\"\" width=\"180\" height=\"300\" srcset=\"https:\/\/old-vianden.digitalvision.lu\/wp-content\/uploads\/2017\/12\/Dicksgaertchen_Vianden-180x300.jpg 180w, https:\/\/old-vianden.digitalvision.lu\/wp-content\/uploads\/2017\/12\/Dicksgaertchen_Vianden-90x150.jpg 90w, https:\/\/old-vianden.digitalvision.lu\/wp-content\/uploads\/2017\/12\/Dicksgaertchen_Vianden.jpg 549w\" sizes=\"auto, (max-width: 180px) 100vw, 180px\" \/><\/h3>\n<\/td>\n<\/tr>\n<tr>\n<td style=\"width: 500px;\">\n<h3><\/h3>\n<\/td>\n<td style=\"width: 250px;\">\n<h3><\/h3>\n<\/td>\n<\/tr>\n<tr>\n<td style=\"width: 500px;\">\n<h3>Amis de l&#8217;histoire de Vianden<br \/>\n&#8220;Veiner Geschichtsfr\u00ebnn&#8221;<\/h3>\n<p style=\"text-align: justify;\">D\u2019Veiner Geschichtsfr\u00ebnn sen am Hierst 1973 vua f\u00ebnef Veiner (Victor Abens, Pierre Bassing, Josy Kremer, Jean Milmeister a Jos Schaul) gegr\u00ebnnt g\u00e4\u00e4n.<br \/>\nE b\u00ebsse mi spitt s\u00ebn siewenz\u00e9in weider Membere derb\u00e9i komm, d\u00ebst ous der Erkeentnis erous dass \u00e4n D\u00e4\u00e4l vuam \u201cAttrait\u201d vua Veinen an seiner Geschicht wuorzelt an dass\u00a0 viel historisch \u00c4nzelh\u00e4ten \u201couszegruawe\u201d an ze verwerte bleiwen.<br \/>\nD\u00e9i ischt Statuten droen den Datum vuam 17. Dezember 1973.<\/p>\n<p style=\"text-align: justify;\">Veinen ass n\u00ebt \u201cStad\u201d weenst seinen 1 500 Awuaner, m\u00e4 verdankt d\u00ebsen Titel \u00e4nzig an el\u00e4n seiner glorreicher\u00a0 Vergangenh\u00e4t.<\/p>\n<p style=\"text-align: justify;\">Su ass den Zweck vuan d\u00ebsem Ver\u00e9in, d\u2019Erforschung vuan der Vergangenh\u00e4t, d\u2019Inventarisierung vuan \u00e9ise Konstscheetz an d\u2019Sammelen vuan Dokum\u00ebnter, Biller, St\u00ebch a Fotoen.<\/p>\n<p style=\"text-align: justify;\">Mat dem Erousginn vua B\u00e9icher a Schr\u00ebften, mat der Organisatiun vuan Ousteelungen , Konfer\u00ebnzen asw. gi mer d\u2019Resultat vuan \u00e9iser Uabicht uan Veiner an d\u2019Interessente weider.<\/p>\n<p>Beseicht den Internetsite vuan de <a href=\"http:\/\/www.veinergeschicht.lu\" target=\"_blank\" rel=\"noopener\">Veiner Geschichtsfr\u00ebnn<\/a><\/td>\n<td style=\"width: 250px;\"><\/td>\n<\/tr>\n<tr>\n<td style=\"width: 500px;\"><\/td>\n<td style=\"width: 250px;\"><\/td>\n<\/tr>\n<tr>\n<td style=\"width: 500px;\">\n<h3>Mus\u00e9e Litt\u00e9raire Victor Hugo<\/h3>\n<p><span id=\"Contenu_ContenusMenuGauche1_Contacts_Label6_0\" style=\"font-family: arial, helvetica, sans-serif;\">37, rue de la Gare<br \/>\nL-9420 Vianden<\/span><br \/>\n<span style=\"font-family: arial, helvetica, sans-serif;\">Tel: (+352)\u00a0<span id=\"Contenu_ContenusMenuGauche1_Contacts_Label7_0\">26 87 40 88<\/span><\/span><\/p>\n<p>Vous pourrez visiter en particulier:<\/p>\n<div>\n<ul>\n<li>Chambre de Victor Hugo avec le mobilier d&#8217;origine, projection holographique, mannequin<\/li>\n<li>Pi\u00e8ces originales<\/li>\n<li>70 panneaux-albums<\/li>\n<li>Salle multim\u00e9dia avec bornes informatiques et acc\u00e8s \u00e0 Internet<\/li>\n<li>Boutique du Mus\u00e9e<\/li>\n<\/ul>\n<\/div>\n<p><span style=\"font-family: arial, helvetica, sans-serif;\">Heures d&#8217;ouvertures du Mus\u00e9e voire\u00a0 <b><a href=\"http:\/\/victor-hugo.lu\/\">victor-hugo.lu<\/a><\/b><\/span><\/p>\n<div class=\"wysiwygimgtext\">\n<div class=\"wysiwygimg\">\n<div class=\"wysiwygimgtext\">\n<p style=\"text-align: justify;\">VICTOR HUGO, I&#8217;illustre po\u00e8te fran\u00e7ais, vint \u00e0 Vianden \u00e0 quatre reprises. En ao\u00fbt 1862, lors d&#8217;un voyage \u00e0 travers les Ardennes, il fut enchant\u00e9 par le paysage grandiose de Vianden. Il retourna en 1863 et re\u00e7ut une aubade de la soci\u00e9t\u00e9 philharmonique de Vianden. Apr\u00e8s un bref passage en 1865, il vint chercher asile \u00e0 Vianden apr\u00e8s avoir \u00e9t\u00e9 expuls\u00e9 de Belgique le 30 mai 1871. Tandis que sa suite descendit \u00e0 l&#8217;H\u00f4tel Koch, auberge plut\u00f4t qu&#8217;h\u00f4tel, Victor Hugo s&#8217;installa au premier \u00e9tage de la maison voisine, qui fait l&#8217;encoignure du pont. Ici le po\u00e8te \u00e9crivit une partie de \u00abL&#8217; Ann\u00e9e Terrible&#8221;, de sa fen\u00eatre il contemplait la silhouette majestueuse du ch\u00e2teau et il observait le va-et-vient des Viandenois: \u00abAujourd&#8217;hui, dans son paysage splendide que viendra visiter un jour toute l&#8217;Europe, Vianden se compose de deux choses \u00e9galement consolantes et magnifiques: L&#8217;une sinistre, une ruine, l&#8217;autre riante, un peuple.&#8221;<\/p>\n<\/div>\n<\/div>\n<div class=\"wysiwygimg\" style=\"text-align: justify;\">\n<div class=\"wysiwygimgtext\">\n<p>Le 14 juillet 1871 Victor Hugo prit la direction des op\u00e9rations pour combattre un incendie qui embrasait une dizaine de maisons a toit de chaume dans la ville basse. En I&#8217;absence du bourgmestre le po\u00e8te organisa une cha\u00eene de seaux jusqu&#8217;\u00e0 la rivi\u00e8re et participa lui m\u00eame \u00e0 la cha\u00eene depuis minuit et demi jusqu&#8217;\u00e0 deux heures du matin.<br \/>\nC&#8217;est \u00e0 Vianden que Victor Hugo v\u00e9cut un nouvel amour avec une jeune femme de dix-huit ans, Marie Mercier, qui avait \u00e9t\u00e9 la compagne du serrurier Maurice Garreau, directeur de la prison de Mazas sous la Commune. C&#8217;est \u00e0 Vianden que V. Hugo se fit arracher sa premi\u00e8re dent le 11 ao\u00fbt 1871.<\/p>\n<\/div>\n<\/div>\n<div class=\"wysiwygimg\">\n<div class=\"wysiwygimgtext\">\n<p style=\"text-align: justify;\">La maison pr\u00e8s du pont a \u00e9t\u00e9 am\u00e9nag\u00e9e en 1935 (restaur\u00e9e en 2002)en Mus\u00e9e Victor Hugo. Dans le mus\u00e9e on peut voir des lettres manuscrites du po\u00e8te, des meubles, des documents et des reproductions de dessins de son s\u00e9jour a Vianden.<\/p>\n<\/div>\n<\/div>\n<\/div>\n<\/td>\n<td style=\"width: 250px; vertical-align: top;\">\n<h3>\u00a0<img loading=\"lazy\" decoding=\"async\" class=\"alignnone size-medium wp-image-15672\" src=\"https:\/\/old-vianden.digitalvision.lu\/wp-content\/uploads\/2017\/12\/MaisonVictorHugo_2017-1-von-1-300x199.jpg\" alt=\"\" width=\"300\" height=\"199\" srcset=\"https:\/\/old-vianden.digitalvision.lu\/wp-content\/uploads\/2017\/12\/MaisonVictorHugo_2017-1-von-1-300x199.jpg 300w, https:\/\/old-vianden.digitalvision.lu\/wp-content\/uploads\/2017\/12\/MaisonVictorHugo_2017-1-von-1-150x100.jpg 150w, https:\/\/old-vianden.digitalvision.lu\/wp-content\/uploads\/2017\/12\/MaisonVictorHugo_2017-1-von-1-768x511.jpg 768w, https:\/\/old-vianden.digitalvision.lu\/wp-content\/uploads\/2017\/12\/MaisonVictorHugo_2017-1-von-1-1024x681.jpg 1024w, https:\/\/old-vianden.digitalvision.lu\/wp-content\/uploads\/2017\/12\/MaisonVictorHugo_2017-1-von-1.jpg 1250w\" sizes=\"auto, (max-width: 300px) 100vw, 300px\" \/><\/h3>\n<\/td>\n<\/tr>\n<\/tbody>\n<\/table>\n<p style=\"text-align: justify;\">\n","protected":false},"excerpt":{"rendered":"<p>Veiner\u00a0Konstgalerie La &#8220;Veiner Konstgalerie&#8221; est la galerie d&#8217;art de la Ville de Vianden. Le vieux hangar utilis\u00e9 par les artistes locaux depuis 2013 a \u00e9t\u00e9 restaur\u00e9 par la Ville en 2017 pour cr\u00e9er une nouvelle galerie d&#8217;art. Pour plus d&#8217;informations, visitez le site web de\u00a0Veiner Konstgalerie &nbsp; Mus\u00e9e d&#8217;Histoire de la Ville de Vianden Mus\u00e9e&hellip;<\/p>\n","protected":false},"author":3,"featured_media":0,"parent":0,"menu_order":0,"comment_status":"closed","ping_status":"closed","template":"","meta":[],"class_list":["post-15651","page","type-page","status-publish","hentry","description-off"],"translation":{"provider":"WPGlobus","version":"2.12.2","language":"fr","enabled_languages":["de","fr"],"languages":{"de":{"title":true,"content":true,"excerpt":false},"fr":{"title":true,"content":true,"excerpt":false}}},"publishpress_future_action":{"enabled":false,"date":"2026-04-15 00:27:50","action":"change-status","newStatus":"draft","terms":[],"taxonomy":""},"_links":{"self":[{"href":"https:\/\/old-vianden.digitalvision.lu\/fr\/index.php?rest_route=\/wp\/v2\/pages\/15651","targetHints":{"allow":["GET"]}}],"collection":[{"href":"https:\/\/old-vianden.digitalvision.lu\/fr\/index.php?rest_route=\/wp\/v2\/pages"}],"about":[{"href":"https:\/\/old-vianden.digitalvision.lu\/fr\/index.php?rest_route=\/wp\/v2\/types\/page"}],"author":[{"embeddable":true,"href":"https:\/\/old-vianden.digitalvision.lu\/fr\/index.php?rest_route=\/wp\/v2\/users\/3"}],"replies":[{"embeddable":true,"href":"https:\/\/old-vianden.digitalvision.lu\/fr\/index.php?rest_route=%2Fwp%2Fv2%2Fcomments&post=15651"}],"version-history":[{"count":46,"href":"https:\/\/old-vianden.digitalvision.lu\/fr\/index.php?rest_route=\/wp\/v2\/pages\/15651\/revisions"}],"predecessor-version":[{"id":18199,"href":"https:\/\/old-vianden.digitalvision.lu\/fr\/index.php?rest_route=\/wp\/v2\/pages\/15651\/revisions\/18199"}],"wp:attachment":[{"href":"https:\/\/old-vianden.digitalvision.lu\/fr\/index.php?rest_route=%2Fwp%2Fv2%2Fmedia&parent=15651"}],"curies":[{"name":"wp","href":"https:\/\/api.w.org\/{rel}","templated":true}]}}