{"id":15566,"date":"2017-12-26T15:57:51","date_gmt":"2017-12-26T14:57:51","guid":{"rendered":"https:\/\/old-vianden.digitalvision.lu\/?page_id=15566"},"modified":"2022-05-19T19:01:26","modified_gmt":"2022-05-19T17:01:26","slug":"jugendhaus","status":"publish","type":"page","link":"https:\/\/old-vianden.digitalvision.lu\/fr\/?page_id=15566","title":{"rendered":"Maison des jeunes"},"content":{"rendered":"<table style=\"width: 800px;\" cellspacing=\"15\" cellpadding=\"50\">\n<tbody>\n<tr>\n<td style=\"width: 1000px; vertical-align: top;\">MAISON DES JEUNES \u00c0 VIANDEN<\/p>\n<div class=\"\">\n<p style=\"text-align: justify;\">La Maison des Jeunes de Vianden est un lieu de rencontre pour les jeunes de 12 \u00e0 26 ans. Les jeunes ont la possibilit\u00e9 d\u2019acc\u00e9der \u00e0 des activit\u00e9s sportives et culturelles pendant leurs temps libre. En outre, deux fois par semaine une aide aux devoirs est offerte. Durant leurs visites, les jeunes ont acc\u00e8s \u00e0 tout type d&#8217;information.<\/p>\n<\/div>\n<p>&nbsp;<\/p>\n<p><strong>LA MAISON<\/strong><\/p>\n<p style=\"text-align: justify;\">Les jeunes peuvent et doivent activement planifier des projets des activit\u00e9s et de travailler dans la maison de la jeunesse.<\/p>\n<p style=\"text-align: justify;\">Le Centre des jeunes offre aux jeunes une aide concernant des questions administratives, cela signifie que les jeunes ont la possibilit\u00e9 de contacter le centre de jeunes pour obtenir une aide au d\u00e9marrage pour l&#8217;entr\u00e9e dans le monde du travail, c&#8217;est \u00e0 dire l\u2019\u00e9tablissement de CV et des demandes d\u2019emploi ou des demandes d\u2019apprentissage<\/p>\n<\/td>\n<td style=\"width: 520px; border-color: #050505; background-color: #ededed; vertical-align: top;\"><strong>Contact<\/strong><br \/>\nMaison des Jeunes Vianden<br \/>\n16, rue de Huy<br \/>\nL-9415 Vianden<br \/>\nT\u00e9l : 26 87 41 00<br \/>\nGsm: 661 26 87 41<br \/>\n<a href=\"mailto:mjvianden@youthhostels.lu\">mjvianden@youthhostels.lu<\/a><\/p>\n<hr \/>\n<p><strong>Equipe \u00e9ducative<\/strong><br \/>\nEva Lutgen, charg\u00e9e de direction\u200b<br \/>\nFabienne Madree, \u00e9ducatrice dipl\u00f4m\u00e9e<\/p>\n<hr \/>\n<p><strong>Heures d&#8217;ouverture<\/strong><\/p>\n<ul>\n<li>Mardi 14:00 &#8211; 19:00 heures<\/li>\n<li>Mercredi 14:00 &#8211; 20:00 heures<\/li>\n<li>Jeudi 14:00 &#8211; 19:00 heures<\/li>\n<li>Vendredi 14:00 &#8211; 21:00 heures<\/li>\n<li>Samedi 14:00 &#8211; 19:00 heures<\/li>\n<\/ul>\n<p>Ferm\u00e9 le dimanche et le lundi<\/p>\n<p>Plus d&#8217;infos :\u00a0<a href=\"http:\/\/youthhostels.lu\/fr\/services-sociaux\/maison-des-jeunes-vianden\" target=\"_blank\" rel=\"noopener\">Maison des jeunes<\/a><\/p>\n<p>Facebook:\u00a0<a href=\"https:\/\/www.facebook.com\/VeinerJugendhous?fref=ts\" target=\"_blank\" rel=\"noopener\">Facebook<\/a><\/td>\n<\/tr>\n<tr>\n<td style=\"width: 1000px; vertical-align: top;\">\u00c9quipement de la maison des jeunes:<\/p>\n<ul>\n<li>2 Pc&#8217;s avec acc\u00e8s internet pour les recherches scolaires<\/li>\n<li>Endroit consacr\u00e9\u00a0 \u00e0 la lecture avec journaux et magazines actuels<\/li>\n<li>Wifi gratuit<\/li>\n<li>Mat\u00e9riel de sport \u00e0 pr\u00eater<\/li>\n<li>T\u00e9l\u00e9vision avec lecteur DVD et Playstation<\/li>\n<li>Chaine hifi<\/li>\n<li>Cuisine \u00e9quip\u00e9e<\/li>\n<li>Alimentation saine<\/li>\n<li>Bar (Soft drinks et snacks)<\/li>\n<\/ul>\n<\/td>\n<td style=\"width: 520px; border-color: #050505; background-color: #ededed; vertical-align: top;\">\u00a0<iframe loading=\"lazy\" style=\"border: 0;\" src=\"https:\/\/www.google.com\/maps\/embed?pb=!1m18!1m12!1m3!1d2568.273145389697!2d6.219761651646767!3d49.931215832420364!2m3!1f0!2f0!3f0!3m2!1i1024!2i768!4f13.1!3m3!1m2!1s0x47bffca10506ead1%3A0x9141a9268fb4d46!2s16+Rue+de+Huy%2C+9415+Vianden!5e0!3m2!1sde!2slu!4v1514298993113\" width=\"300\" height=\"400\" frameborder=\"0\" allowfullscreen=\"allowfullscreen\"><\/iframe><\/td>\n<\/tr>\n<\/tbody>\n<\/table>\n","protected":false},"excerpt":{"rendered":"<p>MAISON DES JEUNES \u00c0 VIANDEN La Maison des Jeunes de Vianden est un lieu de rencontre pour les jeunes de 12 \u00e0 26 ans. Les jeunes ont la possibilit\u00e9 d\u2019acc\u00e9der \u00e0 des activit\u00e9s sportives et culturelles pendant leurs temps libre. En outre, deux fois par semaine une aide aux devoirs est offerte. Durant leurs visites,&hellip;<\/p>\n","protected":false},"author":3,"featured_media":0,"parent":0,"menu_order":0,"comment_status":"closed","ping_status":"closed","template":"","meta":[],"class_list":["post-15566","page","type-page","status-publish","hentry","description-off"],"translation":{"provider":"WPGlobus","version":"2.12.2","language":"fr","enabled_languages":["de","fr"],"languages":{"de":{"title":true,"content":true,"excerpt":false},"fr":{"title":true,"content":true,"excerpt":false}}},"publishpress_future_action":{"enabled":false,"date":"2026-04-14 22:54:32","action":"change-status","newStatus":"draft","terms":[],"taxonomy":""},"_links":{"self":[{"href":"https:\/\/old-vianden.digitalvision.lu\/fr\/index.php?rest_route=\/wp\/v2\/pages\/15566","targetHints":{"allow":["GET"]}}],"collection":[{"href":"https:\/\/old-vianden.digitalvision.lu\/fr\/index.php?rest_route=\/wp\/v2\/pages"}],"about":[{"href":"https:\/\/old-vianden.digitalvision.lu\/fr\/index.php?rest_route=\/wp\/v2\/types\/page"}],"author":[{"embeddable":true,"href":"https:\/\/old-vianden.digitalvision.lu\/fr\/index.php?rest_route=\/wp\/v2\/users\/3"}],"replies":[{"embeddable":true,"href":"https:\/\/old-vianden.digitalvision.lu\/fr\/index.php?rest_route=%2Fwp%2Fv2%2Fcomments&post=15566"}],"version-history":[{"count":58,"href":"https:\/\/old-vianden.digitalvision.lu\/fr\/index.php?rest_route=\/wp\/v2\/pages\/15566\/revisions"}],"predecessor-version":[{"id":21231,"href":"https:\/\/old-vianden.digitalvision.lu\/fr\/index.php?rest_route=\/wp\/v2\/pages\/15566\/revisions\/21231"}],"wp:attachment":[{"href":"https:\/\/old-vianden.digitalvision.lu\/fr\/index.php?rest_route=%2Fwp%2Fv2%2Fmedia&parent=15566"}],"curies":[{"name":"wp","href":"https:\/\/api.w.org\/{rel}","templated":true}]}}