{"id":15536,"date":"2017-12-26T12:13:33","date_gmt":"2017-12-26T11:13:33","guid":{"rendered":"https:\/\/old-vianden.digitalvision.lu\/?page_id=15536"},"modified":"2022-12-13T09:53:48","modified_gmt":"2022-12-13T08:53:48","slug":"forstdienst","status":"publish","type":"page","link":"https:\/\/old-vianden.digitalvision.lu\/fr\/?page_id=15536","title":{"rendered":"Service forestier"},"content":{"rendered":"<div class=\"wpb-content-wrapper\"><p>[vc_row][vc_column][vc_column_text]Pr\u00e9pos\u00e9e de la nature et des for\u00eats du triage de Vianden: Martine Zangerle<\/p>\n<p>T\u00e9l: (+352) 26 87 45 19<br \/>\nGSM:(+352) 621 202 146<\/p>\n<p>Email: <a href=\"mailto:martine.zangerle@anf.etat.lu\">martine.zangerle@anf.etat.lu<\/a><\/p>\n<p><b>Fax:<\/b> (+352)\u00a0<span id=\"Contenu_ContenusMenuGauche1_Contacts_Label9_1\">26874521<\/span><\/p>\n<p>L&#8217;Administration de la nature et des for\u00eats est une administration publique qui est charg\u00e9e des missions suivantes:<\/p>\n<ul>\n<li>la protection de la nature, des ressources naturelles, de la diversit\u00e9 biologique et des paysages;<\/li>\n<li>la protection et la gestion foresti\u00e8re durable des for\u00eats soumises au r\u00e9gime forestier;<\/li>\n<li>la promotion d\u2019une gestion foresti\u00e8re durable dans les for\u00eats priv\u00e9es;<\/li>\n<li>la protection et la gestion durable des ressources cyn\u00e9g\u00e9tiques;<\/li>\n<li>la sensibilisation du public dans les domaines de la nature et des for\u00eats;<\/li>\n<li>la surveillance et la police en mati\u00e8re de protection de la nature, des for\u00eats, de chasse et de p\u00eache.<\/li>\n<\/ul>\n<p><a href=\"http:\/\/www.environnement.public.lu\/functions\/apropos_du_site\/anf\/index.html\" target=\"_blank\" rel=\"noopener\">http:\/\/www.environnement.public.lu\/<\/a>[\/vc_column_text][\/vc_column][\/vc_row][vc_row][vc_column width=&#8221;1\/2&#8243;][vc_column_text]<img loading=\"lazy\" decoding=\"async\" class=\"alignnone wp-image-15541\" src=\"https:\/\/old-vianden.digitalvision.lu\/wp-content\/uploads\/2017\/12\/service-forestier.jpg\" alt=\"\" width=\"528\" height=\"396\" srcset=\"https:\/\/old-vianden.digitalvision.lu\/wp-content\/uploads\/2017\/12\/service-forestier.jpg 2560w, https:\/\/old-vianden.digitalvision.lu\/wp-content\/uploads\/2017\/12\/service-forestier-150x113.jpg 150w, https:\/\/old-vianden.digitalvision.lu\/wp-content\/uploads\/2017\/12\/service-forestier-300x225.jpg 300w, https:\/\/old-vianden.digitalvision.lu\/wp-content\/uploads\/2017\/12\/service-forestier-768x576.jpg 768w, https:\/\/old-vianden.digitalvision.lu\/wp-content\/uploads\/2017\/12\/service-forestier-1024x768.jpg 1024w\" sizes=\"auto, (max-width: 528px) 100vw, 528px\" \/>[\/vc_column_text][\/vc_column][vc_column width=&#8221;1\/2&#8243;][vc_gmaps link=&#8221;#E-8_JTNDaWZyYW1lJTIwc3JjJTNEJTIyaHR0cHMlM0ElMkYlMkZ3d3cuZ29vZ2xlLmNvbSUyRm1hcHMlMkZlbWJlZCUzRnBiJTNEJTIxMW0xOCUyMTFtMTIlMjExbTMlMjExZDI1NjcuNjkyNTkyNjY1MTk3JTIxMmQ2LjIxMTg4OTA4MDU0NDAwOSUyMTNkNDkuOTQyMTA5MTU4NjQyMzclMjEybTMlMjExZjAlMjEyZjAlMjEzZjAlMjEzbTIlMjExaTEwMjQlMjEyaTc2OCUyMTRmMTMuMSUyMTNtMyUyMTFtMiUyMTFzMHg0N2JmZmI2NjU3ZDAzOGRiJTI1M0EweGQzNjgwNjY4MjNjY2NmZDElMjEyc1ZpYW5kZW4lMjUyQyUyQlNjaGVpZXJoYWZmJTJCMiUyMTVlMCUyMTNtMiUyMTFzZGUlMjEyc2x1JTIxNHYxNTE0Mjg2NDU3MDkyJTIyJTIwd2lkdGglM0QlMjI2MDAlMjIlMjBoZWlnaHQlM0QlMjI0NTAlMjIlMjBmcmFtZWJvcmRlciUzRCUyMjAlMjIlMjBzdHlsZSUzRCUyMmJvcmRlciUzQTAlMjIlMjBhbGxvd2Z1bGxzY3JlZW4lM0UlM0MlMkZpZnJhbWUlM0U=&#8221; size=&#8221;400&#8243;][\/vc_column][\/vc_row]<\/p>\n<\/div>","protected":false},"excerpt":{"rendered":"<p>[vc_row][vc_column][vc_column_text]Pr\u00e9pos\u00e9e de la nature et des for\u00eats du triage de Vianden: Martine Zangerle T\u00e9l: (+352) 26 87 45 19 GSM:(+352) 621 202 146 Email: martine.zangerle@anf.etat.lu Fax: (+352)\u00a026874521 L&#8217;Administration de la nature et des for\u00eats est une administration publique qui est charg\u00e9e des missions suivantes: la protection de la nature, des ressources naturelles, de la diversit\u00e9&hellip;<\/p>\n","protected":false},"author":3,"featured_media":0,"parent":0,"menu_order":0,"comment_status":"closed","ping_status":"closed","template":"","meta":[],"class_list":["post-15536","page","type-page","status-publish","hentry","description-off"],"translation":{"provider":"WPGlobus","version":"2.12.2","language":"fr","enabled_languages":["de","fr"],"languages":{"de":{"title":true,"content":true,"excerpt":false},"fr":{"title":true,"content":false,"excerpt":false}}},"publishpress_future_action":{"enabled":false,"date":"2026-04-14 22:54:16","action":"change-status","newStatus":"draft","terms":[],"taxonomy":""},"_links":{"self":[{"href":"https:\/\/old-vianden.digitalvision.lu\/fr\/index.php?rest_route=\/wp\/v2\/pages\/15536","targetHints":{"allow":["GET"]}}],"collection":[{"href":"https:\/\/old-vianden.digitalvision.lu\/fr\/index.php?rest_route=\/wp\/v2\/pages"}],"about":[{"href":"https:\/\/old-vianden.digitalvision.lu\/fr\/index.php?rest_route=\/wp\/v2\/types\/page"}],"author":[{"embeddable":true,"href":"https:\/\/old-vianden.digitalvision.lu\/fr\/index.php?rest_route=\/wp\/v2\/users\/3"}],"replies":[{"embeddable":true,"href":"https:\/\/old-vianden.digitalvision.lu\/fr\/index.php?rest_route=%2Fwp%2Fv2%2Fcomments&post=15536"}],"version-history":[{"count":11,"href":"https:\/\/old-vianden.digitalvision.lu\/fr\/index.php?rest_route=\/wp\/v2\/pages\/15536\/revisions"}],"predecessor-version":[{"id":22165,"href":"https:\/\/old-vianden.digitalvision.lu\/fr\/index.php?rest_route=\/wp\/v2\/pages\/15536\/revisions\/22165"}],"wp:attachment":[{"href":"https:\/\/old-vianden.digitalvision.lu\/fr\/index.php?rest_route=%2Fwp%2Fv2%2Fmedia&parent=15536"}],"curies":[{"name":"wp","href":"https:\/\/api.w.org\/{rel}","templated":true}]}}