{"id":15465,"date":"2017-12-22T18:55:20","date_gmt":"2017-12-22T17:55:20","guid":{"rendered":"https:\/\/old-vianden.digitalvision.lu\/?page_id=15465"},"modified":"2021-07-21T12:20:12","modified_gmt":"2021-07-21T10:20:12","slug":"technischer-dienst-2","status":"publish","type":"page","link":"https:\/\/old-vianden.digitalvision.lu\/fr\/?page_id=15465","title":{"rendered":"Service technique"},"content":{"rendered":"<h3>Service Technique<\/h3>\n<div>\n<ul>\n<li>traitement des autorisations \u00e0 b\u00e2tir, des demandes de plan d\u2019am\u00e9nagement particulier (PAP)<\/li>\n<\/ul>\n<h3>Contact<\/h3>\n<p><strong>Jos Coremans<br \/>\n<\/strong>R\u00e9dacteur<br \/>\nT\u00e9l. : <span id=\"ColonneDroite_Contacts_Label7_0\">83 48 21 25<\/span><br \/>\nFax : <span id=\"ColonneDroite_Contacts_Label9_0\">83 48 26<br \/>\n<\/span>Place Victor Abens\u00a0 L-9410 Vianden<\/p>\n<p>Mail: <a href=\"mailto:Jos.Coremans@old-vianden.digitalvision.lu\" target=\"_blank\" rel=\"noopener noreferrer\">Jos.Coremans@old-vianden.digitalvision.lu<\/a><\/p>\n<p><a href=\"https:\/\/old-vianden.digitalvision.lu\/wp-content\/uploads\/2021\/07\/reglement-des-batisses.pdf\" target=\"_blank\" rel=\"noopener\"><strong>R\u00e8glement des b\u00e2tisses<\/strong><\/a><\/p>\n<p>Formulaire: Demande de construction<\/p>\n<h3><strong><div id=\"wppdfemb-frame-container-2\"><iframe id=\"wppdf-emb-iframe-2\" scrolling=\"no\" data-pdf-index=\"2\" class=\"pdfembed-iframe nonfullscreen\" style=\"border: none; width:100%; max-width: 100%; min-height: 1000px;\" src=\"https:\/\/old-vianden.digitalvision.lu\/fr?url=https%3A%2F%2Fold-vianden.digitalvision.lu%2Fwp-content%2Fuploads%2F2020%2F10%2Fdemande_de_construire-1.pdf&title=demande_de_construire&pdfID=2&index=2\" ><\/iframe><\/div><\/strong><\/h3>\n<h3>\u2013 \u2013 \u2013 \u2013 \u2013 \u2013 \u2013 \u2013 \u2013 \u2013 \u2013 \u2013 \u2013 \u2013 \u2013 \u2013 \u2013 \u2013 \u2013 \u2013 \u2013 \u2013 \u2013 \u2013 \u2013 \u2013 \u2013 \u2013 \u2013 \u2013 \u2013 \u2013 \u2013 \u2013 \u2013 \u2013 \u2013 \u2013 \u2013<\/h3>\n<h3>Service des r\u00e9gies<\/h3>\n<ul>\n<li>R\u00e9seau eau potable<\/li>\n<li>Canalisation<\/li>\n<li>Antenne collective<\/li>\n<li>Gestion des poubelles<\/li>\n<li>Cimeti\u00e8re<\/li>\n<li>\u00c9clairage public<\/li>\n<li>Signalisation routi\u00e8re<\/li>\n<li>Entretien\u00a0voirie<\/li>\n<\/ul>\n<\/div>\n<div>\n<h3>Contact<\/h3>\n<p><strong>Guy Hartmann<br \/>\n<\/strong>pr\u00e9pos\u00e9<br \/>\n<span id=\"ColonneDroite_Contacts_Label11_1\">T\u00e9l.: +<b><span lang=\"DE\">352 834821-51<\/span><\/b><br \/>\n<\/span>30, rue Neugarten\u00a0 L-9422 Vianden<\/p>\n<p>Mail:\u00a0<a href=\"mailto:Guy.Hartmann@old-vianden.digitalvision.lu\" target=\"_blank\" rel=\"noopener noreferrer\">Guy.Hartmann@old-vianden.digitalvision.lu<\/a><\/p>\n<h3>\u2013 \u2013 \u2013 \u2013 \u2013 \u2013 \u2013 \u2013 \u2013 \u2013 \u2013 \u2013 \u2013 \u2013 \u2013 \u2013 \u2013 \u2013 \u2013 \u2013 \u2013 \u2013 \u2013 \u2013 \u2013 \u2013 \u2013 \u2013 \u2013 \u2013 \u2013 \u2013 \u2013 \u2013 \u2013 \u2013 \u2013 \u2013 \u2013<\/h3>\n<h3>\u00a0La collecte des d\u00e9chets<\/h3>\n<\/div>\n<div>\n<p><b>parc \u00e0 containers<\/b><\/p>\n<p>Le parc est am\u00e9nag\u00e9 derri\u00e8re le nouveau atelier communal; ancien hall \u201cElectrolux\u201c, 30 rue Neugarten, acc\u00e8s en face de la maison Theis E.<\/p>\n<p>Containers y pos\u00e9s pour<\/p>\n<ul>\n<li><b>verre creux diam\u00e8tre max 15cm<\/b><\/li>\n<li><b>vieux v\u00eatements et souliers<\/b><\/li>\n<li><b>ferrailles<\/b><\/li>\n<li><b>gazon et feuilles<\/b><\/li>\n<li><b>haies et arbustes \u00a0\u00a0\u00a0\u00a0\u00a0\u00a0\u00a0diam\u00e8tre max 10cm\u00a0\u00a0\u00a0 longueur max 2m<\/b><\/li>\n<\/ul>\n<p>Le parc \u00e0 containers est ouvert aux <strong>habitants de la commune de Vianden\u00a0<\/strong>du<\/p>\n<p><b>lundi au vendredi <\/b>de<b> 8:00 \u00e0 17:00\u00a0<\/b>et le<\/p>\n<p><b>samedi <\/b>de <b>10:00 \u00e0 12:00<\/b><\/p>\n<p>Ne <b>seront accept\u00e9s<\/b> que les <b>d\u00e9chets cit\u00e9s<\/b> en haut et en quantit\u00e9s domestiques.<\/p>\n<p>Les <b>containers pour vieux papiers<\/b> ne sont <b>plus disponibles<\/b> \u00e0 partir du 1 ao\u00fbt 2007.<\/p>\n<p>Tous les autres d\u00e9chets sont \u00e0 transporter \u00e0 la d\u00e9charge de la SIDEC \u00e0 Diekirch \/ Friedhaff.<\/p>\n<p><iframe loading=\"lazy\" style=\"border: 1;\" src=\"https:\/\/www.google.com\/maps\/embed?pb=!1m18!1m12!1m3!1d997.0605854836311!2d6.216325110786613!3d49.932735782998414!2m3!1f0!2f0!3f0!3m2!1i1024!2i768!4f13.1!3m3!1m2!1s0x47bffc9f75e3daed%3A0x61e531782c3a5777!2s30+Rue+Neugarten%2C+9422+Vianden!5e0!3m2!1sde!2slu!4v1513957050642\" width=\"600\" height=\"250\" frameborder=\"0\" allowfullscreen=\"allowfullscreen\" data-mce-fragment=\"1\"><\/iframe><\/p>\n<\/div>\n<h3>\u2013 \u2013 \u2013 \u2013 \u2013 \u2013 \u2013 \u2013 \u2013 \u2013 \u2013 \u2013 \u2013 \u2013 \u2013 \u2013 \u2013 \u2013 \u2013 \u2013 \u2013 \u2013 \u2013 \u2013 \u2013 \u2013 \u2013 \u2013 \u2013 \u2013 \u2013 \u2013 \u2013 \u2013 \u2013 \u2013 \u2013 \u2013 \u2013<\/h3>\n<div>\n<p><strong>Antennes collectives<\/strong><\/p>\n<div>\n<table style=\"width: 71.3999%;\" border=\"1\" cellspacing=\"0\" cellpadding=\"0\">\n<tbody>\n<tr>\n<td style=\"width: 189.62%;\" colspan=\"3\" valign=\"top\">Co\u00fbts du service<\/td>\n<\/tr>\n<tr>\n<td style=\"width: 81%;\" valign=\"top\">Raccordement au r\u00e9seau<\/td>\n<td style=\"width: 9%;\" valign=\"top\"><\/td>\n<td style=\"width: 99.6204%;\" valign=\"top\">900 \u20ac<\/td>\n<\/tr>\n<tr>\n<td style=\"width: 81%;\" valign=\"top\">Redevance mensuelle pour le raccordement<\/td>\n<td style=\"width: 9%;\" valign=\"top\"><\/td>\n<td style=\"width: 99.6204%;\" valign=\"top\">10 \u20ac<\/td>\n<\/tr>\n<tr>\n<td style=\"width: 81%;\" valign=\"top\">Redevance mensuelle pour les droits d\u2019auteur<\/td>\n<td style=\"width: 9%;\" valign=\"top\"><\/td>\n<td style=\"width: 99.6204%;\" valign=\"top\">6,47 \u20ac<\/td>\n<\/tr>\n<\/tbody>\n<\/table>\n<\/div>\n<p>__________________________________________________________________<\/p>\n<div id=\"wppdfemb-frame-container-3\"><iframe id=\"wppdf-emb-iframe-3\" scrolling=\"no\" data-pdf-index=\"3\" class=\"pdfembed-iframe nonfullscreen\" style=\"border: none; width:100%; max-width: 100%; min-height: 1000px;\" src=\"https:\/\/old-vianden.digitalvision.lu\/fr?url=https%3A%2F%2Fold-vianden.digitalvision.lu%2Fwp-content%2Fuploads%2F2020%2F11%2FReglement_Com_subventions.pdf&pdfID=3&index=3\" ><\/iframe><\/div>\n<\/div>\n","protected":false},"excerpt":{"rendered":"<p>Service Technique traitement des autorisations \u00e0 b\u00e2tir, des demandes de plan d\u2019am\u00e9nagement particulier (PAP) Contact Jos Coremans R\u00e9dacteur T\u00e9l. : 83 48 21 25 Fax : 83 48 26 Place Victor Abens\u00a0 L-9410 Vianden Mail: Jos.Coremans@old-vianden.digitalvision.lu R\u00e8glement des b\u00e2tisses Formulaire: Demande de construction \u2013 \u2013 \u2013 \u2013 \u2013 \u2013 \u2013 \u2013 \u2013 \u2013 \u2013 \u2013&hellip;<\/p>\n","protected":false},"author":3,"featured_media":0,"parent":0,"menu_order":0,"comment_status":"closed","ping_status":"closed","template":"","meta":[],"class_list":["post-15465","page","type-page","status-publish","hentry","description-off"],"translation":{"provider":"WPGlobus","version":"2.12.2","language":"fr","enabled_languages":["de","fr"],"languages":{"de":{"title":true,"content":true,"excerpt":false},"fr":{"title":true,"content":true,"excerpt":false}}},"publishpress_future_action":{"enabled":false,"date":"2026-04-15 00:24:32","action":"change-status","newStatus":"draft","terms":[],"taxonomy":""},"_links":{"self":[{"href":"https:\/\/old-vianden.digitalvision.lu\/fr\/index.php?rest_route=\/wp\/v2\/pages\/15465","targetHints":{"allow":["GET"]}}],"collection":[{"href":"https:\/\/old-vianden.digitalvision.lu\/fr\/index.php?rest_route=\/wp\/v2\/pages"}],"about":[{"href":"https:\/\/old-vianden.digitalvision.lu\/fr\/index.php?rest_route=\/wp\/v2\/types\/page"}],"author":[{"embeddable":true,"href":"https:\/\/old-vianden.digitalvision.lu\/fr\/index.php?rest_route=\/wp\/v2\/users\/3"}],"replies":[{"embeddable":true,"href":"https:\/\/old-vianden.digitalvision.lu\/fr\/index.php?rest_route=%2Fwp%2Fv2%2Fcomments&post=15465"}],"version-history":[{"count":23,"href":"https:\/\/old-vianden.digitalvision.lu\/fr\/index.php?rest_route=\/wp\/v2\/pages\/15465\/revisions"}],"predecessor-version":[{"id":19775,"href":"https:\/\/old-vianden.digitalvision.lu\/fr\/index.php?rest_route=\/wp\/v2\/pages\/15465\/revisions\/19775"}],"wp:attachment":[{"href":"https:\/\/old-vianden.digitalvision.lu\/fr\/index.php?rest_route=%2Fwp%2Fv2%2Fmedia&parent=15465"}],"curies":[{"name":"wp","href":"https:\/\/api.w.org\/{rel}","templated":true}]}}