{"id":15407,"date":"2017-12-22T13:10:45","date_gmt":"2017-12-22T12:10:45","guid":{"rendered":"https:\/\/old-vianden.digitalvision.lu\/?page_id=15407"},"modified":"2023-06-14T10:23:12","modified_gmt":"2023-06-14T08:23:12","slug":"standesamt","status":"publish","type":"page","link":"https:\/\/old-vianden.digitalvision.lu\/fr\/?page_id=15407","title":{"rendered":"Etat civil"},"content":{"rendered":"<div class=\"wpb-content-wrapper\"><p>[vc_row][vc_column][vc_column_text]<\/p>\n<div>\n<h3>L&#8217;\u00e9tat civil<\/h3>\n<table border=\"0\" width=\"100%\" cellspacing=\"2\" cellpadding=\"1\">\n<tbody>\n<tr>\n<td valign=\"top\">\n<ul>\n<li><a href=\"https:\/\/guichet.public.lu\/fr\/citoyens\/citoyennete\/papiers-identite\/carte-identite\/nouv-carte-identite-adulte.html\" target=\"_blank\" rel=\"noopener\">Cartes d&#8217;identit\u00e9<\/a><\/li>\n<li><a href=\"https:\/\/guichet.public.lu\/fr\/actualites\/2019\/avril\/11-demande-passeport-visa.html\" target=\"_blank\" rel=\"noopener\">Passeport<\/a><\/li>\n<li><a href=\"https:\/\/guichet.public.lu\/fr\/citoyens\/famille\/parents\/obligation-naissance\/declarer-naissance.html#:~:text=Toute%20naissance%20doit%20obligatoirement%20\u00eatre,jour%20m\u00eame%20de%20l'accouchement.\" target=\"_blank\" rel=\"noopener\">D\u00e9claration de naissance<\/a><\/li>\n<li><a href=\"https:\/\/guichet.public.lu\/fr\/citoyens\/famille\/vie-maritale\/mariage\/preparation-mariage.html\" target=\"_blank\" rel=\"noopener\">Mariage<\/a><\/li>\n<li><a href=\"https:\/\/guichet.public.lu\/fr\/citoyens\/famille\/vie-maritale\/partenariat-pacs\/declaration-partenariat.html\" target=\"_blank\" rel=\"noopener\">PACS (partenariat)<\/a><\/li>\n<li><a href=\"https:\/\/guichet.public.lu\/fr\/citoyens\/citoyennete\/nationalite-luxembourgeoise\/acquisition-recouvrement\/naturalisation.html\" target=\"_blank\" rel=\"noopener\">Naturalisation<\/a><\/li>\n<li><a href=\"https:\/\/guichet.public.lu\/fr\/citoyens\/famille\/vie-maritale\/certificats\/certificat-autorisation-parentale.html#:~:text=L'%20un%20des%20parents%20doit,avec%20sa%20pi\u00e8ce%20d'identit\u00e9.\" target=\"_blank\" rel=\"noopener\">Autorisation parentale<\/a><\/li>\n<li><a href=\"https:\/\/guichet.public.lu\/fr\/citoyens\/famille\/parents\/garde-enfants\/cheque-service.html\" target=\"_blank\" rel=\"noopener\">Ch\u00e8que accueil-service<\/a><\/li>\n<li><a href=\"https:\/\/guichet.public.lu\/dam-assets\/catalogue-formulaires\/immigration-docs-communs\/engagement-prise-charge-financiere\/engagement-prise-charge-en.pdf\" target=\"_blank\" rel=\"noopener noreferrer\">ENGAGEMENT DE PRISE EN CHARGE \/ FORMAL OBLIGATION<\/a><\/li>\n<li><a href=\"https:\/\/guichet.public.lu\/fr\/citoyens\/citoyennete\/certificat-casier-judiciaire\/certificat-copie\/acte-deces.html\" target=\"_blank\" rel=\"noopener\">Acte de d\u00e9c\u00e8s<\/a><\/li>\n<li><a href=\"https:\/\/guichet.public.lu\/dam-assets\/catalogue-formulaires\/vehicule-motorise\/prime-mobilite-durable\/subside-velo-pedelec25.pdf\" target=\"_blank\" rel=\"noopener\">Demande aide financi\u00e8re v\u00e9hicule routier, p\u00e9delec25, &#8230;<\/a><\/li>\n<\/ul>\n<\/td>\n<td valign=\"top\">\n<ul>\n<li>Autorisation de s\u00e9jour<\/li>\n<li>Concessions \u2013 cimeti\u00e8re<\/li>\n<li>Permis de p\u00eache<\/li>\n<li>Acte de naissance<\/li>\n<li>D\u00e9claration de d\u00e9c\u00e8s<\/li>\n<li>Changement d&#8217;adresse<\/li>\n<li>Carte de s\u00e9jour<\/li>\n<li>L\u00e9galisation de signature \/ Copies conformes<\/li>\n<li>Listes \u00e9lectorales Passeports<\/li>\n<li>Loteries et tombolas<\/li>\n<li>Nuits blanches<\/li>\n<\/ul>\n<\/td>\n<\/tr>\n<\/tbody>\n<\/table>\n<p>&#8211; &#8211; &#8211; &#8211; &#8211; &#8211; &#8211; &#8211; &#8211; &#8211; &#8211; &#8211; &#8211; &#8211; &#8211; &#8211; &#8211; &#8211; &#8211; &#8211; &#8211; &#8211; &#8211; &#8211; &#8211; &#8211; &#8211; &#8211; &#8211; &#8211; &#8211; &#8211; &#8211; &#8211; &#8211; &#8211; &#8211; &#8211; &#8211; &#8211; &#8211; &#8211; &#8211; &#8211; &#8211; &#8211; &#8211; &#8211; &#8211; &#8211; &#8211; &#8211; &#8211; &#8211; &#8211; &#8211;<\/p>\n<h3>Extrait du casier judiciaire<\/h3>\n<p>Pour l&#8217;obtention d&#8217;un extrait du casier judiciaire, les personnes de nationalit\u00e9 luxembourgeoise se pr\u00e9senteront munies de leur carte d&#8217;identit\u00e9, les personnes d&#8217;une autre nationalit\u00e9 munies de leur carte de s\u00e9jour au<\/p>\n<div class=\"vcard-title\"><strong><a title=\"Service du Casier judiciaire\" href=\"http:\/\/www.guichet.public.lu\/citoyens\/fr\/organismes\/parquet-general\/casier-judiciaire\/index.html\" target=\"_blank\" rel=\"noopener noreferrer\">Service du Casier judiciaire<\/a><\/strong><\/div>\n<div>Cit\u00e9 judiciaire &#8211; B\u00e2timent BC<br \/>\nB\u00e2timent BC &#8211; 1er \u00e9tage<br \/>\nL-2080 &#8211; Luxembourg<br \/>\nGrand-Duch\u00e9 de Luxembourg<\/div>\n<p>T\u00e9l. : <a class=\"newwindow\" title=\"Nouvelle fen\u00eatre\" href=\"tel:(+352) 47 59 81-346\" target=\"_blank\" rel=\"noopener noreferrer\">(+352) 47 59 81-346<\/a><br \/>\nFax : (+352) 47 59 81-248<br \/>\nE-mail : <a class=\"newwindow\" title=\"Nouvelle fen\u00eatre\" href=\"mailto:casier.judiciaire@justice.etat.lu\" target=\"_blank\" rel=\"noopener noreferrer\">casier.judiciaire@justice.etat.lu<\/a><br \/>\nSite Internet:\u00a0<a href=\"http:\/\/www.justice.public.lu\/fr\/annuaire\/parquet-general\/index.html\" target=\"_blank\" rel=\"noopener noreferrer\">http:\/\/www.justice.public.lu\/fr\/annuaire\/parquet-general\/index.html<\/a><\/p>\n<div>\n<p><b><span id=\"ColonneDroite_Contacts_Label1_0\">Administration Communale de la Ville de Vianden<\/span><\/b><br \/>\n<span id=\"ColonneDroite_Contacts_Label6_0\">B.P. 10<br \/>\nL-9401 Vianden<\/span><\/p>\n<p><strong>Heures d\u2019ouvertures<\/strong><\/p>\n<div class=\"page\" title=\"Page 1\">\n<div class=\"layoutArea\">\n<div class=\"column\">\n<p>BUREAU DE LA POPULATION &#8211; \u00a0ETAT CIVIL<\/p>\n<p>LUNDI, MERCREDI ET VENDREDI , de \u00a009.00 \u00e0 11.30 HRS \u00a0et de 13.30 \u00e0 16.00 HRS<\/p>\n<\/div>\n<\/div>\n<div class=\"section\">\n<div class=\"layoutArea\">\n<div class=\"column\">\n<p>MARDI ET JEUDI de \u00a009.00 \u00e0 11.30 HRS \u00a0 (ou sur rendez-vous)<\/p>\n<p>Tel. : (+352)\u00a0<span id=\"ColonneDroite_Contacts_Label7_0\">83 48 21<\/span><span id=\"ColonneDroite_Contacts_Label8_0\"> &#8211; 1<br \/>\n<\/span>Mail: <a href=\"mailto:secretariat@old-vianden.digitalvision.lu\" target=\"_blank\" rel=\"noopener noreferrer\">secretariat(at)vianden.lu<\/a><\/p>\n<\/div>\n<\/div>\n<\/div>\n<\/div>\n<\/div>\n<p>&#8211; &#8211; &#8211; &#8211; &#8211; &#8211; &#8211; &#8211; &#8211; &#8211; &#8211; &#8211; &#8211; &#8211; &#8211; &#8211; &#8211; &#8211; &#8211; &#8211; &#8211; &#8211; &#8211; &#8211; &#8211; &#8211; &#8211; &#8211; &#8211; &#8211; &#8211; &#8211; &#8211; &#8211; &#8211; &#8211; &#8211; &#8211; &#8211; &#8211; &#8211; &#8211; &#8211; &#8211; &#8211; &#8211; &#8211; &#8211; &#8211; &#8211; &#8211; &#8211; &#8211; &#8211; &#8211; &#8211;<\/p>\n<h3>Certificat de nationalit\u00e9<\/h3>\n<p>Les certificats de nationalit\u00e9 sont d\u00e9livr\u00e9s par:<\/p>\n<div class=\"vcard-title\"><strong>Service de l&#8217;indig\u00e9nat &#8211; minist\u00e8re de la Justice<\/strong><\/div>\n<div class=\"vcard-item\">13, rue Erasme<br \/>\nL-2934 Luxembourg<br \/>\nGrand-Duch\u00e9 de Luxembourg<\/div>\n<div class=\"vcard-item\">T\u00e9l. : Certificat de nationalit\u00e9 (Heimatschein) &#8211; (+352) 247-84532 \/ 88525<\/div>\n<div class=\"vcard-item\">Fax : (+352) 26 20 27 59<\/div>\n<\/div>\n<div>\n<div>&#8211; &#8211; &#8211; &#8211; &#8211; &#8211; &#8211; &#8211; &#8211; &#8211; &#8211; &#8211; &#8211; &#8211; &#8211; &#8211; &#8211; &#8211; &#8211; &#8211; &#8211; &#8211; &#8211; &#8211; &#8211; &#8211; &#8211; &#8211; &#8211; &#8211; &#8211; &#8211; &#8211; &#8211; &#8211; &#8211; &#8211; &#8211; &#8211; &#8211; &#8211; &#8211; &#8211; &#8211; &#8211; &#8211; &#8211; &#8211; &#8211; &#8211; &#8211; &#8211; &#8211; &#8211; &#8211; &#8211;<\/div>\n<div>\n<h3 class=\"features_title\">Contactes<\/h3>\n<div class=\"features_content\">\n<p><b>Sofia Carvalho :\u00a0<\/b>Tel : <span id=\"ColonneDroite_Contacts_Label7_1\">83 48 21<\/span><span id=\"ColonneDroite_Contacts_Label8_1\"> &#8211; 21 \u00a0\/ \u00a0Email: <a href=\"mailto:sofia.carvalho@old-vianden.digitalvision.lu\">sofia.carvalho@old-vianden.digitalvision.lu<\/a><\/span><br \/>\n<span id=\"ColonneDroite_Contacts_Label8_1\"><\/span><\/p>\n<p><strong>Diane Storn:\u00a0<\/strong>Tel : <span id=\"ColonneDroite_Contacts_Label7_0\">83 48 21<\/span><span id=\"ColonneDroite_Contacts_Label8_0\"> &#8211; 22 \u00a0\/ \u00a0Email: <a href=\"mailto:diane.storn@old-vianden.digitalvision.lu\">diane.storn@old-vianden.digitalvision.lu<\/a><\/span><\/p>\n<\/div>\n<\/div>\n<\/div>\n<div class=\"print\"><\/div>\n<p>[\/vc_column_text][\/vc_column][\/vc_row]<\/p>\n<\/div>","protected":false},"excerpt":{"rendered":"<p>[vc_row][vc_column][vc_column_text] L&#8217;\u00e9tat civil Cartes d&#8217;identit\u00e9 Passeport D\u00e9claration de naissance Mariage PACS (partenariat) Naturalisation Autorisation parentale Ch\u00e8que accueil-service ENGAGEMENT DE PRISE EN CHARGE \/ FORMAL OBLIGATION Acte de d\u00e9c\u00e8s Demande aide financi\u00e8re v\u00e9hicule routier, p\u00e9delec25, &#8230; Autorisation de s\u00e9jour Concessions \u2013 cimeti\u00e8re Permis de p\u00eache Acte de naissance D\u00e9claration de d\u00e9c\u00e8s Changement d&#8217;adresse Carte de s\u00e9jour&hellip;<\/p>\n","protected":false},"author":3,"featured_media":0,"parent":0,"menu_order":0,"comment_status":"closed","ping_status":"closed","template":"","meta":[],"class_list":["post-15407","page","type-page","status-publish","hentry","description-off"],"translation":{"provider":"WPGlobus","version":"2.12.2","language":"fr","enabled_languages":["de","fr"],"languages":{"de":{"title":true,"content":true,"excerpt":false},"fr":{"title":true,"content":true,"excerpt":false}}},"publishpress_future_action":{"enabled":false,"date":"2026-04-22 22:46:44","action":"change-status","newStatus":"draft","terms":[],"taxonomy":""},"_links":{"self":[{"href":"https:\/\/old-vianden.digitalvision.lu\/fr\/index.php?rest_route=\/wp\/v2\/pages\/15407","targetHints":{"allow":["GET"]}}],"collection":[{"href":"https:\/\/old-vianden.digitalvision.lu\/fr\/index.php?rest_route=\/wp\/v2\/pages"}],"about":[{"href":"https:\/\/old-vianden.digitalvision.lu\/fr\/index.php?rest_route=\/wp\/v2\/types\/page"}],"author":[{"embeddable":true,"href":"https:\/\/old-vianden.digitalvision.lu\/fr\/index.php?rest_route=\/wp\/v2\/users\/3"}],"replies":[{"embeddable":true,"href":"https:\/\/old-vianden.digitalvision.lu\/fr\/index.php?rest_route=%2Fwp%2Fv2%2Fcomments&post=15407"}],"version-history":[{"count":44,"href":"https:\/\/old-vianden.digitalvision.lu\/fr\/index.php?rest_route=\/wp\/v2\/pages\/15407\/revisions"}],"predecessor-version":[{"id":23012,"href":"https:\/\/old-vianden.digitalvision.lu\/fr\/index.php?rest_route=\/wp\/v2\/pages\/15407\/revisions\/23012"}],"wp:attachment":[{"href":"https:\/\/old-vianden.digitalvision.lu\/fr\/index.php?rest_route=%2Fwp%2Fv2%2Fmedia&parent=15407"}],"curies":[{"name":"wp","href":"https:\/\/api.w.org\/{rel}","templated":true}]}}