{"id":15389,"date":"2017-12-22T11:56:47","date_gmt":"2017-12-22T10:56:47","guid":{"rendered":"https:\/\/old-vianden.digitalvision.lu\/?page_id=15389"},"modified":"2023-06-05T13:46:49","modified_gmt":"2023-06-05T11:46:49","slug":"gemeindekasse","status":"publish","type":"page","link":"https:\/\/old-vianden.digitalvision.lu\/fr\/?page_id=15389","title":{"rendered":"Recette"},"content":{"rendered":"<h3 style=\"text-align: justify;\">La recette communale<\/h3>\n<p style=\"text-align: justify;\">paie les d\u00e9penses de la ville et encaisse les recettes qui lui sont dues. Il est dans l&#8217;int\u00e9r\u00eat tant des d\u00e9biteurs que de la recette que les paiements soient faits dans la mesure du possible moyennant versement ou virement sur un des comptes \u00e9num\u00e9r\u00e9s ci-apr\u00e8s:<\/p>\n<p style=\"text-align: justify;\"><strong>CCPL: LU95 1111 0107 0838 0000<\/strong><\/p>\n<p style=\"text-align: justify;\"><strong>BILL: LU54 0028 1280 1650 0000<br \/>\n<\/strong><\/p>\n<p style=\"text-align: justify;\"><strong>BGLL: LU94 0030 0300 4408 0000 \u00a0\u00a0\u00a0\u00a0\u00a0\u00a0\u00a0\u00a0\u00a0\u00a0\u00a0\u00a0\u00a0\u00a0\u00a0\u00a0 \u00a0\u00a0 <\/strong><\/p>\n<p style=\"text-align: justify;\"><strong>BCEE: LU27 0019 4901 0108 0000<\/strong><\/p>\n<p style=\"text-align: justify;\">En ce qui concerne les factures r\u00e9p\u00e9titives, telles que les taxes communales ou imp\u00f4ts fonciers, nous recommandons de les faire payer par la voie d&#8217;ordre permanent aupr\u00e8s du compte ch\u00e8que postal ou bien aupr\u00e8s d&#8217;une banque de votre choix.<\/p>\n<p style=\"text-align: justify;\">Si vous avez des r\u00e9clamations \u00e0 pr\u00e9senter ou des difficult\u00e9s de paiement, n&#8217;attendez pas que les poursuites soient engag\u00e9es. Contactez la Recette communale et cherchez plut\u00f4t un arrangement d\u00e8s r\u00e9ception de la facture:<\/p>\n<p style=\"text-align: justify;\">Tel: 83 48 21 &#8211; 24<\/p>\n<h3 style=\"text-align: justify;\">Imp\u00f4t foncier<\/h3>\n<p style=\"text-align: justify;\">Les propri\u00e9taires d&#8217;un immeuble ou terrain, b\u00e2ti ou non, sont tenus de payer l&#8217;imp\u00f4t foncier. C&#8217;est l&#8217;administration des contributions qui proc\u00e8de \u00e0 l&#8217;estimation de l&#8217;immeuble et d\u00e9livre un bulletin de la valeur unitaire et de la base d&#8217;assiette en fonction de la cat\u00e9gorie dans laquelle est class\u00e9e la propri\u00e9t\u00e9. Toute r\u00e9clamation concernant la valeur unitaire d&#8217;un immeuble ou son classement dans une cat\u00e9gorie fiscale d\u00e9termin\u00e9e est \u00e0 adresser au service des \u00e9valuations immobili\u00e8res de l&#8217;administration des contributions.<\/p>\n<p style=\"text-align: justify;\">La commune envoie annuellement un bulletin qui indique le montant \u00e0 payer et son \u00e9ch\u00e9ance. Toute personne, propri\u00e9taire d&#8217;un immeuble au 1er janvier, est redevable de l&#8217;imp\u00f4t foncier pour toute l&#8217;ann\u00e9e.<\/p>\n<h3 style=\"text-align: justify;\">___________________________<\/h3>\n<h3>Contact<\/h3>\n<h4><b class=\"b3\">Receveur: Stephan Werthessen<\/b><br \/>\nTel: 83 48 21 &#8211; 24<br \/>\nPlace Vic. Abens\u00a0 L-9410 Vianden<\/h4>\n<p>Mail: <a href=\"mailto:stephan.werthessen@old-vianden.digitalvision.lu\">stephan.werthessen@old-vianden.digitalvision.lu<\/a><\/p>\n<div class=\"print\"><\/div>\n","protected":false},"excerpt":{"rendered":"<p>La recette communale paie les d\u00e9penses de la ville et encaisse les recettes qui lui sont dues. Il est dans l&#8217;int\u00e9r\u00eat tant des d\u00e9biteurs que de la recette que les paiements soient faits dans la mesure du possible moyennant versement ou virement sur un des comptes \u00e9num\u00e9r\u00e9s ci-apr\u00e8s: CCPL: LU95 1111 0107 0838 0000 BILL:&hellip;<\/p>\n","protected":false},"author":3,"featured_media":0,"parent":0,"menu_order":0,"comment_status":"closed","ping_status":"closed","template":"","meta":[],"class_list":["post-15389","page","type-page","status-publish","hentry","description-off"],"translation":{"provider":"WPGlobus","version":"2.12.2","language":"fr","enabled_languages":["de","fr"],"languages":{"de":{"title":true,"content":true,"excerpt":false},"fr":{"title":true,"content":true,"excerpt":false}}},"publishpress_future_action":{"enabled":false,"date":"2026-04-14 23:04:40","action":"change-status","newStatus":"draft","terms":[],"taxonomy":""},"_links":{"self":[{"href":"https:\/\/old-vianden.digitalvision.lu\/fr\/index.php?rest_route=\/wp\/v2\/pages\/15389","targetHints":{"allow":["GET"]}}],"collection":[{"href":"https:\/\/old-vianden.digitalvision.lu\/fr\/index.php?rest_route=\/wp\/v2\/pages"}],"about":[{"href":"https:\/\/old-vianden.digitalvision.lu\/fr\/index.php?rest_route=\/wp\/v2\/types\/page"}],"author":[{"embeddable":true,"href":"https:\/\/old-vianden.digitalvision.lu\/fr\/index.php?rest_route=\/wp\/v2\/users\/3"}],"replies":[{"embeddable":true,"href":"https:\/\/old-vianden.digitalvision.lu\/fr\/index.php?rest_route=%2Fwp%2Fv2%2Fcomments&post=15389"}],"version-history":[{"count":17,"href":"https:\/\/old-vianden.digitalvision.lu\/fr\/index.php?rest_route=\/wp\/v2\/pages\/15389\/revisions"}],"predecessor-version":[{"id":22982,"href":"https:\/\/old-vianden.digitalvision.lu\/fr\/index.php?rest_route=\/wp\/v2\/pages\/15389\/revisions\/22982"}],"wp:attachment":[{"href":"https:\/\/old-vianden.digitalvision.lu\/fr\/index.php?rest_route=%2Fwp%2Fv2%2Fmedia&parent=15389"}],"curies":[{"name":"wp","href":"https:\/\/api.w.org\/{rel}","templated":true}]}}