{"id":15379,"date":"2017-12-22T11:26:45","date_gmt":"2017-12-22T10:26:45","guid":{"rendered":"https:\/\/old-vianden.digitalvision.lu\/?page_id=15379"},"modified":"2022-08-04T20:53:11","modified_gmt":"2022-08-04T18:53:11","slug":"sekretariat","status":"publish","type":"page","link":"https:\/\/old-vianden.digitalvision.lu\/fr\/?page_id=15379","title":{"rendered":"Le secr\u00e9tariat"},"content":{"rendered":"<div class=\"wpb-content-wrapper\"><p>[vc_row][vc_column][vc_column_text]<\/p>\n<div><span style=\"font-family: 'book antiqua', palatino, serif;\"><span style=\"font-family: 'book antiqua', palatino, serif;\">L<span style=\"font-size: 12pt;\">e secr\u00e9tariat<br \/>\n_____________________<\/span><\/span><\/span><\/div>\n<div>\n<pre id=\"tw-target-text\" class=\"tw-data-text tw-ta tw-text-small\" dir=\"ltr\" data-placeholder=\"\u00dcbersetzung\" data-fulltext=\"\"><span lang=\"fr\" style=\"font-family: 'book antiqua', palatino, serif; font-size: 12pt;\">Correspondances\r\nToute lettre adress\u00e9e \u00e0 l\u2019autorit\u00e9 locale, qu\u2019elle sollicite des informations, une demande d\u2019autorisation ou des plaintes, peut \u00eatre envoy\u00e9e \u00e0 l\u2019adresse suivante:<\/span><\/pre>\n<\/div>\n<p><span style=\"font-family: 'book antiqua', palatino, serif; font-size: 12pt;\">Administration Communale de la Ville de Vianden<\/span><br \/>\n<span id=\"Contenu_ContenusMenuGauche1_Contacts_Label6_0\" style=\"font-family: 'book antiqua', palatino, serif; font-size: 12pt;\">B.P. 10<br \/>\nL-9401 Vianden<\/span><\/p>\n<p><strong>Heures d\u2019ouvertures<\/strong><\/p>\n<div class=\"page\" title=\"Page 1\">\n<div class=\"layoutArea\">\n<div class=\"column\">\n<p>BUREAU DE LA POPULATION &#8211; \u00a0ETAT CIVIL<\/p>\n<p>LUNDI, MERCREDI ET VENDREDI , de \u00a009.00 \u00e0 11.30 HRS \u00a0et de 13.30 \u00e0 16.00 HRS<\/p>\n<\/div>\n<\/div>\n<div class=\"section\">\n<div class=\"layoutArea\">\n<div class=\"column\">\n<p>MARDI ET JEUDI de \u00a009.00 \u00e0 11.30 HRS \u00a0 (ou sur rendez-vous)<\/p>\n<\/div>\n<\/div>\n<\/div>\n<\/div>\n<p><span style=\"font-family: 'book antiqua', palatino, serif; font-size: 12pt;\"><b>Tel:<\/b>\u00a0<span id=\"Contenu_ContenusMenuGauche1_Contacts_Label7_0\">83 48 21<\/span><span id=\"Contenu_ContenusMenuGauche1_Contacts_Label8_0\">\u00a0\u2013 1<\/span><\/span><br \/>\n<span style=\"font-family: 'book antiqua', palatino, serif; font-size: 12pt;\"><b>Fax:<\/b>\u00a0<span id=\"Contenu_ContenusMenuGauche1_Contacts_Label9_0\">83 48 26<br \/>\n<\/span><strong>Place Vic. Abens\u00a0 L-9410 Vianden<\/strong><\/span><\/p>\n<p>Mail: <a href=\"mailto:secretariat@old-vianden.digitalvision.lu\">secretariat@old-vianden.digitalvision.lu<\/a><\/p>\n<p><span style=\"font-family: 'book antiqua', palatino, serif; font-size: 12pt;\">__________________________<\/span><\/p>\n<h2 class=\"features_title\"><span style=\"font-family: 'book antiqua', palatino, serif; font-size: 12pt;\">Contact<\/span><\/h2>\n<div class=\"features_content\"><span style=\"font-family: 'book antiqua', palatino, serif; font-size: 12pt;\"><strong>Secr\u00e9taire<\/strong><\/span><\/div>\n<div class=\"features_content\"><span style=\"font-family: 'book antiqua', palatino, serif; font-size: 12pt;\"><b>Pol Schaus<br \/>\n<\/b>Tel :\u00a0<span id=\"ColonneDroite_Contacts_Label7_0\">83 48 21<\/span><span id=\"ColonneDroite_Contacts_Label8_0\">\u00a0\u2013 23<\/span><\/span><br \/>\n<span style=\"font-family: 'book antiqua', palatino, serif; font-size: 12pt;\">Fax :\u00a0<span id=\"ColonneDroite_Contacts_Label9_0\">83 48 26<\/span><\/span><\/div>\n<p>[\/vc_column_text][\/vc_column][\/vc_row]<\/p>\n<\/div>","protected":false},"excerpt":{"rendered":"<p>[vc_row][vc_column][vc_column_text] Le secr\u00e9tariat _____________________ Correspondances Toute lettre adress\u00e9e \u00e0 l\u2019autorit\u00e9 locale, qu\u2019elle sollicite des informations, une demande d\u2019autorisation ou des plaintes, peut \u00eatre envoy\u00e9e \u00e0 l\u2019adresse suivante: Administration Communale de la Ville de Vianden B.P. 10 L-9401 Vianden Heures d\u2019ouvertures BUREAU DE LA POPULATION &#8211; \u00a0ETAT CIVIL LUNDI, MERCREDI ET VENDREDI , de \u00a009.00 \u00e0&hellip;<\/p>\n","protected":false},"author":3,"featured_media":0,"parent":0,"menu_order":0,"comment_status":"closed","ping_status":"closed","template":"","meta":[],"class_list":["post-15379","page","type-page","status-publish","hentry","description-off"],"translation":{"provider":"WPGlobus","version":"2.12.2","language":"fr","enabled_languages":["de","fr"],"languages":{"de":{"title":true,"content":true,"excerpt":false},"fr":{"title":true,"content":true,"excerpt":false}}},"publishpress_future_action":{"enabled":false,"date":"2026-04-14 23:04:40","action":"change-status","newStatus":"draft","terms":[],"taxonomy":""},"_links":{"self":[{"href":"https:\/\/old-vianden.digitalvision.lu\/fr\/index.php?rest_route=\/wp\/v2\/pages\/15379","targetHints":{"allow":["GET"]}}],"collection":[{"href":"https:\/\/old-vianden.digitalvision.lu\/fr\/index.php?rest_route=\/wp\/v2\/pages"}],"about":[{"href":"https:\/\/old-vianden.digitalvision.lu\/fr\/index.php?rest_route=\/wp\/v2\/types\/page"}],"author":[{"embeddable":true,"href":"https:\/\/old-vianden.digitalvision.lu\/fr\/index.php?rest_route=\/wp\/v2\/users\/3"}],"replies":[{"embeddable":true,"href":"https:\/\/old-vianden.digitalvision.lu\/fr\/index.php?rest_route=%2Fwp%2Fv2%2Fcomments&post=15379"}],"version-history":[{"count":49,"href":"https:\/\/old-vianden.digitalvision.lu\/fr\/index.php?rest_route=\/wp\/v2\/pages\/15379\/revisions"}],"predecessor-version":[{"id":21685,"href":"https:\/\/old-vianden.digitalvision.lu\/fr\/index.php?rest_route=\/wp\/v2\/pages\/15379\/revisions\/21685"}],"wp:attachment":[{"href":"https:\/\/old-vianden.digitalvision.lu\/fr\/index.php?rest_route=%2Fwp%2Fv2%2Fmedia&parent=15379"}],"curies":[{"name":"wp","href":"https:\/\/api.w.org\/{rel}","templated":true}]}}