{"id":15357,"date":"2017-12-22T09:58:10","date_gmt":"2017-12-22T08:58:10","guid":{"rendered":"https:\/\/old-vianden.digitalvision.lu\/?page_id=15357"},"modified":"2023-01-23T14:05:11","modified_gmt":"2023-01-23T13:05:11","slug":"gemeinde","status":"publish","type":"page","link":"https:\/\/old-vianden.digitalvision.lu\/fr\/?page_id=15357","title":{"rendered":"La commune"},"content":{"rendered":"<h3 style=\"text-align: justify;\">La commune de Vianden se pr\u00e9sente<\/h3>\n<p style=\"text-align: justify;\">Situ\u00e9 au c\u0153ur de la vall\u00e9e de l&#8217;Our au Nord-Est du Grand-Duch\u00e9 de Luxembourg, Vianden est un des plus beaux sites du Luxembourg qui est depuis longtemps une destination touristique renomm\u00e9e.<\/p>\n<p style=\"text-align: justify;\">Le nom de la ville de Vianden est d\u00e9riv\u00e9 du mot gaulois &#8220;<strong><em>vien<\/em><\/strong>&#8221; qui signifie rocheux. D\u00e9j\u00e0 en l&#8217;an 1256, Vianden est cit\u00e9e comme ville, mais c&#8217;est seulement depuis la lettre de franchise de 1308 que Vianden porte l\u00e9galement le titre de ville.<\/p>\n<p style=\"text-align: justify;\">Au pied du ch\u00e2teau, remontant au XIe si\u00e8cle et si\u00e8ge des puissants comtes de Vianden, la ville descend en \u00e9troites rues moyen\u00e2geuses vers la rivi\u00e8re Our, alors que les anciens remparts enceintent ses b\u00e2timents historiques:<\/p>\n<div style=\"text-align: justify;\">\n<ul>\n<li>l&#8217;\u00c9glise des Trinitaires, construite en 1248 avec son merveilleux clo\u00eetre gothique<\/li>\n<li>l&#8217;H\u00f4tel de Ville, construit en 1679<\/li>\n<li>le mus\u00e9e litt\u00e9raire Victor Hugo (maison habit\u00e9e \u00e0 4 reprises par le po\u00e8te exil\u00e9)<\/li>\n<li>l&#8217;\u00c9glise St. Nicolas \u00e9rig\u00e9e au XIIIe si\u00e8cle<\/li>\n<li>le mus\u00e9e d&#8217;Histoire, conservant des int\u00e9rieurs authentiques des XVIIIe et XIXe si\u00e8cles, retra\u00e7ant l&#8217;Histoire mill\u00e9naire de la ville et h\u00e9bergeant le mus\u00e9e de la boulangerie et le mus\u00e9e du po\u00e8te national Edmond de la Fontaine (Dicks).<\/li>\n<\/ul>\n<\/div>\n<p style=\"text-align: justify;\">Les attractions touristiques sont nombreuses:<\/p>\n<div>\n<ul>\n<li style=\"text-align: justify;\">le t\u00e9l\u00e9si\u00e8ge<\/li>\n<li style=\"text-align: justify;\">le barrage, le bassin sup\u00e9rieur et l&#8217;installation souterraine de la centrale de pompage de Vianden<\/li>\n<li style=\"text-align: justify;\">des promenades vari\u00e9es avec diff\u00e9rents profils<\/li>\n<li style=\"text-align: justify;\">&#8230;<\/li>\n<\/ul>\n<h4><img loading=\"lazy\" decoding=\"async\" class=\"alignnone size-large wp-image-15721\" src=\"https:\/\/old-vianden.digitalvision.lu\/wp-content\/uploads\/2017\/12\/Vianden_Pano_Drone_2017-1-von-1-1024x682.jpg\" alt=\"\" width=\"1024\" height=\"682\" srcset=\"https:\/\/old-vianden.digitalvision.lu\/wp-content\/uploads\/2017\/12\/Vianden_Pano_Drone_2017-1-von-1-1024x682.jpg 1024w, https:\/\/old-vianden.digitalvision.lu\/wp-content\/uploads\/2017\/12\/Vianden_Pano_Drone_2017-1-von-1-150x100.jpg 150w, https:\/\/old-vianden.digitalvision.lu\/wp-content\/uploads\/2017\/12\/Vianden_Pano_Drone_2017-1-von-1-300x200.jpg 300w, https:\/\/old-vianden.digitalvision.lu\/wp-content\/uploads\/2017\/12\/Vianden_Pano_Drone_2017-1-von-1-768x511.jpg 768w, https:\/\/old-vianden.digitalvision.lu\/wp-content\/uploads\/2017\/12\/Vianden_Pano_Drone_2017-1-von-1.jpg 2000w\" sizes=\"auto, (max-width: 1024px) 100vw, 1024px\" \/>Un peu d&#8217;histoire<\/h4>\n<p style=\"text-align: justify;\">LA CITE M\u00c9DI\u00c9VALE, \u00e9tait au moyen \u00e2ge la capitale du puissant comte de Vianden, d\u2019une superficie aussi grande que l\u2019actuel Grand-Duch\u00e9 de Luxembourg. Elle comprenait 136 villages et s&#8217;\u00e9tendait jusqu&#8217;\u00e0 Prum et Bitbourg.\u00a0Vianden \u00e9tait une ville fortifi\u00e9e, blottie aux pieds du ch\u00e2teau qui la dominait et la prot\u00e9geait. Elle \u00e9tait entour\u00e9e de remparts flanques de 24 tours semi-circulaires et perc\u00e9s de cinq portes. Une tour de garde carr\u00e9e, dite \u00abHockelstour\u00bb, qui se dresse sur un rocher entre le ch\u00e2teau et la ville, servait d\u2019observatoire \u00e0 une vigie et est utilis\u00e9e aujourd\u2019hui comme clocher. Le mur d&#8217;enceinte fut d\u00e9moli en 1679 par le mar\u00e9chal de Boufflers, qui d\u00e9mantela \u00e9galement les ch\u00e2teaux de Brandenbourg, Falkenstein et Stolzembourg. Vers 1850 les deux derni\u00e8res portes de la ville &#8211; la porte sup\u00e9rieure dans la ville haute et la porte du pont &#8211; furent jug\u00e9es encombrantes et d\u00e9molies \u00e0 leur tour.<\/p>\n<h4 style=\"text-align: justify;\">Au XVe si\u00e8cle,<\/h4>\n<p style=\"text-align: justify;\">Vianden \u00e9tait une florissante ville artisanale qui comptait 400 m\u00e9nages et 3 000 habitants. Elle \u00e9tait la troisi\u00e8me ville du pays et devait sa prosp\u00e9rit\u00e9 au talent de ses artistes et au savoir-faire de ses artisans, qui \u00e9taient group\u00e9s en sept corporations, celles des tanneurs, drapiers, tonneliers, ma\u00e7ons, tailleurs, serruriers et orf\u00e8vres. On doit aux orf\u00e8vres viandenois un nombre imposant d\u2019\u0153uvres d&#8217;art profanes et religieuses, r\u00e9pandues \u00e0 travers toute la r\u00e9gion Ardennes- Eifel. Les sept corporations de Vianden avaient le droit d&#8217;avoir des mesures sp\u00e9ciales pour les liquides, le bl\u00e9, les marchandises vendues au poids et les aunages.<\/p>\n<div class=\"faq\">\n<div>\n<p style=\"text-align: justify;\">En 1308 les Viandenois re\u00e7urent des lettres de franchises et jouissaient d\u00e9sormais des m\u00eames libert\u00e9s que les bourgeois de Tr\u00eaves. La ville \u00e9tait administr\u00e9e par un bourgmestre et sept \u00e9chevins qui exer\u00e7aient aussi la justice. Vianden avait une cour de haute, moyenne et basse justice, une cour f\u00e9odale et un tribunal des nobles.<\/p>\n<\/div>\n<\/div>\n<\/div>\n","protected":false},"excerpt":{"rendered":"<p>La commune de Vianden se pr\u00e9sente Situ\u00e9 au c\u0153ur de la vall\u00e9e de l&#8217;Our au Nord-Est du Grand-Duch\u00e9 de Luxembourg, Vianden est un des plus beaux sites du Luxembourg qui est depuis longtemps une destination touristique renomm\u00e9e. Le nom de la ville de Vianden est d\u00e9riv\u00e9 du mot gaulois &#8220;vien&#8221; qui signifie rocheux. D\u00e9j\u00e0 en&hellip;<\/p>\n","protected":false},"author":3,"featured_media":0,"parent":0,"menu_order":0,"comment_status":"closed","ping_status":"closed","template":"","meta":[],"class_list":["post-15357","page","type-page","status-publish","hentry","description-off"],"translation":{"provider":"WPGlobus","version":"2.12.2","language":"fr","enabled_languages":["de","fr"],"languages":{"de":{"title":true,"content":true,"excerpt":false},"fr":{"title":true,"content":true,"excerpt":false}}},"publishpress_future_action":{"enabled":false,"date":"2026-04-15 00:27:50","action":"change-status","newStatus":"draft","terms":[],"taxonomy":""},"_links":{"self":[{"href":"https:\/\/old-vianden.digitalvision.lu\/fr\/index.php?rest_route=\/wp\/v2\/pages\/15357","targetHints":{"allow":["GET"]}}],"collection":[{"href":"https:\/\/old-vianden.digitalvision.lu\/fr\/index.php?rest_route=\/wp\/v2\/pages"}],"about":[{"href":"https:\/\/old-vianden.digitalvision.lu\/fr\/index.php?rest_route=\/wp\/v2\/types\/page"}],"author":[{"embeddable":true,"href":"https:\/\/old-vianden.digitalvision.lu\/fr\/index.php?rest_route=\/wp\/v2\/users\/3"}],"replies":[{"embeddable":true,"href":"https:\/\/old-vianden.digitalvision.lu\/fr\/index.php?rest_route=%2Fwp%2Fv2%2Fcomments&post=15357"}],"version-history":[{"count":18,"href":"https:\/\/old-vianden.digitalvision.lu\/fr\/index.php?rest_route=\/wp\/v2\/pages\/15357\/revisions"}],"predecessor-version":[{"id":22376,"href":"https:\/\/old-vianden.digitalvision.lu\/fr\/index.php?rest_route=\/wp\/v2\/pages\/15357\/revisions\/22376"}],"wp:attachment":[{"href":"https:\/\/old-vianden.digitalvision.lu\/fr\/index.php?rest_route=%2Fwp%2Fv2%2Fmedia&parent=15357"}],"curies":[{"name":"wp","href":"https:\/\/api.w.org\/{rel}","templated":true}]}}